{"id":7126,"date":"2024-11-14T14:34:42","date_gmt":"2024-11-14T11:34:42","guid":{"rendered":"https:\/\/birimler.atauni.edu.tr\/ozel-egitim-bolumu\/?page_id=7126"},"modified":"2025-10-04T13:26:28","modified_gmt":"2025-10-04T10:26:28","slug":"anketler","status":"publish","type":"page","link":"https:\/\/atauni.edu.tr\/ozel-egitim-bolumu\/anketler\/","title":{"rendered":"Anketler"},"content":{"rendered":"\t\t<div data-elementor-type=\"wp-page\" data-elementor-id=\"7126\" class=\"elementor elementor-7126\" data-elementor-post-type=\"page\">\n\t\t\t\t\t\t<section class=\"elementor-section elementor-top-section elementor-element elementor-element-2c1c100 elementor-section-boxed elementor-section-height-default elementor-section-height-default\" data-id=\"2c1c100\" data-element_type=\"section\">\n\t\t\t\t\t\t<div class=\"elementor-container elementor-column-gap-default\">\n\t\t\t\t\t<div class=\"elementor-column elementor-col-100 elementor-top-column elementor-element elementor-element-51b9203\" data-id=\"51b9203\" data-element_type=\"column\">\n\t\t\t<div class=\"elementor-widget-wrap elementor-element-populated\">\n\t\t\t\t\t\t<div class=\"elementor-element elementor-element-ff4a04a elementor-widget elementor-widget-spacer\" data-id=\"ff4a04a\" data-element_type=\"widget\" data-widget_type=\"spacer.default\">\n\t\t\t\t<div class=\"elementor-widget-container\">\n\t\t\t\t\t\t\t<div class=\"elementor-spacer\">\n\t\t\t<div class=\"elementor-spacer-inner\"><\/div>\n\t\t<\/div>\n\t\t\t\t\t\t<\/div>\n\t\t\t\t<\/div>\n\t\t\t\t\t<\/div>\n\t\t<\/div>\n\t\t\t\t\t<\/div>\n\t\t<\/section>\n\t\t\t\t<section class=\"elementor-section elementor-top-section elementor-element elementor-element-7127c8d elementor-section-boxed elementor-section-height-default elementor-section-height-default\" data-id=\"7127c8d\" data-element_type=\"section\">\n\t\t\t\t\t\t<div class=\"elementor-container elementor-column-gap-default\">\n\t\t\t\t\t<div class=\"elementor-column elementor-col-100 elementor-top-column elementor-element elementor-element-4b8ad3b\" data-id=\"4b8ad3b\" data-element_type=\"column\">\n\t\t\t<div class=\"elementor-widget-wrap elementor-element-populated\">\n\t\t\t\t\t\t<div class=\"elementor-element elementor-element-d7c94a8 elementor-widget elementor-widget-text-editor\" data-id=\"d7c94a8\" data-element_type=\"widget\" data-widget_type=\"text-editor.default\">\n\t\t\t\t<div class=\"elementor-widget-container\">\n\t\t\t\t\t\t\t\t\t<ul><li><h4><a href=\"https:\/\/docs.google.com\/forms\/d\/1IiwNcjjyssjzCx_3UgiqtZc36IKGuA_q5GIwyu7pvK8\/edit\">K\u00fct\u00fcphane Kullan\u0131m ve Memnuniyet Anketi<\/a><\/h4><\/li><li><h4><a href=\"https:\/\/docs.google.com\/forms\/d\/1DrmV0MnC4X2z-scPu6w91ESHB4rCtW0dL_F9alaWVrw\/edit\">\u00d6zel E\u011fitim Program\u0131 \u00d6\u011fretmen Yeterlilikleri Anketi<\/a><\/h4><\/li><li><h4><a href=\"https:\/\/docs.google.com\/forms\/d\/1jQEjaL-bWDjJPFwuV_XY1lzs3tfnCearfkY4coTGmjM\/edit\">\u00d6\u011frenci Akademik Dan\u0131\u015fman Memnuniyet Anketi<\/a><\/h4><\/li><li><h4><a href=\"https:\/\/docs.google.com\/forms\/d\/14GMp-9zaR0LKkCPm9nkTVAF_egJ4O7HkgMacPV7Clqs\/edit\">Derslik, Tesis ve K\u00fct\u00fcphane Kaynaklar\u0131n\u0131n Etkili \u015eekilde Y\u00f6netilmesine Y\u00f6nelik \u00d6\u011fretim Eleman\u0131 Memnuniyet Anketi<\/a><\/h4><\/li><li><h4><a href=\"https:\/\/docs.google.com\/forms\/d\/1YoBvtD8F43y0B_M_Cwm-IR27qcObGdhB-oWCm_3jFbA\/edit\">D\u00f6nem Sonu \u00d6\u011frenci Ders De\u011ferlendirme Anketi <\/a><\/h4><\/li><li><h4><a href=\"http:\/\/birimler.atauni.edu.tr\/ozel-egitim-bolumu\/wp-content\/uploads\/sites\/145\/2025\/10\/2024-2025-Okul-Deneyimi-I-Yo\u0308nergesi.pdf\">2025-2026 Okul Deneyimi I Yo\u0308nergesi<\/a><\/h4><\/li><li><h4><a href=\"http:\/\/birimler.atauni.edu.tr\/ozel-egitim-bolumu\/wp-content\/uploads\/sites\/145\/2025\/10\/OKUL-DENEYI\u0307MI\u0307-I-DERSI\u0307-DEG\u0306ERLENDI\u0307RME-FORMU.pdf\">Okul Deneyimi De\u011ferlendirme Formu<\/a><\/h4><\/li><li><h4><a href=\"http:\/\/birimler.atauni.edu.tr\/ozel-egitim-bolumu\/wp-content\/uploads\/sites\/145\/2025\/10\/2025-2026_O\u0308g\u0306retmenlik_Uygulamasi_I_-Yo\u0308nergesi.docx\">2025-2026 O\u0308g\u0306retmenlik Uygulamas\u0131 I\u00a0 Yo\u0308nergesi<\/a><\/h4><\/li><li><h4><a href=\"http:\/\/birimler.atauni.edu.tr\/ozel-egitim-bolumu\/wp-content\/uploads\/sites\/145\/2025\/10\/zihin_kaba_degerlendirme_formu-3.pdf\">Kaba degerlendirme formu\u00a0<\/a><\/h4><\/li><li><h4><a href=\"http:\/\/birimler.atauni.edu.tr\/ozel-egitim-bolumu\/wp-content\/uploads\/sites\/145\/2025\/10\/Deg\u0306erlendirme-Formlari.docx\">Deg\u0306erlendirme Formlar\u0131<\/a><\/h4><\/li><\/ul>\t\t\t\t\t\t\t\t<\/div>\n\t\t\t\t<\/div>\n\t\t\t\t\t<\/div>\n\t\t<\/div>\n\t\t\t\t\t<\/div>\n\t\t<\/section>\n\t\t\t\t<\/div>\n\t\t","protected":false},"excerpt":{"rendered":"<p>K\u00fct\u00fcphane Kullan\u0131m ve Memnuniyet Anketi \u00d6zel E\u011fitim Program\u0131 \u00d6\u011fretmen Yeterlilikleri Anketi \u00d6\u011frenci Akademik Dan\u0131\u015fman Memnuniyet Anketi Derslik, Tesis ve K\u00fct\u00fcphane Kaynaklar\u0131n\u0131n Etkili \u015eekilde Y\u00f6netilmesine Y\u00f6nelik \u00d6\u011fretim Eleman\u0131 Memnuniyet Anketi D\u00f6nem Sonu \u00d6\u011frenci Ders De\u011ferlendirme Anketi 2025-2026 Okul Deneyimi I Yo\u0308nergesi Okul Deneyimi De\u011ferlendirme Formu 2025-2026 O\u0308g\u0306retmenlik Uygulamas\u0131 I\u00a0 Yo\u0308nergesi Kaba degerlendirme formu\u00a0 Deg\u0306erlendirme Formlar\u0131<\/p>\n","protected":false},"author":482,"featured_media":0,"parent":0,"menu_order":3,"comment_status":"closed","ping_status":"closed","template":"","meta":{"footnotes":""},"class_list":["post-7126","page","type-page","status-publish","hentry"],"_links":{"self":[{"href":"https:\/\/atauni.edu.tr\/ozel-egitim-bolumu\/wp-json\/wp\/v2\/pages\/7126","targetHints":{"allow":["GET"]}}],"collection":[{"href":"https:\/\/atauni.edu.tr\/ozel-egitim-bolumu\/wp-json\/wp\/v2\/pages"}],"about":[{"href":"https:\/\/atauni.edu.tr\/ozel-egitim-bolumu\/wp-json\/wp\/v2\/types\/page"}],"author":[{"embeddable":true,"href":"https:\/\/atauni.edu.tr\/ozel-egitim-bolumu\/wp-json\/wp\/v2\/users\/482"}],"replies":[{"embeddable":true,"href":"https:\/\/atauni.edu.tr\/ozel-egitim-bolumu\/wp-json\/wp\/v2\/comments?post=7126"}],"version-history":[{"count":13,"href":"https:\/\/atauni.edu.tr\/ozel-egitim-bolumu\/wp-json\/wp\/v2\/pages\/7126\/revisions"}],"predecessor-version":[{"id":7382,"href":"https:\/\/atauni.edu.tr\/ozel-egitim-bolumu\/wp-json\/wp\/v2\/pages\/7126\/revisions\/7382"}],"wp:attachment":[{"href":"https:\/\/atauni.edu.tr\/ozel-egitim-bolumu\/wp-json\/wp\/v2\/media?parent=7126"}],"curies":[{"name":"wp","href":"https:\/\/api.w.org\/{rel}","templated":true}]}}