{"id":5728,"date":"2021-07-13T11:33:38","date_gmt":"2021-07-13T08:33:38","guid":{"rendered":"https:\/\/portaltest.atauni.edu.tr\/bilgisayar-muhendisligi\/?page_id=5728"},"modified":"2025-03-12T00:14:29","modified_gmt":"2025-03-11T21:14:29","slug":"bolum-tanitimi","status":"publish","type":"page","link":"https:\/\/atauni.edu.tr\/pasinler-meslek-yuksekokulu\/bolum-tanitimi\/","title":{"rendered":"B\u00f6l\u00fcm Tan\u0131t\u0131m\u0131"},"content":{"rendered":"\t\t<div data-elementor-type=\"wp-page\" data-elementor-id=\"5728\" class=\"elementor elementor-5728\" data-elementor-post-type=\"page\">\n\t\t\t\t\t\t<section class=\"elementor-section elementor-top-section elementor-element elementor-element-730d320 elementor-section-boxed elementor-section-height-default elementor-section-height-default\" data-id=\"730d320\" data-element_type=\"section\">\n\t\t\t\t\t\t<div class=\"elementor-container elementor-column-gap-default\">\n\t\t\t\t\t<div class=\"elementor-column elementor-col-100 elementor-top-column elementor-element elementor-element-753d0860\" data-id=\"753d0860\" data-element_type=\"column\">\n\t\t\t<div class=\"elementor-widget-wrap\">\n\t\t\t\t\t\t\t<\/div>\n\t\t<\/div>\n\t\t\t\t\t<\/div>\n\t\t<\/section>\n\t\t\t\t<section class=\"elementor-section elementor-top-section elementor-element elementor-element-9be811a elementor-section-boxed elementor-section-height-default elementor-section-height-default\" data-id=\"9be811a\" data-element_type=\"section\">\n\t\t\t\t\t\t<div class=\"elementor-container elementor-column-gap-default\">\n\t\t\t\t\t<div class=\"elementor-column elementor-col-100 elementor-top-column elementor-element elementor-element-1ed847b7\" data-id=\"1ed847b7\" data-element_type=\"column\">\n\t\t\t<div class=\"elementor-widget-wrap elementor-element-populated\">\n\t\t\t\t\t\t<div class=\"elementor-element elementor-element-4ce0d07f elementor-widget elementor-widget-heading\" data-id=\"4ce0d07f\" data-element_type=\"widget\" data-widget_type=\"heading.default\">\n\t\t\t\t<div class=\"elementor-widget-container\">\n\t\t\t\t\t<h2 class=\"elementor-heading-title elementor-size-default\">B\u00f6l\u00fcm Tan\u0131t\u0131m\u0131<\/h2>\t\t\t\t<\/div>\n\t\t\t\t<\/div>\n\t\t\t\t<div class=\"elementor-element elementor-element-63260862 elementor-widget-divider--view-line elementor-widget elementor-widget-divider\" data-id=\"63260862\" data-element_type=\"widget\" data-widget_type=\"divider.default\">\n\t\t\t\t<div class=\"elementor-widget-container\">\n\t\t\t\t\t\t\t<div class=\"elementor-divider\">\n\t\t\t<span class=\"elementor-divider-separator\">\n\t\t\t\t\t\t<\/span>\n\t\t<\/div>\n\t\t\t\t\t\t<\/div>\n\t\t\t\t<\/div>\n\t\t\t\t\t<\/div>\n\t\t<\/div>\n\t\t\t\t\t<\/div>\n\t\t<\/section>\n\t\t\t\t<section class=\"elementor-section elementor-top-section elementor-element elementor-element-681db8b elementor-section-boxed elementor-section-height-default elementor-section-height-default\" data-id=\"681db8b\" data-element_type=\"section\">\n\t\t\t\t\t\t<div class=\"elementor-container elementor-column-gap-default\">\n\t\t\t\t\t<div class=\"elementor-column elementor-col-100 elementor-top-column elementor-element elementor-element-ad4dac5\" data-id=\"ad4dac5\" data-element_type=\"column\">\n\t\t\t<div class=\"elementor-widget-wrap elementor-element-populated\">\n\t\t\t\t\t\t<div class=\"elementor-element elementor-element-2f96b3d elementor-widget elementor-widget-text-editor\" data-id=\"2f96b3d\" data-element_type=\"widget\" data-widget_type=\"text-editor.default\">\n\t\t\t\t<div class=\"elementor-widget-container\">\n\t\t\t\t\t\t\t\t\t<h2>Tan\u0131t\u0131m<\/h2><p><em><strong>Pasinler Meslek Y\u00fcksekokulu,<\/strong> Atat\u00fcrk \u00a0\u00dcniversitesi Rekt\u00f6rl\u00fc\u011f\u00fcne ba\u011fl\u0131 olarak e\u011fitim- \u00f6\u011fretim veren bir y\u00fcksek\u00f6\u011fretim \u00a0kurumudur. 02.09.1993`te Erzurum`a 37 km uzakl\u0131ktaki Pasinler il\u00e7esinde \u00a0kurulmu\u015ftur. 1994-1995 e\u011fitim-\u00f6\u011fretim y\u0131l\u0131nda Teknik Programlar B\u00f6l\u00fcm\u00fcne ba\u011fl\u0131 \u00a0olarak \u00a0\u0130n\u015faat Program\u0131 \u00a0ile e\u011fitime ba\u015flam\u0131\u015ft\u0131r.\u00a0<\/em><\/p><p><em>Bug\u00fcn, y\u00fcksekokulumuz Do\u011fuk\u0131\u015fla olarak \u00a0bilinen tarihi de\u011feri y\u00fcksek, g\u00f6rkemli kamp\u00fcs\u00fcnde; 1-Bilgisayar Programc\u0131l\u0131\u011f\u0131, 2-\u0130n\u015faat \u00a0Teknolojisi, 3-Harita ve Kadastro, 4-B\u00fcro Y\u00f6netimi ve Y\u00f6netici Asistanl\u0131\u011f\u0131, 5-Bankac\u0131l\u0131k \u00a0ve Sigortac\u0131l\u0131k, 6-Muhasebe ve Vergi Uygulamalar\u0131, 7-Turizm ve Otel \u00a0\u0130\u015fletmecili\u011fi, 8-\u0130nsan Kaynaklar\u0131 Y\u00f6netimi b\u00f6l\u00fcmlerinde 720 nin \u00fczerindeki \u00a0\u00f6\u011frencisi ile e\u011fitim ve \u00f6\u011fretimini s\u00fcrd\u00fcrmektedir.\u00a0<\/em><\/p><p><em>T\u00fcm programlar\u0131m\u0131zda 2 y\u0131ll\u0131k \u00d6nlisans E\u011fitimi \u00a0verilmekte olup \u00f6\u011fretim dili T\u00fcrk\u00e7edir. \u00d6nlisans programlar\u0131ndan mezun olan \u00a0\u00f6\u011frenciler; mezun olduklar\u0131 meslek dallar\u0131nda i\u015f bulabilmekte, ayn\u0131 zamanda Meslek \u00a0Y\u00fcksekokullar\u0131 ve A\u00e7\u0131k\u00f6\u011fretim \u00d6nlisans Program\u0131 mezunlar\u0131n\u0131n lisans \u00f6\u011frenimine devamlar\u0131 \u00a0hakk\u0131ndaki y\u00f6netmelik ko\u015fullar\u0131na g\u00f6re d\u00f6rt y\u0131ll\u0131k lisans e\u011fitimine devam \u00a0edebilmektedirler. \u0130sterlerse, Dikey Ge\u00e7i\u015f S\u0131nav\u0131nda (DGS) ba\u015far\u0131l\u0131 olmalar\u0131 \u00a0halinde, \u00f6rg\u00fcn e\u011fitim veren fak\u00fcltelerin ilgili b\u00f6l\u00fcmlerinde 4 y\u0131ll\u0131k lisans \u00a0\u00f6\u011frenimlerini tamamlayabilmektedirler.<\/em><\/p>\t\t\t\t\t\t\t\t<\/div>\n\t\t\t\t<\/div>\n\t\t\t\t\t<\/div>\n\t\t<\/div>\n\t\t\t\t\t<\/div>\n\t\t<\/section>\n\t\t\t\t<section class=\"elementor-section elementor-top-section elementor-element elementor-element-5198a53 elementor-section-boxed elementor-section-height-default elementor-section-height-default\" data-id=\"5198a53\" data-element_type=\"section\">\n\t\t\t\t\t\t<div class=\"elementor-container elementor-column-gap-default\">\n\t\t\t\t\t<div class=\"elementor-column elementor-col-100 elementor-top-column elementor-element elementor-element-8346812\" data-id=\"8346812\" data-element_type=\"column\">\n\t\t\t<div class=\"elementor-widget-wrap elementor-element-populated\">\n\t\t\t\t\t\t<div class=\"elementor-element elementor-element-88ff1eb elementor-widget elementor-widget-video\" data-id=\"88ff1eb\" data-element_type=\"widget\" data-settings=\"{&quot;video_type&quot;:&quot;hosted&quot;,&quot;controls&quot;:&quot;yes&quot;}\" data-widget_type=\"video.default\">\n\t\t\t\t<div class=\"elementor-widget-container\">\n\t\t\t\t\t\t\t<div class=\"e-hosted-video elementor-wrapper elementor-open-inline\">\n\t\t\t\t\t<video class=\"elementor-video\" src=\"http:\/\/birimler.atauni.edu.tr\/pasinler-meslek-yuksekokulu\/wp-content\/uploads\/sites\/444\/2022\/10\/Pasinler-Meslek-Yuksek-Okulu-1.mp4\" controls=\"\" preload=\"metadata\" controlsList=\"nodownload\"><\/video>\n\t\t\t\t<\/div>\n\t\t\t\t\t\t<\/div>\n\t\t\t\t<\/div>\n\t\t\t\t\t<\/div>\n\t\t<\/div>\n\t\t\t\t\t<\/div>\n\t\t<\/section>\n\t\t\t\t<\/div>\n\t\t","protected":false},"excerpt":{"rendered":"<p>B\u00f6l\u00fcm Tan\u0131t\u0131m\u0131 Tan\u0131t\u0131m Pasinler Meslek Y\u00fcksekokulu, Atat\u00fcrk \u00a0\u00dcniversitesi Rekt\u00f6rl\u00fc\u011f\u00fcne ba\u011fl\u0131 olarak e\u011fitim- \u00f6\u011fretim veren bir y\u00fcksek\u00f6\u011fretim \u00a0kurumudur. 02.09.1993`te Erzurum`a 37 km uzakl\u0131ktaki Pasinler il\u00e7esinde \u00a0kurulmu\u015ftur. 1994-1995 e\u011fitim-\u00f6\u011fretim y\u0131l\u0131nda Teknik Programlar B\u00f6l\u00fcm\u00fcne ba\u011fl\u0131 \u00a0olarak \u00a0\u0130n\u015faat Program\u0131 \u00a0ile e\u011fitime ba\u015flam\u0131\u015ft\u0131r.\u00a0 Bug\u00fcn, y\u00fcksekokulumuz Do\u011fuk\u0131\u015fla olarak \u00a0bilinen tarihi de\u011feri y\u00fcksek, g\u00f6rkemli kamp\u00fcs\u00fcnde; 1-Bilgisayar Programc\u0131l\u0131\u011f\u0131, 2-\u0130n\u015faat \u00a0Teknolojisi, 3-Harita ve Kadastro, [&hellip;]<\/p>\n","protected":false},"author":1,"featured_media":0,"parent":0,"menu_order":0,"comment_status":"closed","ping_status":"closed","template":"elementor_header_footer","meta":{"footnotes":""},"class_list":["post-5728","page","type-page","status-publish","hentry"],"_links":{"self":[{"href":"https:\/\/atauni.edu.tr\/pasinler-meslek-yuksekokulu\/wp-json\/wp\/v2\/pages\/5728","targetHints":{"allow":["GET"]}}],"collection":[{"href":"https:\/\/atauni.edu.tr\/pasinler-meslek-yuksekokulu\/wp-json\/wp\/v2\/pages"}],"about":[{"href":"https:\/\/atauni.edu.tr\/pasinler-meslek-yuksekokulu\/wp-json\/wp\/v2\/types\/page"}],"author":[{"embeddable":true,"href":"https:\/\/atauni.edu.tr\/pasinler-meslek-yuksekokulu\/wp-json\/wp\/v2\/users\/1"}],"replies":[{"embeddable":true,"href":"https:\/\/atauni.edu.tr\/pasinler-meslek-yuksekokulu\/wp-json\/wp\/v2\/comments?post=5728"}],"version-history":[{"count":14,"href":"https:\/\/atauni.edu.tr\/pasinler-meslek-yuksekokulu\/wp-json\/wp\/v2\/pages\/5728\/revisions"}],"predecessor-version":[{"id":7877,"href":"https:\/\/atauni.edu.tr\/pasinler-meslek-yuksekokulu\/wp-json\/wp\/v2\/pages\/5728\/revisions\/7877"}],"wp:attachment":[{"href":"https:\/\/atauni.edu.tr\/pasinler-meslek-yuksekokulu\/wp-json\/wp\/v2\/media?parent=5728"}],"curies":[{"name":"wp","href":"https:\/\/api.w.org\/{rel}","templated":true}]}}