{"id":5762,"date":"2021-07-13T12:55:48","date_gmt":"2021-07-13T09:55:48","guid":{"rendered":"https:\/\/portaltest.atauni.edu.tr\/bilgisayar-muhendisligi\/?page_id=5762"},"modified":"2026-02-12T11:43:10","modified_gmt":"2026-02-12T08:43:10","slug":"lisans-ders-listesi","status":"publish","type":"page","link":"https:\/\/atauni.edu.tr\/pasinler-meslek-yuksekokulu\/lisans-ders-listesi\/","title":{"rendered":"Ders Listesi"},"content":{"rendered":"\t\t<div data-elementor-type=\"wp-page\" data-elementor-id=\"5762\" class=\"elementor elementor-5762\" data-elementor-post-type=\"page\">\n\t\t\t\t\t\t<section class=\"elementor-section elementor-top-section elementor-element elementor-element-730d320 elementor-section-boxed elementor-section-height-default elementor-section-height-default\" data-id=\"730d320\" data-element_type=\"section\">\n\t\t\t\t\t\t<div class=\"elementor-container elementor-column-gap-default\">\n\t\t\t\t\t<div class=\"elementor-column elementor-col-100 elementor-top-column elementor-element elementor-element-753d0860\" data-id=\"753d0860\" data-element_type=\"column\">\n\t\t\t<div class=\"elementor-widget-wrap\">\n\t\t\t\t\t\t\t<\/div>\n\t\t<\/div>\n\t\t\t\t\t<\/div>\n\t\t<\/section>\n\t\t\t\t<section class=\"elementor-section elementor-top-section elementor-element elementor-element-9be811a elementor-section-boxed elementor-section-height-default elementor-section-height-default\" data-id=\"9be811a\" data-element_type=\"section\">\n\t\t\t\t\t\t<div class=\"elementor-container elementor-column-gap-default\">\n\t\t\t\t\t<div class=\"elementor-column elementor-col-100 elementor-top-column elementor-element elementor-element-1ed847b7\" data-id=\"1ed847b7\" data-element_type=\"column\">\n\t\t\t<div class=\"elementor-widget-wrap elementor-element-populated\">\n\t\t\t\t\t\t<div class=\"elementor-element elementor-element-4ce0d07f elementor-widget elementor-widget-heading\" data-id=\"4ce0d07f\" data-element_type=\"widget\" data-widget_type=\"heading.default\">\n\t\t\t\t<div class=\"elementor-widget-container\">\n\t\t\t\t\t<h2 class=\"elementor-heading-title elementor-size-default\">Ders Programlar\u0131<\/h2>\t\t\t\t<\/div>\n\t\t\t\t<\/div>\n\t\t\t\t<div class=\"elementor-element elementor-element-63260862 elementor-widget-divider--view-line elementor-widget elementor-widget-divider\" data-id=\"63260862\" data-element_type=\"widget\" data-widget_type=\"divider.default\">\n\t\t\t\t<div class=\"elementor-widget-container\">\n\t\t\t\t\t\t\t<div class=\"elementor-divider\">\n\t\t\t<span class=\"elementor-divider-separator\">\n\t\t\t\t\t\t<\/span>\n\t\t<\/div>\n\t\t\t\t\t\t<\/div>\n\t\t\t\t<\/div>\n\t\t\t\t\t<\/div>\n\t\t<\/div>\n\t\t\t\t\t<\/div>\n\t\t<\/section>\n\t\t\t\t<section class=\"elementor-section elementor-top-section elementor-element elementor-element-ff12562 elementor-section-boxed elementor-section-height-default elementor-section-height-default\" data-id=\"ff12562\" data-element_type=\"section\">\n\t\t\t\t\t\t<div class=\"elementor-container elementor-column-gap-default\">\n\t\t\t\t\t<div class=\"elementor-column elementor-col-100 elementor-top-column elementor-element elementor-element-2aa5f38\" data-id=\"2aa5f38\" data-element_type=\"column\">\n\t\t\t<div class=\"elementor-widget-wrap elementor-element-populated\">\n\t\t\t\t\t\t<div class=\"elementor-element elementor-element-f67aadd elementor-widget elementor-widget-accordion\" data-id=\"f67aadd\" data-element_type=\"widget\" data-widget_type=\"accordion.default\">\n\t\t\t\t<div class=\"elementor-widget-container\">\n\t\t\t\t\t\t\t<div class=\"elementor-accordion\">\n\t\t\t\t\t\t\t<div class=\"elementor-accordion-item\">\n\t\t\t\t\t<div id=\"elementor-tab-title-2581\" class=\"elementor-tab-title\" data-tab=\"1\" role=\"button\" aria-controls=\"elementor-tab-content-2581\" aria-expanded=\"false\">\n\t\t\t\t\t\t\t\t\t\t\t\t\t<span class=\"elementor-accordion-icon elementor-accordion-icon-left\" aria-hidden=\"true\">\n\t\t\t\t\t\t\t\t\t\t\t\t\t\t\t<span class=\"elementor-accordion-icon-closed\"><i class=\"fas fa-plus\"><\/i><\/span>\n\t\t\t\t\t\t\t\t<span class=\"elementor-accordion-icon-opened\"><i class=\"fas fa-minus\"><\/i><\/span>\n\t\t\t\t\t\t\t\t\t\t\t\t\t\t<\/span>\n\t\t\t\t\t\t\t\t\t\t\t\t<a class=\"elementor-accordion-title\" tabindex=\"0\">DERS PROGRAMI<\/a>\n\t\t\t\t\t<\/div>\n\t\t\t\t\t<div id=\"elementor-tab-content-2581\" class=\"elementor-tab-content elementor-clearfix\" data-tab=\"1\" role=\"region\" aria-labelledby=\"elementor-tab-title-2581\"><ul><li>Pasinler Meslek Y\u00fcksekokulu 2025-2026 Akademik Y\u0131l\u0131 Bahar D\u00f6nemi g\u00fcncel ders program\u0131 i\u00e7in <a href=\"http:\/\/birimler.atauni.edu.tr\/pasinler-meslek-yuksekokulu\/wp-content\/uploads\/sites\/444\/2026\/02\/25-26-Bahar-Donemi-GuncelDersProgrami-harita-1.pdf\">t\u0131klay\u0131n\u0131z.<\/a><\/li><\/ul><hr \/><ul><li>Pasinler Meslek Y\u00fcksekokulu 2025-2026 Akademik Y\u0131l\u0131 G\u00dcZ D\u00f6nemi g\u00fcncel ders program\u0131 i\u00e7in <a href=\"http:\/\/birimler.atauni.edu.tr\/pasinler-meslek-yuksekokulu\/wp-content\/uploads\/sites\/444\/2025\/09\/25-25-Gu\u0308z-Do\u0308nemi-Pasinler-MYO-Ders-Programi-guncel.pdf\">t\u0131klay\u0131n\u0131z.<\/a><\/li><li>Pasinler Meslek Y\u00fcksekokulu 2024-2025 Akademik Y\u0131l\u0131 BAHAR D\u00f6nemi g\u00fcncel ders program\u0131 i\u00e7in<a href=\"http:\/\/birimler.atauni.edu.tr\/pasinler-meslek-yuksekokulu\/wp-content\/uploads\/sites\/444\/2025\/02\/PDF-2025-Bahar-yariyili-ders-programi-DERSLIKLI.pdf\"> t\u0131klay\u0131n\u0131z.<\/a><\/li><li>Pasinler Meslek Y\u00fcksekokulu 2024-2025 Akademik Y\u0131l\u0131 G\u00dcZ D\u00f6nemi g\u00fcncel ders program\u0131 i\u00e7in <a href=\"http:\/\/birimler.atauni.edu.tr\/pasinler-meslek-yuksekokulu\/wp-content\/uploads\/sites\/444\/2020\/07\/2024-2024-ders-programi-gu\u0308z222.pdf\" target=\"_blank\" rel=\"noopener\">t\u0131klay\u0131n\u0131z.<\/a><\/li><li>Pasinler Meslek Y\u00fcksekokulu 2023-2024 Akademik Y\u0131l\u0131 BAHAR D\u00f6nemi g\u00fcncel ders program\u0131 i\u00e7in <a href=\"http:\/\/birimler.atauni.edu.tr\/pasinler-meslek-yuksekokulu\/wp-content\/uploads\/sites\/444\/2020\/07\/2024-Bahar-yariyili-ders-programi-PDF-5.pdf\">t\u0131klay\u0131n\u0131z.<\/a><\/li><li>Pasinler Meslek Y\u00fcksekokulu 2023-2024 Akademik Y\u0131l\u0131 G\u00dcZ D\u00f6nemi g\u00fcncel ders program\u0131 i\u00e7in <a href=\"http:\/\/birimler.atauni.edu.tr\/pasinler-meslek-yuksekokulu\/wp-content\/uploads\/sites\/444\/2020\/07\/2023-2024-GU\u0308Z-DO\u0308NEMI\u0307-DERS-PROGRAMI.pdf\">t\u0131klay\u0131n\u0131z.<\/a><\/li><li>Pasinler Meslek Y\u00fcksekokulu 2022-2023 Akademik Y\u0131l\u0131 BAHAR D\u00f6nemi g\u00fcncel ders program\u0131 i\u00e7in <a href=\"http:\/\/birimler.atauni.edu.tr\/pasinler-meslek-yuksekokulu\/wp-content\/uploads\/sites\/444\/2020\/07\/2023-Bahar-yariyili-ders-programi.pdf\">t\u0131klay\u0131n\u0131z.<\/a>\u00a0<\/li><li>Pasinler Meslek Y\u00fcksekokulu 2022-2023 Akademik Y\u0131l\u0131 G\u00dcZ D\u00f6nemi g\u00fcncel ders program\u0131 i\u00e7in\u00a0<a href=\"http:\/\/birimler.atauni.edu.tr\/pasinler-meslek-yuksekokulu\/wp-content\/uploads\/sites\/444\/2020\/07\/2022-guz-ders-programi-insaat-guncel.pdf\">t\u0131klay\u0131n\u0131z.<\/a> (<small>22.10.2022 &#8211; g\u00fcncellendi)<\/small><\/li><li>Pasinler Meslek Y\u00fcksekokulu 2021-2022 Akademik Y\u0131l\u0131 BAHAR D\u00f6nemi g\u00fcncel ders program\u0131 i\u00e7in<a href=\"http:\/\/birimler.atauni.edu.tr\/pasinler-meslek-yuksekokulu\/wp-content\/uploads\/sites\/444\/2020\/07\/guncel_program.pdf\"> t\u0131klay\u0131n\u0131z.<\/a> (<small>09.03.2022)<\/small><\/li><li>Pasinler Meslek Y\u00fcksekokulu 2021-2022 Akademik Y\u0131l\u0131 G\u00dcZ D\u00f6nemi g\u00fcncel ders program\u0131 i\u00e7in <a href=\"http:\/\/birimler.atauni.edu.tr\/pasinler-meslek-yuksekokulu\/wp-content\/uploads\/sites\/444\/2020\/07\/guz_donemi_ders_progrmi_2021_2022pdf.pdf\">t\u0131klay\u0131n\u0131z.<\/a><\/li><\/ul><\/div>\n\t\t\t\t<\/div>\n\t\t\t\t\t\t\t\t<\/div>\n\t\t\t\t\t\t<\/div>\n\t\t\t\t<\/div>\n\t\t\t\t\t<\/div>\n\t\t<\/div>\n\t\t\t\t\t<\/div>\n\t\t<\/section>\n\t\t\t\t<\/div>\n\t\t","protected":false},"excerpt":{"rendered":"<p>Ders Programlar\u0131 DERS PROGRAMI Pasinler Meslek Y\u00fcksekokulu 2025-2026 Akademik Y\u0131l\u0131 Bahar D\u00f6nemi g\u00fcncel ders program\u0131 i\u00e7in t\u0131klay\u0131n\u0131z. Pasinler Meslek Y\u00fcksekokulu 2025-2026 Akademik Y\u0131l\u0131 G\u00dcZ D\u00f6nemi g\u00fcncel ders program\u0131 i\u00e7in t\u0131klay\u0131n\u0131z. Pasinler Meslek Y\u00fcksekokulu 2024-2025 Akademik Y\u0131l\u0131 BAHAR D\u00f6nemi g\u00fcncel ders program\u0131 i\u00e7in t\u0131klay\u0131n\u0131z. Pasinler Meslek Y\u00fcksekokulu 2024-2025 Akademik Y\u0131l\u0131 G\u00dcZ D\u00f6nemi g\u00fcncel ders program\u0131 i\u00e7in [&hellip;]<\/p>\n","protected":false},"author":1,"featured_media":0,"parent":0,"menu_order":0,"comment_status":"closed","ping_status":"closed","template":"elementor_header_footer","meta":{"footnotes":""},"class_list":["post-5762","page","type-page","status-publish","hentry"],"_links":{"self":[{"href":"https:\/\/atauni.edu.tr\/pasinler-meslek-yuksekokulu\/wp-json\/wp\/v2\/pages\/5762","targetHints":{"allow":["GET"]}}],"collection":[{"href":"https:\/\/atauni.edu.tr\/pasinler-meslek-yuksekokulu\/wp-json\/wp\/v2\/pages"}],"about":[{"href":"https:\/\/atauni.edu.tr\/pasinler-meslek-yuksekokulu\/wp-json\/wp\/v2\/types\/page"}],"author":[{"embeddable":true,"href":"https:\/\/atauni.edu.tr\/pasinler-meslek-yuksekokulu\/wp-json\/wp\/v2\/users\/1"}],"replies":[{"embeddable":true,"href":"https:\/\/atauni.edu.tr\/pasinler-meslek-yuksekokulu\/wp-json\/wp\/v2\/comments?post=5762"}],"version-history":[{"count":98,"href":"https:\/\/atauni.edu.tr\/pasinler-meslek-yuksekokulu\/wp-json\/wp\/v2\/pages\/5762\/revisions"}],"predecessor-version":[{"id":8625,"href":"https:\/\/atauni.edu.tr\/pasinler-meslek-yuksekokulu\/wp-json\/wp\/v2\/pages\/5762\/revisions\/8625"}],"wp:attachment":[{"href":"https:\/\/atauni.edu.tr\/pasinler-meslek-yuksekokulu\/wp-json\/wp\/v2\/media?parent=5762"}],"curies":[{"name":"wp","href":"https:\/\/api.w.org\/{rel}","templated":true}]}}