{"id":5791,"date":"2021-07-13T13:07:15","date_gmt":"2021-07-13T10:07:15","guid":{"rendered":"https:\/\/portaltest.atauni.edu.tr\/bilgisayar-muhendisligi\/?page_id=5791"},"modified":"2025-05-27T14:09:48","modified_gmt":"2025-05-27T11:09:48","slug":"staj","status":"publish","type":"page","link":"https:\/\/atauni.edu.tr\/pasinler-meslek-yuksekokulu\/staj\/","title":{"rendered":"Staj"},"content":{"rendered":"\t\t<div data-elementor-type=\"wp-page\" data-elementor-id=\"5791\" class=\"elementor elementor-5791\" data-elementor-post-type=\"page\">\n\t\t\t\t\t\t<section class=\"elementor-section elementor-top-section elementor-element elementor-element-730d320 elementor-section-boxed elementor-section-height-default elementor-section-height-default\" data-id=\"730d320\" data-element_type=\"section\">\n\t\t\t\t\t\t<div class=\"elementor-container elementor-column-gap-default\">\n\t\t\t\t\t<div class=\"elementor-column elementor-col-100 elementor-top-column elementor-element elementor-element-753d0860\" data-id=\"753d0860\" data-element_type=\"column\">\n\t\t\t<div class=\"elementor-widget-wrap\">\n\t\t\t\t\t\t\t<\/div>\n\t\t<\/div>\n\t\t\t\t\t<\/div>\n\t\t<\/section>\n\t\t\t\t<section class=\"elementor-section elementor-top-section elementor-element elementor-element-9be811a elementor-section-boxed elementor-section-height-default elementor-section-height-default\" data-id=\"9be811a\" data-element_type=\"section\">\n\t\t\t\t\t\t<div class=\"elementor-container elementor-column-gap-default\">\n\t\t\t\t\t<div class=\"elementor-column elementor-col-100 elementor-top-column elementor-element elementor-element-1ed847b7\" data-id=\"1ed847b7\" data-element_type=\"column\">\n\t\t\t<div class=\"elementor-widget-wrap elementor-element-populated\">\n\t\t\t\t\t\t<div class=\"elementor-element elementor-element-4ce0d07f elementor-widget elementor-widget-heading\" data-id=\"4ce0d07f\" data-element_type=\"widget\" data-widget_type=\"heading.default\">\n\t\t\t\t<div class=\"elementor-widget-container\">\n\t\t\t\t\t<h2 class=\"elementor-heading-title elementor-size-default\">Staj<\/h2>\t\t\t\t<\/div>\n\t\t\t\t<\/div>\n\t\t\t\t<div class=\"elementor-element elementor-element-63260862 elementor-widget-divider--view-line elementor-widget elementor-widget-divider\" data-id=\"63260862\" data-element_type=\"widget\" data-widget_type=\"divider.default\">\n\t\t\t\t<div class=\"elementor-widget-container\">\n\t\t\t\t\t\t\t<div class=\"elementor-divider\">\n\t\t\t<span class=\"elementor-divider-separator\">\n\t\t\t\t\t\t<\/span>\n\t\t<\/div>\n\t\t\t\t\t\t<\/div>\n\t\t\t\t<\/div>\n\t\t\t\t\t<\/div>\n\t\t<\/div>\n\t\t\t\t\t<\/div>\n\t\t<\/section>\n\t\t\t\t<section class=\"elementor-section elementor-top-section elementor-element elementor-element-10e8347 elementor-section-boxed elementor-section-height-default elementor-section-height-default\" data-id=\"10e8347\" data-element_type=\"section\">\n\t\t\t\t\t\t<div class=\"elementor-container elementor-column-gap-default\">\n\t\t\t\t\t<div class=\"elementor-column elementor-col-100 elementor-top-column elementor-element elementor-element-795ab05\" data-id=\"795ab05\" data-element_type=\"column\">\n\t\t\t<div class=\"elementor-widget-wrap elementor-element-populated\">\n\t\t\t\t\t\t<div class=\"elementor-element elementor-element-4524745 elementor-widget elementor-widget-text-editor\" data-id=\"4524745\" data-element_type=\"widget\" data-widget_type=\"text-editor.default\">\n\t\t\t\t<div class=\"elementor-widget-container\">\n\t\t\t\t\t\t\t\t\t<div><h2>Staj \u0130\u015flemleri Nas\u0131l Ger\u00e7ekle\u015ftirilmektedir?<\/h2><ol><li>Pasinler MYO Zorunlu Staj i\u015flemleri Atat\u00fcrk \u00dcniversitesi <a href=\"https:\/\/www.atauni.edu.tr\/yuklemeler\/46d5e9254e15124c3742d974e2a686e3.pdf\" target=\"_blank\" rel=\"noopener\">Zorunlu Staj Uygulama Esaslar\u0131na<\/a> g\u00f6re yap\u0131lmaktad\u0131r. Kamu kurum ve kurulu\u015flar\u0131nda yap\u0131lacak Zorunlu Stajlar i\u00e7in e-devlet kap\u0131s\u0131 \u00fczerinden Kariyer Kap\u0131s\u0131 \u00fczerinden ba\u015fvuru yap\u0131lmas\u0131 gerekmektedir. Kariyer Kap\u0131s\u0131 detaylar\u0131 i\u00e7in <a href=\"https:\/\/kariyerkapisi.cbiko.gov.tr\/ulusalstajprogrami\" target=\"_blank\" rel=\"noopener\">t\u0131klay\u0131n\u0131z.<\/a><\/li><li>Zorunlu Staj \u00f6n ba\u015fvuru Zorunlu Staj ba\u015flang\u0131\u00e7 tarihinden 20 g\u00fcn \u00f6nce yap\u0131l\u0131r. G\u00fcncel staj tarihleri i\u00e7in Pasinler MYO web sitesi duyurular\u0131n\u0131 takip ediniz.<\/li><li>Zorunlu Staj \u00f6n ba\u015fvurusu a\u015famalar\u0131 tamamlan\u0131r (OBS Yol haritas\u0131 i\u00e7in <a href=\"https:\/\/birimler.atauni.edu.tr\/pasinler-meslek-yuksekokulu\/wp-content\/uploads\/sites\/444\/2020\/07\/StajBasvuruYolHaritasi-2024.pdf\">t\u0131klay\u0131n\u0131z<\/a>). Her b\u00f6l\u00fcm i\u00e7in kabul edilen staj yap\u0131labilecek kurum ve kurulu\u015flar b\u00f6l\u00fcmlerin \u201cStaj \u0130\u015flemleri\u201d sekmesinde yer almaktad\u0131r.<\/li><li>OBS \u00fczerinden ba\u015fvurusu tamamlanan zorunlu staj \u00f6n ba\u015fvuru formunun \u00e7\u0131kt\u0131s\u0131 al\u0131n\u0131r ve zorunlu staj yap\u0131lacak ilgili kurumlar taraf\u0131ndan imzalan\u0131p m\u00fch\u00fcrlettirilir.<\/li><li>\u0130lgili kuruma onaylatt\u0131r\u0131lan form B\u00f6l\u00fcm Zorunlu Staj komisyon ba\u015fkan\u0131 ve Y\u00fcksekokul Zorunlu Staj Komisyon ba\u015fkan\u0131 taraf\u0131ndan onayland\u0131ktan sonra Zorunlu Staj ba\u015fvurusu tamamlanm\u0131\u015f olur. (Zorunlu Staj komisyon ve Y\u00fcksekokul Zorunlu Staj komisyon ba\u015fkan bilgilerini b\u00f6l\u00fcm web sayfas\u0131ndan ula\u015fabilirsiniz).<\/li><li>Onay i\u015flemleri tamamlanan form Y\u00fcksekokul Bilgi ve Belge Y\u00f6netim B\u00fcrosu\u2019na teslim edilir.<\/li><li>Bilgi ve Belge Y\u00f6netim B\u00fcrosundan Zorunlu Staj belgeleri (Zorunlu Staj defteri, Zorunlu Staj ekleri, de\u011ferlendirme evra\u011f\u0131, vb.) teslim al\u0131n\u0131r.<\/li><li>\u00d6n ba\u015fvuruda belirtti\u011finiz Zorunlu Staj tarihlerinde Zorunlu Staj\u0131n\u0131z\u0131 ger\u00e7ekle\u015ftirebilirsiniz.<\/li><li>Zorunlu Staj\u0131 belirtilen tarihlerde tamamlad\u0131ktan sonra Zorunlu Staj defteri (her sayfas\u0131 ilgili b\u00f6l\u00fcm taraf\u0131ndan kabul edilen yetkili taraf\u0131ndan m\u00fch\u00fcrl\u00fc ve onayl\u0131), Zorunlu Staj ekleri (proje, resim, bilgisayar program\u0131, yaz\u0131l\u0131 g\u00f6rsel materyaller, vb.) ve de\u011ferlendirme evra\u011f\u0131 (m\u00fch\u00fcrl\u00fc ve a\u011fz\u0131 kapal\u0131 zarfta) Y\u00fcksekokul Bilgi ve Belge Y\u00f6netim B\u00fcrosuna teslim edilecektir.<\/li><li>\u0130lgili Zorunlu Staj defterleri ilgili b\u00f6l\u00fcmlerin Zorunlu Staj komisyonlar\u0131 taraf\u0131ndan m\u00fclakat s\u0131nav\u0131 yap\u0131larak OBS \u00fczerinden notlar\u0131 ilan edilecektir.<\/li><\/ol><\/div>\t\t\t\t\t\t\t\t<\/div>\n\t\t\t\t<\/div>\n\t\t\t\t\t<\/div>\n\t\t<\/div>\n\t\t\t\t\t<\/div>\n\t\t<\/section>\n\t\t\t\t<section class=\"elementor-section elementor-top-section elementor-element elementor-element-c3c3f9b elementor-section-boxed elementor-section-height-default elementor-section-height-default\" data-id=\"c3c3f9b\" data-element_type=\"section\">\n\t\t\t\t\t\t<div class=\"elementor-container elementor-column-gap-default\">\n\t\t\t\t\t<div class=\"elementor-column elementor-col-100 elementor-top-column elementor-element elementor-element-76ea1eb\" data-id=\"76ea1eb\" data-element_type=\"column\">\n\t\t\t<div class=\"elementor-widget-wrap elementor-element-populated\">\n\t\t\t\t\t\t<div class=\"elementor-element elementor-element-7b77906 elementor-widget elementor-widget-heading\" data-id=\"7b77906\" data-element_type=\"widget\" data-widget_type=\"heading.default\">\n\t\t\t\t<div class=\"elementor-widget-container\">\n\t\t\t\t\t<h2 class=\"elementor-heading-title elementor-size-default\">5 Ad\u0131mda Staj \u0130\u015flemleri Nas\u0131l Yap\u0131l\u0131r?<\/h2>\t\t\t\t<\/div>\n\t\t\t\t<\/div>\n\t\t\t\t\t<\/div>\n\t\t<\/div>\n\t\t\t\t\t<\/div>\n\t\t<\/section>\n\t\t\t\t<section class=\"elementor-section elementor-top-section elementor-element elementor-element-7beaa19 elementor-section-boxed elementor-section-height-default elementor-section-height-default\" data-id=\"7beaa19\" data-element_type=\"section\">\n\t\t\t\t\t\t<div class=\"elementor-container elementor-column-gap-default\">\n\t\t\t\t\t<div class=\"elementor-column elementor-col-100 elementor-top-column elementor-element elementor-element-ba3c757\" data-id=\"ba3c757\" data-element_type=\"column\">\n\t\t\t<div class=\"elementor-widget-wrap elementor-element-populated\">\n\t\t\t\t\t\t<div class=\"elementor-element elementor-element-cc1cece elementor-widget elementor-widget-text-editor\" data-id=\"cc1cece\" data-element_type=\"widget\" data-widget_type=\"text-editor.default\">\n\t\t\t\t<div class=\"elementor-widget-container\">\n\t\t\t\t\t\t\t\t\t<p>Staj ba\u015fvuru ve y\u00fcr\u00fctme s\u00fcrecini 5 ad\u0131mda nas\u0131l tamamlayabilece\u011finizi g\u00f6steren k\u0131lavuzu incelemek i\u00e7in <a href=\"https:\/\/birimler.atauni.edu.tr\/pasinler-meslek-yuksekokulu\/elementor-8129\/\" target=\"_blank\" rel=\"noopener\">t\u0131klay\u0131n\u0131z<\/a>.<\/p>\t\t\t\t\t\t\t\t<\/div>\n\t\t\t\t<\/div>\n\t\t\t\t\t<\/div>\n\t\t<\/div>\n\t\t\t\t\t<\/div>\n\t\t<\/section>\n\t\t\t\t<\/div>\n\t\t","protected":false},"excerpt":{"rendered":"<p>Staj Staj \u0130\u015flemleri Nas\u0131l Ger\u00e7ekle\u015ftirilmektedir? Pasinler MYO Zorunlu Staj i\u015flemleri Atat\u00fcrk \u00dcniversitesi Zorunlu Staj Uygulama Esaslar\u0131na g\u00f6re yap\u0131lmaktad\u0131r. Kamu kurum ve kurulu\u015flar\u0131nda yap\u0131lacak Zorunlu Stajlar i\u00e7in e-devlet kap\u0131s\u0131 \u00fczerinden Kariyer Kap\u0131s\u0131 \u00fczerinden ba\u015fvuru yap\u0131lmas\u0131 gerekmektedir. Kariyer Kap\u0131s\u0131 detaylar\u0131 i\u00e7in t\u0131klay\u0131n\u0131z. Zorunlu Staj \u00f6n ba\u015fvuru Zorunlu Staj ba\u015flang\u0131\u00e7 tarihinden 20 g\u00fcn \u00f6nce yap\u0131l\u0131r. G\u00fcncel staj tarihleri [&hellip;]<\/p>\n","protected":false},"author":1,"featured_media":0,"parent":0,"menu_order":0,"comment_status":"closed","ping_status":"closed","template":"elementor_header_footer","meta":{"footnotes":""},"class_list":["post-5791","page","type-page","status-publish","hentry"],"_links":{"self":[{"href":"https:\/\/atauni.edu.tr\/pasinler-meslek-yuksekokulu\/wp-json\/wp\/v2\/pages\/5791","targetHints":{"allow":["GET"]}}],"collection":[{"href":"https:\/\/atauni.edu.tr\/pasinler-meslek-yuksekokulu\/wp-json\/wp\/v2\/pages"}],"about":[{"href":"https:\/\/atauni.edu.tr\/pasinler-meslek-yuksekokulu\/wp-json\/wp\/v2\/types\/page"}],"author":[{"embeddable":true,"href":"https:\/\/atauni.edu.tr\/pasinler-meslek-yuksekokulu\/wp-json\/wp\/v2\/users\/1"}],"replies":[{"embeddable":true,"href":"https:\/\/atauni.edu.tr\/pasinler-meslek-yuksekokulu\/wp-json\/wp\/v2\/comments?post=5791"}],"version-history":[{"count":50,"href":"https:\/\/atauni.edu.tr\/pasinler-meslek-yuksekokulu\/wp-json\/wp\/v2\/pages\/5791\/revisions"}],"predecessor-version":[{"id":8145,"href":"https:\/\/atauni.edu.tr\/pasinler-meslek-yuksekokulu\/wp-json\/wp\/v2\/pages\/5791\/revisions\/8145"}],"wp:attachment":[{"href":"https:\/\/atauni.edu.tr\/pasinler-meslek-yuksekokulu\/wp-json\/wp\/v2\/media?parent=5791"}],"curies":[{"name":"wp","href":"https:\/\/api.w.org\/{rel}","templated":true}]}}