{"id":6626,"date":"2022-02-16T13:53:09","date_gmt":"2022-02-16T10:53:09","guid":{"rendered":"https:\/\/birimler.atauni.edu.tr\/pasinler-meslek-yuksekokulu\/?page_id=6626"},"modified":"2026-02-03T15:34:25","modified_gmt":"2026-02-03T12:34:25","slug":"insan-kaynaklari-yonetimi-bolumu","status":"publish","type":"page","link":"https:\/\/atauni.edu.tr\/pasinler-meslek-yuksekokulu\/insan-kaynaklari-yonetimi-bolumu\/","title":{"rendered":"\u0130nsan Kaynaklar\u0131 Y\u00f6netimi Program\u0131"},"content":{"rendered":"\t\t<div data-elementor-type=\"wp-page\" data-elementor-id=\"6626\" class=\"elementor elementor-6626\" data-elementor-post-type=\"page\">\n\t\t\t\t\t\t<section class=\"elementor-section elementor-top-section elementor-element elementor-element-2bc4177 elementor-section-boxed elementor-section-height-default elementor-section-height-default\" data-id=\"2bc4177\" data-element_type=\"section\">\n\t\t\t\t\t\t<div class=\"elementor-container elementor-column-gap-default\">\n\t\t\t\t\t<div class=\"elementor-column elementor-col-100 elementor-top-column elementor-element elementor-element-a220dbc\" data-id=\"a220dbc\" data-element_type=\"column\">\n\t\t\t<div class=\"elementor-widget-wrap elementor-element-populated\">\n\t\t\t\t\t\t<div class=\"elementor-element elementor-element-3aefd97 elementor-tabs-view-horizontal elementor-widget elementor-widget-tabs\" data-id=\"3aefd97\" data-element_type=\"widget\" data-widget_type=\"tabs.default\">\n\t\t\t\t<div class=\"elementor-widget-container\">\n\t\t\t\t\t\t\t<div class=\"elementor-tabs\">\n\t\t\t<div class=\"elementor-tabs-wrapper\" role=\"tablist\" >\n\t\t\t\t\t\t\t\t\t<div id=\"elementor-tab-title-6171\" class=\"elementor-tab-title elementor-tab-desktop-title\" aria-selected=\"true\" data-tab=\"1\" role=\"tab\" tabindex=\"0\" aria-controls=\"elementor-tab-content-6171\" aria-expanded=\"false\">Tarih\u00e7e ve Tan\u0131t\u0131m<\/div>\n\t\t\t\t\t\t\t\t\t<div id=\"elementor-tab-title-6172\" class=\"elementor-tab-title elementor-tab-desktop-title\" aria-selected=\"false\" data-tab=\"2\" role=\"tab\" tabindex=\"-1\" aria-controls=\"elementor-tab-content-6172\" aria-expanded=\"false\">Vizyon ve Misyon<\/div>\n\t\t\t\t\t\t\t\t\t<div id=\"elementor-tab-title-6173\" class=\"elementor-tab-title elementor-tab-desktop-title\" aria-selected=\"false\" data-tab=\"3\" role=\"tab\" tabindex=\"-1\" aria-controls=\"elementor-tab-content-6173\" aria-expanded=\"false\">Y\u00f6netim &amp; Akademisyen<\/div>\n\t\t\t\t\t\t\t\t\t<div id=\"elementor-tab-title-6174\" class=\"elementor-tab-title elementor-tab-desktop-title\" aria-selected=\"false\" data-tab=\"4\" role=\"tab\" tabindex=\"-1\" aria-controls=\"elementor-tab-content-6174\" aria-expanded=\"false\">S\u0131k\u00e7a Sorulan Sorular<\/div>\n\t\t\t\t\t\t\t\t\t<div id=\"elementor-tab-title-6175\" class=\"elementor-tab-title elementor-tab-desktop-title\" aria-selected=\"false\" data-tab=\"5\" role=\"tab\" tabindex=\"-1\" aria-controls=\"elementor-tab-content-6175\" aria-expanded=\"false\">Staj \u0130\u015flemleri<\/div>\n\t\t\t\t\t\t\t\t\t<div id=\"elementor-tab-title-6176\" class=\"elementor-tab-title elementor-tab-desktop-title\" aria-selected=\"false\" data-tab=\"6\" role=\"tab\" tabindex=\"-1\" aria-controls=\"elementor-tab-content-6176\" aria-expanded=\"false\">Dilek\u00e7e ve Formlar<\/div>\n\t\t\t\t\t\t\t\t\t<div id=\"elementor-tab-title-6177\" class=\"elementor-tab-title elementor-tab-desktop-title\" aria-selected=\"false\" data-tab=\"7\" role=\"tab\" tabindex=\"-1\" aria-controls=\"elementor-tab-content-6177\" aria-expanded=\"false\">Ders Program\u0131<\/div>\n\t\t\t\t\t\t\t<\/div>\n\t\t\t<div class=\"elementor-tabs-content-wrapper\" role=\"tablist\" aria-orientation=\"vertical\">\n\t\t\t\t\t\t\t\t\t<div class=\"elementor-tab-title elementor-tab-mobile-title\" aria-selected=\"true\" data-tab=\"1\" role=\"tab\" tabindex=\"0\" aria-controls=\"elementor-tab-content-6171\" aria-expanded=\"false\">Tarih\u00e7e ve Tan\u0131t\u0131m<\/div>\n\t\t\t\t\t<div id=\"elementor-tab-content-6171\" class=\"elementor-tab-content elementor-clearfix\" data-tab=\"1\" role=\"tabpanel\" aria-labelledby=\"elementor-tab-title-6171\" tabindex=\"0\" hidden=\"false\"><p>\u00a0Pasinler MYO 1993 y\u0131l\u0131nda kurulmu\u015f, 1994 y\u0131l\u0131ndan sonra \u0130n\u015faat b\u00f6l\u00fcm\u00fcne \u00f6\u011frenci kabul ederek e\u011fitim \u2013 \u00f6\u011fretime ba\u015flam\u0131\u015ft\u0131r. Y\u00f6netim ve Organizasyon B\u00f6l\u00fcm\u00fc a\u00e7\u0131l\u0131nca \u00f6nce \u0130\u015fletme Y\u00f6netimi program\u0131 daha sonra \u0130nsan Kaynaklar\u0131 Y\u00f6netimi Program\u0131 \u00f6\u011frenci alarak 2012 y\u0131l\u0131 itibar\u0131yla faaliyetlerine ba\u015flam\u0131\u015ft\u0131r.<\/p><p><strong>\u0130KY PROGRAMI NED\u0130R? NEDEN BU PROGRAMI OKUMALISINIZ?<\/strong><\/p><p>Y\u00fcksekokulumuz\u00a0\u00a0 \u0130nsan Kaynaklar\u0131 Y\u00f6netimi Program\u0131\u00a0 2012\/2013\u00a0 G\u00fcz D\u00f6neminde\u00a0 \u00f6\u011frenci\u00a0 almaya\u00a0 ba\u015flam\u0131\u015f , 2014 y\u0131l\u0131 ve\u00a0 sonras\u0131nda\u00a0 toplam\u00a0\u00a0 112 \u00f6\u011frenciyi mezun etmi\u015f olup\u00a0 halen\u00a0 e\u011fitime devam etmektedir. Programda 62 kay\u0131tl\u0131 \u00f6\u011frencimiz bulunmaktad\u0131r.<\/p><p>G\u00fcn\u00fcm\u00fczde i\u015fletmeler, insan\u0131n \u00f6nemini daha iyi kavramakta ve en b\u00fcy\u00fck yat\u0131r\u0131mlar\u0131 nitelikli insan sermayesine yapmaktad\u0131rlar.<\/p><p>\u0130KY Program\u0131ndan mezun olan \u00f6\u011frencilerimiz, \u0130nsan Kaynaklar\u0131 Meslek Eleman\u0131 olarak i\u015f hayat\u0131na at\u0131lmakta ; orta ve b\u00fcy\u00fck i\u015fletmelerde kendilerine yer bulabilmekte\u00a0 ve zamanla \u00e7al\u0131\u015ft\u0131klar\u0131 \u015firketlerde : \u0130nsan Kaynaklar\u0131ndan sorumlu genel m\u00fcd\u00fcr yard\u0131mc\u0131l\u0131\u011f\u0131na kadar y\u00fckselebilmektedirler.<\/p><p>\u0130KY program\u0131m\u0131z Atat\u00fcrk \u00dcniversitesi b\u00fcnyesinde \u00f6rg\u00fcn \u00a0\u00f6n lisans e\u011fitimi veren tek programd\u0131r.<\/p><p><strong>PROGRAMIN AMA\u00c7LARI<\/strong><\/p><p>\u0130nsan kaynaklar\u0131 y\u00f6netimi, \u00e7al\u0131\u015fanlar\u0131n verimlilik ve etkinli\u011fini sa\u011flayabilmesi i\u00e7in \u015fu iki temel amac\u0131 ilke edinmesi gerekir:<\/p><ul><li>\u0130\u015fletmede g\u00f6rev yapan insanlar\u0131n bilgi, yetenek ve becerilerini rasyonel bi\u00e7imde kullanarak i\u015fletmeye katk\u0131lar\u0131n\u0131 en \u00fcst d\u00fczeye \u00e7\u0131karmak<\/li><li>\u0130\u015fletmede g\u00f6rev yapan ki\u015filerin yapt\u0131klar\u0131 i\u015ften doyuma ula\u015fmalar\u0131n\u0131 sa\u011flamak.<\/li><\/ul><p><strong>\u0130KY\u00a0 \u00c7ALI\u015eMA ALANLARI<\/strong><\/p><p>Program mezunlar\u0131 hem devlet kurumlar\u0131nda hem de \u00f6zel sekt\u00f6rde \u00e7al\u0131\u015fabilmektedir. \u015e\u00f6yle ki : Sekt\u00f6rel ayr\u0131m yapmaks\u0131z\u0131n i\u015fletmelerin personel ya da insan kaynaklar\u0131 departmanlar\u0131nda \u201cinsan kaynaklar\u0131 eleman\u0131 \u201d olarak g\u00f6rev alabilirler.<\/p><p>Dikey ge\u00e7i\u015f yapabilecekleri \u0130lgili \u00a0lisans b\u00f6l\u00fcmlerini bitirdikleri takdirde, \u201cuzman\u201d olarak y\u00f6neticilik yapabilirler. Kendilerini bireysel anlamda \u00a0geli\u015ftirebilen mezunlar kendi i\u015f ortamlar\u0131n\u0131 kurarak \u00e7al\u0131\u015fma ya\u015fam\u0131nda aktif bir rol \u00fcstlenebilirler. ( G\u00fcn\u00fcm\u00fczde \u0130\u015e-KUR benzeri \u00f6zel \u015firketler kurulmu\u015f ve faaliyetlerine devam etmektedirler)<\/p><p><strong>D\u0130KEY GE\u00c7\u0130\u015eLE GE\u00c7\u0130LEB\u0130LECEK 4 YILLIK B\u00d6L\u00dcMLER<\/strong><\/p><p>\u00a0\u00d6n lisans programlar\u0131ndan mezun olanlar genelde \u0130\u0130BF b\u00fcnyesindeki lisans programlar\u0131na devam etmektedirler. Bu\u00a0 programlar\u0131n belli ba\u015fl\u0131lar\u0131 \u015funlard\u0131r : <br \/>\u00bb \u00a0\u0130KY \u00a0<br \/>\u00bb\u00a0\u00c7EKO <br \/>\u00bb\u00a0\u0130\u015fletme Y\u00f6netimi <br \/>\u00bb Kamu Y\u00f6netimi <br \/>\u00bb Siyaset Bilimi ( SB ve Kamu Y\u00f6netimi )<br \/><strong><br \/>YETERL\u0130L\u0130K<\/strong><\/p><p>\u00a0\u00a0\u00a0 Program mezunlar\u0131 \u0130nsan Kaynaklar\u0131 Y\u00f6netimi Meslek Eleman\u0131 olarak i\u015fe ba\u015flarlar.<\/p><\/div>\n\t\t\t\t\t\t\t\t\t<div class=\"elementor-tab-title elementor-tab-mobile-title\" aria-selected=\"false\" data-tab=\"2\" role=\"tab\" tabindex=\"-1\" aria-controls=\"elementor-tab-content-6172\" aria-expanded=\"false\">Vizyon ve Misyon<\/div>\n\t\t\t\t\t<div id=\"elementor-tab-content-6172\" class=\"elementor-tab-content elementor-clearfix\" data-tab=\"2\" role=\"tabpanel\" aria-labelledby=\"elementor-tab-title-6172\" tabindex=\"0\" hidden=\"hidden\"><p><strong>M\u0130SYONUMUZ :<\/strong> \u00a0G\u00fcn\u00fcm\u00fcz\u00fcn modern ve h\u0131zla geli\u015fen\u00a0 T\u00fcrkiye\u2019sine katk\u0131 sa\u011flayacak, i\u015fletmelerde fark \u00a0yarat\u0131p, rekabet \u00a0\u00fcst\u00fcnl\u00fc\u011f\u00fc \u00a0sa\u011flayacak , \u00a0k\u00fcresel \u00a0arenada \u00a0k\u0131yas\u0131ya \u00a0m\u00fccadele \u00a0edecek \u00a0insan kayna\u011f\u0131n\u0131 sevk ve idare edecek \u0130K y\u00f6neticilerini yeti\u015ftirmektir.<\/p><p><strong>V\u0130ZYONUMUZ :<\/strong>\u00a0\u00a0 E\u011fitim \u2013 \u00f6\u011fretim s\u00fcresi boyunca takip etti\u011fimiz multidisipliner anlay\u0131\u015fla, \u00f6zellikle \u00f6nlisans d\u00fczeyinde tercih edilen bir program haline gelmek ve bu yakla\u015f\u0131m\u0131 s\u00fcrd\u00fcrmek.<\/p><\/div>\n\t\t\t\t\t\t\t\t\t<div class=\"elementor-tab-title elementor-tab-mobile-title\" aria-selected=\"false\" data-tab=\"3\" role=\"tab\" tabindex=\"-1\" aria-controls=\"elementor-tab-content-6173\" aria-expanded=\"false\">Y\u00f6netim &amp; Akademisyen<\/div>\n\t\t\t\t\t<div id=\"elementor-tab-content-6173\" class=\"elementor-tab-content elementor-clearfix\" data-tab=\"3\" role=\"tabpanel\" aria-labelledby=\"elementor-tab-title-6173\" tabindex=\"0\" hidden=\"hidden\"><p><strong>B\u00f6l\u00fcm Ba\u015fkan\u0131<br \/><\/strong>\u00d6\u011fr. G\u00f6r. \u0130brahim Halil HAYAL\u0130O\u011eLU<\/p><p><strong>B\u00f6l\u00fcm Ba\u015fkan Yard\u0131mc\u0131s\u0131<br \/><\/strong>\u00d6\u011fr. G\u00f6r. Fatih AYDO\u011eAN<\/p><p><strong>AKADEM\u0130K\u00a0 KADRO<\/strong><\/p><ul><li>\u00d6\u011fr. G\u00f6r. \u0130brahim Halil HAYAL\u0130O\u011eLU<\/li><li>\u00d6\u011fr. G\u00f6r. Fatih AYDO\u011eAN<\/li><\/ul><\/div>\n\t\t\t\t\t\t\t\t\t<div class=\"elementor-tab-title elementor-tab-mobile-title\" aria-selected=\"false\" data-tab=\"4\" role=\"tab\" tabindex=\"-1\" aria-controls=\"elementor-tab-content-6174\" aria-expanded=\"false\">S\u0131k\u00e7a Sorulan Sorular<\/div>\n\t\t\t\t\t<div id=\"elementor-tab-content-6174\" class=\"elementor-tab-content elementor-clearfix\" data-tab=\"4\" role=\"tabpanel\" aria-labelledby=\"elementor-tab-title-6174\" tabindex=\"0\" hidden=\"hidden\"><ol><li><strong>\u0130KY Program\u0131n\u0131 a\u00e7\u0131k \u00f6\u011fretimden okumam\u0131z m\u00fcmk\u00fcn m\u00fcd\u00fcr ? <\/strong><\/li><\/ol><p>Pasinler Meslek Y\u00fcksekokulu \u0130KY Program\u0131nda y\u00fcz y\u00fcze e\u011fitim \u2013 \u00f6\u011fretim yap\u0131lmaktad\u0131r.<\/p><ol start=\"2\"><li><strong>\u0130KY Program\u0131nda uzaktan e\u011fitimle y\u00fcr\u00fct\u00fclen ders var m\u0131d\u0131r ? Varsa hangileridir?<\/strong><\/li><\/ol><p>\u0130KY Program\u0131 1. S\u0131n\u0131fta 1. ve 2. Yar\u0131y\u0131llarda : T\u00fcrk Dili 1-2 ; Yabanc\u0131 Dil 1-2 ; Temel Hukuk 1-2 \u00a0\u00a0ile T.C. Atat\u00fcrk \u0130lkeleri ve \u0130nk\u0131lap Tarihi dersleri uzaktan e\u011fitimle i\u015flenmektedir.<\/p><p>2.S\u0131n\u0131fta ise : G\u00fcz ve Bahar yar\u0131y\u0131llar\u0131nda \u2018\u2019 \u00dcniversite Se\u00e7meli Dersleri \u2018\u2019 uzaktan e\u011fitimle i\u015flenmektedir.<\/p><ol start=\"3\"><li><strong> \u00a0 \u0130KY Program\u0131na kay\u0131t yapt\u0131ran \u00f6\u011frenciler ne kadarl\u0131k bir s\u00fcre i\u00e7erisinde mezun olabilirler ?<\/strong><\/li><\/ol><p>\u00dclkemizde herhangi bir \u00f6nlisans program\u0131na kay\u0131t yapt\u0131ran \u00f6\u011frenciler 4 y\u0131l ( 8 D\u00f6nem ) i\u00e7erisinde okullar\u0131n\u0131 bitirmek zorundad\u0131rlar. Bu s\u00fcrede okulunu tamamlayamayan \u00f6\u011frencilerin okullar\u0131 ile ili\u015fkileri sona erer.<\/p><ol start=\"4\"><li><strong>\u00d6\u011frencilerin bir \u00fcst s\u0131n\u0131fa ge\u00e7ebilmeleri ve okuldan mezun olabilmeleri i\u00e7in herhangi\u00a0 bir <\/strong><strong>not ortalamas\u0131n\u0131 tutturmalar\u0131 gerekmekte midir ?<\/strong><strong>\u00a0<\/strong><\/li><\/ol><p>\u00d6\u011frencilerin bir \u00fcst s\u0131n\u0131fa ge\u00e7ebilmeleri i\u00e7in o y\u0131l\u0131n A\u011f\u0131rl\u0131kl\u0131 Y\u0131l Sonu Not Ortalamalar\u0131n\u0131 (AGNO) 2.00 ve \u00fczerinde tutmalar\u0131 gerekmektedir. Ayr\u0131ca okuldan mezun olabilmeleri i\u00e7in de 4 d\u00f6nem ortalamas\u0131n\u0131n 2.00 ve \u00fczerinde olmas\u0131 gerekir.<\/p><\/div>\n\t\t\t\t\t\t\t\t\t<div class=\"elementor-tab-title elementor-tab-mobile-title\" aria-selected=\"false\" data-tab=\"5\" role=\"tab\" tabindex=\"-1\" aria-controls=\"elementor-tab-content-6175\" aria-expanded=\"false\">Staj \u0130\u015flemleri<\/div>\n\t\t\t\t\t<div id=\"elementor-tab-content-6175\" class=\"elementor-tab-content elementor-clearfix\" data-tab=\"5\" role=\"tabpanel\" aria-labelledby=\"elementor-tab-title-6175\" tabindex=\"0\" hidden=\"hidden\"><p>\u00d6\u011frencilerin okulumuzdan mezun olabilmeleri i\u00e7in 30 i\u015f g\u00fcn\u00fc s\u00fcresince b\u00f6l\u00fcm taraf\u0131ndan kabul edilen bir kurulu\u015fta fiilen staj yapmalar\u0131 gerekmektedir.<\/p><p><strong>Staj \u0130\u015flemleri Nas\u0131l Ger\u00e7ekle\u015ftirilmektedir?<\/strong><\/p><p>\u00d6\u011frencilerimiz staj uygulamalar\u0131n\u0131 &#8220;ATAT\u00dcRK \u00dcN\u0130VERS\u0130TES\u0130 STAJ UYGULAMA ESASLARI&#8221; \u00e7er\u00e7evesinde yerine getirmek durumundad\u0131rlar.<\/p><p><strong>\u0130KY Program\u0131 Staj Komisyonu : <\/strong><\/p><p><strong>Ba\u015fkan : <\/strong>\u00d6\u011fr. G\u00f6r. \u0130.Halil HAYAL\u0130O\u011eLU<\/p><p><strong>\u00dcye\u00a0\u00a0\u00a0\u00a0\u00a0\u00a0 : <\/strong>\u00d6\u011fr. G\u00f6r. Zeki B\u0130LEN<\/p><p><strong>\u00dcye\u00a0\u00a0\u00a0\u00a0\u00a0\u00a0 : <\/strong>\u00d6\u011fr. G\u00f6r. Murat KARADA\u015e<\/p><\/div>\n\t\t\t\t\t\t\t\t\t<div class=\"elementor-tab-title elementor-tab-mobile-title\" aria-selected=\"false\" data-tab=\"6\" role=\"tab\" tabindex=\"-1\" aria-controls=\"elementor-tab-content-6176\" aria-expanded=\"false\">Dilek\u00e7e ve Formlar<\/div>\n\t\t\t\t\t<div id=\"elementor-tab-content-6176\" class=\"elementor-tab-content elementor-clearfix\" data-tab=\"6\" role=\"tabpanel\" aria-labelledby=\"elementor-tab-title-6176\" tabindex=\"0\" hidden=\"hidden\"><ul><li><a href=\"http:\/\/birimler.atauni.edu.tr\/pasinler-meslek-yuksekokulu\/wp-content\/uploads\/sites\/444\/2021\/12\/agno_baraj_dilekcesi.pdf\">AGNO Baraj S\u0131nav\u0131 Ba\u015fvuru Dilek\u00e7esi<\/a><\/li><li><a href=\"http:\/\/birimler.atauni.edu.tr\/pasinler-meslek-yuksekokulu\/wp-content\/uploads\/sites\/444\/2021\/12\/azami_sure_sinav_formu.doc\">Azami S\u00fcre S\u0131nav Formu<\/a><\/li><li><a href=\"http:\/\/birimler.atauni.edu.tr\/pasinler-meslek-yuksekokulu\/wp-content\/uploads\/sites\/444\/2020\/07\/ders_eslestirme_formu.docx\">Ders E\u015fle\u015ftirme Formu<\/a><\/li><li><a href=\"http:\/\/birimler.atauni.edu.tr\/pasinler-meslek-yuksekokulu\/wp-content\/uploads\/sites\/444\/2020\/07\/dersmuafiyetdilekcesi.docx\">Ders Muafiyet Dilek\u00e7esi<\/a><\/li><li><a href=\"http:\/\/birimler.atauni.edu.tr\/pasinler-meslek-yuksekokulu\/wp-content\/uploads\/sites\/444\/2020\/07\/farkliokuldandersdilekcesi.docx\">Farkl\u0131 Okuldan Ders E\u015fle\u015ftirme Dilek\u00e7esi<\/a><\/li><li><a href=\"http:\/\/birimler.atauni.edu.tr\/pasinler-meslek-yuksekokulu\/wp-content\/uploads\/sites\/444\/2020\/07\/kayitdondurmadilekcesi.pdf\">Kay\u0131t Dondurma Dilek\u00e7esi<\/a><\/li><li><a href=\"http:\/\/birimler.atauni.edu.tr\/pasinler-meslek-yuksekokulu\/wp-content\/uploads\/sites\/444\/2020\/07\/mazeretsinavdilekcesi.pdf\">Mazeret S\u0131nav Dilek\u00e7esi<\/a><\/li><li><a href=\"http:\/\/birimler.atauni.edu.tr\/pasinler-meslek-yuksekokulu\/wp-content\/uploads\/sites\/444\/2020\/07\/stajmuafiyetdilekcesi.docx\">Staj Muafiyet Dilek\u00e7esi<\/a><\/li><li><a href=\"http:\/\/birimler.atauni.edu.tr\/pasinler-meslek-yuksekokulu\/wp-content\/uploads\/sites\/444\/2020\/07\/tekderssinavdilekcesi.pdf\">Tek Ders S\u0131nav Dilek\u00e7esi<\/a><\/li><li><a href=\"https:\/\/birimler.atauni.edu.tr\/pasinler-meslek-yuksekokulu\/yu%cc%88z-yu%cc%88ze-staj-di%cc%87lekc%cc%a7esi%cc%87\/\">Y\u00fcz Y\u00fcze Staj Dilek\u00e7esi<\/a><\/li><\/ul><p><strong>\u2014 D\u0130\u011eER YARDIMCI L\u0130NKLER \u2014<\/strong><\/p><ul><li>Ders Bilgi Paketi (Ders \u0130\u00e7erikleri) i\u00e7in\u00a0<a href=\"https:\/\/obs.atauni.edu.tr\/moduller\/dbp\/eobs\/birimDetay\/1334\/Bilgisayar%20Programc%C4%B1l%C4%B1%C4%9F%C4%B1%20Program%C4%B1%20(1334)?\" target=\"_blank\" rel=\"noopener\">t\u0131klay\u0131n\u0131z.<\/a><\/li><li>\u00d6\u011frenci \u0130\u015fleri Dekanl\u0131\u011f\u0131 i\u00e7in\u00a0<a href=\"https:\/\/birimler.atauni.edu.tr\/ogrenci-dekanligi\/\" target=\"_blank\" rel=\"noopener\">t\u0131klay\u0131n\u0131z.<\/a><\/li><li>De\u011fi\u015fim Programlar\u0131 (Erasmus, Farabi, Mevlana) i\u00e7in\u00a0<a href=\"https:\/\/oia.atauni.edu.tr\/\" target=\"_blank\" rel=\"noopener\">t\u0131klay\u0131n\u0131z.<\/a><\/li><li>Yatay ge\u00e7i\u015f i\u015flemleri hakk\u0131nda bilgi almak i\u00e7in\u00a0<a href=\"https:\/\/birimler.atauni.edu.tr\/ogrenci-isleri-daire-baskanligi\/yatay-gecis\/\" target=\"_blank\" rel=\"noopener\">t\u0131klay\u0131n\u0131z.<\/a><\/li><li>Yaz Okulu hakk\u0131nda bilgi almak i\u00e7in\u00a0<a href=\"https:\/\/birimler.atauni.edu.tr\/ogrenci-isleri-daire-baskanligi\/yaz-okulu\/\" target=\"_blank\" rel=\"noopener\">t\u0131klay\u0131n\u0131z.<\/a><\/li><\/ul><\/div>\n\t\t\t\t\t\t\t\t\t<div class=\"elementor-tab-title elementor-tab-mobile-title\" aria-selected=\"false\" data-tab=\"7\" role=\"tab\" tabindex=\"-1\" aria-controls=\"elementor-tab-content-6177\" aria-expanded=\"false\">Ders Program\u0131<\/div>\n\t\t\t\t\t<div id=\"elementor-tab-content-6177\" class=\"elementor-tab-content elementor-clearfix\" data-tab=\"7\" role=\"tabpanel\" aria-labelledby=\"elementor-tab-title-6177\" tabindex=\"0\" hidden=\"hidden\"><p>G\u00fcncel Ders program\u0131 i\u00e7in <a href=\"https:\/\/birimler.atauni.edu.tr\/pasinler-meslek-yuksekokulu\/lisans-ders-listesi\/\">t\u0131klay\u0131n\u0131z.<\/a><\/p><\/div>\n\t\t\t\t\t\t\t<\/div>\n\t\t<\/div>\n\t\t\t\t\t\t<\/div>\n\t\t\t\t<\/div>\n\t\t\t\t\t<\/div>\n\t\t<\/div>\n\t\t\t\t\t<\/div>\n\t\t<\/section>\n\t\t\t\t<\/div>\n\t\t","protected":false},"excerpt":{"rendered":"<p>Tarih\u00e7e ve Tan\u0131t\u0131m Vizyon ve Misyon Y\u00f6netim &amp; Akademisyen S\u0131k\u00e7a Sorulan Sorular Staj \u0130\u015flemleri Dilek\u00e7e ve Formlar Ders Program\u0131 Tarih\u00e7e ve Tan\u0131t\u0131m \u00a0Pasinler MYO 1993 y\u0131l\u0131nda kurulmu\u015f, 1994 y\u0131l\u0131ndan sonra \u0130n\u015faat b\u00f6l\u00fcm\u00fcne \u00f6\u011frenci kabul ederek e\u011fitim \u2013 \u00f6\u011fretime ba\u015flam\u0131\u015ft\u0131r. Y\u00f6netim ve Organizasyon B\u00f6l\u00fcm\u00fc a\u00e7\u0131l\u0131nca \u00f6nce \u0130\u015fletme Y\u00f6netimi program\u0131 daha sonra \u0130nsan Kaynaklar\u0131 Y\u00f6netimi Program\u0131 \u00f6\u011frenci [&hellip;]<\/p>\n","protected":false},"author":410,"featured_media":0,"parent":0,"menu_order":0,"comment_status":"closed","ping_status":"closed","template":"","meta":{"footnotes":""},"class_list":["post-6626","page","type-page","status-publish","hentry"],"_links":{"self":[{"href":"https:\/\/atauni.edu.tr\/pasinler-meslek-yuksekokulu\/wp-json\/wp\/v2\/pages\/6626","targetHints":{"allow":["GET"]}}],"collection":[{"href":"https:\/\/atauni.edu.tr\/pasinler-meslek-yuksekokulu\/wp-json\/wp\/v2\/pages"}],"about":[{"href":"https:\/\/atauni.edu.tr\/pasinler-meslek-yuksekokulu\/wp-json\/wp\/v2\/types\/page"}],"author":[{"embeddable":true,"href":"https:\/\/atauni.edu.tr\/pasinler-meslek-yuksekokulu\/wp-json\/wp\/v2\/users\/410"}],"replies":[{"embeddable":true,"href":"https:\/\/atauni.edu.tr\/pasinler-meslek-yuksekokulu\/wp-json\/wp\/v2\/comments?post=6626"}],"version-history":[{"count":47,"href":"https:\/\/atauni.edu.tr\/pasinler-meslek-yuksekokulu\/wp-json\/wp\/v2\/pages\/6626\/revisions"}],"predecessor-version":[{"id":8564,"href":"https:\/\/atauni.edu.tr\/pasinler-meslek-yuksekokulu\/wp-json\/wp\/v2\/pages\/6626\/revisions\/8564"}],"wp:attachment":[{"href":"https:\/\/atauni.edu.tr\/pasinler-meslek-yuksekokulu\/wp-json\/wp\/v2\/media?parent=6626"}],"curies":[{"name":"wp","href":"https:\/\/api.w.org\/{rel}","templated":true}]}}