{"id":6637,"date":"2022-02-17T00:11:29","date_gmt":"2022-02-16T21:11:29","guid":{"rendered":"https:\/\/birimler.atauni.edu.tr\/pasinler-meslek-yuksekokulu\/?page_id=6637"},"modified":"2026-02-03T15:32:58","modified_gmt":"2026-02-03T12:32:58","slug":"bankacilik-ve-sigortacilik-programi","status":"publish","type":"page","link":"https:\/\/atauni.edu.tr\/pasinler-meslek-yuksekokulu\/bankacilik-ve-sigortacilik-programi\/","title":{"rendered":"Bankac\u0131l\u0131k ve Sigortac\u0131l\u0131k Program\u0131"},"content":{"rendered":"\t\t<div data-elementor-type=\"wp-page\" data-elementor-id=\"6637\" class=\"elementor elementor-6637\" data-elementor-post-type=\"page\">\n\t\t\t\t\t\t<section class=\"elementor-section elementor-top-section elementor-element elementor-element-2bc4177 elementor-section-boxed elementor-section-height-default elementor-section-height-default\" data-id=\"2bc4177\" data-element_type=\"section\">\n\t\t\t\t\t\t<div class=\"elementor-container elementor-column-gap-default\">\n\t\t\t\t\t<div class=\"elementor-column elementor-col-100 elementor-top-column elementor-element elementor-element-a220dbc\" data-id=\"a220dbc\" data-element_type=\"column\">\n\t\t\t<div class=\"elementor-widget-wrap elementor-element-populated\">\n\t\t\t\t\t\t<div class=\"elementor-element elementor-element-ef993eb elementor-tabs-view-horizontal elementor-widget elementor-widget-tabs\" data-id=\"ef993eb\" data-element_type=\"widget\" data-widget_type=\"tabs.default\">\n\t\t\t\t<div class=\"elementor-widget-container\">\n\t\t\t\t\t\t\t<div class=\"elementor-tabs\">\n\t\t\t<div class=\"elementor-tabs-wrapper\" role=\"tablist\" >\n\t\t\t\t\t\t\t\t\t<div id=\"elementor-tab-title-2511\" class=\"elementor-tab-title elementor-tab-desktop-title\" aria-selected=\"true\" data-tab=\"1\" role=\"tab\" tabindex=\"0\" aria-controls=\"elementor-tab-content-2511\" aria-expanded=\"false\">B\u00f6l\u00fcm Tarih\u00e7e ve Tan\u0131t\u0131m<\/div>\n\t\t\t\t\t\t\t\t\t<div id=\"elementor-tab-title-2512\" class=\"elementor-tab-title elementor-tab-desktop-title\" aria-selected=\"false\" data-tab=\"2\" role=\"tab\" tabindex=\"-1\" aria-controls=\"elementor-tab-content-2512\" aria-expanded=\"false\">B\u00f6l\u00fcm Vizyon &amp; Misyon<\/div>\n\t\t\t\t\t\t\t\t\t<div id=\"elementor-tab-title-2513\" class=\"elementor-tab-title elementor-tab-desktop-title\" aria-selected=\"false\" data-tab=\"3\" role=\"tab\" tabindex=\"-1\" aria-controls=\"elementor-tab-content-2513\" aria-expanded=\"false\">Y\u00f6netim &amp; Akademisyen<\/div>\n\t\t\t\t\t\t\t\t\t<div id=\"elementor-tab-title-2514\" class=\"elementor-tab-title elementor-tab-desktop-title\" aria-selected=\"false\" data-tab=\"4\" role=\"tab\" tabindex=\"-1\" aria-controls=\"elementor-tab-content-2514\" aria-expanded=\"false\">S\u0131k\u00e7a Sorular Sorular<\/div>\n\t\t\t\t\t\t\t\t\t<div id=\"elementor-tab-title-2515\" class=\"elementor-tab-title elementor-tab-desktop-title\" aria-selected=\"false\" data-tab=\"5\" role=\"tab\" tabindex=\"-1\" aria-controls=\"elementor-tab-content-2515\" aria-expanded=\"false\">Staj \u0130\u015flemleri<\/div>\n\t\t\t\t\t\t\t\t\t<div id=\"elementor-tab-title-2516\" class=\"elementor-tab-title elementor-tab-desktop-title\" aria-selected=\"false\" data-tab=\"6\" role=\"tab\" tabindex=\"-1\" aria-controls=\"elementor-tab-content-2516\" aria-expanded=\"false\">Kurul ve Komisyonlar<\/div>\n\t\t\t\t\t\t\t\t\t<div id=\"elementor-tab-title-2517\" class=\"elementor-tab-title elementor-tab-desktop-title\" aria-selected=\"false\" data-tab=\"7\" role=\"tab\" tabindex=\"-1\" aria-controls=\"elementor-tab-content-2517\" aria-expanded=\"false\">Dilek\u00e7e ve Formlar<\/div>\n\t\t\t\t\t\t\t\t\t<div id=\"elementor-tab-title-2518\" class=\"elementor-tab-title elementor-tab-desktop-title\" aria-selected=\"false\" data-tab=\"8\" role=\"tab\" tabindex=\"-1\" aria-controls=\"elementor-tab-content-2518\" aria-expanded=\"false\">Ders Program\u0131<\/div>\n\t\t\t\t\t\t\t<\/div>\n\t\t\t<div class=\"elementor-tabs-content-wrapper\" role=\"tablist\" aria-orientation=\"vertical\">\n\t\t\t\t\t\t\t\t\t<div class=\"elementor-tab-title elementor-tab-mobile-title\" aria-selected=\"true\" data-tab=\"1\" role=\"tab\" tabindex=\"0\" aria-controls=\"elementor-tab-content-2511\" aria-expanded=\"false\">B\u00f6l\u00fcm Tarih\u00e7e ve Tan\u0131t\u0131m<\/div>\n\t\t\t\t\t<div id=\"elementor-tab-content-2511\" class=\"elementor-tab-content elementor-clearfix\" data-tab=\"1\" role=\"tabpanel\" aria-labelledby=\"elementor-tab-title-2511\" tabindex=\"0\" hidden=\"false\"><p>Pasinler Meslek Y\u00fcksekokulu Bankac\u0131l\u0131k ve Sigortac\u0131l\u0131k Program\u0131nda, bug\u00fcn\u00fcn rekabet\u00e7i piyasa ko\u015fullar\u0131nda, sekt\u00f6r\u00fcn gerektirdi\u011fi g\u00fcncel bilgilerle donat\u0131lm\u0131\u015f, h\u0131zl\u0131 ve do\u011fru bir \u015fekilde analitik kararlar alabilen, bilgi d\u00fczeyi y\u00fcksek, teorik bilgi yan\u0131nda uygulamada kar\u015f\u0131la\u015f\u0131lan durumlarla ilgili de pratik bilgiler de verilerek bu sekt\u00f6rlerde \u00e7al\u0131\u015facaklar\u0131 mesle\u011fe haz\u0131r hale getirmeye y\u00f6nelik e\u011fitim verilmektedir. Derslere ek olarak \u00f6\u011frencilerimizin ger\u00e7ekle\u015ftirece\u011fi staj ile sekt\u00f6rde olabilecekleri yeri g\u00f6rme imk\u00e2n\u0131 sa\u011flanmaktad\u0131r.<\/p><p><strong>Bankac\u0131l\u0131k ve Sigortac\u0131l\u0131k B\u00f6l\u00fcm\u00fc<\/strong>\u00a0ba\u015far\u0131 ile tamamlayan ve diplomas\u0131n\u0131 alarak mezuniyet hakk\u0131 kazanan \u00f6\u011frenciler iki alana da h\u00e2kim olduklar\u0131 i\u00e7in hem bankac\u0131l\u0131k hem sigortac\u0131l\u0131k alanlar\u0131nda \u00e7al\u0131\u015fabilirler.<\/p><p><strong>Bankac\u0131l\u0131k ve Sigortac\u0131l\u0131k B\u00f6l\u00fcm\u00fc<\/strong>\u00a0mezunlar\u0131; sigorta \u015firketlerinde, kamu ve \u00f6zel bankalar ile kat\u0131l\u0131m bankalar\u0131nda, sigorta acentelerinde, i\u015fletmelerin sigorta ve muhasebe departmanlar\u0131nda, arac\u0131 kurumlarda ve brokerlik \u015firketleri gibi pek \u00e7ok alanda i\u015f imk\u00e2n\u0131 bulabilirler.<\/p><\/div>\n\t\t\t\t\t\t\t\t\t<div class=\"elementor-tab-title elementor-tab-mobile-title\" aria-selected=\"false\" data-tab=\"2\" role=\"tab\" tabindex=\"-1\" aria-controls=\"elementor-tab-content-2512\" aria-expanded=\"false\">B\u00f6l\u00fcm Vizyon &amp; Misyon<\/div>\n\t\t\t\t\t<div id=\"elementor-tab-content-2512\" class=\"elementor-tab-content elementor-clearfix\" data-tab=\"2\" role=\"tabpanel\" aria-labelledby=\"elementor-tab-title-2512\" tabindex=\"0\" hidden=\"hidden\"><p><a name=\"_Toc161478960\"><\/a>Misyon<\/p><ul><li>Teknolojide ya\u015fanan de\u011fi\u015fime ve piyasa beklentilerine uygun bir m\u00fcfredatla \u00f6n lisans d\u00fczeyinde nitelikli finans, bankac\u0131l\u0131k ve sigortac\u0131l\u0131k e\u011fitimi vermek.<\/li><li>Payda\u015flarla i\u015f birli\u011fi i\u00e7erisinde topluma hizmet etmek.<\/li><\/ul><p>\u00a0Vizyon<\/p><ul><li>B\u00f6lgemiz, ilimiz ve \u00fclkemiz i\u00e7in banka ve sigorta sekt\u00f6r\u00fcn ihtiya\u00e7 duydu\u011fu kendinden emin, ak\u0131lc\u0131, dinamik, geli\u015fmeleri yak\u0131ndan takip eden, inovasyona a\u00e7\u0131k, grup i\u00e7i ve tekil \u00e7al\u0131\u015fmalara yatk\u0131n, sosyo-k\u00fclt\u00fcrel zenginlikte d\u00fc\u015f\u00fcnce \u00fcretebilen, bireyler yeti\u015ftiren sayg\u0131n bir program olmakt\u0131r.<\/li><\/ul><\/div>\n\t\t\t\t\t\t\t\t\t<div class=\"elementor-tab-title elementor-tab-mobile-title\" aria-selected=\"false\" data-tab=\"3\" role=\"tab\" tabindex=\"-1\" aria-controls=\"elementor-tab-content-2513\" aria-expanded=\"false\">Y\u00f6netim &amp; Akademisyen<\/div>\n\t\t\t\t\t<div id=\"elementor-tab-content-2513\" class=\"elementor-tab-content elementor-clearfix\" data-tab=\"3\" role=\"tabpanel\" aria-labelledby=\"elementor-tab-title-2513\" tabindex=\"0\" hidden=\"hidden\"><p><strong>B\u00f6l\u00fcm Ba\u015fkan\u0131:<br \/><\/strong>Dr. \u00d6\u011fr. \u00dcyesi Nilg\u00fcn KAYA<\/p><p><strong>B\u00f6l\u00fcm Ba\u015fkan Yard\u0131mc\u0131s\u0131:<br \/><\/strong>\u00d6\u011fr. G\u00f6r. Murat KARADA\u015e<\/p><p><strong>Akademisyenler:<\/strong><br \/>\u00d6\u011fr. G\u00f6r. Veysel DE\u011eEN<\/p><\/div>\n\t\t\t\t\t\t\t\t\t<div class=\"elementor-tab-title elementor-tab-mobile-title\" aria-selected=\"false\" data-tab=\"4\" role=\"tab\" tabindex=\"-1\" aria-controls=\"elementor-tab-content-2514\" aria-expanded=\"false\">S\u0131k\u00e7a Sorular Sorular<\/div>\n\t\t\t\t\t<div id=\"elementor-tab-content-2514\" class=\"elementor-tab-content elementor-clearfix\" data-tab=\"4\" role=\"tabpanel\" aria-labelledby=\"elementor-tab-title-2514\" tabindex=\"0\" hidden=\"hidden\"><p><strong>Hangi dersler i\u015flenmektedir?<\/strong><\/p><p><a href=\"https:\/\/obs.atauni.edu.tr\/moduller\/dbp\/eobs\/birimDetay\/1334\/Bilgisayar%20Programc%C4%B1l%C4%B1%C4%9F%C4%B1%20Program%C4%B1%20(1334)?\">Ders Bilgi Paketi<\/a>\u00a0\u00fczerinden derslere ve i\u00e7eriklerine ula\u015fabilirsiniz.<\/p><p><strong>\u00a0<\/strong><\/p><p><strong>Program\u0131n puan t\u00fcr\u00fc nedir?<\/strong><\/p><p>Program\u0131n puan t\u00fcr\u00fc TYT&#8217;dir.<\/p><p><strong>4 y\u0131ll\u0131k programlara ge\u00e7i\u015f imkan\u0131 var m\u0131d\u0131r?<\/strong><\/p><p>Mezunlar\u0131m\u0131z arzu ettikleri takdirde \u00d6SYM taraf\u0131ndan d\u00fczenlenen Dikey ge\u00e7i\u015f s\u0131nav\u0131na kat\u0131larak fak\u00fcltelerin, Akt\u00fcerya, Akt\u00fcerya Bilimleri,\u00a0 Bankac\u0131l\u0131k, Bankac\u0131l\u0131k ve Finansman, Bankac\u0131l\u0131k ve Sigortac\u0131l\u0131k, Ekonometri, Ekonomi, Ekonomi ve Finans, \u0130ktisat, \u0130\u015fletme, \u0130\u015fletme Enformati\u011fi, \u0130\u015fletme-Ekonomi, Lojistik Y\u00f6netimi, Sermaye Piyasas\u0131, Sermaye Piyasas\u0131 Denetim ve Derecelendirme, Sigortac\u0131l\u0131k, Sigortac\u0131l\u0131k ve Risk Y\u00f6netimi, Uluslararas\u0131 Finans, Uluslararas\u0131 Finans ve Bankac\u0131l\u0131k, Uluslararas\u0131 \u0130\u015fletme, Uluslararas\u0131 \u0130\u015fletmecilik ve Ticaret, Uluslararas\u0131 Ticaret, Uluslararas\u0131 Ticaret ve Finansman, Uluslararas\u0131 Ticaret ve Lojistik gibi b\u00f6l\u00fcmlerine ge\u00e7i\u015f yapabilirler.<\/p><\/div>\n\t\t\t\t\t\t\t\t\t<div class=\"elementor-tab-title elementor-tab-mobile-title\" aria-selected=\"false\" data-tab=\"5\" role=\"tab\" tabindex=\"-1\" aria-controls=\"elementor-tab-content-2515\" aria-expanded=\"false\">Staj \u0130\u015flemleri<\/div>\n\t\t\t\t\t<div id=\"elementor-tab-content-2515\" class=\"elementor-tab-content elementor-clearfix\" data-tab=\"5\" role=\"tabpanel\" aria-labelledby=\"elementor-tab-title-2515\" tabindex=\"0\" hidden=\"hidden\"><p><strong>\u00d6\u011frenciler nerelerde staj yapabilirler?<\/strong><\/p><p>1)Kamu ve \u00d6zel (Yerli ve Yabanc\u0131) Bankalar\u0131n Genel M\u00fcd\u00fcrl\u00fckleri veya \u015eubeleri.<\/p><p>2)Bankalar\u0131n \u00e7al\u0131\u015fma esaslar\u0131, denetim ve g\u00f6zetim fonksiyonlar\u0131 gibi konularda hizmet veren devlet kurulu\u015flar\u0131 (TCMB, BDDK, TMSF, TBB, Kat\u0131l\u0131m Bankalar\u0131 Birli\u011fi, Sermaye Piyasas\u0131 Kurulu vb.)<\/p><p>3)Staj komisyonun uygun g\u00f6rd\u00fc\u011f\u00fc b\u00f6l\u00fcmle ilgili Banka D\u0131\u015f\u0131 Finansal Kurumlar (Faktoring \u015eirketleri, Finansal Kiralama \u015eirketleri, Finansman \u015eirketleri, Borsa \u0130stanbul A.\u015e., Alt\u0131n Borsas\u0131, Emtia Borsas\u0131, vb.)<\/p><p>4) Sigorta \u015firketlerinde<\/p><p>5)\u00c7e\u015fitli sekt\u00f6rlerde faaliyet g\u00f6steren \u015firketlerin sigortac\u0131l\u0131k birimi\/sigortac\u0131l\u0131k departman\u0131nda. (\u00d6rne\u011fin; bankalar, ticaret odas\u0131, otomotiv \u015firketleri vb.)<\/p><p>6)Sigorta acentelerinde<\/p><\/div>\n\t\t\t\t\t\t\t\t\t<div class=\"elementor-tab-title elementor-tab-mobile-title\" aria-selected=\"false\" data-tab=\"6\" role=\"tab\" tabindex=\"-1\" aria-controls=\"elementor-tab-content-2516\" aria-expanded=\"false\">Kurul ve Komisyonlar<\/div>\n\t\t\t\t\t<div id=\"elementor-tab-content-2516\" class=\"elementor-tab-content elementor-clearfix\" data-tab=\"6\" role=\"tabpanel\" aria-labelledby=\"elementor-tab-title-2516\" tabindex=\"0\" hidden=\"hidden\"><p><strong>PAS\u0130NLER MESLEK Y\u00dcKSEKOKULU BANKACILIK VE S\u0130GORTACILIK B\u00d6L\u00dcM\u00dc KOM\u0130SYONLARI<\/strong><\/p><p><span style=\"text-decoration: underline\"><strong>STAJ KOM\u0130SYONU<\/strong><\/span><\/p><p>Dr. \u00d6\u011fr. \u00dcyesi Nilg\u00fcn KAYA<\/p><p>\u00d6\u011f. G\u00f6r. Murat KARADA\u015e<\/p><p>\u00d6\u011f. G\u00f6r. Veysel\u00a0 DE\u011eEN<\/p><p><span style=\"text-decoration: underline\"><strong>\u0130NT\u0130BAK KOM\u0130SYONU<\/strong><\/span><\/p><p>Dr. \u00d6\u011fr. \u00dcyesi Nilg\u00fcn KAYA<\/p><p>\u00d6\u011f. G\u00f6r. Murat KARADA\u015e<\/p><p>\u00d6\u011f. G\u00f6r. Veysel\u00a0 DE\u011eEN<\/p><p><span style=\"text-decoration: underline\"><strong>KAL\u0130TE KOM\u0130SYONU<\/strong><\/span><\/p><p>Dr. \u00d6\u011fr. \u00dcyesi Nilg\u00fcn KAYA<\/p><p>\u00d6\u011f. G\u00f6r. Murat KARADA\u015e<\/p><p>\u00d6\u011f. G\u00f6r. Veysel\u00a0 DE\u011eEN<\/p><\/div>\n\t\t\t\t\t\t\t\t\t<div class=\"elementor-tab-title elementor-tab-mobile-title\" aria-selected=\"false\" data-tab=\"7\" role=\"tab\" tabindex=\"-1\" aria-controls=\"elementor-tab-content-2517\" aria-expanded=\"false\">Dilek\u00e7e ve Formlar<\/div>\n\t\t\t\t\t<div id=\"elementor-tab-content-2517\" class=\"elementor-tab-content elementor-clearfix\" data-tab=\"7\" role=\"tabpanel\" aria-labelledby=\"elementor-tab-title-2517\" tabindex=\"0\" hidden=\"hidden\"><ul><li><a href=\"http:\/\/birimler.atauni.edu.tr\/pasinler-meslek-yuksekokulu\/wp-content\/uploads\/sites\/444\/2021\/12\/agno_baraj_dilekcesi.pdf\">AGNO Baraj S\u0131nav\u0131 Ba\u015fvuru Dilek\u00e7esi<\/a><\/li><li><a href=\"http:\/\/birimler.atauni.edu.tr\/pasinler-meslek-yuksekokulu\/wp-content\/uploads\/sites\/444\/2021\/12\/azami_sure_sinav_formu.doc\">Azami S\u00fcre S\u0131nav Formu<\/a><\/li><li><a href=\"http:\/\/birimler.atauni.edu.tr\/pasinler-meslek-yuksekokulu\/wp-content\/uploads\/sites\/444\/2020\/07\/ders_eslestirme_formu.docx\">Ders E\u015fle\u015ftirme Formu<\/a><\/li><li><a href=\"http:\/\/birimler.atauni.edu.tr\/pasinler-meslek-yuksekokulu\/wp-content\/uploads\/sites\/444\/2020\/07\/dersmuafiyetdilekcesi.docx\">Ders Muafiyet Dilek\u00e7esi<\/a><\/li><li><a href=\"http:\/\/birimler.atauni.edu.tr\/pasinler-meslek-yuksekokulu\/wp-content\/uploads\/sites\/444\/2020\/07\/farkliokuldandersdilekcesi.docx\">Farkl\u0131 Okuldan Ders E\u015fle\u015ftirme Dilek\u00e7esi<\/a><\/li><li><a href=\"http:\/\/birimler.atauni.edu.tr\/pasinler-meslek-yuksekokulu\/wp-content\/uploads\/sites\/444\/2020\/07\/kayitdondurmadilekcesi.pdf\">Kay\u0131t Dondurma Dilek\u00e7esi<\/a><\/li><li><a href=\"http:\/\/birimler.atauni.edu.tr\/pasinler-meslek-yuksekokulu\/wp-content\/uploads\/sites\/444\/2020\/07\/mazeretsinavdilekcesi.pdf\">Mazeret S\u0131nav Dilek\u00e7esi<\/a><\/li><li><a href=\"http:\/\/birimler.atauni.edu.tr\/pasinler-meslek-yuksekokulu\/wp-content\/uploads\/sites\/444\/2020\/07\/stajmuafiyetdilekcesi.docx\">Staj Muafiyet Dilek\u00e7esi<\/a><\/li><li><a href=\"http:\/\/birimler.atauni.edu.tr\/pasinler-meslek-yuksekokulu\/wp-content\/uploads\/sites\/444\/2020\/07\/tekderssinavdilekcesi.pdf\">Tek Ders S\u0131nav Dilek\u00e7esi<\/a><\/li><li><a href=\"https:\/\/birimler.atauni.edu.tr\/pasinler-meslek-yuksekokulu\/yu%cc%88z-yu%cc%88ze-staj-di%cc%87lekc%cc%a7esi%cc%87\/\">Y\u00fcz Y\u00fcze Staj Dilek\u00e7esi<\/a><\/li><\/ul><p><strong>\u2014 D\u0130\u011eER YARDIMCI L\u0130NKLER \u2014<\/strong><\/p><ul><li>Ders Bilgi Paketi (Ders \u0130\u00e7erikleri) i\u00e7in\u00a0<a href=\"https:\/\/obs.atauni.edu.tr\/moduller\/dbp\/eobs\/birimDetay\/1334\/Bilgisayar%20Programc%C4%B1l%C4%B1%C4%9F%C4%B1%20Program%C4%B1%20(1334)?\" target=\"_blank\" rel=\"noopener\">t\u0131klay\u0131n\u0131z.<\/a><\/li><li>\u00d6\u011frenci \u0130\u015fleri Dekanl\u0131\u011f\u0131 i\u00e7in\u00a0<a href=\"https:\/\/birimler.atauni.edu.tr\/ogrenci-dekanligi\/\" target=\"_blank\" rel=\"noopener\">t\u0131klay\u0131n\u0131z.<\/a><\/li><li>De\u011fi\u015fim Programlar\u0131 (Erasmus, Farabi, Mevlana) i\u00e7in\u00a0<a href=\"https:\/\/oia.atauni.edu.tr\/\" target=\"_blank\" rel=\"noopener\">t\u0131klay\u0131n\u0131z.<\/a><\/li><li>Yatay ge\u00e7i\u015f i\u015flemleri hakk\u0131nda bilgi almak i\u00e7in\u00a0<a href=\"https:\/\/birimler.atauni.edu.tr\/ogrenci-isleri-daire-baskanligi\/yatay-gecis\/\" target=\"_blank\" rel=\"noopener\">t\u0131klay\u0131n\u0131z.<\/a><\/li><li>Yaz Okulu hakk\u0131nda bilgi almak i\u00e7in\u00a0<a href=\"https:\/\/birimler.atauni.edu.tr\/ogrenci-isleri-daire-baskanligi\/yaz-okulu\/\" target=\"_blank\" rel=\"noopener\">t\u0131klay\u0131n\u0131z.<\/a><\/li><\/ul><\/div>\n\t\t\t\t\t\t\t\t\t<div class=\"elementor-tab-title elementor-tab-mobile-title\" aria-selected=\"false\" data-tab=\"8\" role=\"tab\" tabindex=\"-1\" aria-controls=\"elementor-tab-content-2518\" aria-expanded=\"false\">Ders Program\u0131<\/div>\n\t\t\t\t\t<div id=\"elementor-tab-content-2518\" class=\"elementor-tab-content elementor-clearfix\" data-tab=\"8\" role=\"tabpanel\" aria-labelledby=\"elementor-tab-title-2518\" tabindex=\"0\" hidden=\"hidden\"><p>G\u00fcncel Ders program\u0131 i\u00e7in <a href=\"https:\/\/birimler.atauni.edu.tr\/pasinler-meslek-yuksekokulu\/lisans-ders-listesi\/\">t\u0131klay\u0131n\u0131z.<\/a><\/p><\/div>\n\t\t\t\t\t\t\t<\/div>\n\t\t<\/div>\n\t\t\t\t\t\t<\/div>\n\t\t\t\t<\/div>\n\t\t\t\t\t<\/div>\n\t\t<\/div>\n\t\t\t\t\t<\/div>\n\t\t<\/section>\n\t\t\t\t<\/div>\n\t\t","protected":false},"excerpt":{"rendered":"<p>B\u00f6l\u00fcm Tarih\u00e7e ve Tan\u0131t\u0131m B\u00f6l\u00fcm Vizyon &amp; Misyon Y\u00f6netim &amp; Akademisyen S\u0131k\u00e7a Sorular Sorular Staj \u0130\u015flemleri Kurul ve Komisyonlar Dilek\u00e7e ve Formlar Ders Program\u0131 B\u00f6l\u00fcm Tarih\u00e7e ve Tan\u0131t\u0131m Pasinler Meslek Y\u00fcksekokulu Bankac\u0131l\u0131k ve Sigortac\u0131l\u0131k Program\u0131nda, bug\u00fcn\u00fcn rekabet\u00e7i piyasa ko\u015fullar\u0131nda, sekt\u00f6r\u00fcn gerektirdi\u011fi g\u00fcncel bilgilerle donat\u0131lm\u0131\u015f, h\u0131zl\u0131 ve do\u011fru bir \u015fekilde analitik kararlar alabilen, bilgi d\u00fczeyi y\u00fcksek, [&hellip;]<\/p>\n","protected":false},"author":410,"featured_media":0,"parent":0,"menu_order":0,"comment_status":"closed","ping_status":"closed","template":"","meta":{"footnotes":""},"class_list":["post-6637","page","type-page","status-publish","hentry"],"_links":{"self":[{"href":"https:\/\/atauni.edu.tr\/pasinler-meslek-yuksekokulu\/wp-json\/wp\/v2\/pages\/6637","targetHints":{"allow":["GET"]}}],"collection":[{"href":"https:\/\/atauni.edu.tr\/pasinler-meslek-yuksekokulu\/wp-json\/wp\/v2\/pages"}],"about":[{"href":"https:\/\/atauni.edu.tr\/pasinler-meslek-yuksekokulu\/wp-json\/wp\/v2\/types\/page"}],"author":[{"embeddable":true,"href":"https:\/\/atauni.edu.tr\/pasinler-meslek-yuksekokulu\/wp-json\/wp\/v2\/users\/410"}],"replies":[{"embeddable":true,"href":"https:\/\/atauni.edu.tr\/pasinler-meslek-yuksekokulu\/wp-json\/wp\/v2\/comments?post=6637"}],"version-history":[{"count":37,"href":"https:\/\/atauni.edu.tr\/pasinler-meslek-yuksekokulu\/wp-json\/wp\/v2\/pages\/6637\/revisions"}],"predecessor-version":[{"id":8554,"href":"https:\/\/atauni.edu.tr\/pasinler-meslek-yuksekokulu\/wp-json\/wp\/v2\/pages\/6637\/revisions\/8554"}],"wp:attachment":[{"href":"https:\/\/atauni.edu.tr\/pasinler-meslek-yuksekokulu\/wp-json\/wp\/v2\/media?parent=6637"}],"curies":[{"name":"wp","href":"https:\/\/api.w.org\/{rel}","templated":true}]}}