{"id":6643,"date":"2022-02-17T11:11:47","date_gmt":"2022-02-17T08:11:47","guid":{"rendered":"https:\/\/birimler.atauni.edu.tr\/pasinler-meslek-yuksekokulu\/?page_id=6643"},"modified":"2026-02-03T15:42:18","modified_gmt":"2026-02-03T12:42:18","slug":"bilgisayar-programciligi","status":"publish","type":"page","link":"https:\/\/atauni.edu.tr\/pasinler-meslek-yuksekokulu\/bilgisayar-programciligi\/","title":{"rendered":"Bilgisayar Programc\u0131l\u0131\u011f\u0131 Program\u0131"},"content":{"rendered":"\t\t<div data-elementor-type=\"wp-page\" data-elementor-id=\"6643\" class=\"elementor elementor-6643\" data-elementor-post-type=\"page\">\n\t\t\t\t\t\t<section class=\"elementor-section elementor-top-section elementor-element elementor-element-ac56a3e elementor-section-boxed elementor-section-height-default elementor-section-height-default\" data-id=\"ac56a3e\" data-element_type=\"section\">\n\t\t\t\t\t\t<div class=\"elementor-container elementor-column-gap-default\">\n\t\t\t\t\t<div class=\"elementor-column elementor-col-100 elementor-top-column elementor-element elementor-element-0fa4816\" data-id=\"0fa4816\" data-element_type=\"column\">\n\t\t\t<div class=\"elementor-widget-wrap elementor-element-populated\">\n\t\t\t\t\t\t<div class=\"elementor-element elementor-element-f19d627 elementor-widget elementor-widget-heading\" data-id=\"f19d627\" data-element_type=\"widget\" data-widget_type=\"heading.default\">\n\t\t\t\t<div class=\"elementor-widget-container\">\n\t\t\t\t\t<h2 class=\"elementor-heading-title elementor-size-default\">Bilgisayar Programc\u0131l\u0131\u011f\u0131 Program\u0131<\/h2>\t\t\t\t<\/div>\n\t\t\t\t<\/div>\n\t\t\t\t\t<\/div>\n\t\t<\/div>\n\t\t\t\t\t<\/div>\n\t\t<\/section>\n\t\t\t\t<section class=\"elementor-section elementor-top-section elementor-element elementor-element-7d5602c elementor-section-boxed elementor-section-height-default elementor-section-height-default\" data-id=\"7d5602c\" data-element_type=\"section\">\n\t\t\t\t\t\t<div class=\"elementor-container elementor-column-gap-default\">\n\t\t\t\t\t<div class=\"elementor-column elementor-col-100 elementor-top-column elementor-element elementor-element-a5b21cc\" data-id=\"a5b21cc\" data-element_type=\"column\">\n\t\t\t<div class=\"elementor-widget-wrap elementor-element-populated\">\n\t\t\t\t\t\t<div class=\"elementor-element elementor-element-ba3ae5c elementor-tabs-view-horizontal elementor-widget elementor-widget-tabs\" data-id=\"ba3ae5c\" data-element_type=\"widget\" data-widget_type=\"tabs.default\">\n\t\t\t\t<div class=\"elementor-widget-container\">\n\t\t\t\t\t\t\t<div class=\"elementor-tabs\">\n\t\t\t<div class=\"elementor-tabs-wrapper\" role=\"tablist\" >\n\t\t\t\t\t\t\t\t\t<div id=\"elementor-tab-title-1951\" class=\"elementor-tab-title elementor-tab-desktop-title\" aria-selected=\"true\" data-tab=\"1\" role=\"tab\" tabindex=\"0\" aria-controls=\"elementor-tab-content-1951\" aria-expanded=\"false\">B\u00f6l\u00fcm Tarih\u00e7e ve Tan\u0131t\u0131m\u0131<\/div>\n\t\t\t\t\t\t\t\t\t<div id=\"elementor-tab-title-1952\" class=\"elementor-tab-title elementor-tab-desktop-title\" aria-selected=\"false\" data-tab=\"2\" role=\"tab\" tabindex=\"-1\" aria-controls=\"elementor-tab-content-1952\" aria-expanded=\"false\">B\u00f6l\u00fcm Vizyon &amp; Misyon<\/div>\n\t\t\t\t\t\t\t\t\t<div id=\"elementor-tab-title-1953\" class=\"elementor-tab-title elementor-tab-desktop-title\" aria-selected=\"false\" data-tab=\"3\" role=\"tab\" tabindex=\"-1\" aria-controls=\"elementor-tab-content-1953\" aria-expanded=\"false\">Y\u00f6netim  &amp; Akademisyenler<\/div>\n\t\t\t\t\t\t\t\t\t<div id=\"elementor-tab-title-1954\" class=\"elementor-tab-title elementor-tab-desktop-title\" aria-selected=\"false\" data-tab=\"4\" role=\"tab\" tabindex=\"-1\" aria-controls=\"elementor-tab-content-1954\" aria-expanded=\"false\">S\u0131k\u00e7a Sorulan Sorular<\/div>\n\t\t\t\t\t\t\t\t\t<div id=\"elementor-tab-title-1955\" class=\"elementor-tab-title elementor-tab-desktop-title\" aria-selected=\"false\" data-tab=\"5\" role=\"tab\" tabindex=\"-1\" aria-controls=\"elementor-tab-content-1955\" aria-expanded=\"false\">Staj \u0130\u015flemleri<\/div>\n\t\t\t\t\t\t\t\t\t<div id=\"elementor-tab-title-1956\" class=\"elementor-tab-title elementor-tab-desktop-title\" aria-selected=\"false\" data-tab=\"6\" role=\"tab\" tabindex=\"-1\" aria-controls=\"elementor-tab-content-1956\" aria-expanded=\"false\">Dilek\u00e7e ve Formlar<\/div>\n\t\t\t\t\t\t\t\t\t<div id=\"elementor-tab-title-1957\" class=\"elementor-tab-title elementor-tab-desktop-title\" aria-selected=\"false\" data-tab=\"7\" role=\"tab\" tabindex=\"-1\" aria-controls=\"elementor-tab-content-1957\" aria-expanded=\"false\">Ders Program\u0131<\/div>\n\t\t\t\t\t\t\t<\/div>\n\t\t\t<div class=\"elementor-tabs-content-wrapper\" role=\"tablist\" aria-orientation=\"vertical\">\n\t\t\t\t\t\t\t\t\t<div class=\"elementor-tab-title elementor-tab-mobile-title\" aria-selected=\"true\" data-tab=\"1\" role=\"tab\" tabindex=\"0\" aria-controls=\"elementor-tab-content-1951\" aria-expanded=\"false\">B\u00f6l\u00fcm Tarih\u00e7e ve Tan\u0131t\u0131m\u0131<\/div>\n\t\t\t\t\t<div id=\"elementor-tab-content-1951\" class=\"elementor-tab-content elementor-clearfix\" data-tab=\"1\" role=\"tabpanel\" aria-labelledby=\"elementor-tab-title-1951\" tabindex=\"0\" hidden=\"false\"><p>Bilgisayar Programc\u0131l\u0131\u011f\u0131 Program\u0131n\u0131n amac\u0131, i\u015f hayat\u0131n\u0131n, toplumsal ya\u015fam\u0131n ve sanayinin bilgi toplama ve bu bilgileri i\u015fleme ile ilgili konular\u0131ndaki<br \/>problemlerinin bilgisayarda \u00e7\u00f6z\u00fcmlenmesi alanlar\u0131nda \u00e7al\u0131\u015facak ara insan g\u00fcc\u00fcn\u00fc yeti\u015ftirmektir. Bu amaca y\u00f6nelik olarak bilgi ile donanm\u0131\u015f, analitik d\u00fc\u015f\u00fcnce yetene\u011fi geli\u015fmi\u015f, \u00e7\u00f6z\u00fcm odakl\u0131 yakla\u015f\u0131m\u0131 benimsemi\u015f olan Pasinler MYO Bilgisayar Teknolojileri B\u00f6l\u00fcm\u00fc Bilgisayar Programc\u0131l\u0131\u011f\u0131 Program\u0131 mezunlar\u0131n\u0131n \u00e7al\u0131\u015ft\u0131klar\u0131 yerlerin \u00e7o\u011funlu\u011funu \u00f6zel sekt\u00f6r ve kamu \u015firketlerinin bilgi i\u015flem merkezleri olu\u015fturmaktad\u0131r.\u00a0<\/p><p>Yaz\u0131l\u0131m uygulamas\u0131 geli\u015ftiren \u015firketler, web tasar\u0131m\u0131 ve servis sa\u011flay\u0131c\u0131 \u015firketleri, bankalar, sigorta \u015firketleri, hastanelerin ve b\u00fcy\u00fck marketlerin yaz\u0131l\u0131m, donan\u0131m, sistem ve uygulama geli\u015ftirme departmanlar\u0131, istihdam alanlar\u0131 aras\u0131nda \u00f6ne \u00e7\u0131kmaktad\u0131r. Yaz\u0131l\u0131m \u015firketleri haricinde, bilgisayar teknik destek \u015firketleri, a\u011f ve sistem destek hizmetleri veren \u015firketler \u00f6\u011frencilerimiz i\u00e7in \u00f6nemli i\u015f alanlar\u0131d\u0131r. Ayr\u0131ca \u00f6\u011frenciler \u00f6\u011frencilik hayatlar\u0131 devam\u0131nda \u00f6zellikle web uygulamalar\u0131, sistem ve donan\u0131m destek gibi i\u015flerde bazen kendi \u015firketlerini kurarak, bazen ise k\u0131smi zamanl\u0131 olarak \u00e7al\u0131\u015fmaktad\u0131rlar.<\/p><\/div>\n\t\t\t\t\t\t\t\t\t<div class=\"elementor-tab-title elementor-tab-mobile-title\" aria-selected=\"false\" data-tab=\"2\" role=\"tab\" tabindex=\"-1\" aria-controls=\"elementor-tab-content-1952\" aria-expanded=\"false\">B\u00f6l\u00fcm Vizyon &amp; Misyon<\/div>\n\t\t\t\t\t<div id=\"elementor-tab-content-1952\" class=\"elementor-tab-content elementor-clearfix\" data-tab=\"2\" role=\"tabpanel\" aria-labelledby=\"elementor-tab-title-1952\" tabindex=\"0\" hidden=\"hidden\"><div><h3>Misyon<\/h3><ul><li>Teknolojide ya\u015fanan de\u011fi\u015fim ve piyasa beklentilerine uygun bir m\u00fcfredatla \u00f6n lisans d\u00fczeyinde nitelikli bilgisayar programc\u0131l\u0131\u011f\u0131 e\u011fitimi vermek.<\/li><li>Payda\u015flarla i\u015f birli\u011fi i\u00e7erisinde topluma hizmet etmek.<\/li><\/ul><h3>Vizyon<\/h3><ul><li>\u00d6\u011frencisi, personeli ve mezunu olmaktan gurur duyulan, de\u011fi\u015fime ve geli\u015fime liderlik eden bir program olmak.<\/li><\/ul><\/div><\/div>\n\t\t\t\t\t\t\t\t\t<div class=\"elementor-tab-title elementor-tab-mobile-title\" aria-selected=\"false\" data-tab=\"3\" role=\"tab\" tabindex=\"-1\" aria-controls=\"elementor-tab-content-1953\" aria-expanded=\"false\">Y\u00f6netim  &amp; Akademisyenler<\/div>\n\t\t\t\t\t<div id=\"elementor-tab-content-1953\" class=\"elementor-tab-content elementor-clearfix\" data-tab=\"3\" role=\"tabpanel\" aria-labelledby=\"elementor-tab-title-1953\" tabindex=\"0\" hidden=\"hidden\"><p><strong>B\u00f6l\u00fcm Ba\u015fkan V.: <br \/><\/strong>\u00d6\u011fr. G\u00f6r. Daha ORHAN<\/p><p><strong>Akademisyenler:<\/strong><br \/>\u00d6\u011fr. G\u00f6r. Daha ORHAN<br \/>\u00d6\u011fr. G\u00f6r. Ebubekir KABA<br \/>\u00d6\u011fr. G\u00f6r. S\u00fcha G\u00d6KALP<\/p><\/div>\n\t\t\t\t\t\t\t\t\t<div class=\"elementor-tab-title elementor-tab-mobile-title\" aria-selected=\"false\" data-tab=\"4\" role=\"tab\" tabindex=\"-1\" aria-controls=\"elementor-tab-content-1954\" aria-expanded=\"false\">S\u0131k\u00e7a Sorulan Sorular<\/div>\n\t\t\t\t\t<div id=\"elementor-tab-content-1954\" class=\"elementor-tab-content elementor-clearfix\" data-tab=\"4\" role=\"tabpanel\" aria-labelledby=\"elementor-tab-title-1954\" tabindex=\"0\" hidden=\"hidden\"><ul><li><strong>B\u00f6l\u00fcm\u00fcn bilgisayar laboratuvar imkan\u0131 var m\u0131d\u0131r?<\/strong><\/li><\/ul><p>Evet. B\u00f6l\u00fcmde 2 adet laboratuvar dersli\u011fi bulunmaktad\u0131r. Uygulamalar\u0131 dersler bu laboratuvarlarda i\u015flenmektedir.<\/p><ul><li><strong>Hangi dersler i\u015flenmektedir?<\/strong><\/li><\/ul><p><a href=\"https:\/\/obs.atauni.edu.tr\/moduller\/dbp\/eobs\/birimDetay\/1334\/Bilgisayar%20Programc%C4%B1l%C4%B1%C4%9F%C4%B1%20Program%C4%B1%20(1334)?\">Ders Bilgi Paketi<\/a> \u00fczerinden derslere ve i\u00e7eriklerine ula\u015fabilirsiniz.<\/p><ul><li><strong>4 y\u0131ll\u0131k programlara ge\u00e7i\u015f imkan\u0131 var m\u0131d\u0131r?<\/strong><\/li><\/ul><p>Evet. Mezunlar\u0131m\u0131z \u00d6SYM taraf\u0131ndan d\u00fczenlenen Dikey Ge\u00e7i\u015f S\u0131nav\u0131\u2019na kat\u0131larak fak\u00fcltelerin, Bilgisayar M\u00fchendisli\u011fi, Bilgisayar ve \u00d6\u011fretim Teknolojileri E\u011fitimi, Bilgi Teknolojileri, Bilgisayar Bilimleri, Bilgisayar-Enformatik, Fizik, \u0130statistik, Matematik-Bilgisayar gibi b\u00f6l\u00fcmlerine ge\u00e7i\u015f yapabilirler.<\/p><\/div>\n\t\t\t\t\t\t\t\t\t<div class=\"elementor-tab-title elementor-tab-mobile-title\" aria-selected=\"false\" data-tab=\"5\" role=\"tab\" tabindex=\"-1\" aria-controls=\"elementor-tab-content-1955\" aria-expanded=\"false\">Staj \u0130\u015flemleri<\/div>\n\t\t\t\t\t<div id=\"elementor-tab-content-1955\" class=\"elementor-tab-content elementor-clearfix\" data-tab=\"5\" role=\"tabpanel\" aria-labelledby=\"elementor-tab-title-1955\" tabindex=\"0\" hidden=\"hidden\"><p>Zorunlu Staj yapacak \u00f6\u011frencilerimiz Pasinler MYO Staj sayfas\u0131nda ilgili y\u00f6nerge ve yol haritas\u0131 payla\u015f\u0131lm\u0131\u015ft\u0131r. Y\u00f6nerge ve yol haritas\u0131 hakk\u0131nda bilgi i\u00e7in <a href=\"https:\/\/birimler.atauni.edu.tr\/pasinler-meslek-yuksekokulu\/staj\/\">t\u0131klay\u0131n\u0131z.<\/a><\/p><p>\u00d6\u011frenciler, bilgisayar donan\u0131m\u0131, yaz\u0131l\u0131m\u0131 ve tasar\u0131m programlar\u0131na ili\u015fkin pratik deneyim kazanabilecekleri bir\u00e7ok farkl\u0131 yerde staj yapma f\u0131rsat\u0131na sahiptir. Bilgisayar donan\u0131m\u0131 konusunda tecr\u00fcbe edinmek isteyen \u00f6\u011frenciler, donan\u0131m \u00fcreticisi \u015firketlerde veya bilgisayar tamiri ve montaj\u0131 konusunda uzmanla\u015fm\u0131\u015f at\u00f6lyelerde staj yapabilirler. Yaz\u0131l\u0131m geli\u015ftirme alan\u0131nda deneyim kazanmak isteyen \u00f6\u011frenciler, yaz\u0131l\u0131m \u015firketleri, teknoloji firmalar\u0131 veya yaz\u0131l\u0131m departmanlar\u0131na sahip b\u00fcy\u00fck \u015firketlerde staj imkanlar\u0131 bulabilirler. Ayr\u0131ca, \u00fcniversitelerin ara\u015ft\u0131rma laboratuvarlar\u0131 veya yaz\u0131l\u0131m geli\u015ftirme odakl\u0131 start-up \u015firketleri gibi yerlerde de staj yaparak ger\u00e7ek d\u00fcnya deneyimi elde etmek m\u00fcmk\u00fcnd\u00fcr. Bu stajlar, \u00f6\u011frencilerin teorik bilgilerini uygulamaya d\u00f6kme, yeni beceriler edinme ve sekt\u00f6rdeki g\u00fcncel geli\u015fmeleri takip etme f\u0131rsat\u0131 sunar.&#8221;<\/p><p><strong>Bilgisayar Programc\u0131l\u0131\u011f\u0131 B\u00f6l\u00fcm\u00fc Staj Komisyon Ba\u015fkan\u0131:<\/strong> Dr. \u00d6\u011fr. \u00dcyesi Zinnur \u00c7EL\u0130K<\/p><\/div>\n\t\t\t\t\t\t\t\t\t<div class=\"elementor-tab-title elementor-tab-mobile-title\" aria-selected=\"false\" data-tab=\"6\" role=\"tab\" tabindex=\"-1\" aria-controls=\"elementor-tab-content-1956\" aria-expanded=\"false\">Dilek\u00e7e ve Formlar<\/div>\n\t\t\t\t\t<div id=\"elementor-tab-content-1956\" class=\"elementor-tab-content elementor-clearfix\" data-tab=\"6\" role=\"tabpanel\" aria-labelledby=\"elementor-tab-title-1956\" tabindex=\"0\" hidden=\"hidden\"><ul><li><a href=\"http:\/\/birimler.atauni.edu.tr\/pasinler-meslek-yuksekokulu\/wp-content\/uploads\/sites\/444\/2021\/12\/agno_baraj_dilekcesi.pdf\">AGNO Baraj S\u0131nav\u0131 Ba\u015fvuru Dilek\u00e7esi<\/a><\/li><li><a href=\"http:\/\/birimler.atauni.edu.tr\/pasinler-meslek-yuksekokulu\/wp-content\/uploads\/sites\/444\/2021\/12\/azami_sure_sinav_formu.doc\">Azami S\u00fcre S\u0131nav Formu<\/a><\/li><li><a href=\"http:\/\/birimler.atauni.edu.tr\/pasinler-meslek-yuksekokulu\/wp-content\/uploads\/sites\/444\/2020\/07\/ders_eslestirme_formu.docx\">Ders E\u015fle\u015ftirme Formu<\/a><\/li><li><a href=\"http:\/\/birimler.atauni.edu.tr\/pasinler-meslek-yuksekokulu\/wp-content\/uploads\/sites\/444\/2020\/07\/dersmuafiyetdilekcesi.docx\">Ders Muafiyet Dilek\u00e7esi<\/a><\/li><li><a href=\"http:\/\/birimler.atauni.edu.tr\/pasinler-meslek-yuksekokulu\/wp-content\/uploads\/sites\/444\/2020\/07\/farkliokuldandersdilekcesi.docx\">Farkl\u0131 Okuldan Ders E\u015fle\u015ftirme Dilek\u00e7esi<\/a><\/li><li><a href=\"http:\/\/birimler.atauni.edu.tr\/pasinler-meslek-yuksekokulu\/wp-content\/uploads\/sites\/444\/2020\/07\/kayitdondurmadilekcesi.pdf\">Kay\u0131t Dondurma Dilek\u00e7esi<\/a><\/li><li><a href=\"http:\/\/birimler.atauni.edu.tr\/pasinler-meslek-yuksekokulu\/wp-content\/uploads\/sites\/444\/2020\/07\/mazeretsinavdilekcesi.pdf\">Mazeret S\u0131nav Dilek\u00e7esi<\/a><\/li><li><a href=\"http:\/\/birimler.atauni.edu.tr\/pasinler-meslek-yuksekokulu\/wp-content\/uploads\/sites\/444\/2020\/07\/stajmuafiyetdilekcesi.docx\">Staj Muafiyet Dilek\u00e7esi<\/a><\/li><li><a href=\"http:\/\/birimler.atauni.edu.tr\/pasinler-meslek-yuksekokulu\/wp-content\/uploads\/sites\/444\/2020\/07\/tekderssinavdilekcesi.pdf\">Tek Ders S\u0131nav Dilek\u00e7esi<\/a><\/li><li><a href=\"https:\/\/birimler.atauni.edu.tr\/pasinler-meslek-yuksekokulu\/yu%cc%88z-yu%cc%88ze-staj-di%cc%87lekc%cc%a7esi%cc%87\/\">Y\u00fcz Y\u00fcze Staj Dilek\u00e7esi<\/a><\/li><\/ul><p><strong>&#8212; D\u0130\u011eER YARDIMCI L\u0130NKLER &#8212;<\/strong><\/p><ul><li>Ders Bilgi Paketi (Ders \u0130\u00e7erikleri) i\u00e7in <a href=\"https:\/\/obs.atauni.edu.tr\/moduller\/dbp\/eobs\/birimDetay\/1334\/Bilgisayar%20Programc%C4%B1l%C4%B1%C4%9F%C4%B1%20Program%C4%B1%20(1334)?\" target=\"_blank\" rel=\"noopener\">t\u0131klay\u0131n\u0131z.<\/a><\/li><li>\u00d6\u011frenci \u0130\u015fleri Dekanl\u0131\u011f\u0131 i\u00e7in <a href=\"https:\/\/birimler.atauni.edu.tr\/ogrenci-dekanligi\/\" target=\"_blank\" rel=\"noopener\">t\u0131klay\u0131n\u0131z.<\/a><\/li><li>De\u011fi\u015fim Programlar\u0131 (Erasmus, Farabi, Mevlana) i\u00e7in <a href=\"https:\/\/oia.atauni.edu.tr\/\" target=\"_blank\" rel=\"noopener\">t\u0131klay\u0131n\u0131z.<\/a><\/li><li>Yatay ge\u00e7i\u015f i\u015flemleri hakk\u0131nda bilgi almak i\u00e7in <a href=\"https:\/\/birimler.atauni.edu.tr\/ogrenci-isleri-daire-baskanligi\/yatay-gecis\/\" target=\"_blank\" rel=\"noopener\">t\u0131klay\u0131n\u0131z.<\/a><\/li><li>Yaz Okulu hakk\u0131nda bilgi almak i\u00e7in <a href=\"https:\/\/birimler.atauni.edu.tr\/ogrenci-isleri-daire-baskanligi\/yaz-okulu\/\" target=\"_blank\" rel=\"noopener\">t\u0131klay\u0131n\u0131z.<\/a><\/li><\/ul><\/div>\n\t\t\t\t\t\t\t\t\t<div class=\"elementor-tab-title elementor-tab-mobile-title\" aria-selected=\"false\" data-tab=\"7\" role=\"tab\" tabindex=\"-1\" aria-controls=\"elementor-tab-content-1957\" aria-expanded=\"false\">Ders Program\u0131<\/div>\n\t\t\t\t\t<div id=\"elementor-tab-content-1957\" class=\"elementor-tab-content elementor-clearfix\" data-tab=\"7\" role=\"tabpanel\" aria-labelledby=\"elementor-tab-title-1957\" tabindex=\"0\" hidden=\"hidden\"><p>G\u00fcncel Ders program\u0131 i\u00e7in <a href=\"https:\/\/birimler.atauni.edu.tr\/pasinler-meslek-yuksekokulu\/lisans-ders-listesi\/\">t\u0131klay\u0131n\u0131z.<\/a><\/p><\/div>\n\t\t\t\t\t\t\t<\/div>\n\t\t<\/div>\n\t\t\t\t\t\t<\/div>\n\t\t\t\t<\/div>\n\t\t\t\t\t<\/div>\n\t\t<\/div>\n\t\t\t\t\t<\/div>\n\t\t<\/section>\n\t\t\t\t<\/div>\n\t\t","protected":false},"excerpt":{"rendered":"<p>Bilgisayar Programc\u0131l\u0131\u011f\u0131 Program\u0131 B\u00f6l\u00fcm Tarih\u00e7e ve Tan\u0131t\u0131m\u0131 B\u00f6l\u00fcm Vizyon &amp; Misyon Y\u00f6netim &amp; Akademisyenler S\u0131k\u00e7a Sorulan Sorular Staj \u0130\u015flemleri Dilek\u00e7e ve Formlar Ders Program\u0131 B\u00f6l\u00fcm Tarih\u00e7e ve Tan\u0131t\u0131m\u0131 Bilgisayar Programc\u0131l\u0131\u011f\u0131 Program\u0131n\u0131n amac\u0131, i\u015f hayat\u0131n\u0131n, toplumsal ya\u015fam\u0131n ve sanayinin bilgi toplama ve bu bilgileri i\u015fleme ile ilgili konular\u0131ndakiproblemlerinin bilgisayarda \u00e7\u00f6z\u00fcmlenmesi alanlar\u0131nda \u00e7al\u0131\u015facak ara insan g\u00fcc\u00fcn\u00fc yeti\u015ftirmektir. [&hellip;]<\/p>\n","protected":false},"author":410,"featured_media":0,"parent":0,"menu_order":0,"comment_status":"closed","ping_status":"closed","template":"","meta":{"footnotes":""},"class_list":["post-6643","page","type-page","status-publish","hentry"],"_links":{"self":[{"href":"https:\/\/atauni.edu.tr\/pasinler-meslek-yuksekokulu\/wp-json\/wp\/v2\/pages\/6643","targetHints":{"allow":["GET"]}}],"collection":[{"href":"https:\/\/atauni.edu.tr\/pasinler-meslek-yuksekokulu\/wp-json\/wp\/v2\/pages"}],"about":[{"href":"https:\/\/atauni.edu.tr\/pasinler-meslek-yuksekokulu\/wp-json\/wp\/v2\/types\/page"}],"author":[{"embeddable":true,"href":"https:\/\/atauni.edu.tr\/pasinler-meslek-yuksekokulu\/wp-json\/wp\/v2\/users\/410"}],"replies":[{"embeddable":true,"href":"https:\/\/atauni.edu.tr\/pasinler-meslek-yuksekokulu\/wp-json\/wp\/v2\/comments?post=6643"}],"version-history":[{"count":126,"href":"https:\/\/atauni.edu.tr\/pasinler-meslek-yuksekokulu\/wp-json\/wp\/v2\/pages\/6643\/revisions"}],"predecessor-version":[{"id":8567,"href":"https:\/\/atauni.edu.tr\/pasinler-meslek-yuksekokulu\/wp-json\/wp\/v2\/pages\/6643\/revisions\/8567"}],"wp:attachment":[{"href":"https:\/\/atauni.edu.tr\/pasinler-meslek-yuksekokulu\/wp-json\/wp\/v2\/media?parent=6643"}],"curies":[{"name":"wp","href":"https:\/\/api.w.org\/{rel}","templated":true}]}}