{"id":6664,"date":"2022-03-01T12:53:47","date_gmt":"2022-03-01T09:53:47","guid":{"rendered":"https:\/\/birimler.atauni.edu.tr\/pasinler-meslek-yuksekokulu\/?page_id=6664"},"modified":"2026-02-03T15:33:33","modified_gmt":"2026-02-03T12:33:33","slug":"insaat-teknolojisi","status":"publish","type":"page","link":"https:\/\/atauni.edu.tr\/pasinler-meslek-yuksekokulu\/insaat-teknolojisi\/","title":{"rendered":"\u0130n\u015faat Teknolojisi Program\u0131"},"content":{"rendered":"\t\t<div data-elementor-type=\"wp-page\" data-elementor-id=\"6664\" class=\"elementor elementor-6664\" data-elementor-post-type=\"page\">\n\t\t\t\t\t\t<section class=\"elementor-section elementor-top-section elementor-element elementor-element-2bc4177 elementor-section-boxed elementor-section-height-default elementor-section-height-default\" data-id=\"2bc4177\" data-element_type=\"section\">\n\t\t\t\t\t\t<div class=\"elementor-container elementor-column-gap-default\">\n\t\t\t\t\t<div class=\"elementor-column elementor-col-100 elementor-top-column elementor-element elementor-element-a220dbc\" data-id=\"a220dbc\" data-element_type=\"column\">\n\t\t\t<div class=\"elementor-widget-wrap elementor-element-populated\">\n\t\t\t\t\t\t<div class=\"elementor-element elementor-element-6c45970 elementor-tabs-view-horizontal elementor-widget elementor-widget-tabs\" data-id=\"6c45970\" data-element_type=\"widget\" data-widget_type=\"tabs.default\">\n\t\t\t\t<div class=\"elementor-widget-container\">\n\t\t\t\t\t\t\t<div class=\"elementor-tabs\">\n\t\t\t<div class=\"elementor-tabs-wrapper\" role=\"tablist\" >\n\t\t\t\t\t\t\t\t\t<div id=\"elementor-tab-title-1131\" class=\"elementor-tab-title elementor-tab-desktop-title\" aria-selected=\"true\" data-tab=\"1\" role=\"tab\" tabindex=\"0\" aria-controls=\"elementor-tab-content-1131\" aria-expanded=\"false\">Tarih\u00e7e ve Tan\u0131t\u0131m<\/div>\n\t\t\t\t\t\t\t\t\t<div id=\"elementor-tab-title-1132\" class=\"elementor-tab-title elementor-tab-desktop-title\" aria-selected=\"false\" data-tab=\"2\" role=\"tab\" tabindex=\"-1\" aria-controls=\"elementor-tab-content-1132\" aria-expanded=\"false\">Vizyon &amp; Misyon<\/div>\n\t\t\t\t\t\t\t\t\t<div id=\"elementor-tab-title-1133\" class=\"elementor-tab-title elementor-tab-desktop-title\" aria-selected=\"false\" data-tab=\"3\" role=\"tab\" tabindex=\"-1\" aria-controls=\"elementor-tab-content-1133\" aria-expanded=\"false\">Y\u00f6netim ve Akademisyenler<\/div>\n\t\t\t\t\t\t\t\t\t<div id=\"elementor-tab-title-1134\" class=\"elementor-tab-title elementor-tab-desktop-title\" aria-selected=\"false\" data-tab=\"4\" role=\"tab\" tabindex=\"-1\" aria-controls=\"elementor-tab-content-1134\" aria-expanded=\"false\">S\u0131k\u00e7a Sorulan Sorular<\/div>\n\t\t\t\t\t\t\t\t\t<div id=\"elementor-tab-title-1135\" class=\"elementor-tab-title elementor-tab-desktop-title\" aria-selected=\"false\" data-tab=\"5\" role=\"tab\" tabindex=\"-1\" aria-controls=\"elementor-tab-content-1135\" aria-expanded=\"false\">Staj \u0130\u015flemleri<\/div>\n\t\t\t\t\t\t\t\t\t<div id=\"elementor-tab-title-1136\" class=\"elementor-tab-title elementor-tab-desktop-title\" aria-selected=\"false\" data-tab=\"6\" role=\"tab\" tabindex=\"-1\" aria-controls=\"elementor-tab-content-1136\" aria-expanded=\"false\">Sosyal ve K\u00fclt\u00fcrel Faaliyetler<\/div>\n\t\t\t\t\t\t\t\t\t<div id=\"elementor-tab-title-1137\" class=\"elementor-tab-title elementor-tab-desktop-title\" aria-selected=\"false\" data-tab=\"7\" role=\"tab\" tabindex=\"-1\" aria-controls=\"elementor-tab-content-1137\" aria-expanded=\"false\">Dilek\u00e7e ve Formlar<\/div>\n\t\t\t\t\t\t\t\t\t<div id=\"elementor-tab-title-1138\" class=\"elementor-tab-title elementor-tab-desktop-title\" aria-selected=\"false\" data-tab=\"8\" role=\"tab\" tabindex=\"-1\" aria-controls=\"elementor-tab-content-1138\" aria-expanded=\"false\">Ders Program\u0131<\/div>\n\t\t\t\t\t\t\t<\/div>\n\t\t\t<div class=\"elementor-tabs-content-wrapper\" role=\"tablist\" aria-orientation=\"vertical\">\n\t\t\t\t\t\t\t\t\t<div class=\"elementor-tab-title elementor-tab-mobile-title\" aria-selected=\"true\" data-tab=\"1\" role=\"tab\" tabindex=\"0\" aria-controls=\"elementor-tab-content-1131\" aria-expanded=\"false\">Tarih\u00e7e ve Tan\u0131t\u0131m<\/div>\n\t\t\t\t\t<div id=\"elementor-tab-content-1131\" class=\"elementor-tab-content elementor-clearfix\" data-tab=\"1\" role=\"tabpanel\" aria-labelledby=\"elementor-tab-title-1131\" tabindex=\"0\" hidden=\"false\"><p><img fetchpriority=\"high\" decoding=\"async\" class=\"aligncenter wp-image-7885 size-large\" src=\"http:\/\/birimler.atauni.edu.tr\/pasinler-meslek-yuksekokulu\/wp-content\/uploads\/sites\/444\/2025\/03\/pexels-pixabay-159358-min-1-1024x683.jpg\" alt=\"\" width=\"1024\" height=\"683\" srcset=\"https:\/\/atauni.edu.tr\/pasinler-meslek-yuksekokulu\/wp-content\/uploads\/sites\/444\/2025\/03\/pexels-pixabay-159358-min-1-1024x683.jpg 1024w, https:\/\/atauni.edu.tr\/pasinler-meslek-yuksekokulu\/wp-content\/uploads\/sites\/444\/2025\/03\/pexels-pixabay-159358-min-1-300x200.jpg 300w, https:\/\/atauni.edu.tr\/pasinler-meslek-yuksekokulu\/wp-content\/uploads\/sites\/444\/2025\/03\/pexels-pixabay-159358-min-1-768x512.jpg 768w, https:\/\/atauni.edu.tr\/pasinler-meslek-yuksekokulu\/wp-content\/uploads\/sites\/444\/2025\/03\/pexels-pixabay-159358-min-1-1536x1025.jpg 1536w, https:\/\/atauni.edu.tr\/pasinler-meslek-yuksekokulu\/wp-content\/uploads\/sites\/444\/2025\/03\/pexels-pixabay-159358-min-1-600x400.jpg 600w, https:\/\/atauni.edu.tr\/pasinler-meslek-yuksekokulu\/wp-content\/uploads\/sites\/444\/2025\/03\/pexels-pixabay-159358-min-1-560x374.jpg 560w, https:\/\/atauni.edu.tr\/pasinler-meslek-yuksekokulu\/wp-content\/uploads\/sites\/444\/2025\/03\/pexels-pixabay-159358-min-1.jpg 1919w\" sizes=\"(max-width: 1024px) 100vw, 1024px\" \/><\/p><p>\u0130n\u015faat Teknlolojisi Program\u0131 mezunlar\u0131, in\u015faat ve yap\u0131 kavramlar\u0131, teorisi, kurallar\u0131 ve in\u015faat hakk\u0131nda e\u011fitim ald\u0131ktan sonra bu bilgi ve teorileri in\u015faat b\u00fcrolar\u0131nda \u00e7izim yaparak, \u015fantiyelerde ise in\u015faat yap\u0131m evrelerini kontrol ederek, bilgisayar ortam\u0131na aktarabilen ki\u015filerdir.<\/p><p>\u0130n\u015faat Teknolojisi B\u00f6l\u00fcm\u00fc olarak amac\u0131m\u0131z, \u00f6\u011frencilerimizi yap\u0131 \u015fantiyelerinde ve in\u015faat b\u00fcrolar\u0131nda t\u00fcm bilgi ve teknoloji gere\u00e7lerini en iyi \u015fekilde kullanarak, bilgisayarda \u00e7izim yapan, t\u00fcm yap\u0131m teknikleri hakk\u0131nda yeterli bilgiye sahip, \u015fantiyede uygulamaya y\u00f6nelik faaliyetleri koordine edebilen, gerekti\u011finde proje haz\u0131rlayabilen, maliyet hesab\u0131 yapabilen, \u015fantiye ve b\u00fcro i\u00e7in gerekli olan bilgileri edinmi\u015f; in\u015faat alan\u0131nda uygulamaya dayal\u0131 ara eleman olarak yeti\u015fmelerini sa\u011flamakt\u0131r.<\/p><p>Mezunlar in\u015faat sekt\u00f6r\u00fcndeki t\u00fcm i\u015fleyi\u015fe ili\u015fkin ilgili hesaplar\u0131 yaparak, projelerini \u00e7izebilme, \u00e7izilmi\u015f projeleri okuyabilme, uygulayabilme, metraj, ke\u015fif ve \u015fantiye i\u015flerini yapabilme, yap\u0131 laboratuvarlar\u0131nda yap\u0131 teknolojisi ile ilgili deneyleri yapabilme gibi hususlarda gerekli bilgileri kavray\u0131p uygulama becerileri kazan\u0131rlar.<\/p><\/div>\n\t\t\t\t\t\t\t\t\t<div class=\"elementor-tab-title elementor-tab-mobile-title\" aria-selected=\"false\" data-tab=\"2\" role=\"tab\" tabindex=\"-1\" aria-controls=\"elementor-tab-content-1132\" aria-expanded=\"false\">Vizyon &amp; Misyon<\/div>\n\t\t\t\t\t<div id=\"elementor-tab-content-1132\" class=\"elementor-tab-content elementor-clearfix\" data-tab=\"2\" role=\"tabpanel\" aria-labelledby=\"elementor-tab-title-1132\" tabindex=\"0\" hidden=\"hidden\"><p><strong>Misyon<\/strong><\/p><ul><li>Teknolojide ya\u015fanan de\u011fi\u015fime ve piyasa beklentilerine uygun bir m\u00fcfredatla \u00f6n lisans d\u00fczeyinde nitelikli \u00a0e\u011fitimi vermek.<\/li><li>Payda\u015flarla i\u015f birli\u011fi i\u00e7erisinde topluma hizmet etmek.<\/li><\/ul><p><strong>\u00a0Vizyon<\/strong><\/p><ul><li>B\u00f6lgemiz, ilimiz ve \u00fclkemiz i\u00e7in\u00a0 ihtiya\u00e7 duyulan kendinden emin, ak\u0131lc\u0131, dinamik, geli\u015fmeleri yak\u0131ndan takip eden, inovasyona a\u00e7\u0131k, grup i\u00e7i ve tekil \u00e7al\u0131\u015fmalara yatk\u0131n, sosyo-k\u00fclt\u00fcrel zenginlikte d\u00fc\u015f\u00fcnce \u00fcretebilen, bireyler yeti\u015ftiren sayg\u0131n bir program olmakt\u0131r.<\/li><\/ul><\/div>\n\t\t\t\t\t\t\t\t\t<div class=\"elementor-tab-title elementor-tab-mobile-title\" aria-selected=\"false\" data-tab=\"3\" role=\"tab\" tabindex=\"-1\" aria-controls=\"elementor-tab-content-1133\" aria-expanded=\"false\">Y\u00f6netim ve Akademisyenler<\/div>\n\t\t\t\t\t<div id=\"elementor-tab-content-1133\" class=\"elementor-tab-content elementor-clearfix\" data-tab=\"3\" role=\"tabpanel\" aria-labelledby=\"elementor-tab-title-1133\" tabindex=\"0\" hidden=\"hidden\"><p><strong>B\u00f6l\u00fcm Ba\u015fkan\u0131:<\/strong><\/p><ul><li>Dr. \u00d6\u011fr. \u00dcyesi Zinnur \u00c7EL\u0130K<\/li><\/ul><hr \/><p><strong>Akademisyenler:<br \/><\/strong><\/p><ul><li>Dr.\u00d6\u011fr.\u00dcyesi \u0130smail YILDIZ<\/li><li>Dr.\u00d6\u011fr.\u00dcyesi Zinnur \u00c7EL\u0130K<\/li><li>\u00d6\u011fr.G\u00f6r Halil MUT\u0130<\/li><\/ul><\/div>\n\t\t\t\t\t\t\t\t\t<div class=\"elementor-tab-title elementor-tab-mobile-title\" aria-selected=\"false\" data-tab=\"4\" role=\"tab\" tabindex=\"-1\" aria-controls=\"elementor-tab-content-1134\" aria-expanded=\"false\">S\u0131k\u00e7a Sorulan Sorular<\/div>\n\t\t\t\t\t<div id=\"elementor-tab-content-1134\" class=\"elementor-tab-content elementor-clearfix\" data-tab=\"4\" role=\"tabpanel\" aria-labelledby=\"elementor-tab-title-1134\" tabindex=\"0\" hidden=\"hidden\"><p style=\"line-height: 18.0pt;background: white\"><strong><span style=\"font-family: 'Segoe UI',sans-serif;color: #212529\">Nerelerde staj yapabilirim?<\/span><\/strong><\/p><p style=\"line-height: 18.0pt;background: white\"><span style=\"font-family: 'Segoe UI',sans-serif;color: #212529\">Harita ve Kadastro program mezunlar\u0131 hem kamu kurumlar\u0131nda hem de \u00f6zel sekt\u00f6re ba\u011fl\u0131 kurulu\u015f ve i\u015fletmelerde staj yapma olana\u011f\u0131na sahiptir.<\/span><\/p><p style=\"line-height: 18.0pt;background: white\"><span style=\"font-family: 'Segoe UI',sans-serif;color: #212529\">1- Belediyelerin \u0130mar, Fen \u0130\u015fleri, Altyap\u0131 birimleri<br \/>2- 3- Bay\u0131nd\u0131rl\u0131k Bakanl\u0131\u011f\u0131<br \/>4- Maliye Bakanl\u0131\u011f\u0131<br \/>5- &#8211; TK\u0130, TC Karayollar\u0131 ve Devlet Demiryollar\u0131<br \/>6- Di\u011fer Bakanl\u0131klar<br \/>7- DS\u0130 (Devlet Su \u0130\u015fleri), ET\u0130BANK<br \/>8- Elektrik \u0130\u015fleri Et\u00fcd \u0130daresi<br \/>9 \u2013 Harita ve in\u015faat sekt\u00f6r\u00fcnde hizmet veren \u00f6zel m\u00fcteahhitlik b\u00fcro ve \u015firketleri<br \/>10- \u0130l \u00d6zel \u0130dareleri<br \/>11- \u0130ller Bankas\u0131<br \/>12- \u0130SK\u0130, \u0130GDA\u015e, \u0130ZGAZ,\u00a0 B\u0130T gibi kurum ve kurulu\u015flar<br \/>13- K\u00f6y Hizmetleri<br \/>14- TEDA\u015e (T\u00fcrkiye Elektrik Da\u011f\u0131t\u0131m Anonim \u015eirketi)<br \/>15-\u00d6zel kurulu\u015flar<\/span><\/p><\/div>\n\t\t\t\t\t\t\t\t\t<div class=\"elementor-tab-title elementor-tab-mobile-title\" aria-selected=\"false\" data-tab=\"5\" role=\"tab\" tabindex=\"-1\" aria-controls=\"elementor-tab-content-1135\" aria-expanded=\"false\">Staj \u0130\u015flemleri<\/div>\n\t\t\t\t\t<div id=\"elementor-tab-content-1135\" class=\"elementor-tab-content elementor-clearfix\" data-tab=\"5\" role=\"tabpanel\" aria-labelledby=\"elementor-tab-title-1135\" tabindex=\"0\" hidden=\"hidden\"><p><strong>Staj Komisyonu\u00a0 Ba\u015fkan\u0131;<\/strong><\/p><p>Dr.\u00d6\u011fr.\u00dcyesi :Arif Emre SA\u011eS\u00d6Z<\/p><p><strong>Komisyon \u00dcyesi;<\/strong><\/p><p>Dr.\u00d6\u011fr.\u00dcyesi :Zinnur \u00c7EL\u0130K<\/p><p><strong>Komisyon \u00dcyesi;<\/strong><\/p><p>\u00d6\u011fr.G\u00f6r: Halil MUT\u0130<\/p><p><strong>Staj Y\u00f6netmeli\u011fi<\/strong><\/p><p>Atat\u00fcrk \u00dcniversitesi Pasinler Meslek Y\u00fcksekokul staj y\u00f6nergesine uyulur. Staj y\u00f6nergesi Pasinler Meslek Y\u00fcksekokul ana sayfas\u0131nda bulunmaktad\u0131r.<\/p><\/div>\n\t\t\t\t\t\t\t\t\t<div class=\"elementor-tab-title elementor-tab-mobile-title\" aria-selected=\"false\" data-tab=\"6\" role=\"tab\" tabindex=\"-1\" aria-controls=\"elementor-tab-content-1136\" aria-expanded=\"false\">Sosyal ve K\u00fclt\u00fcrel Faaliyetler<\/div>\n\t\t\t\t\t<div id=\"elementor-tab-content-1136\" class=\"elementor-tab-content elementor-clearfix\" data-tab=\"6\" role=\"tabpanel\" aria-labelledby=\"elementor-tab-title-1136\" tabindex=\"0\" hidden=\"hidden\"><p><img decoding=\"async\" class=\"aligncenter size-full wp-image-7884\" src=\"http:\/\/birimler.atauni.edu.tr\/pasinler-meslek-yuksekokulu\/wp-content\/uploads\/sites\/444\/2025\/03\/insaatsosyaletkinlik-min.png\" alt=\"\" width=\"567\" height=\"370\" srcset=\"https:\/\/atauni.edu.tr\/pasinler-meslek-yuksekokulu\/wp-content\/uploads\/sites\/444\/2025\/03\/insaatsosyaletkinlik-min.png 567w, https:\/\/atauni.edu.tr\/pasinler-meslek-yuksekokulu\/wp-content\/uploads\/sites\/444\/2025\/03\/insaatsosyaletkinlik-min-300x196.png 300w, https:\/\/atauni.edu.tr\/pasinler-meslek-yuksekokulu\/wp-content\/uploads\/sites\/444\/2025\/03\/insaatsosyaletkinlik-min-560x365.png 560w\" sizes=\"(max-width: 567px) 100vw, 567px\" \/><\/p><p>B\u00f6l\u00fcm\u00fcm\u00fcz \u00f6\u011frencilere kaliteli \u00f6\u011fretimin yan\u0131nda her y\u0131l yapt\u0131\u011f\u0131 teknik geziler ile derste \u00f6\u011frendiklerinin sahaya aktar\u0131m\u0131n\u0131 yapmaktad\u0131rlar. Ayr\u0131ca \u00fcniversitemiz b\u00fcnyesinde yap\u0131lan bahar \u015fenlikleri, oryantasyon e\u011fitimi gibi etkinliklere g\u00f6t\u00fcr\u00fclmektedir. Okulumuz b\u00fcnyesinde bulunan \u00f6\u011frenci kul\u00fcpleri ile de \u00e7e\u015fitli sosyal ve k\u00fclt\u00fcrel faaliyetler yap\u0131lmaktad\u0131r. Futbol tak\u0131m\u0131, Basketbol tak\u0131m\u0131, Masa tenisi tak\u0131m\u0131, Bowling tak\u0131mlar\u0131 ile sportif faaliyetlere kat\u0131lmaktay\u0131z. Sosyal sorumluluk projeleri ile \u00f6\u011frencilerimizin hem proje haz\u0131rlama becerilerine katk\u0131da bulunup hem de sosyal a\u00e7\u0131dan geli\u015fimlerine katk\u0131da bulunuyoruz.<\/p><\/div>\n\t\t\t\t\t\t\t\t\t<div class=\"elementor-tab-title elementor-tab-mobile-title\" aria-selected=\"false\" data-tab=\"7\" role=\"tab\" tabindex=\"-1\" aria-controls=\"elementor-tab-content-1137\" aria-expanded=\"false\">Dilek\u00e7e ve Formlar<\/div>\n\t\t\t\t\t<div id=\"elementor-tab-content-1137\" class=\"elementor-tab-content elementor-clearfix\" data-tab=\"7\" role=\"tabpanel\" aria-labelledby=\"elementor-tab-title-1137\" tabindex=\"0\" hidden=\"hidden\"><ul><li><a href=\"http:\/\/birimler.atauni.edu.tr\/pasinler-meslek-yuksekokulu\/wp-content\/uploads\/sites\/444\/2021\/12\/agno_baraj_dilekcesi.pdf\">AGNO Baraj S\u0131nav\u0131 Ba\u015fvuru Dilek\u00e7esi<\/a><\/li><li><a href=\"http:\/\/birimler.atauni.edu.tr\/pasinler-meslek-yuksekokulu\/wp-content\/uploads\/sites\/444\/2021\/12\/azami_sure_sinav_formu.doc\">Azami S\u00fcre S\u0131nav Formu<\/a><\/li><li><a href=\"http:\/\/birimler.atauni.edu.tr\/pasinler-meslek-yuksekokulu\/wp-content\/uploads\/sites\/444\/2020\/07\/ders_eslestirme_formu.docx\">Ders E\u015fle\u015ftirme Formu<\/a><\/li><li><a href=\"http:\/\/birimler.atauni.edu.tr\/pasinler-meslek-yuksekokulu\/wp-content\/uploads\/sites\/444\/2020\/07\/dersmuafiyetdilekcesi.docx\">Ders Muafiyet Dilek\u00e7esi<\/a><\/li><li><a href=\"http:\/\/birimler.atauni.edu.tr\/pasinler-meslek-yuksekokulu\/wp-content\/uploads\/sites\/444\/2020\/07\/farkliokuldandersdilekcesi.docx\">Farkl\u0131 Okuldan Ders E\u015fle\u015ftirme Dilek\u00e7esi<\/a><\/li><li><a href=\"http:\/\/birimler.atauni.edu.tr\/pasinler-meslek-yuksekokulu\/wp-content\/uploads\/sites\/444\/2020\/07\/kayitdondurmadilekcesi.pdf\">Kay\u0131t Dondurma Dilek\u00e7esi<\/a><\/li><li><a href=\"http:\/\/birimler.atauni.edu.tr\/pasinler-meslek-yuksekokulu\/wp-content\/uploads\/sites\/444\/2020\/07\/mazeretsinavdilekcesi.pdf\">Mazeret S\u0131nav Dilek\u00e7esi<\/a><\/li><li><a href=\"http:\/\/birimler.atauni.edu.tr\/pasinler-meslek-yuksekokulu\/wp-content\/uploads\/sites\/444\/2020\/07\/stajmuafiyetdilekcesi.docx\">Staj Muafiyet Dilek\u00e7esi<\/a><\/li><li><a href=\"http:\/\/birimler.atauni.edu.tr\/pasinler-meslek-yuksekokulu\/wp-content\/uploads\/sites\/444\/2020\/07\/tekderssinavdilekcesi.pdf\">Tek Ders S\u0131nav Dilek\u00e7esi<\/a><\/li><li><a href=\"https:\/\/birimler.atauni.edu.tr\/pasinler-meslek-yuksekokulu\/yu%cc%88z-yu%cc%88ze-staj-di%cc%87lekc%cc%a7esi%cc%87\/\">Y\u00fcz Y\u00fcze Staj Dilek\u00e7esi<\/a><\/li><\/ul><p><strong>\u2014 D\u0130\u011eER YARDIMCI L\u0130NKLER \u2014<\/strong><\/p><ul><li>Ders Bilgi Paketi (Ders \u0130\u00e7erikleri) i\u00e7in\u00a0<a href=\"https:\/\/obs.atauni.edu.tr\/moduller\/dbp\/eobs\/birimDetay\/1334\/Bilgisayar%20Programc%C4%B1l%C4%B1%C4%9F%C4%B1%20Program%C4%B1%20(1334)?\" target=\"_blank\" rel=\"noopener\">t\u0131klay\u0131n\u0131z.<\/a><\/li><li>\u00d6\u011frenci \u0130\u015fleri Dekanl\u0131\u011f\u0131 i\u00e7in\u00a0<a href=\"https:\/\/birimler.atauni.edu.tr\/ogrenci-dekanligi\/\" target=\"_blank\" rel=\"noopener\">t\u0131klay\u0131n\u0131z.<\/a><\/li><li>De\u011fi\u015fim Programlar\u0131 (Erasmus, Farabi, Mevlana) i\u00e7in\u00a0<a href=\"https:\/\/oia.atauni.edu.tr\/\" target=\"_blank\" rel=\"noopener\">t\u0131klay\u0131n\u0131z.<\/a><\/li><li>Yatay ge\u00e7i\u015f i\u015flemleri hakk\u0131nda bilgi almak i\u00e7in\u00a0<a href=\"https:\/\/birimler.atauni.edu.tr\/ogrenci-isleri-daire-baskanligi\/yatay-gecis\/\" target=\"_blank\" rel=\"noopener\">t\u0131klay\u0131n\u0131z.<\/a><\/li><li>Yaz Okulu hakk\u0131nda bilgi almak i\u00e7in\u00a0<a href=\"https:\/\/birimler.atauni.edu.tr\/ogrenci-isleri-daire-baskanligi\/yaz-okulu\/\" target=\"_blank\" rel=\"noopener\">t\u0131klay\u0131n\u0131z.<\/a><\/li><\/ul><\/div>\n\t\t\t\t\t\t\t\t\t<div class=\"elementor-tab-title elementor-tab-mobile-title\" aria-selected=\"false\" data-tab=\"8\" role=\"tab\" tabindex=\"-1\" aria-controls=\"elementor-tab-content-1138\" aria-expanded=\"false\">Ders Program\u0131<\/div>\n\t\t\t\t\t<div id=\"elementor-tab-content-1138\" class=\"elementor-tab-content elementor-clearfix\" data-tab=\"8\" role=\"tabpanel\" aria-labelledby=\"elementor-tab-title-1138\" tabindex=\"0\" hidden=\"hidden\"><p>G\u00fcncel Ders program\u0131 i\u00e7in <a href=\"https:\/\/birimler.atauni.edu.tr\/pasinler-meslek-yuksekokulu\/lisans-ders-listesi\/\">t\u0131klay\u0131n\u0131z.<\/a><\/p><\/div>\n\t\t\t\t\t\t\t<\/div>\n\t\t<\/div>\n\t\t\t\t\t\t<\/div>\n\t\t\t\t<\/div>\n\t\t\t\t\t<\/div>\n\t\t<\/div>\n\t\t\t\t\t<\/div>\n\t\t<\/section>\n\t\t\t\t<\/div>\n\t\t","protected":false},"excerpt":{"rendered":"<p>Tarih\u00e7e ve Tan\u0131t\u0131m Vizyon &amp; Misyon Y\u00f6netim ve Akademisyenler S\u0131k\u00e7a Sorulan Sorular Staj \u0130\u015flemleri Sosyal ve K\u00fclt\u00fcrel Faaliyetler Dilek\u00e7e ve Formlar Ders Program\u0131 Tarih\u00e7e ve Tan\u0131t\u0131m \u0130n\u015faat Teknlolojisi Program\u0131 mezunlar\u0131, in\u015faat ve yap\u0131 kavramlar\u0131, teorisi, kurallar\u0131 ve in\u015faat hakk\u0131nda e\u011fitim ald\u0131ktan sonra bu bilgi ve teorileri in\u015faat b\u00fcrolar\u0131nda \u00e7izim yaparak, \u015fantiyelerde ise in\u015faat yap\u0131m evrelerini [&hellip;]<\/p>\n","protected":false},"author":410,"featured_media":0,"parent":0,"menu_order":0,"comment_status":"closed","ping_status":"closed","template":"","meta":{"footnotes":""},"class_list":["post-6664","page","type-page","status-publish","hentry"],"_links":{"self":[{"href":"https:\/\/atauni.edu.tr\/pasinler-meslek-yuksekokulu\/wp-json\/wp\/v2\/pages\/6664","targetHints":{"allow":["GET"]}}],"collection":[{"href":"https:\/\/atauni.edu.tr\/pasinler-meslek-yuksekokulu\/wp-json\/wp\/v2\/pages"}],"about":[{"href":"https:\/\/atauni.edu.tr\/pasinler-meslek-yuksekokulu\/wp-json\/wp\/v2\/types\/page"}],"author":[{"embeddable":true,"href":"https:\/\/atauni.edu.tr\/pasinler-meslek-yuksekokulu\/wp-json\/wp\/v2\/users\/410"}],"replies":[{"embeddable":true,"href":"https:\/\/atauni.edu.tr\/pasinler-meslek-yuksekokulu\/wp-json\/wp\/v2\/comments?post=6664"}],"version-history":[{"count":37,"href":"https:\/\/atauni.edu.tr\/pasinler-meslek-yuksekokulu\/wp-json\/wp\/v2\/pages\/6664\/revisions"}],"predecessor-version":[{"id":8557,"href":"https:\/\/atauni.edu.tr\/pasinler-meslek-yuksekokulu\/wp-json\/wp\/v2\/pages\/6664\/revisions\/8557"}],"wp:attachment":[{"href":"https:\/\/atauni.edu.tr\/pasinler-meslek-yuksekokulu\/wp-json\/wp\/v2\/media?parent=6664"}],"curies":[{"name":"wp","href":"https:\/\/api.w.org\/{rel}","templated":true}]}}