{"id":7035,"date":"2022-10-03T12:08:17","date_gmt":"2022-10-03T09:08:17","guid":{"rendered":"https:\/\/birimler.atauni.edu.tr\/pasinler-meslek-yuksekokulu\/?page_id=7035"},"modified":"2025-05-21T14:06:38","modified_gmt":"2025-05-21T11:06:38","slug":"mufredatlar","status":"publish","type":"page","link":"https:\/\/atauni.edu.tr\/pasinler-meslek-yuksekokulu\/mufredatlar\/","title":{"rendered":"M\u00fcfredatlar"},"content":{"rendered":"\t\t<div data-elementor-type=\"wp-page\" data-elementor-id=\"7035\" class=\"elementor elementor-7035\" data-elementor-post-type=\"page\">\n\t\t\t\t\t\t<section class=\"elementor-section elementor-top-section elementor-element elementor-element-541c5446 elementor-section-boxed elementor-section-height-default elementor-section-height-default\" data-id=\"541c5446\" data-element_type=\"section\">\n\t\t\t\t\t\t<div class=\"elementor-container elementor-column-gap-default\">\n\t\t\t\t\t<div class=\"elementor-column elementor-col-100 elementor-top-column elementor-element elementor-element-20312d26\" data-id=\"20312d26\" data-element_type=\"column\">\n\t\t\t<div class=\"elementor-widget-wrap elementor-element-populated\">\n\t\t\t\t\t\t<div class=\"elementor-element elementor-element-109ed953 elementor-widget elementor-widget-text-editor\" data-id=\"109ed953\" data-element_type=\"widget\" data-widget_type=\"text-editor.default\">\n\t\t\t\t<div class=\"elementor-widget-container\">\n\t\t\t\t\t\t\t\t\t\n<p><strong>&gt; 2024-2025 E\u011e\u0130T\u0130M \u00d6\u011eRET\u0130M YILI \u00d6N L\u0130SANS PROGRAM M\u00dcFREDATLARI<\/strong><\/p>\n<hr class=\"wp-block-separator has-alpha-channel-opacity\" \/>\n<ul class=\"wp-block-list\">\n<li>Bankac\u0131l\u0131\u011f\u0131 Program\u0131 Program\u0131 M\u00fcfredat\u0131 \u0130\u00e7in <a href=\"http:\/\/birimler.atauni.edu.tr\/pasinler-meslek-yuksekokulu\/wp-content\/uploads\/sites\/444\/2020\/07\/PBN_BANKACILIK-VE-SI\u0307GORTACILIK-PR.pdf\">T\u0131klay\u0131n\u0131z.<\/a><\/li>\n<li>Bilgisayar Programc\u0131l\u0131\u011f\u0131 M\u00fcfradat\u0131 \u0130\u00e7in <a href=\"http:\/\/birimler.atauni.edu.tr\/pasinler-meslek-yuksekokulu\/wp-content\/uploads\/sites\/444\/2020\/07\/PBP_BI\u0307LGI\u0307SAYAR-PROGRAMCILIG\u0306I-PR.pdf\">T\u0131klay\u0131n\u0131z.<\/a><\/li>\n<li>B\u00fcro Y\u00f6netimi ve Sekreterlik Program\u0131 M\u00fcfredat\u0131 \u0130\u00e7in <a href=\"http:\/\/birimler.atauni.edu.tr\/pasinler-meslek-yuksekokulu\/wp-content\/uploads\/sites\/444\/2020\/07\/PBY_BU\u0308RO-YO\u0308NETI\u0307MI\u0307-VE-SEKRETERLI\u0307K-PR.pdf\">T\u0131klay\u0131n\u0131z.<\/a><\/li>\n<li>Harita ve Kadastro Program\u0131 M\u00fcfredat\u0131 \u0130\u00e7in <a href=\"http:\/\/birimler.atauni.edu.tr\/pasinler-meslek-yuksekokulu\/wp-content\/uploads\/sites\/444\/2020\/07\/PHK_HARI\u0307TA-VE-KADASTRO-PR.pdf\">T\u0131klay\u0131n\u0131z.<\/a><\/li>\n<li>\u0130nsan Kaynaklar\u0131 Y\u00f6netimi M\u00fcfredat\u0131 \u0130\u00e7in <a href=\"http:\/\/birimler.atauni.edu.tr\/pasinler-meslek-yuksekokulu\/wp-content\/uploads\/sites\/444\/2020\/07\/PIK_I\u0307NSAN-KAYNAKLARI-YO\u0308NETI\u0307MI\u0307-PR.pdf\">T\u0131klay\u0131n\u0131z.<\/a><\/li>\n<li>\u0130n\u015faat Teknolojisi Program\u0131 M\u00fcfredat\u0131 \u0130\u00e7in <a href=\"http:\/\/birimler.atauni.edu.tr\/pasinler-meslek-yuksekokulu\/wp-content\/uploads\/sites\/444\/2020\/07\/PIT_I\u0307NS\u0327AAT-TEKNOLOJI\u0307SI\u0307-PR.pdf\">T\u0131klay\u0131n\u0131z.<\/a><\/li>\n<li>Muhasebe ve Vergi Uygulamalar\u0131 Program\u0131 M\u00fcfredat\u0131 \u0130\u00e7in <a href=\"http:\/\/birimler.atauni.edu.tr\/pasinler-meslek-yuksekokulu\/wp-content\/uploads\/sites\/444\/2020\/07\/PMV_MUHASEBE-VE-VERGI\u0307-UYGULAMALARI-PR.pdf\">T\u0131klay\u0131n\u0131z.<\/a><\/li>\n<li>Turizm ve Otel \u0130\u015fletmecili\u011fi Program\u0131 M\u00fcfradat\u0131 \u0130\u00e7in <a href=\"http:\/\/birimler.atauni.edu.tr\/pasinler-meslek-yuksekokulu\/wp-content\/uploads\/sites\/444\/2020\/07\/PTO_TURI\u0307ZM-VE-OTEL-I\u0307S\u0327LETMECI\u0307LI\u0307G\u0306I\u0307-PR.pdf\">T\u0131klay\u0131\u0131n\u0131z.<\/a><\/li>\n<\/ul>\n\t\t\t\t\t\t\t\t<\/div>\n\t\t\t\t<\/div>\n\t\t\t\t<div class=\"elementor-element elementor-element-100d1b9 elementor-widget elementor-widget-text-editor\" data-id=\"100d1b9\" data-element_type=\"widget\" data-widget_type=\"text-editor.default\">\n\t\t\t\t<div class=\"elementor-widget-container\">\n\t\t\t\t\t\t\t\t\t\n<p><strong>&gt; 2024-2025 E\u011e\u0130T\u0130M \u00d6\u011eRET\u0130M YILI \u00d6N L\u0130SANS PROGRAM M\u00dcFREDATLARI<\/strong><\/p>\n<hr class=\"wp-block-separator has-alpha-channel-opacity\" \/>\n<ul class=\"wp-block-list\">\n<li>Bilgisayar Programc\u0131l\u0131\u011f\u0131 M\u00fcfredat\u0131 \u0130\u00e7in <a href=\"http:\/\/birimler.atauni.edu.tr\/pasinler-meslek-yuksekokulu\/wp-content\/uploads\/sites\/444\/2020\/07\/Pasinler-MYO-Bilgisayar-Programcilig\u0306i-O\u0308nlisans-2-Yil-O\u0308g\u0306retim-Plani-S\u0327ablonu-30.05.2022-1.xlsx\" target=\"_blank\" rel=\"noreferrer noopener\">T\u0131klay\u0131n\u0131z.<\/a><\/li>\n<li>B\u00fcro Y\u00f6netimi ve Y\u00f6netici Asistanl\u0131\u011f\u0131 Program M\u00fcfredat\u0131 \u0130\u00e7in <a href=\"http:\/\/birimler.atauni.edu.tr\/pasinler-meslek-yuksekokulu\/wp-content\/uploads\/sites\/444\/2020\/07\/Pasinler_Bu\u0308ro_2022_Mu\u0308fredat.xlsx\" target=\"_blank\" rel=\"noreferrer noopener\">T\u0131klay\u0131n\u0131z.<\/a><\/li>\n<li>\u0130n\u015faat Teknolojileri Program M\u00fcfredat\u0131 \u0130\u00e7in <a href=\"http:\/\/birimler.atauni.edu.tr\/pasinler-meslek-yuksekokulu\/wp-content\/uploads\/sites\/444\/2020\/07\/Mu\u0308fredat-Pasinler-MYO-I\u0307ns\u0327aat.xlsx\" target=\"_blank\" rel=\"noreferrer noopener\">T\u0131klay\u0131n\u0131z.<\/a><\/li>\n<li>Harita Kadastro Program\u0131 M\u00fcfredat\u0131 \u0130\u00e7in <a href=\"http:\/\/birimler.atauni.edu.tr\/pasinler-meslek-yuksekokulu\/wp-content\/uploads\/sites\/444\/2020\/07\/HARI\u0307TA-SON-1.xlsx\" target=\"_blank\" rel=\"noreferrer noopener\">T\u0131klay\u0131n\u0131z.<\/a><\/li>\n<li>\u0130nsan Kaynaklar\u0131 Y\u00f6netimi Program\u0131 M\u00fcfredat\u0131 \u0130\u00e7in <a href=\"http:\/\/birimler.atauni.edu.tr\/pasinler-meslek-yuksekokulu\/wp-content\/uploads\/sites\/444\/2020\/07\/KARTEKS-2022-2023-SON-I\u0307KY-4-7.xlsx\" target=\"_blank\" rel=\"noreferrer noopener\">T\u0131klay\u0131n\u0131z.<\/a><\/li>\n<\/ul>\n\n<p>\u00a0<\/p>\n\t\t\t\t\t\t\t\t<\/div>\n\t\t\t\t<\/div>\n\t\t\t\t\t<\/div>\n\t\t<\/div>\n\t\t\t\t\t<\/div>\n\t\t<\/section>\n\t\t\t\t<\/div>\n\t\t","protected":false},"excerpt":{"rendered":"<p>&gt; 2024-2025 E\u011e\u0130T\u0130M \u00d6\u011eRET\u0130M YILI \u00d6N L\u0130SANS PROGRAM M\u00dcFREDATLARI Bankac\u0131l\u0131\u011f\u0131 Program\u0131 Program\u0131 M\u00fcfredat\u0131 \u0130\u00e7in T\u0131klay\u0131n\u0131z. Bilgisayar Programc\u0131l\u0131\u011f\u0131 M\u00fcfradat\u0131 \u0130\u00e7in T\u0131klay\u0131n\u0131z. B\u00fcro Y\u00f6netimi ve Sekreterlik Program\u0131 M\u00fcfredat\u0131 \u0130\u00e7in T\u0131klay\u0131n\u0131z. Harita ve Kadastro Program\u0131 M\u00fcfredat\u0131 \u0130\u00e7in T\u0131klay\u0131n\u0131z. \u0130nsan Kaynaklar\u0131 Y\u00f6netimi M\u00fcfredat\u0131 \u0130\u00e7in T\u0131klay\u0131n\u0131z. \u0130n\u015faat Teknolojisi Program\u0131 M\u00fcfredat\u0131 \u0130\u00e7in T\u0131klay\u0131n\u0131z. Muhasebe ve Vergi Uygulamalar\u0131 Program\u0131 M\u00fcfredat\u0131 \u0130\u00e7in T\u0131klay\u0131n\u0131z. [&hellip;]<\/p>\n","protected":false},"author":410,"featured_media":0,"parent":0,"menu_order":0,"comment_status":"closed","ping_status":"closed","template":"","meta":{"footnotes":""},"class_list":["post-7035","page","type-page","status-publish","hentry"],"_links":{"self":[{"href":"https:\/\/atauni.edu.tr\/pasinler-meslek-yuksekokulu\/wp-json\/wp\/v2\/pages\/7035","targetHints":{"allow":["GET"]}}],"collection":[{"href":"https:\/\/atauni.edu.tr\/pasinler-meslek-yuksekokulu\/wp-json\/wp\/v2\/pages"}],"about":[{"href":"https:\/\/atauni.edu.tr\/pasinler-meslek-yuksekokulu\/wp-json\/wp\/v2\/types\/page"}],"author":[{"embeddable":true,"href":"https:\/\/atauni.edu.tr\/pasinler-meslek-yuksekokulu\/wp-json\/wp\/v2\/users\/410"}],"replies":[{"embeddable":true,"href":"https:\/\/atauni.edu.tr\/pasinler-meslek-yuksekokulu\/wp-json\/wp\/v2\/comments?post=7035"}],"version-history":[{"count":19,"href":"https:\/\/atauni.edu.tr\/pasinler-meslek-yuksekokulu\/wp-json\/wp\/v2\/pages\/7035\/revisions"}],"predecessor-version":[{"id":8110,"href":"https:\/\/atauni.edu.tr\/pasinler-meslek-yuksekokulu\/wp-json\/wp\/v2\/pages\/7035\/revisions\/8110"}],"wp:attachment":[{"href":"https:\/\/atauni.edu.tr\/pasinler-meslek-yuksekokulu\/wp-json\/wp\/v2\/media?parent=7035"}],"curies":[{"name":"wp","href":"https:\/\/api.w.org\/{rel}","templated":true}]}}