{"id":8223,"date":"2025-08-10T15:41:54","date_gmt":"2025-08-10T12:41:54","guid":{"rendered":"https:\/\/birimler.atauni.edu.tr\/pasinler-meslek-yuksekokulu\/?page_id=8223"},"modified":"2025-08-10T15:41:54","modified_gmt":"2025-08-10T12:41:54","slug":"haberler","status":"publish","type":"page","link":"https:\/\/atauni.edu.tr\/pasinler-meslek-yuksekokulu\/haberler\/","title":{"rendered":"Haberler"},"content":{"rendered":"<form method=\"get\" class=\"row g-3\" style=\"margin-bottom: 20px;\"><div class=\"col-md-3\"><input type=\"text\" name=\"haber_ara\" class=\"form-control\" placeholder=\"Haber ara...\" value=\"\"><\/div><div class=\"col-md-3\"><input type=\"date\" name=\"baslangic_tarihi\" class=\"form-control\" value=\"\"><\/div><div class=\"col-md-3\"><input type=\"date\" name=\"bitis_tarihi\" class=\"form-control\" value=\"\"><\/div><div class=\"col-md-3\"><button type=\"submit\" class=\"btn btn-secondary w-50\">Filtrele<\/button><\/div><\/form><ul class=\"kategori-yazilari-liste\"><li style=\"display: flex; margin-bottom: 10px; align-items: center;\"><div class=\"post-thumbnail\" style=\"margin-right: 15px;\"><a href=\"https:\/\/atauni.edu.tr\/pasinler-meslek-yuksekokulu\/2026\/02\/25\/yuksekokulumuzda-tobb-yok-protokolu-kapsaminda-is-birligi-toplantisi-gerceklestirildi\/\"><img decoding=\"async\" width=\"150\" height=\"150\" src=\"https:\/\/atauni.edu.tr\/pasinler-meslek-yuksekokulu\/wp-content\/uploads\/sites\/444\/2026\/02\/WhatsApp-Image-2026-02-25-at-14.13.35-150x150.jpeg\" class=\"attachment-thumbnail size-thumbnail wp-post-image\" alt=\"\" \/><\/a><\/div><div class=\"post-content\" style=\"flex-grow: 1;\"><span class=\"post-date habertarih\" style=\"display: block; font-weight: bold; margin-bottom: 5px;\">25 \u015eubat 2026<\/span><a class=\"haberbaslik\" href=\"https:\/\/atauni.edu.tr\/pasinler-meslek-yuksekokulu\/2026\/02\/25\/yuksekokulumuzda-tobb-yok-protokolu-kapsaminda-is-birligi-toplantisi-gerceklestirildi\/\">Y\u00fcksekokulumuzda TOBB-Y\u00d6K Protokol\u00fc Kapsam\u0131nda \u0130\u015f Birli\u011fi Toplant\u0131s\u0131 Ger\u00e7ekle\u015ftirildi<\/a><\/div><\/li><li style=\"display: flex; margin-bottom: 10px; align-items: center;\"><div class=\"post-thumbnail\" style=\"margin-right: 15px;\"><a href=\"https:\/\/atauni.edu.tr\/pasinler-meslek-yuksekokulu\/2026\/02\/13\/pasinler-myo-gencligi-ankarada-vizyon-egitimlerine-katildi\/\"><img decoding=\"async\" width=\"150\" height=\"150\" src=\"https:\/\/atauni.edu.tr\/pasinler-meslek-yuksekokulu\/wp-content\/uploads\/sites\/444\/2026\/02\/WhatsApp-Image-2026-02-12-at-21.50.19-150x150.jpeg\" class=\"attachment-thumbnail size-thumbnail wp-post-image\" alt=\"\" \/><\/a><\/div><div class=\"post-content\" style=\"flex-grow: 1;\"><span class=\"post-date habertarih\" style=\"display: block; font-weight: bold; margin-bottom: 5px;\">13 \u015eubat 2026<\/span><a class=\"haberbaslik\" href=\"https:\/\/atauni.edu.tr\/pasinler-meslek-yuksekokulu\/2026\/02\/13\/pasinler-myo-gencligi-ankarada-vizyon-egitimlerine-katildi\/\">Pasinler MYO Gen\u00e7li\u011fi Ankara\u2019da Vizyon E\u011fitimlerine Kat\u0131ld\u0131<\/a><\/div><\/li><li style=\"display: flex; margin-bottom: 10px; align-items: center;\"><div class=\"post-thumbnail\" style=\"margin-right: 15px;\"><a href=\"https:\/\/atauni.edu.tr\/pasinler-meslek-yuksekokulu\/2026\/02\/04\/yuksekokulumuzda-egitim-kalitesini-gelistirme-ve-bahar-donemi-planlama-toplantisi\/\"><img decoding=\"async\" width=\"150\" height=\"150\" src=\"https:\/\/atauni.edu.tr\/pasinler-meslek-yuksekokulu\/wp-content\/uploads\/sites\/444\/2026\/02\/1-150x150.jpg\" class=\"attachment-thumbnail size-thumbnail wp-post-image\" alt=\"\" \/><\/a><\/div><div class=\"post-content\" style=\"flex-grow: 1;\"><span class=\"post-date habertarih\" style=\"display: block; font-weight: bold; margin-bottom: 5px;\">4 \u015eubat 2026<\/span><a class=\"haberbaslik\" href=\"https:\/\/atauni.edu.tr\/pasinler-meslek-yuksekokulu\/2026\/02\/04\/yuksekokulumuzda-egitim-kalitesini-gelistirme-ve-bahar-donemi-planlama-toplantisi\/\">Y\u00fcksekokulumuzda E\u011fitim Kalitesini Geli\u015ftirme ve Bahar D\u00f6nemi Planlama Toplant\u0131s\u0131<\/a><\/div><\/li><li style=\"display: flex; margin-bottom: 10px; align-items: center;\"><div class=\"post-thumbnail\" style=\"margin-right: 15px;\"><a href=\"https:\/\/atauni.edu.tr\/pasinler-meslek-yuksekokulu\/2026\/02\/04\/yuksekokul-sekreterimiz-yildirim-dundara-hayirli-olsun-ziyareti\/\"><img loading=\"lazy\" decoding=\"async\" width=\"150\" height=\"150\" src=\"https:\/\/atauni.edu.tr\/pasinler-meslek-yuksekokulu\/wp-content\/uploads\/sites\/444\/2026\/02\/sekreter-150x150.jpg\" class=\"attachment-thumbnail size-thumbnail wp-post-image\" alt=\"\" \/><\/a><\/div><div class=\"post-content\" style=\"flex-grow: 1;\"><span class=\"post-date habertarih\" style=\"display: block; font-weight: bold; margin-bottom: 5px;\">4 \u015eubat 2026<\/span><a class=\"haberbaslik\" href=\"https:\/\/atauni.edu.tr\/pasinler-meslek-yuksekokulu\/2026\/02\/04\/yuksekokul-sekreterimiz-yildirim-dundara-hayirli-olsun-ziyareti\/\">Y\u00fcksekokul Sekreterimiz Y\u0131ld\u0131r\u0131m D\u00fcndar\u2019a Hay\u0131rl\u0131 Olsun Ziyareti<\/a><\/div><\/li><li style=\"display: flex; margin-bottom: 10px; align-items: center;\"><div class=\"post-thumbnail\" style=\"margin-right: 15px;\"><a href=\"https:\/\/atauni.edu.tr\/pasinler-meslek-yuksekokulu\/2026\/02\/04\/turk-bilisim-kulubu-ar-ge-projesini-tamamladi\/\"><img loading=\"lazy\" decoding=\"async\" width=\"150\" height=\"150\" src=\"https:\/\/atauni.edu.tr\/pasinler-meslek-yuksekokulu\/wp-content\/uploads\/sites\/444\/2026\/02\/tbk-logo-150x150.png\" class=\"attachment-thumbnail size-thumbnail wp-post-image\" alt=\"\" srcset=\"https:\/\/atauni.edu.tr\/pasinler-meslek-yuksekokulu\/wp-content\/uploads\/sites\/444\/2026\/02\/tbk-logo-150x150.png 150w, https:\/\/atauni.edu.tr\/pasinler-meslek-yuksekokulu\/wp-content\/uploads\/sites\/444\/2026\/02\/tbk-logo-300x300.png 300w, https:\/\/atauni.edu.tr\/pasinler-meslek-yuksekokulu\/wp-content\/uploads\/sites\/444\/2026\/02\/tbk-logo.png 500w\" sizes=\"(max-width: 150px) 100vw, 150px\" \/><\/a><\/div><div class=\"post-content\" style=\"flex-grow: 1;\"><span class=\"post-date habertarih\" style=\"display: block; font-weight: bold; margin-bottom: 5px;\">4 \u015eubat 2026<\/span><a class=\"haberbaslik\" href=\"https:\/\/atauni.edu.tr\/pasinler-meslek-yuksekokulu\/2026\/02\/04\/turk-bilisim-kulubu-ar-ge-projesini-tamamladi\/\">T\u00fcrk Bili\u015fim Kul\u00fcb\u00fc Ar-Ge Projesini Tamamlad\u0131<\/a><\/div><\/li><li style=\"display: flex; margin-bottom: 10px; align-items: center;\"><div class=\"post-thumbnail\" style=\"margin-right: 15px;\"><a href=\"https:\/\/atauni.edu.tr\/pasinler-meslek-yuksekokulu\/2026\/02\/04\/akademik-personelimizden-guvenli-izolasyon-koltugu-projesi-ile-patent-basvurusu\/\"><img loading=\"lazy\" decoding=\"async\" width=\"150\" height=\"150\" src=\"https:\/\/atauni.edu.tr\/pasinler-meslek-yuksekokulu\/wp-content\/uploads\/sites\/444\/2026\/02\/suhagokalp-150x150.jpg\" class=\"attachment-thumbnail size-thumbnail wp-post-image\" alt=\"\" srcset=\"https:\/\/atauni.edu.tr\/pasinler-meslek-yuksekokulu\/wp-content\/uploads\/sites\/444\/2026\/02\/suhagokalp-150x150.jpg 150w, https:\/\/atauni.edu.tr\/pasinler-meslek-yuksekokulu\/wp-content\/uploads\/sites\/444\/2026\/02\/suhagokalp-300x300.jpg 300w, https:\/\/atauni.edu.tr\/pasinler-meslek-yuksekokulu\/wp-content\/uploads\/sites\/444\/2026\/02\/suhagokalp-1024x1024.jpg 1024w, https:\/\/atauni.edu.tr\/pasinler-meslek-yuksekokulu\/wp-content\/uploads\/sites\/444\/2026\/02\/suhagokalp-768x768.jpg 768w, https:\/\/atauni.edu.tr\/pasinler-meslek-yuksekokulu\/wp-content\/uploads\/sites\/444\/2026\/02\/suhagokalp-600x600.jpg 600w, https:\/\/atauni.edu.tr\/pasinler-meslek-yuksekokulu\/wp-content\/uploads\/sites\/444\/2026\/02\/suhagokalp-560x560.jpg 560w, https:\/\/atauni.edu.tr\/pasinler-meslek-yuksekokulu\/wp-content\/uploads\/sites\/444\/2026\/02\/suhagokalp.jpg 1125w\" sizes=\"(max-width: 150px) 100vw, 150px\" \/><\/a><\/div><div class=\"post-content\" style=\"flex-grow: 1;\"><span class=\"post-date habertarih\" style=\"display: block; font-weight: bold; margin-bottom: 5px;\">4 \u015eubat 2026<\/span><a class=\"haberbaslik\" href=\"https:\/\/atauni.edu.tr\/pasinler-meslek-yuksekokulu\/2026\/02\/04\/akademik-personelimizden-guvenli-izolasyon-koltugu-projesi-ile-patent-basvurusu\/\">Akademik Personelimizden &#8220;G\u00fcvenli \u0130zolasyon Koltu\u011fu&#8221; Projesi ile Patent Ba\u015fvurusu<\/a><\/div><\/li><li style=\"display: flex; margin-bottom: 10px; align-items: center;\"><div class=\"post-thumbnail\" style=\"margin-right: 15px;\"><a href=\"https:\/\/atauni.edu.tr\/pasinler-meslek-yuksekokulu\/2026\/01\/14\/pasinler-myoda-yesil-bir-dokunus-bitki-bakimi-ve-kaktus-sukulent-atolyesi-gerceklestirildi\/\"><img loading=\"lazy\" decoding=\"async\" width=\"150\" height=\"150\" src=\"https:\/\/atauni.edu.tr\/pasinler-meslek-yuksekokulu\/wp-content\/uploads\/sites\/444\/2026\/01\/WhatsApp-Image-2026-01-14-at-14.19.53-1-150x150.jpeg\" class=\"attachment-thumbnail size-thumbnail wp-post-image\" alt=\"\" \/><\/a><\/div><div class=\"post-content\" style=\"flex-grow: 1;\"><span class=\"post-date habertarih\" style=\"display: block; font-weight: bold; margin-bottom: 5px;\">14 Ocak 2026<\/span><a class=\"haberbaslik\" href=\"https:\/\/atauni.edu.tr\/pasinler-meslek-yuksekokulu\/2026\/01\/14\/pasinler-myoda-yesil-bir-dokunus-bitki-bakimi-ve-kaktus-sukulent-atolyesi-gerceklestirildi\/\">Pasinler MYO\u2019da Ye\u015fil Bir Dokunu\u015f: Bitki Bak\u0131m\u0131 ve Kakt\u00fcs-Sukulent At\u00f6lyesi Ger\u00e7ekle\u015ftirildi<\/a><\/div><\/li><li style=\"display: flex; margin-bottom: 10px; align-items: center;\"><div class=\"post-thumbnail\" style=\"margin-right: 15px;\"><a href=\"https:\/\/atauni.edu.tr\/pasinler-meslek-yuksekokulu\/2026\/01\/12\/pasinlerde-egitim-ve-sanayi-is-birligi-tobb-yok-protokolu-yurutme-kurulu-toplantisi-gerceklestirildi\/\"><img loading=\"lazy\" decoding=\"async\" width=\"150\" height=\"150\" src=\"https:\/\/atauni.edu.tr\/pasinler-meslek-yuksekokulu\/wp-content\/uploads\/sites\/444\/2026\/01\/WhatsApp-Image-2026-01-12-at-23.09.26-150x150.jpeg\" class=\"attachment-thumbnail size-thumbnail wp-post-image\" alt=\"\" \/><\/a><\/div><div class=\"post-content\" style=\"flex-grow: 1;\"><span class=\"post-date habertarih\" style=\"display: block; font-weight: bold; margin-bottom: 5px;\">12 Ocak 2026<\/span><a class=\"haberbaslik\" href=\"https:\/\/atauni.edu.tr\/pasinler-meslek-yuksekokulu\/2026\/01\/12\/pasinlerde-egitim-ve-sanayi-is-birligi-tobb-yok-protokolu-yurutme-kurulu-toplantisi-gerceklestirildi\/\">Pasinler\u2019de E\u011fitim ve Sanayi \u0130\u015f Birli\u011fi: TOBB-Y\u00d6K Protokol\u00fc Y\u00fcr\u00fctme Kurulu Toplant\u0131s\u0131 Ger\u00e7ekle\u015ftirildi<\/a><\/div><\/li><li style=\"display: flex; margin-bottom: 10px; align-items: center;\"><div class=\"post-thumbnail\" style=\"margin-right: 15px;\"><a href=\"https:\/\/atauni.edu.tr\/pasinler-meslek-yuksekokulu\/2026\/01\/11\/genc-sefler-pizza-atolyesinde-bulustu-lezzet-ve-eglence-bir-arada\/\"><img loading=\"lazy\" decoding=\"async\" width=\"150\" height=\"150\" src=\"https:\/\/atauni.edu.tr\/pasinler-meslek-yuksekokulu\/wp-content\/uploads\/sites\/444\/2026\/01\/WhatsApp-Image-2026-01-11-at-10.44.46-2-150x150.jpeg\" class=\"attachment-thumbnail size-thumbnail wp-post-image\" alt=\"\" \/><\/a><\/div><div class=\"post-content\" style=\"flex-grow: 1;\"><span class=\"post-date habertarih\" style=\"display: block; font-weight: bold; margin-bottom: 5px;\">11 Ocak 2026<\/span><a class=\"haberbaslik\" href=\"https:\/\/atauni.edu.tr\/pasinler-meslek-yuksekokulu\/2026\/01\/11\/genc-sefler-pizza-atolyesinde-bulustu-lezzet-ve-eglence-bir-arada\/\">Gen\u00e7 \u015eefler Pizza At\u00f6lyesinde Bulu\u015ftu: Lezzet ve E\u011flence Bir Arada!<\/a><\/div><\/li><li style=\"display: flex; margin-bottom: 10px; align-items: center;\"><div class=\"post-content\" style=\"flex-grow: 1;\"><span class=\"post-date habertarih\" style=\"display: block; font-weight: bold; margin-bottom: 5px;\">25 Aral\u0131k 2025<\/span><a class=\"haberbaslik\" href=\"https:\/\/atauni.edu.tr\/pasinler-meslek-yuksekokulu\/2025\/12\/25\/pasinler-myoda-dr-hamit-cakicidan-onemli-deprem-semineri\/\">Pasinler MYO\u2019da Dr. Hamit \u00c7ak\u0131c\u0131\u2019dan \u00d6nemli Deprem Semineri<\/a><\/div><\/li><\/ul><nav class=\"pagination\" style=\"margin-top: 20px;\"><ul class='page-numbers'>\n\t<li><span aria-current=\"page\" class=\"page-numbers current\">1<\/span><\/li>\n\t<li><a class=\"page-numbers\" href=\"https:\/\/atauni.edu.tr\/pasinler-meslek-yuksekokulu\/wp-json\/wp\/v2\/pages\/8223\/page\/2\/\">2<\/a><\/li>\n\t<li><a class=\"page-numbers\" href=\"https:\/\/atauni.edu.tr\/pasinler-meslek-yuksekokulu\/wp-json\/wp\/v2\/pages\/8223\/page\/3\/\">3<\/a><\/li>\n\t<li><span class=\"page-numbers dots\">&hellip;<\/span><\/li>\n\t<li><a class=\"page-numbers\" href=\"https:\/\/atauni.edu.tr\/pasinler-meslek-yuksekokulu\/wp-json\/wp\/v2\/pages\/8223\/page\/5\/\">5<\/a><\/li>\n\t<li><a class=\"next page-numbers\" href=\"https:\/\/atauni.edu.tr\/pasinler-meslek-yuksekokulu\/wp-json\/wp\/v2\/pages\/8223\/page\/2\/\">Sonraki &raquo;<\/a><\/li>\n<\/ul>\n<\/nav>\n\n\n\n<p><\/p>\n","protected":false},"excerpt":{"rendered":"","protected":false},"author":1,"featured_media":0,"parent":0,"menu_order":0,"comment_status":"closed","ping_status":"closed","template":"","meta":{"footnotes":""},"class_list":["post-8223","page","type-page","status-publish","hentry"],"_links":{"self":[{"href":"https:\/\/atauni.edu.tr\/pasinler-meslek-yuksekokulu\/wp-json\/wp\/v2\/pages\/8223","targetHints":{"allow":["GET"]}}],"collection":[{"href":"https:\/\/atauni.edu.tr\/pasinler-meslek-yuksekokulu\/wp-json\/wp\/v2\/pages"}],"about":[{"href":"https:\/\/atauni.edu.tr\/pasinler-meslek-yuksekokulu\/wp-json\/wp\/v2\/types\/page"}],"author":[{"embeddable":true,"href":"https:\/\/atauni.edu.tr\/pasinler-meslek-yuksekokulu\/wp-json\/wp\/v2\/users\/1"}],"replies":[{"embeddable":true,"href":"https:\/\/atauni.edu.tr\/pasinler-meslek-yuksekokulu\/wp-json\/wp\/v2\/comments?post=8223"}],"version-history":[{"count":1,"href":"https:\/\/atauni.edu.tr\/pasinler-meslek-yuksekokulu\/wp-json\/wp\/v2\/pages\/8223\/revisions"}],"predecessor-version":[{"id":8226,"href":"https:\/\/atauni.edu.tr\/pasinler-meslek-yuksekokulu\/wp-json\/wp\/v2\/pages\/8223\/revisions\/8226"}],"wp:attachment":[{"href":"https:\/\/atauni.edu.tr\/pasinler-meslek-yuksekokulu\/wp-json\/wp\/v2\/media?parent=8223"}],"curies":[{"name":"wp","href":"https:\/\/api.w.org\/{rel}","templated":true}]}}