{"id":5638,"date":"2021-07-13T09:49:25","date_gmt":"2021-07-13T06:49:25","guid":{"rendered":"https:\/\/portaltest.atauni.edu.tr\/bilgisayar-muhendisligi\/?page_id=5638"},"modified":"2024-02-01T17:17:44","modified_gmt":"2024-02-01T14:17:44","slug":"tarihce","status":"publish","type":"page","link":"https:\/\/atauni.edu.tr\/patoloji-anabilim-dali\/tarihce\/","title":{"rendered":"Tarih\u00e7e"},"content":{"rendered":"\t\t<div data-elementor-type=\"wp-page\" data-elementor-id=\"5638\" class=\"elementor elementor-5638\" data-elementor-post-type=\"page\">\n\t\t\t\t\t\t<section class=\"elementor-section elementor-top-section elementor-element elementor-element-730d320 elementor-section-boxed elementor-section-height-default elementor-section-height-default\" data-id=\"730d320\" data-element_type=\"section\">\n\t\t\t\t\t\t<div class=\"elementor-container elementor-column-gap-default\">\n\t\t\t\t\t<div class=\"elementor-column elementor-col-100 elementor-top-column elementor-element elementor-element-753d0860\" data-id=\"753d0860\" data-element_type=\"column\">\n\t\t\t<div class=\"elementor-widget-wrap\">\n\t\t\t\t\t\t\t<\/div>\n\t\t<\/div>\n\t\t\t\t\t<\/div>\n\t\t<\/section>\n\t\t\t\t<section class=\"elementor-section elementor-top-section elementor-element elementor-element-9be811a elementor-section-boxed elementor-section-height-default elementor-section-height-default\" data-id=\"9be811a\" data-element_type=\"section\">\n\t\t\t\t\t\t<div class=\"elementor-container elementor-column-gap-default\">\n\t\t\t\t\t<div class=\"elementor-column elementor-col-100 elementor-top-column elementor-element elementor-element-1ed847b7\" data-id=\"1ed847b7\" data-element_type=\"column\">\n\t\t\t<div class=\"elementor-widget-wrap elementor-element-populated\">\n\t\t\t\t\t\t<div class=\"elementor-element elementor-element-4ce0d07f elementor-widget elementor-widget-heading\" data-id=\"4ce0d07f\" data-element_type=\"widget\" data-widget_type=\"heading.default\">\n\t\t\t\t<div class=\"elementor-widget-container\">\n\t\t\t\t\t<h2 class=\"elementor-heading-title elementor-size-default\">Tarih\u00e7e<\/h2>\t\t\t\t<\/div>\n\t\t\t\t<\/div>\n\t\t\t\t<div class=\"elementor-element elementor-element-63260862 elementor-widget-divider--view-line elementor-widget elementor-widget-divider\" data-id=\"63260862\" data-element_type=\"widget\" data-widget_type=\"divider.default\">\n\t\t\t\t<div class=\"elementor-widget-container\">\n\t\t\t\t\t\t\t<div class=\"elementor-divider\">\n\t\t\t<span class=\"elementor-divider-separator\">\n\t\t\t\t\t\t<\/span>\n\t\t<\/div>\n\t\t\t\t\t\t<\/div>\n\t\t\t\t<\/div>\n\t\t\t\t\t<\/div>\n\t\t<\/div>\n\t\t\t\t\t<\/div>\n\t\t<\/section>\n\t\t\t\t<section class=\"elementor-section elementor-top-section elementor-element elementor-element-681db8b elementor-section-boxed elementor-section-height-default elementor-section-height-default\" data-id=\"681db8b\" data-element_type=\"section\">\n\t\t\t\t\t\t<div class=\"elementor-container elementor-column-gap-default\">\n\t\t\t\t\t<div class=\"elementor-column elementor-col-100 elementor-top-column elementor-element elementor-element-ad4dac5\" data-id=\"ad4dac5\" data-element_type=\"column\">\n\t\t\t<div class=\"elementor-widget-wrap elementor-element-populated\">\n\t\t\t\t\t\t<div class=\"elementor-element elementor-element-2f96b3d elementor-widget elementor-widget-text-editor\" data-id=\"2f96b3d\" data-element_type=\"widget\" data-widget_type=\"text-editor.default\">\n\t\t\t\t<div class=\"elementor-widget-container\">\n\t\t\t\t\t\t\t\t\t<p>Veteriner Patolojisi Anabilim Dal\u0131m\u0131z, 30 May\u0131s 1997 tarihinde Atat\u00fcrk \u00dcniversitesi Veteriner Fak\u00fcltesi b\u00fcnyesinde kuruldu. Anabilim Dal\u0131 Ba\u015fkanl\u0131\u011f\u0131 g\u00f6revini Prof. Dr. Serkan YILDIRIM y\u00fcr\u00fctmektedir.<\/p><p>Anabilim Dal\u0131m\u0131zda Prof. Dr. Yavuz Selim SA\u011eLAM, Prof. Dr. K\u00fcbra Asena TER\u0130M KAPAK\u0130N, Prof. Dr. Serkan YILDIRIM, Do\u00e7. Dr. Serdar ALTUN, Do\u00e7. Dr. Selim \u00c7OMAKLI, Dr. \u00d6\u011fr. \u0130smail BOLAT ve Ar\u015f. G\u00f6r. Metin K\u0130L\u0130\u00c7L\u0130O\u011eLU g\u00f6rev yapmaktad\u0131r. Anabilim Dal\u0131m\u0131z 13 doktora ve 4 y\u00fcksek lisans \u00f6\u011frencisi ile e\u011fitim, ara\u015ft\u0131rma ve uygulama faaliyetlerini s\u00fcrd\u00fcrmektedir.<\/p><p>Atat\u00fcrk \u00dcniversitesi Veteriner Fak\u00fcltesi 30\/05\/1997 tarih ve 97\/9535 say\u0131l\u0131 Bakanlar Kurulu Kararnamesiyle ERZURUM da kurulmu\u015f olup, 04 A\u011fustos 1999 tarihinde de\u00a0 Fak\u00fclte Dekan\u0131 atanarak kurulu\u015f \u00e7al\u0131\u015fmalar\u0131na ba\u015flam\u0131\u015ft\u0131r. Y\u00fcksek\u00f6\u011fretim Kurulu Ba\u015fkanl\u0131\u011f\u0131n\u0131n 25\/01\/2000 tarihli Y\u00fcr\u00fctme Kurulu toplant\u0131s\u0131nda 2547 say\u0131l\u0131 Kanun\u2019un 2880 say\u0131l\u0131 Kanun\u2019la de\u011fi\u015fik 7\/d-2 maddesi uyar\u0131nca 3 B\u00f6l\u00fcm, 19 Anabilim Dal\u0131 kurulmas\u0131 uygun g\u00f6r\u00fclm\u00fc\u015ft\u00fcr.\u00a0 30 Haziran 2000 tarihinde Dr. Yavuz Selim SA\u011eLAM\u2019\u0131n Yard\u0131mc\u0131 Do\u00e7ent kadrosuna ve 01.09 2000 tarihinde de anabilim dal\u0131 ba\u015fkanl\u0131\u011f\u0131na atanmas\u0131 ile Atat\u00fcrk \u00dcniversitesi Veteriner Fak\u00fcltesi Patoloji Anabilim Dal\u0131 kurulmu\u015ftur. Anabilim dal\u0131nda 18.05.2000 tarihinde Ara\u015ft\u0131rma G\u00f6revlisi olarak g\u00f6reve ba\u015flayan K\u00fcbra Asena Terim KAPAK\u0130N\u2019in kadro aktar\u0131m\u0131 doktora e\u011fitimi i\u00e7in Ankara \u00dcniversitesi Rekt\u00f6rl\u00fc\u011f\u00fc\u2019ne yap\u0131lm\u0131\u015ft\u0131r.\u00a0 Yrd. Do\u00e7. Dr. Yavuz Selim SA\u011eLAM, 20 Nisan\u00a0 2004 tarihinde Veteriner Patoloji\u00a0 bilim alan\u0131nda\u00a0 \u201c\u00dcniversite Do\u00e7enti\u201d unvan\u0131 alm\u0131\u015ft\u0131r. Kurulu\u015f y\u0131llar\u0131nda uzun s\u00fcre e\u011fitim, \u00f6\u011fretim ve te\u015fhis hizmetlerini tek ba\u015f\u0131na y\u00fcr\u00fcten SA\u011eLAM,\u00a0 anabilim dal\u0131 dersleri (Patoloji-I, Patoloji-II ve Patoloji-III, Olgunla\u015fma E\u011fitimi- Patoloji) ile birlikte di\u011fer baz\u0131 dersleri\u00a0 (Veteriner Epidemiyoloji,\u00a0 Kanatl\u0131 Hayvan Hastal\u0131klar\u0131, Su \u00dcr\u00fcnleri ve Hastal\u0131klar\u0131, Ar\u0131 Hastal\u0131klar\u0131 ile Veteriner Hekimlik Mevzuat\u0131 Dersini)\u00a0 vermi\u015ftir.<\/p><p>Fak\u00fcltemiz e\u011fitim-\u00f6\u011fretime ba\u015flad\u0131\u011f\u0131 2000-2001 \u00f6\u011fretim y\u0131l\u0131ndan bug\u00fcne kadar birka\u00e7 fark yer ve binada faaliyet g\u00f6sterdi\u011finden anabilim dal\u0131n\u0131n tan\u0131 ve uygulama laboratuvarlar\u0131 da s\u00fcrekli ta\u015f\u0131nm\u0131\u015ft\u0131r. \u00d6nce Yakutiye il\u00e7esi Sanayi kav\u015fa\u011f\u0131nda yer alan fak\u00fcltemiz, 31.07.2002 tarihinde Il\u0131ca\u2019ya, 15.08.2009 tarihinde ise merkez kamp\u00fcsteki \u00f6nceki binas\u0131na, son olarak ta 2015 y\u0131l\u0131nda mevcut binas\u0131na ta\u015f\u0131nm\u0131\u015ft\u0131r. 20.11. 2006 tarihinde K\u00fcbra Asena Terim KAPAK\u0130N doktora e\u011fitimini tamamlay\u0131p Erzurum\u2019a d\u00f6nm\u00fc\u015f ve 03.12. 2007 tarihinde yard\u0131mc\u0131 do\u00e7ent kadrosuna atanm\u0131\u015ft\u0131r. Bu tarihten sonra anabilim dal\u0131 dersleri kadrolu iki \u00f6\u011fretim \u00fcyesi taraf\u0131ndan verilmi\u015ftir.<\/p><p>Fak\u00fcltenin kurulu\u015funda Hastal\u0131klar ve Klinik Bilimler B\u00f6l\u00fcm ba\u015fkanl\u0131\u011f\u0131 b\u00fcnyesinde faaliyet g\u00f6steren anabilim dal\u0131,\u00a0 13.04.2007 tarihinde yeni kurulan ve 04 May\u0131s 2007 tarihinde de B\u00f6l\u00fcm Ba\u015fkanl\u0131\u011f\u0131na atamas\u0131 ile olu\u015fturulan Klinik \u00d6ncesi Bilimler B\u00f6l\u00fcm Ba\u015fkanl\u0131\u011f\u0131 b\u00fcnyesinde yer alm\u0131\u015ft\u0131r. 03 Eyl\u00fcl 2009 tarihinde Do\u00e7. Dr. Yavuz Selim SA\u011eLAM Atat\u00fcrk \u00dcniversitesi Rekt\u00f6rl\u00fc\u011f\u00fc makam\u0131nca Profes\u00f6r kadrosuna atanm\u0131\u015f ve anabilim dal\u0131ndaki g\u00f6revini s\u00fcrd\u00fcrm\u00fc\u015ft\u00fcr. 10.05.2010 tarihinde Patoloji anabilim dal\u0131 Yard\u0131mc\u0131\u00a0 Do\u00e7ent kadrosuna\u00a0 naklen atanan ve 10.09.2012 tarihinde de\u00a0 Do\u00e7ent kadrosuna atanan Ertan ORU\u00c7\u00a0 10.08.2017 tarihinde Sel\u00e7uk \u00dcniversitesi Veteriner Fak\u00fcltesine naklen atanmas\u0131 ile anabilim dal\u0131m\u0131zdaki g\u00f6revinden ayr\u0131lm\u0131\u015ft\u0131r.\u00a0 27.01.2014 tarihinde K\u00fcbra Asena TER\u0130M KAPAK\u0130N Do\u00e7ent kadrosuna, 19.12.2018 tarihinde Profes\u00f6r kadrosuna atanm\u0131\u015ft\u0131r. Prof. Dr. Yavuz Selim SA\u011eLAM i\u015flerinin yo\u011funlu\u011fu nedeniyle anabilim dal\u0131 ba\u015fkanl\u0131\u011f\u0131 g\u00f6revinden 04.07.2019 tarihinde ayr\u0131lm\u0131\u015f ve bu g\u00f6reve 17.09.2019 tarihinde Prof. Dr. K\u00fcbra Asena TER\u0130M KAPAK\u0130N atanm\u0131\u015ft\u0131r. 15.07.2010 tarihinde Serdar ALTUN, 14.03.2014 tarihinde Selim \u00c7OMAKLI,\u00a0 Ara\u015ft\u0131rma G\u00f6revlisi olarak g\u00f6reve ba\u015flam\u0131\u015ft\u0131r.\u00a0 11.04.2014 tarihinde ise, Dr. Mustafa \u00d6ZKARACA anabilim dal\u0131m\u0131zda Yard\u0131mc\u0131 Do\u00e7ent olarak g\u00f6reve ba\u015flam\u0131\u015ft\u0131r. 17.12.2015 tarihinde de Yard. Do\u00e7. Dr. Serkan YILDIRIM Y\u00fcz\u00fcnc\u00fc Y\u0131l \u00dcniversitesi Rekt\u00f6rl\u00fc\u011f\u00fc\u2019nden naklen anabilim dal\u0131 ba\u015fkanl\u0131\u011f\u0131m\u0131za atanm\u0131\u015ft\u0131r.\u00a0 30.05.2016 tarihinde Serdar ALTUN Yard. Do\u00e7. Dr. kadrosuna atanm\u0131\u015ft\u0131r.\u00a0\u00a0\u00a0 27.09.2017 tarihinde Selim \u00c7OMAKLI Yrd. Do\u00e7. Dr. kadrosuna atanm\u0131\u015ft\u0131r.\u00a0 31.10.2018 tarihinde Mustafa \u00d6ZKARACA, 07.12.2018 tarihinde Serkan YILDIRIM ve 09.12.2019 tarihinde Serdar ALTUN Do\u00e7ent kadrolar\u0131na atanm\u0131\u015flard\u0131r.\u00a0 11.04.2019 tarihinde \u0130smail BOLAT anabilim dal\u0131na Ara\u015ft\u0131rma G\u00f6revlisi olarak atanm\u0131\u015f ve g\u00f6reve ba\u015flam\u0131\u015ft\u0131r. 01.09.2022 tarihinde Metin K\u0130L\u0130\u00c7L\u0130O\u011eLU anabilim dal\u0131na Ara\u015ft\u0131rma G\u00f6revlisi olarak atanm\u0131\u015f ve g\u00f6reve ba\u015flam\u0131\u015ft\u0131r<\/p>\t\t\t\t\t\t\t\t<\/div>\n\t\t\t\t<\/div>\n\t\t\t\t\t<\/div>\n\t\t<\/div>\n\t\t\t\t\t<\/div>\n\t\t<\/section>\n\t\t\t\t<\/div>\n\t\t","protected":false},"excerpt":{"rendered":"<p>Tarih\u00e7e Veteriner Patolojisi Anabilim Dal\u0131m\u0131z, 30 May\u0131s 1997 tarihinde Atat\u00fcrk \u00dcniversitesi Veteriner Fak\u00fcltesi b\u00fcnyesinde kuruldu. Anabilim Dal\u0131 Ba\u015fkanl\u0131\u011f\u0131 g\u00f6revini Prof. Dr. Serkan YILDIRIM y\u00fcr\u00fctmektedir. Anabilim Dal\u0131m\u0131zda Prof. Dr. Yavuz Selim SA\u011eLAM, Prof. Dr. K\u00fcbra Asena TER\u0130M KAPAK\u0130N, Prof. Dr. Serkan YILDIRIM, Do\u00e7. Dr. Serdar ALTUN, Do\u00e7. Dr. Selim \u00c7OMAKLI, Dr. \u00d6\u011fr. \u0130smail BOLAT ve Ar\u015f. [&hellip;]<\/p>\n","protected":false},"author":1,"featured_media":0,"parent":0,"menu_order":0,"comment_status":"closed","ping_status":"closed","template":"","meta":{"footnotes":""},"class_list":["post-5638","page","type-page","status-publish","hentry"],"_links":{"self":[{"href":"https:\/\/atauni.edu.tr\/patoloji-anabilim-dali\/wp-json\/wp\/v2\/pages\/5638","targetHints":{"allow":["GET"]}}],"collection":[{"href":"https:\/\/atauni.edu.tr\/patoloji-anabilim-dali\/wp-json\/wp\/v2\/pages"}],"about":[{"href":"https:\/\/atauni.edu.tr\/patoloji-anabilim-dali\/wp-json\/wp\/v2\/types\/page"}],"author":[{"embeddable":true,"href":"https:\/\/atauni.edu.tr\/patoloji-anabilim-dali\/wp-json\/wp\/v2\/users\/1"}],"replies":[{"embeddable":true,"href":"https:\/\/atauni.edu.tr\/patoloji-anabilim-dali\/wp-json\/wp\/v2\/comments?post=5638"}],"version-history":[{"count":25,"href":"https:\/\/atauni.edu.tr\/patoloji-anabilim-dali\/wp-json\/wp\/v2\/pages\/5638\/revisions"}],"predecessor-version":[{"id":6213,"href":"https:\/\/atauni.edu.tr\/patoloji-anabilim-dali\/wp-json\/wp\/v2\/pages\/5638\/revisions\/6213"}],"wp:attachment":[{"href":"https:\/\/atauni.edu.tr\/patoloji-anabilim-dali\/wp-json\/wp\/v2\/media?parent=5638"}],"curies":[{"name":"wp","href":"https:\/\/api.w.org\/{rel}","templated":true}]}}