{"id":5682,"date":"2021-07-13T10:10:01","date_gmt":"2021-07-13T07:10:01","guid":{"rendered":"https:\/\/portaltest.atauni.edu.tr\/bilgisayar-muhendisligi\/?page_id=5682"},"modified":"2024-02-01T17:18:16","modified_gmt":"2024-02-01T14:18:16","slug":"misyon-vizyon-ve-temel-degerler","status":"publish","type":"page","link":"https:\/\/atauni.edu.tr\/patoloji-anabilim-dali\/misyon-vizyon-ve-temel-degerler\/","title":{"rendered":"Misyon, Vizyon ve Temel De\u011ferler"},"content":{"rendered":"\t\t<div data-elementor-type=\"wp-page\" data-elementor-id=\"5682\" class=\"elementor elementor-5682\" data-elementor-post-type=\"page\">\n\t\t\t\t\t\t<section class=\"elementor-section elementor-top-section elementor-element elementor-element-730d320 elementor-section-boxed elementor-section-height-default elementor-section-height-default\" data-id=\"730d320\" data-element_type=\"section\">\n\t\t\t\t\t\t<div class=\"elementor-container elementor-column-gap-default\">\n\t\t\t\t\t<div class=\"elementor-column elementor-col-100 elementor-top-column elementor-element elementor-element-753d0860\" data-id=\"753d0860\" data-element_type=\"column\">\n\t\t\t<div class=\"elementor-widget-wrap\">\n\t\t\t\t\t\t\t<\/div>\n\t\t<\/div>\n\t\t\t\t\t<\/div>\n\t\t<\/section>\n\t\t\t\t<section class=\"elementor-section elementor-top-section elementor-element elementor-element-9be811a elementor-section-boxed elementor-section-height-default elementor-section-height-default\" data-id=\"9be811a\" data-element_type=\"section\">\n\t\t\t\t\t\t<div class=\"elementor-container elementor-column-gap-default\">\n\t\t\t\t\t<div class=\"elementor-column elementor-col-100 elementor-top-column elementor-element elementor-element-1ed847b7\" data-id=\"1ed847b7\" data-element_type=\"column\">\n\t\t\t<div class=\"elementor-widget-wrap elementor-element-populated\">\n\t\t\t\t\t\t<div class=\"elementor-element elementor-element-4ce0d07f elementor-widget elementor-widget-heading\" data-id=\"4ce0d07f\" data-element_type=\"widget\" data-widget_type=\"heading.default\">\n\t\t\t\t<div class=\"elementor-widget-container\">\n\t\t\t\t\t<h2 class=\"elementor-heading-title elementor-size-default\">Misyon, Vizyon ve Temel De\u011ferler<\/h2>\t\t\t\t<\/div>\n\t\t\t\t<\/div>\n\t\t\t\t<div class=\"elementor-element elementor-element-63260862 elementor-widget-divider--view-line elementor-widget elementor-widget-divider\" data-id=\"63260862\" data-element_type=\"widget\" data-widget_type=\"divider.default\">\n\t\t\t\t<div class=\"elementor-widget-container\">\n\t\t\t\t\t\t\t<div class=\"elementor-divider\">\n\t\t\t<span class=\"elementor-divider-separator\">\n\t\t\t\t\t\t<\/span>\n\t\t<\/div>\n\t\t\t\t\t\t<\/div>\n\t\t\t\t<\/div>\n\t\t\t\t\t<\/div>\n\t\t<\/div>\n\t\t\t\t\t<\/div>\n\t\t<\/section>\n\t\t\t\t<section class=\"elementor-section elementor-top-section elementor-element elementor-element-681db8b elementor-section-boxed elementor-section-height-default elementor-section-height-default\" data-id=\"681db8b\" data-element_type=\"section\">\n\t\t\t\t\t\t<div class=\"elementor-container elementor-column-gap-default\">\n\t\t\t\t\t<div class=\"elementor-column elementor-col-100 elementor-top-column elementor-element elementor-element-ad4dac5\" data-id=\"ad4dac5\" data-element_type=\"column\">\n\t\t\t<div class=\"elementor-widget-wrap elementor-element-populated\">\n\t\t\t\t\t\t<div class=\"elementor-element elementor-element-2f96b3d elementor-widget elementor-widget-text-editor\" data-id=\"2f96b3d\" data-element_type=\"widget\" data-widget_type=\"text-editor.default\">\n\t\t\t\t<div class=\"elementor-widget-container\">\n\t\t\t\t\t\t\t\t\t<div><p>\u00c7a\u011fda\u015f e\u011fitim prensipleriyle, ara\u015ft\u0131rmac\u0131, yenilik\u00e7i ve bulunduklar\u0131 ortamda en y\u00fcksek veteriner hekimli\u011fi standartlar\u0131n\u0131 kullanabilen, hayvan sa\u011fl\u0131\u011f\u0131 ile ilgili konularda \u00fclkemizin gereksinimlerinin bilincinde olan, bu y\u00f6nde kendini geli\u015ftirebilen Veteriner Hekimler yeti\u015ftirmektir. Patoloji anabilim dal\u0131 Atat\u00fcrk \u00dcniversitesi Veteriner Fak\u00fcltesi b\u00fcnyesinde faaliyet g\u00f6steren t\u00fcm b\u00f6l\u00fcmlerle s\u0131k\u0131 s\u0131k\u0131ya ba\u011flant\u0131l\u0131, fak\u00fclte b\u00fcnyesinde hizmet veren Hayvan Hastanesinin ihtiya\u00e7 duydu\u011fu tan\u0131 ve te\u015fhis hizmetlerinin daha etkin ve h\u0131zl\u0131 bir \u015fekilde sa\u011flanmas\u0131 ama\u00e7lamaktad\u0131r. Tan\u0131 konulmas\u0131 amac\u0131yla kliniklerden g\u00f6nderilen gerek hayvan gerekse biyopsi materyalinin \u00f6n incelemelerinin yap\u0131lmas\u0131, bir sonraki a\u015famalarda hangi bilim dal\u0131na ne t\u00fcr \u00f6rnek g\u00f6nderilmesi konusunda karar veren. Ayr\u0131ca, hastal\u0131klar\u0131n organlardaki lezyonsal tezah\u00fcrlerini patogenez bilgisiyle birle\u015ftiren bilim dal\u0131m\u0131z hastal\u0131klara do\u011fru tan\u0131 konabilmesi a\u00e7\u0131s\u0131ndan kilit rol oynamaktad\u0131r. Bu kapsamda yeti\u015ftirilen \u00f6\u011frencilerimize tan\u0131 koyma, hastal\u0131\u011f\u0131n gidi\u015fat\u0131n\u0131 belirlemek veya hastan\u0131n tedavisine yol g\u00f6stermek ve tedavinin etkinli\u011fini belirlemek amac\u0131yla doku \u00fczerinde farkl\u0131 inceleme y\u00f6ntemleri veya yard\u0131mc\u0131 boya y\u00f6ntemlerini kullanabilmek. Ayr\u0131ca hayvanlar\u0131n \u00f6l\u00fcm nedenlerinin ara\u015ft\u0131r\u0131l\u0131p belirlenmesi i\u00e7in \u201cnekropsi\u201d ad\u0131 alt\u0131nda incelemeler yapabilme becerilerinin kazand\u0131r\u0131lmas\u0131 ama\u00e7lanmaktad\u0131r. Birimimizde hizmet veren akademik personel ve lisans\u00fcst\u00fc \u00f6\u011frencilerimizin, hizmet sunarken risk alt\u0131nda olduklar\u0131 kimyasal maddelere ve hastal\u0131k etkenlerine maruz kalmalar\u0131n\u0131n \u00f6n\u00fcne ge\u00e7ilebilmesi konusunda \u00f6nemli tedbirler al\u0131nm\u0131\u015ft\u0131r<\/p><\/div><div><p><strong>Misyon <\/strong><\/p><ul><li>Elde etti\u011fi g\u00f6zlem ve bulgular\u0131 yorumlama, soru\u015fturma ve y\u00f6netim becerilerini vurgulayan patoloji e\u011fitimi sa\u011flamak.<\/li><li>Lisans \u00f6\u011frencileri ve asistanlara kendi kariyer yollar\u0131n\u0131 belirlemeleri, s\u00fcrd\u00fcrmeleri ve mesleki geli\u015fimlerini te\u015fvik etmeleri i\u00e7in imkanlar sa\u011flamak.<\/li><li>Asistanlar\u0131n patoloji laboratuvar\u0131 \u00e7al\u0131\u015ft\u0131rmak i\u00e7in gerekli y\u00f6netim ve kalite geli\u015ftirme becerilerini sa\u011flamak.<\/li><li>Asistanlar\u0131n bilimsel literat\u00fcre hakim olmalar\u0131n\u0131 sa\u011flamak ve bu kaynaklardan elde ettikleri bilgilerin uygulamalar\u0131n\u0131 patolojik uygulamalara dahil edilmesi konusunda e\u011fitmek.<\/li><li>Asistanlar\u0131, meslekta\u015flar\u0131 ve hizmet talep edenler ile etkili bir \u015fekilde ileti\u015fim kurmalar\u0131 i\u00e7in e\u011fitmek<\/li><\/ul><\/div>\t\t\t\t\t\t\t\t<\/div>\n\t\t\t\t<\/div>\n\t\t\t\t\t<\/div>\n\t\t<\/div>\n\t\t\t\t\t<\/div>\n\t\t<\/section>\n\t\t\t\t<\/div>\n\t\t","protected":false},"excerpt":{"rendered":"<p>Misyon, Vizyon ve Temel De\u011ferler \u00c7a\u011fda\u015f e\u011fitim prensipleriyle, ara\u015ft\u0131rmac\u0131, yenilik\u00e7i ve bulunduklar\u0131 ortamda en y\u00fcksek veteriner hekimli\u011fi standartlar\u0131n\u0131 kullanabilen, hayvan sa\u011fl\u0131\u011f\u0131 ile ilgili konularda \u00fclkemizin gereksinimlerinin bilincinde olan, bu y\u00f6nde kendini geli\u015ftirebilen Veteriner Hekimler yeti\u015ftirmektir. Patoloji anabilim dal\u0131 Atat\u00fcrk \u00dcniversitesi Veteriner Fak\u00fcltesi b\u00fcnyesinde faaliyet g\u00f6steren t\u00fcm b\u00f6l\u00fcmlerle s\u0131k\u0131 s\u0131k\u0131ya ba\u011flant\u0131l\u0131, fak\u00fclte b\u00fcnyesinde hizmet veren Hayvan [&hellip;]<\/p>\n","protected":false},"author":1,"featured_media":0,"parent":0,"menu_order":0,"comment_status":"closed","ping_status":"closed","template":"elementor_header_footer","meta":{"footnotes":""},"class_list":["post-5682","page","type-page","status-publish","hentry"],"_links":{"self":[{"href":"https:\/\/atauni.edu.tr\/patoloji-anabilim-dali\/wp-json\/wp\/v2\/pages\/5682","targetHints":{"allow":["GET"]}}],"collection":[{"href":"https:\/\/atauni.edu.tr\/patoloji-anabilim-dali\/wp-json\/wp\/v2\/pages"}],"about":[{"href":"https:\/\/atauni.edu.tr\/patoloji-anabilim-dali\/wp-json\/wp\/v2\/types\/page"}],"author":[{"embeddable":true,"href":"https:\/\/atauni.edu.tr\/patoloji-anabilim-dali\/wp-json\/wp\/v2\/users\/1"}],"replies":[{"embeddable":true,"href":"https:\/\/atauni.edu.tr\/patoloji-anabilim-dali\/wp-json\/wp\/v2\/comments?post=5682"}],"version-history":[{"count":14,"href":"https:\/\/atauni.edu.tr\/patoloji-anabilim-dali\/wp-json\/wp\/v2\/pages\/5682\/revisions"}],"predecessor-version":[{"id":6216,"href":"https:\/\/atauni.edu.tr\/patoloji-anabilim-dali\/wp-json\/wp\/v2\/pages\/5682\/revisions\/6216"}],"wp:attachment":[{"href":"https:\/\/atauni.edu.tr\/patoloji-anabilim-dali\/wp-json\/wp\/v2\/media?parent=5682"}],"curies":[{"name":"wp","href":"https:\/\/api.w.org\/{rel}","templated":true}]}}