{"id":6394,"date":"2022-12-12T09:27:20","date_gmt":"2022-12-12T06:27:20","guid":{"rendered":"https:\/\/birimler.atauni.edu.tr\/personel-daire-baskanligi\/?page_id=6394"},"modified":"2026-02-03T09:28:05","modified_gmt":"2026-02-03T06:28:05","slug":"ogretim-uyeligine-atama-kriterleri","status":"publish","type":"page","link":"https:\/\/atauni.edu.tr\/personel-daire-baskanligi\/yonergeler\/ogretim-uyeligine-atama-kriterleri\/","title":{"rendered":"\u00d6\u011fretim \u00dcyeli\u011fine Atama Kriterleri"},"content":{"rendered":"\t\t<div data-elementor-type=\"wp-page\" data-elementor-id=\"6394\" class=\"elementor elementor-6394\" data-elementor-post-type=\"page\">\n\t\t\t\t\t\t<section class=\"elementor-section elementor-top-section elementor-element elementor-element-2616aab elementor-section-boxed elementor-section-height-default elementor-section-height-default\" data-id=\"2616aab\" data-element_type=\"section\">\n\t\t\t\t\t\t<div class=\"elementor-container elementor-column-gap-default\">\n\t\t\t\t\t<div class=\"elementor-column elementor-col-100 elementor-top-column elementor-element elementor-element-8e9e23d\" data-id=\"8e9e23d\" data-element_type=\"column\">\n\t\t\t<div class=\"elementor-widget-wrap elementor-element-populated\">\n\t\t\t\t\t\t<div class=\"elementor-element elementor-element-8671ea3 elementor-widget elementor-widget-heading\" data-id=\"8671ea3\" data-element_type=\"widget\" data-widget_type=\"heading.default\">\n\t\t\t\t<div class=\"elementor-widget-container\">\n\t\t\t\t\t<h2 class=\"elementor-heading-title elementor-size-default\">\u00d6\u011fretim \u00dcyeli\u011fine Atama Kriterleri<\/h2>\t\t\t\t<\/div>\n\t\t\t\t<\/div>\n\t\t\t\t\t<\/div>\n\t\t<\/div>\n\t\t\t\t\t<\/div>\n\t\t<\/section>\n\t\t\t\t<section class=\"elementor-section elementor-top-section elementor-element elementor-element-0952bac elementor-section-boxed elementor-section-height-default elementor-section-height-default\" data-id=\"0952bac\" data-element_type=\"section\">\n\t\t\t\t\t\t<div class=\"elementor-container elementor-column-gap-default\">\n\t\t\t\t\t<div class=\"elementor-column elementor-col-50 elementor-top-column elementor-element elementor-element-ef22c86\" data-id=\"ef22c86\" data-element_type=\"column\">\n\t\t\t<div class=\"elementor-widget-wrap elementor-element-populated\">\n\t\t\t\t\t\t<div class=\"elementor-element elementor-element-248b1d4 elementor-widget elementor-widget-pdf_viewer\" data-id=\"248b1d4\" data-element_type=\"widget\" data-widget_type=\"pdf_viewer.default\">\n\t\t\t\t<div class=\"elementor-widget-container\">\n\t\t\t\t\t<iframe src=\"https:\/\/docs.google.com\/viewer?url=http:\/\/birimler.atauni.edu.tr\/personel-daire-baskanligi\/wp-content\/uploads\/sites\/219\/2025\/07\/AtamaKriterleri-UsulveEsaslari-v8-10.07.2025-Full.pdf&amp;embedded=true\" style=\"display: block; margin-left: auto; margin-right: auto; width: 640px; height: 495px;\" frameborder=\"1\" marginheight=\"0px\" marginwidth=\"0px\" allowfullscreen><\/iframe>\t\t\t\t<\/div>\n\t\t\t\t<\/div>\n\t\t\t\t\t<\/div>\n\t\t<\/div>\n\t\t\t\t<div class=\"elementor-column elementor-col-50 elementor-top-column elementor-element elementor-element-b8d4170\" data-id=\"b8d4170\" data-element_type=\"column\">\n\t\t\t<div class=\"elementor-widget-wrap elementor-element-populated\">\n\t\t\t\t\t\t<div class=\"elementor-element elementor-element-b2e219c elementor-widget elementor-widget-pdf_viewer\" data-id=\"b2e219c\" data-element_type=\"widget\" data-widget_type=\"pdf_viewer.default\">\n\t\t\t\t<div class=\"elementor-widget-container\">\n\t\t\t\t\t<iframe src=\"https:\/\/docs.google.com\/viewer?url=http:\/\/birimler.atauni.edu.tr\/personel-daire-baskanligi\/wp-content\/uploads\/sites\/219\/2025\/07\/Atatu\u0308rk-U\u0308niversitesi-O\u0308g\u0306retim-U\u0308yelig\u0306i-Kadrolarina-Bas\u0327vuru-I\u0307c\u0327in-Gerekli-Kos\u0327ullar-ve-Uygulama-Esaslari-10.07.2025.pdf&amp;embedded=true\" style=\"display: block; margin-left: auto; margin-right: auto; width: 640px; height: 495px;\" frameborder=\"1\" marginheight=\"0px\" marginwidth=\"0px\" allowfullscreen><\/iframe>\t\t\t\t<\/div>\n\t\t\t\t<\/div>\n\t\t\t\t\t<\/div>\n\t\t<\/div>\n\t\t\t\t\t<\/div>\n\t\t<\/section>\n\t\t\t\t<section class=\"elementor-section elementor-top-section elementor-element elementor-element-eab54c7 elementor-section-boxed elementor-section-height-default elementor-section-height-default\" data-id=\"eab54c7\" data-element_type=\"section\">\n\t\t\t\t\t\t<div class=\"elementor-container elementor-column-gap-default\">\n\t\t\t\t\t<div class=\"elementor-column elementor-col-50 elementor-top-column elementor-element elementor-element-21bbb18\" data-id=\"21bbb18\" data-element_type=\"column\">\n\t\t\t<div class=\"elementor-widget-wrap elementor-element-populated\">\n\t\t\t\t\t\t<div class=\"elementor-element elementor-element-6d5e44d elementor-icon-list--layout-traditional elementor-list-item-link-full_width elementor-widget elementor-widget-icon-list\" data-id=\"6d5e44d\" data-element_type=\"widget\" data-widget_type=\"icon-list.default\">\n\t\t\t\t<div class=\"elementor-widget-container\">\n\t\t\t\t\t\t\t<ul class=\"elementor-icon-list-items\">\n\t\t\t\t\t\t\t<li class=\"elementor-icon-list-item\">\n\t\t\t\t\t\t\t\t\t\t\t<a href=\"http:\/\/birimler.atauni.edu.tr\/personel-daire-baskanligi\/wp-content\/uploads\/sites\/219\/2025\/07\/AtamaKriterleri-UsulveEsaslari-v8-10.07.2025-Full.pdf\">\n\n\t\t\t\t\t\t\t\t\t\t\t\t<span class=\"elementor-icon-list-icon\">\n\t\t\t\t\t\t\t<i aria-hidden=\"true\" class=\"fas fa-link\"><\/i>\t\t\t\t\t\t<\/span>\n\t\t\t\t\t\t\t\t\t\t<span class=\"elementor-icon-list-text\">\u00d6\u011fretim \u00dcyeli\u011fine Atama Kriterleri Ocak 2024 <\/span>\n\t\t\t\t\t\t\t\t\t\t\t<\/a>\n\t\t\t\t\t\t\t\t\t<\/li>\n\t\t\t\t\t\t<\/ul>\n\t\t\t\t\t\t<\/div>\n\t\t\t\t<\/div>\n\t\t\t\t\t<\/div>\n\t\t<\/div>\n\t\t\t\t<div class=\"elementor-column elementor-col-50 elementor-top-column elementor-element elementor-element-86776f5\" data-id=\"86776f5\" data-element_type=\"column\">\n\t\t\t<div class=\"elementor-widget-wrap elementor-element-populated\">\n\t\t\t\t\t\t<div class=\"elementor-element elementor-element-4a0aab5 elementor-icon-list--layout-traditional elementor-list-item-link-full_width elementor-widget elementor-widget-icon-list\" data-id=\"4a0aab5\" data-element_type=\"widget\" data-widget_type=\"icon-list.default\">\n\t\t\t\t<div class=\"elementor-widget-container\">\n\t\t\t\t\t\t\t<ul class=\"elementor-icon-list-items\">\n\t\t\t\t\t\t\t<li class=\"elementor-icon-list-item\">\n\t\t\t\t\t\t\t\t\t\t\t<a href=\"http:\/\/birimler.atauni.edu.tr\/personel-daire-baskanligi\/wp-content\/uploads\/sites\/219\/2025\/07\/Atatu\u0308rk-U\u0308niversitesi-O\u0308g\u0306retim-U\u0308yelig\u0306i-Kadrolarina-Bas\u0327vuru-I\u0307c\u0327in-Gerekli-Kos\u0327ullar-ve-Uygulama-Esaslari-10.07.2025.pdf\">\n\n\t\t\t\t\t\t\t\t\t\t\t\t<span class=\"elementor-icon-list-icon\">\n\t\t\t\t\t\t\t<i aria-hidden=\"true\" class=\"fas fa-link\"><\/i>\t\t\t\t\t\t<\/span>\n\t\t\t\t\t\t\t\t\t\t<span class=\"elementor-icon-list-text\">\u00d6\u011fretim \u00dcyeli\u011fine Atama Kriterleri Temmuz 2025<\/span>\n\t\t\t\t\t\t\t\t\t\t\t<\/a>\n\t\t\t\t\t\t\t\t\t<\/li>\n\t\t\t\t\t\t<\/ul>\n\t\t\t\t\t\t<\/div>\n\t\t\t\t<\/div>\n\t\t\t\t\t<\/div>\n\t\t<\/div>\n\t\t\t\t\t<\/div>\n\t\t<\/section>\n\t\t\t\t<section class=\"elementor-section elementor-top-section elementor-element elementor-element-ddced94 elementor-section-boxed elementor-section-height-default elementor-section-height-default\" data-id=\"ddced94\" data-element_type=\"section\">\n\t\t\t\t\t\t<div class=\"elementor-container elementor-column-gap-default\">\n\t\t\t\t\t<div class=\"elementor-column elementor-col-50 elementor-top-column elementor-element elementor-element-ff3b4fa\" data-id=\"ff3b4fa\" data-element_type=\"column\">\n\t\t\t<div class=\"elementor-widget-wrap elementor-element-populated\">\n\t\t\t\t\t\t<div class=\"elementor-element elementor-element-bd58864 elementor-widget elementor-widget-heading\" data-id=\"bd58864\" data-element_type=\"widget\" data-widget_type=\"heading.default\">\n\t\t\t\t<div class=\"elementor-widget-container\">\n\t\t\t\t\t<h2 class=\"elementor-heading-title elementor-size-default\">(Y\u00fcksek\u00f6\u011fretim Genel Kurulunun 10.07.2025 tarihli toplant\u0131s\u0131nda uygun g\u00f6r\u00fclerek g\u00fcncellenmi\u015ftir.)<\/h2>\t\t\t\t<\/div>\n\t\t\t\t<\/div>\n\t\t\t\t<div class=\"elementor-element elementor-element-6e7b99e elementor-widget elementor-widget-text-editor\" data-id=\"6e7b99e\" data-element_type=\"widget\" data-widget_type=\"text-editor.default\">\n\t\t\t\t<div class=\"elementor-widget-container\">\n\t\t\t\t\t\t\t\t\t<p>Y\u00fcksek\u00f6\u011fretim Genel Kurulunun 10.07.2025 tarihli karar\u0131yla an\u0131lan tarih itibar\u0131yla yap\u0131lan de\u011fi\u015fiklikler:<\/p><p>a) Esaslar\u0131n F. Yabanc\u0131 Dil Puan\u0131 ba\u015fl\u0131kl\u0131 6 nc\u0131 maddesi g\u00fcncellenmi\u015ftir.<\/p><p>b) Profes\u00f6rl\u00fc\u011fe atanma kriterlerindeki 7. B\u00f6lgeden al\u0131nmas\u0131 gereken puan \u015fart\u0131 kald\u0131r\u0131lm\u0131\u015ft\u0131r.<\/p>\t\t\t\t\t\t\t\t<\/div>\n\t\t\t\t<\/div>\n\t\t\t\t\t<\/div>\n\t\t<\/div>\n\t\t\t\t<div class=\"elementor-column elementor-col-50 elementor-top-column elementor-element elementor-element-935187d\" data-id=\"935187d\" data-element_type=\"column\">\n\t\t\t<div class=\"elementor-widget-wrap elementor-element-populated\">\n\t\t\t\t\t\t<div class=\"elementor-element elementor-element-41e2009 elementor-widget elementor-widget-heading\" data-id=\"41e2009\" data-element_type=\"widget\" data-widget_type=\"heading.default\">\n\t\t\t\t<div class=\"elementor-widget-container\">\n\t\t\t\t\t<h2 class=\"elementor-heading-title elementor-size-default\">(Y\u00fcksek\u00f6\u011fretim Genel Kurulunun 10.07.2025 tarihli toplant\u0131s\u0131nda uygun g\u00f6r\u00fclerek g\u00fcncellenmi\u015ftir.)<\/h2>\t\t\t\t<\/div>\n\t\t\t\t<\/div>\n\t\t\t\t<div class=\"elementor-element elementor-element-cbe7cf8 elementor-widget elementor-widget-text-editor\" data-id=\"cbe7cf8\" data-element_type=\"widget\" data-widget_type=\"text-editor.default\">\n\t\t\t\t<div class=\"elementor-widget-container\">\n\t\t\t\t\t\t\t\t\t<p>Y\u00fcksek\u00f6\u011fretim Genel Kurulunun 10.07.2025 tarihli karar\u0131yla kabul edilen kriterlerin J. Y\u00fcr\u00fcrl\u00fck ba\u015fl\u0131kl\u0131 10. maddesine g\u00f6re:<\/p><p>a)Doktor \u00f6\u011fretim \u00fcyesi kadrolar\u0131 i\u00e7in 1 \u015eubat 2026 tarihi itibar\u0131yla y\u00fcr\u00fcrl\u00fc\u011fe girecektir.<\/p><p>b)Do\u00e7ent ve profes\u00f6r kadrolar\u0131 i\u00e7in 1 Temmuz 2027 tarihi itibar\u0131yla y\u00fcr\u00fcrl\u00fc\u011fe girecektir.<\/p><p>c)Belirtilen y\u00fcr\u00fcrl\u00fck tarihlerinden \u00f6nce bu uygulama esaslar\u0131ndaki \u015fartlar\u0131 sa\u011flayanlar zikredilen y\u00fcr\u00fcrl\u00fck s\u00fcrelerini beklemeksizin bu uygulama esaslar\u0131na g\u00f6re ba\u015fvuru yapabilirler.<\/p>\t\t\t\t\t\t\t\t<\/div>\n\t\t\t\t<\/div>\n\t\t\t\t\t<\/div>\n\t\t<\/div>\n\t\t\t\t\t<\/div>\n\t\t<\/section>\n\t\t\t\t<section class=\"elementor-section elementor-top-section elementor-element elementor-element-7129a78 elementor-section-boxed elementor-section-height-default elementor-section-height-default\" data-id=\"7129a78\" data-element_type=\"section\">\n\t\t\t\t\t\t<div class=\"elementor-container elementor-column-gap-default\">\n\t\t\t\t\t<div class=\"elementor-column elementor-col-100 elementor-top-column elementor-element elementor-element-199088e\" data-id=\"199088e\" data-element_type=\"column\">\n\t\t\t<div class=\"elementor-widget-wrap elementor-element-populated\">\n\t\t\t\t\t\t<div class=\"elementor-element elementor-element-b8c1593 elementor-widget elementor-widget-spacer\" data-id=\"b8c1593\" data-element_type=\"widget\" data-widget_type=\"spacer.default\">\n\t\t\t\t<div class=\"elementor-widget-container\">\n\t\t\t\t\t\t\t<div class=\"elementor-spacer\">\n\t\t\t<div class=\"elementor-spacer-inner\"><\/div>\n\t\t<\/div>\n\t\t\t\t\t\t<\/div>\n\t\t\t\t<\/div>\n\t\t\t\t\t<\/div>\n\t\t<\/div>\n\t\t\t\t\t<\/div>\n\t\t<\/section>\n\t\t\t\t<\/div>\n\t\t","protected":false},"excerpt":{"rendered":"<p>\u00d6\u011fretim \u00dcyeli\u011fine Atama Kriterleri \u00d6\u011fretim \u00dcyeli\u011fine Atama Kriterleri Ocak 2024 \u00d6\u011fretim \u00dcyeli\u011fine Atama Kriterleri Temmuz 2025 (Y\u00fcksek\u00f6\u011fretim Genel Kurulunun 10.07.2025 tarihli toplant\u0131s\u0131nda uygun g\u00f6r\u00fclerek g\u00fcncellenmi\u015ftir.) Y\u00fcksek\u00f6\u011fretim Genel Kurulunun 10.07.2025 tarihli karar\u0131yla an\u0131lan tarih itibar\u0131yla yap\u0131lan de\u011fi\u015fiklikler: a) Esaslar\u0131n F. Yabanc\u0131 Dil Puan\u0131 ba\u015fl\u0131kl\u0131 6 nc\u0131 maddesi g\u00fcncellenmi\u015ftir. b) Profes\u00f6rl\u00fc\u011fe atanma kriterlerindeki 7. B\u00f6lgeden al\u0131nmas\u0131 gereken [&hellip;]<\/p>\n","protected":false},"author":297,"featured_media":0,"parent":6187,"menu_order":0,"comment_status":"closed","ping_status":"closed","template":"","meta":{"footnotes":""},"class_list":["post-6394","page","type-page","status-publish","hentry"],"_links":{"self":[{"href":"https:\/\/atauni.edu.tr\/personel-daire-baskanligi\/wp-json\/wp\/v2\/pages\/6394","targetHints":{"allow":["GET"]}}],"collection":[{"href":"https:\/\/atauni.edu.tr\/personel-daire-baskanligi\/wp-json\/wp\/v2\/pages"}],"about":[{"href":"https:\/\/atauni.edu.tr\/personel-daire-baskanligi\/wp-json\/wp\/v2\/types\/page"}],"author":[{"embeddable":true,"href":"https:\/\/atauni.edu.tr\/personel-daire-baskanligi\/wp-json\/wp\/v2\/users\/297"}],"replies":[{"embeddable":true,"href":"https:\/\/atauni.edu.tr\/personel-daire-baskanligi\/wp-json\/wp\/v2\/comments?post=6394"}],"version-history":[{"count":83,"href":"https:\/\/atauni.edu.tr\/personel-daire-baskanligi\/wp-json\/wp\/v2\/pages\/6394\/revisions"}],"predecessor-version":[{"id":7076,"href":"https:\/\/atauni.edu.tr\/personel-daire-baskanligi\/wp-json\/wp\/v2\/pages\/6394\/revisions\/7076"}],"up":[{"embeddable":true,"href":"https:\/\/atauni.edu.tr\/personel-daire-baskanligi\/wp-json\/wp\/v2\/pages\/6187"}],"wp:attachment":[{"href":"https:\/\/atauni.edu.tr\/personel-daire-baskanligi\/wp-json\/wp\/v2\/media?parent=6394"}],"curies":[{"name":"wp","href":"https:\/\/api.w.org\/{rel}","templated":true}]}}