{"id":6410,"date":"2022-12-12T10:10:12","date_gmt":"2022-12-12T07:10:12","guid":{"rendered":"https:\/\/birimler.atauni.edu.tr\/personel-daire-baskanligi\/?page_id=6410"},"modified":"2025-02-10T14:37:01","modified_gmt":"2025-02-10T11:37:01","slug":"ataturk-universitesi-yurticinde-ve-yurtdisinda-uzun-ve-kisa-sureli-gorevlendirmelere-iliskin-uygulama-esaslari-2","status":"publish","type":"page","link":"https:\/\/atauni.edu.tr\/personel-daire-baskanligi\/yonergeler\/ataturk-universitesi-yurticinde-ve-yurtdisinda-uzun-ve-kisa-sureli-gorevlendirmelere-iliskin-uygulama-esaslari-2\/","title":{"rendered":"Atat\u00fcrk \u00dcniversitesi Yurt \u0130\u00e7inde ve Yurt D\u0131\u015f\u0131nda Uzun ve K\u0131sa S\u00fcreli G\u00f6revlendirmelere \u0130li\u015fkin Uygulama Esaslar\u0131"},"content":{"rendered":"\t\t<div data-elementor-type=\"wp-page\" data-elementor-id=\"6410\" class=\"elementor elementor-6410\" data-elementor-post-type=\"page\">\n\t\t\t\t\t\t<section class=\"elementor-section elementor-top-section elementor-element elementor-element-f80261b elementor-section-boxed elementor-section-height-default elementor-section-height-default\" data-id=\"f80261b\" data-element_type=\"section\">\n\t\t\t\t\t\t<div class=\"elementor-container elementor-column-gap-default\">\n\t\t\t\t\t<div class=\"elementor-column elementor-col-100 elementor-top-column elementor-element elementor-element-6754afb\" data-id=\"6754afb\" data-element_type=\"column\">\n\t\t\t<div class=\"elementor-widget-wrap elementor-element-populated\">\n\t\t\t\t\t\t<div class=\"elementor-element elementor-element-3b18fe9 elementor-widget elementor-widget-heading\" data-id=\"3b18fe9\" data-element_type=\"widget\" data-widget_type=\"heading.default\">\n\t\t\t\t<div class=\"elementor-widget-container\">\n\t\t\t\t\t<h4 class=\"elementor-heading-title elementor-size-default\"><a href=\"https:\/\/birimler.atauni.edu.tr\/personel-daire-baskanligi\/wp-content\/uploads\/sites\/219\/2025\/02\/Ataturk-Universitesi-Yurticinde-ve-Yurtdisinda-gorevlendirme-2025-03.02.2025.pdf\" target=\"_blank\">Atat\u00fcrk \u00dcniversitesi Yurt \u0130\u00e7inde ve Yurt D\u0131\u015f\u0131nda Uzun ve K\u0131sa S\u00fcreli G\u00f6revlendirmelere \u0130li\u015fkin Uygulama Esaslar\u0131<\/a><\/h4>\t\t\t\t<\/div>\n\t\t\t\t<\/div>\n\t\t\t\t\t<\/div>\n\t\t<\/div>\n\t\t\t\t\t<\/div>\n\t\t<\/section>\n\t\t\t\t<\/div>\n\t\t","protected":false},"excerpt":{"rendered":"<p>Atat\u00fcrk \u00dcniversitesi Yurt \u0130\u00e7inde ve Yurt D\u0131\u015f\u0131nda Uzun ve K\u0131sa S\u00fcreli G\u00f6revlendirmelere \u0130li\u015fkin Uygulama Esaslar\u0131<\/p>\n","protected":false},"author":297,"featured_media":0,"parent":6187,"menu_order":0,"comment_status":"closed","ping_status":"closed","template":"","meta":{"footnotes":""},"class_list":["post-6410","page","type-page","status-publish","hentry"],"_links":{"self":[{"href":"https:\/\/atauni.edu.tr\/personel-daire-baskanligi\/wp-json\/wp\/v2\/pages\/6410","targetHints":{"allow":["GET"]}}],"collection":[{"href":"https:\/\/atauni.edu.tr\/personel-daire-baskanligi\/wp-json\/wp\/v2\/pages"}],"about":[{"href":"https:\/\/atauni.edu.tr\/personel-daire-baskanligi\/wp-json\/wp\/v2\/types\/page"}],"author":[{"embeddable":true,"href":"https:\/\/atauni.edu.tr\/personel-daire-baskanligi\/wp-json\/wp\/v2\/users\/297"}],"replies":[{"embeddable":true,"href":"https:\/\/atauni.edu.tr\/personel-daire-baskanligi\/wp-json\/wp\/v2\/comments?post=6410"}],"version-history":[{"count":27,"href":"https:\/\/atauni.edu.tr\/personel-daire-baskanligi\/wp-json\/wp\/v2\/pages\/6410\/revisions"}],"predecessor-version":[{"id":6774,"href":"https:\/\/atauni.edu.tr\/personel-daire-baskanligi\/wp-json\/wp\/v2\/pages\/6410\/revisions\/6774"}],"up":[{"embeddable":true,"href":"https:\/\/atauni.edu.tr\/personel-daire-baskanligi\/wp-json\/wp\/v2\/pages\/6187"}],"wp:attachment":[{"href":"https:\/\/atauni.edu.tr\/personel-daire-baskanligi\/wp-json\/wp\/v2\/media?parent=6410"}],"curies":[{"name":"wp","href":"https:\/\/api.w.org\/{rel}","templated":true}]}}