{"id":6569,"date":"2023-08-28T15:23:55","date_gmt":"2023-08-28T12:23:55","guid":{"rendered":"https:\/\/birimler.atauni.edu.tr\/personel-daire-baskanligi\/?page_id=6569"},"modified":"2026-02-03T09:50:19","modified_gmt":"2026-02-03T06:50:19","slug":"ogretim-uyesi-disindaki-ogretim-elemani-atama-tekliflerinde-gonderilmesi-gereken-evraklar","status":"publish","type":"page","link":"https:\/\/atauni.edu.tr\/personel-daire-baskanligi\/yonergeler\/ogretim-uyesi-disindaki-ogretim-elemani-atama-tekliflerinde-gonderilmesi-gereken-evraklar\/","title":{"rendered":"\u00d6\u011fretim \u00dcyesi D\u0131\u015f\u0131ndaki \u00d6\u011fretim Eleman\u0131 Atama Tekliflerinde G\u00f6nderilmesi Gereken Evraklar"},"content":{"rendered":"\t\t<div data-elementor-type=\"wp-page\" data-elementor-id=\"6569\" class=\"elementor elementor-6569\" data-elementor-post-type=\"page\">\n\t\t\t\t\t\t<section class=\"elementor-section elementor-top-section elementor-element elementor-element-3ca048a elementor-section-boxed elementor-section-height-default elementor-section-height-default\" data-id=\"3ca048a\" data-element_type=\"section\">\n\t\t\t\t\t\t<div class=\"elementor-container elementor-column-gap-default\">\n\t\t\t\t\t<div class=\"elementor-column elementor-col-100 elementor-top-column elementor-element elementor-element-3c06d39\" data-id=\"3c06d39\" data-element_type=\"column\">\n\t\t\t<div class=\"elementor-widget-wrap elementor-element-populated\">\n\t\t\t\t\t\t<div class=\"elementor-element elementor-element-1e4431f elementor-widget elementor-widget-spacer\" data-id=\"1e4431f\" data-element_type=\"widget\" data-widget_type=\"spacer.default\">\n\t\t\t\t<div class=\"elementor-widget-container\">\n\t\t\t\t\t\t\t<div class=\"elementor-spacer\">\n\t\t\t<div class=\"elementor-spacer-inner\"><\/div>\n\t\t<\/div>\n\t\t\t\t\t\t<\/div>\n\t\t\t\t<\/div>\n\t\t\t\t\t<\/div>\n\t\t<\/div>\n\t\t\t\t\t<\/div>\n\t\t<\/section>\n\t\t\t\t<section class=\"elementor-section elementor-top-section elementor-element elementor-element-a249dd1 elementor-section-boxed elementor-section-height-default elementor-section-height-default\" data-id=\"a249dd1\" data-element_type=\"section\">\n\t\t\t\t\t\t<div class=\"elementor-container elementor-column-gap-default\">\n\t\t\t\t\t<div class=\"elementor-column elementor-col-100 elementor-top-column elementor-element elementor-element-764b114\" data-id=\"764b114\" data-element_type=\"column\">\n\t\t\t<div class=\"elementor-widget-wrap elementor-element-populated\">\n\t\t\t\t\t\t<div class=\"elementor-element elementor-element-1ab0af6 elementor-widget elementor-widget-heading\" data-id=\"1ab0af6\" data-element_type=\"widget\" data-widget_type=\"heading.default\">\n\t\t\t\t<div class=\"elementor-widget-container\">\n\t\t\t\t\t<h2 class=\"elementor-heading-title elementor-size-default\">\u00d6\u011fretim \u00dcyesi D\u0131\u015f\u0131ndaki \u00d6\u011fretim Eleman\u0131 Atama Tekliflerinde G\u00f6nderilmesi Gereken Evraklar<\/h2>\t\t\t\t<\/div>\n\t\t\t\t<\/div>\n\t\t\t\t<div class=\"elementor-element elementor-element-eba6ebf elementor-widget elementor-widget-spacer\" data-id=\"eba6ebf\" data-element_type=\"widget\" data-widget_type=\"spacer.default\">\n\t\t\t\t<div class=\"elementor-widget-container\">\n\t\t\t\t\t\t\t<div class=\"elementor-spacer\">\n\t\t\t<div class=\"elementor-spacer-inner\"><\/div>\n\t\t<\/div>\n\t\t\t\t\t\t<\/div>\n\t\t\t\t<\/div>\n\t\t\t\t\t<\/div>\n\t\t<\/div>\n\t\t\t\t\t<\/div>\n\t\t<\/section>\n\t\t\t\t<section class=\"elementor-section elementor-top-section elementor-element elementor-element-80eb772 elementor-section-boxed elementor-section-height-default elementor-section-height-default\" data-id=\"80eb772\" data-element_type=\"section\">\n\t\t\t\t\t\t<div class=\"elementor-container elementor-column-gap-default\">\n\t\t\t\t\t<div class=\"elementor-column elementor-col-100 elementor-top-column elementor-element elementor-element-75c2b2c\" data-id=\"75c2b2c\" data-element_type=\"column\">\n\t\t\t<div class=\"elementor-widget-wrap elementor-element-populated\">\n\t\t\t\t\t\t<div class=\"elementor-element elementor-element-69f0c27 elementor-widget__width-initial elementor-widget elementor-widget-text-editor\" data-id=\"69f0c27\" data-element_type=\"widget\" data-widget_type=\"text-editor.default\">\n\t\t\t\t<div class=\"elementor-widget-container\">\n\t\t\t\t\t\t\t\t\t<p><strong style=\"font-weight: bold;\">***\u00d6NEML\u0130:<\/strong>\u00a0Talep edilen evraklar\u0131n tamam\u0131n\u0131n sistem \u00fczerinden tarat\u0131larak \u00fcst yaz\u0131 (atama teklifi) ekinde Personel Daire Ba\u015fkanl\u0131\u011f\u0131&#8217;na g\u00f6nderilmesi gerekmektedir.<\/p>\t\t\t\t\t\t\t\t<\/div>\n\t\t\t\t<\/div>\n\t\t\t\t\t<\/div>\n\t\t<\/div>\n\t\t\t\t\t<\/div>\n\t\t<\/section>\n\t\t\t\t<section class=\"elementor-section elementor-top-section elementor-element elementor-element-bc490c6 elementor-section-boxed elementor-section-height-default elementor-section-height-default\" data-id=\"bc490c6\" data-element_type=\"section\">\n\t\t\t\t\t\t<div class=\"elementor-container elementor-column-gap-default\">\n\t\t\t\t\t<div class=\"elementor-column elementor-col-100 elementor-top-column elementor-element elementor-element-568ab3e\" data-id=\"568ab3e\" data-element_type=\"column\">\n\t\t\t<div class=\"elementor-widget-wrap elementor-element-populated\">\n\t\t\t\t\t\t<div class=\"elementor-element elementor-element-b1de54d elementor-widget elementor-widget-spacer\" data-id=\"b1de54d\" data-element_type=\"widget\" data-widget_type=\"spacer.default\">\n\t\t\t\t<div class=\"elementor-widget-container\">\n\t\t\t\t\t\t\t<div class=\"elementor-spacer\">\n\t\t\t<div class=\"elementor-spacer-inner\"><\/div>\n\t\t<\/div>\n\t\t\t\t\t\t<\/div>\n\t\t\t\t<\/div>\n\t\t\t\t\t<\/div>\n\t\t<\/div>\n\t\t\t\t\t<\/div>\n\t\t<\/section>\n\t\t\t\t<section class=\"elementor-section elementor-top-section elementor-element elementor-element-37ee12e elementor-section-boxed elementor-section-height-default elementor-section-height-default\" data-id=\"37ee12e\" data-element_type=\"section\">\n\t\t\t\t\t\t<div class=\"elementor-container elementor-column-gap-default\">\n\t\t\t\t\t<div class=\"elementor-column elementor-col-100 elementor-top-column elementor-element elementor-element-bfab199\" data-id=\"bfab199\" data-element_type=\"column\">\n\t\t\t<div class=\"elementor-widget-wrap elementor-element-populated\">\n\t\t\t\t\t\t<div class=\"elementor-element elementor-element-882ee7f elementor-widget elementor-widget-heading\" data-id=\"882ee7f\" data-element_type=\"widget\" data-widget_type=\"heading.default\">\n\t\t\t\t<div class=\"elementor-widget-container\">\n\t\t\t\t\t<h2 class=\"elementor-heading-title elementor-size-default\">Birimin G\u00f6ndermesi Gereken Evraklar<\/h2>\t\t\t\t<\/div>\n\t\t\t\t<\/div>\n\t\t\t\t<div class=\"elementor-element elementor-element-491240f elementor-widget-divider--view-line elementor-widget elementor-widget-divider\" data-id=\"491240f\" data-element_type=\"widget\" data-widget_type=\"divider.default\">\n\t\t\t\t<div class=\"elementor-widget-container\">\n\t\t\t\t\t\t\t<div class=\"elementor-divider\">\n\t\t\t<span class=\"elementor-divider-separator\">\n\t\t\t\t\t\t<\/span>\n\t\t<\/div>\n\t\t\t\t\t\t<\/div>\n\t\t\t\t<\/div>\n\t\t\t\t\t<\/div>\n\t\t<\/div>\n\t\t\t\t\t<\/div>\n\t\t<\/section>\n\t\t\t\t<section class=\"elementor-section elementor-top-section elementor-element elementor-element-372bc3c elementor-section-boxed elementor-section-height-default elementor-section-height-default\" data-id=\"372bc3c\" data-element_type=\"section\">\n\t\t\t\t\t\t<div class=\"elementor-container elementor-column-gap-default\">\n\t\t\t\t\t<div class=\"elementor-column elementor-col-100 elementor-top-column elementor-element elementor-element-5c88802\" data-id=\"5c88802\" data-element_type=\"column\">\n\t\t\t<div class=\"elementor-widget-wrap elementor-element-populated\">\n\t\t\t\t\t\t<div class=\"elementor-element elementor-element-ac20c59 elementor-widget__width-initial elementor-widget elementor-widget-text-editor\" data-id=\"ac20c59\" data-element_type=\"widget\" data-widget_type=\"text-editor.default\">\n\t\t\t\t<div class=\"elementor-widget-container\">\n\t\t\t\t\t\t\t\t\t<p><b><strong>\u00a0<\/strong><\/b>1-\u00a0 \u00a0Olu\u015fturulan s\u0131nav j\u00fcrisine ait Y\u00f6netim Kurulu Karar\u0131<\/p><p>2-\u00a0 \u00a0S\u0131nav sorular\u0131 ve kazanan aday\u0131n yan\u0131tlar\u0131 ile s\u0131nava ait tutanak.<\/p><p>3-\u00a0 \u00a0Ba\u015far\u0131l\u0131 olan adaylara ait atama teklifi (Y\u00f6netim Kurulu olan birimlerin atama tekliflerini y\u00f6netim kurulu karar\u0131yla g\u00f6ndermeleri gerekmektedir.)<\/p><p>4-\u00a0 \u00a0De\u011ferlendirme formlar\u0131<\/p>\t\t\t\t\t\t\t\t<\/div>\n\t\t\t\t<\/div>\n\t\t\t\t\t<\/div>\n\t\t<\/div>\n\t\t\t\t\t<\/div>\n\t\t<\/section>\n\t\t\t\t<section class=\"elementor-section elementor-top-section elementor-element elementor-element-2f27b8f elementor-section-boxed elementor-section-height-default elementor-section-height-default\" data-id=\"2f27b8f\" data-element_type=\"section\">\n\t\t\t\t\t\t<div class=\"elementor-container elementor-column-gap-default\">\n\t\t\t\t\t<div class=\"elementor-column elementor-col-100 elementor-top-column elementor-element elementor-element-a0efbbd\" data-id=\"a0efbbd\" data-element_type=\"column\">\n\t\t\t<div class=\"elementor-widget-wrap elementor-element-populated\">\n\t\t\t\t\t\t<div class=\"elementor-element elementor-element-3d672cd elementor-widget elementor-widget-spacer\" data-id=\"3d672cd\" data-element_type=\"widget\" data-widget_type=\"spacer.default\">\n\t\t\t\t<div class=\"elementor-widget-container\">\n\t\t\t\t\t\t\t<div class=\"elementor-spacer\">\n\t\t\t<div class=\"elementor-spacer-inner\"><\/div>\n\t\t<\/div>\n\t\t\t\t\t\t<\/div>\n\t\t\t\t<\/div>\n\t\t\t\t\t<\/div>\n\t\t<\/div>\n\t\t\t\t\t<\/div>\n\t\t<\/section>\n\t\t\t\t<section class=\"elementor-section elementor-top-section elementor-element elementor-element-79a80d1 elementor-section-boxed elementor-section-height-default elementor-section-height-default\" data-id=\"79a80d1\" data-element_type=\"section\">\n\t\t\t\t\t\t<div class=\"elementor-container elementor-column-gap-default\">\n\t\t\t\t\t<div class=\"elementor-column elementor-col-100 elementor-top-column elementor-element elementor-element-7779e97\" data-id=\"7779e97\" data-element_type=\"column\">\n\t\t\t<div class=\"elementor-widget-wrap elementor-element-populated\">\n\t\t\t\t\t\t<div class=\"elementor-element elementor-element-870e58c elementor-widget elementor-widget-heading\" data-id=\"870e58c\" data-element_type=\"widget\" data-widget_type=\"heading.default\">\n\t\t\t\t<div class=\"elementor-widget-container\">\n\t\t\t\t\t<h2 class=\"elementor-heading-title elementor-size-default\">Atama Teklifi Yap\u0131lan Aday\u0131n Birime Teslim Etmesi ve Birim Taraf\u0131ndan G\u00f6nderilmesi Gereken Evraklar<\/h2>\t\t\t\t<\/div>\n\t\t\t\t<\/div>\n\t\t\t\t\t<\/div>\n\t\t<\/div>\n\t\t\t\t\t<\/div>\n\t\t<\/section>\n\t\t\t\t<section class=\"elementor-section elementor-top-section elementor-element elementor-element-7210da1 elementor-section-boxed elementor-section-height-default elementor-section-height-default\" data-id=\"7210da1\" data-element_type=\"section\">\n\t\t\t\t\t\t<div class=\"elementor-container elementor-column-gap-default\">\n\t\t\t\t\t<div class=\"elementor-column elementor-col-100 elementor-top-column elementor-element elementor-element-f4d98eb\" data-id=\"f4d98eb\" data-element_type=\"column\">\n\t\t\t<div class=\"elementor-widget-wrap elementor-element-populated\">\n\t\t\t\t\t\t<div class=\"elementor-element elementor-element-46828b1 elementor-widget elementor-widget-spacer\" data-id=\"46828b1\" data-element_type=\"widget\" data-widget_type=\"spacer.default\">\n\t\t\t\t<div class=\"elementor-widget-container\">\n\t\t\t\t\t\t\t<div class=\"elementor-spacer\">\n\t\t\t<div class=\"elementor-spacer-inner\"><\/div>\n\t\t<\/div>\n\t\t\t\t\t\t<\/div>\n\t\t\t\t<\/div>\n\t\t\t\t\t<\/div>\n\t\t<\/div>\n\t\t\t\t\t<\/div>\n\t\t<\/section>\n\t\t\t\t<section class=\"elementor-section elementor-top-section elementor-element elementor-element-529435d elementor-section-boxed elementor-section-height-default elementor-section-height-default\" data-id=\"529435d\" data-element_type=\"section\">\n\t\t\t\t\t\t<div class=\"elementor-container elementor-column-gap-default\">\n\t\t\t\t\t<div class=\"elementor-column elementor-col-100 elementor-top-column elementor-element elementor-element-3791571\" data-id=\"3791571\" data-element_type=\"column\">\n\t\t\t<div class=\"elementor-widget-wrap elementor-element-populated\">\n\t\t\t\t\t\t<div class=\"elementor-element elementor-element-a172418 elementor-widget elementor-widget-heading\" data-id=\"a172418\" data-element_type=\"widget\" data-widget_type=\"heading.default\">\n\t\t\t\t<div class=\"elementor-widget-container\">\n\t\t\t\t\t<h2 class=\"elementor-heading-title elementor-size-default\">a) Aday\u0131n Ba\u015fvuru Esnas\u0131nda Birime Teslim Etmesi Gereken Evraklar<\/h2>\t\t\t\t<\/div>\n\t\t\t\t<\/div>\n\t\t\t\t<div class=\"elementor-element elementor-element-0436afb elementor-widget-divider--view-line elementor-widget elementor-widget-divider\" data-id=\"0436afb\" data-element_type=\"widget\" data-widget_type=\"divider.default\">\n\t\t\t\t<div class=\"elementor-widget-container\">\n\t\t\t\t\t\t\t<div class=\"elementor-divider\">\n\t\t\t<span class=\"elementor-divider-separator\">\n\t\t\t\t\t\t<\/span>\n\t\t<\/div>\n\t\t\t\t\t\t<\/div>\n\t\t\t\t<\/div>\n\t\t\t\t\t<\/div>\n\t\t<\/div>\n\t\t\t\t\t<\/div>\n\t\t<\/section>\n\t\t\t\t<section class=\"elementor-section elementor-top-section elementor-element elementor-element-cd885e0 elementor-section-boxed elementor-section-height-default elementor-section-height-default\" data-id=\"cd885e0\" data-element_type=\"section\">\n\t\t\t\t\t\t<div class=\"elementor-container elementor-column-gap-default\">\n\t\t\t\t\t<div class=\"elementor-column elementor-col-100 elementor-top-column elementor-element elementor-element-d1d11e5\" data-id=\"d1d11e5\" data-element_type=\"column\">\n\t\t\t<div class=\"elementor-widget-wrap elementor-element-populated\">\n\t\t\t\t\t\t<div class=\"elementor-element elementor-element-082cfed elementor-widget__width-initial elementor-widget elementor-widget-text-editor\" data-id=\"082cfed\" data-element_type=\"widget\" data-widget_type=\"text-editor.default\">\n\t\t\t\t<div class=\"elementor-widget-container\">\n\t\t\t\t\t\t\t\t\t<p>1-\u00a0 \u00a0 \u00a0\u00d6\u011fretim Eleman\u0131 Ba\u015fvuru Formu (\u0130lgili k\u0131s\u0131m birim taraf\u0131ndan onaylanacak)<\/p><p>2-\u00a0 \u00a0 \u00a0Diploman\u0131n veya \u00e7\u0131k\u0131\u015f belgesinin fotokopisi (Onayl\u0131)<\/p><p>3-\u00a0 \u00a0 \u00a01 adet n\u00fcfus c\u00fczdan fotokopisi<\/p><p>4-\u00a0 \u00a0 \u00a0M\u00fcracaat edilen ilan\u0131n \u00e7\u0131kt\u0131s\u0131<\/p><p>5-\u00a0 \u00a0 \u00a0Askerlik Durum Belgesi<\/p><p>6-\u00a0 \u00a0 \u00a0ALES Sonu\u00e7 Belgesi (Birimce onaylanacak)<\/p><p>7-\u00a0 \u00a0 \u00a0Yabanc\u0131 Dil Belgesi (Birimce onaylanacak)<\/p><p>8-\u00a0 \u00a0 \u00a0Transkript (Onayl\u0131)<\/p><p>9-\u00a0 \u00a0 \u00a0\u0130lan edilen kadroya ait genel ve \u00f6zel \u015fartlara ili\u015fkin belgeler (\u00d6\u011frenci Belgesi, Deneyime Dair Belgeler vb.)<\/p><p>10-\u00a0 \u00a0 \u00a0\u00d6zge\u00e7mi\u015f<\/p>\t\t\t\t\t\t\t\t<\/div>\n\t\t\t\t<\/div>\n\t\t\t\t\t<\/div>\n\t\t<\/div>\n\t\t\t\t\t<\/div>\n\t\t<\/section>\n\t\t\t\t<section class=\"elementor-section elementor-top-section elementor-element elementor-element-a423daa elementor-section-boxed elementor-section-height-default elementor-section-height-default\" data-id=\"a423daa\" data-element_type=\"section\">\n\t\t\t\t\t\t<div class=\"elementor-container elementor-column-gap-default\">\n\t\t\t\t\t<div class=\"elementor-column elementor-col-100 elementor-top-column elementor-element elementor-element-2f9df0a\" data-id=\"2f9df0a\" data-element_type=\"column\">\n\t\t\t<div class=\"elementor-widget-wrap elementor-element-populated\">\n\t\t\t\t\t\t<div class=\"elementor-element elementor-element-29109dd elementor-widget elementor-widget-spacer\" data-id=\"29109dd\" data-element_type=\"widget\" data-widget_type=\"spacer.default\">\n\t\t\t\t<div class=\"elementor-widget-container\">\n\t\t\t\t\t\t\t<div class=\"elementor-spacer\">\n\t\t\t<div class=\"elementor-spacer-inner\"><\/div>\n\t\t<\/div>\n\t\t\t\t\t\t<\/div>\n\t\t\t\t<\/div>\n\t\t\t\t\t<\/div>\n\t\t<\/div>\n\t\t\t\t\t<\/div>\n\t\t<\/section>\n\t\t\t\t<section class=\"elementor-section elementor-top-section elementor-element elementor-element-86513a3 elementor-section-boxed elementor-section-height-default elementor-section-height-default\" data-id=\"86513a3\" data-element_type=\"section\">\n\t\t\t\t\t\t<div class=\"elementor-container elementor-column-gap-default\">\n\t\t\t\t\t<div class=\"elementor-column elementor-col-100 elementor-top-column elementor-element elementor-element-9a6bbb0\" data-id=\"9a6bbb0\" data-element_type=\"column\">\n\t\t\t<div class=\"elementor-widget-wrap elementor-element-populated\">\n\t\t\t\t\t\t<div class=\"elementor-element elementor-element-9f1d5ef elementor-widget elementor-widget-heading\" data-id=\"9f1d5ef\" data-element_type=\"widget\" data-widget_type=\"heading.default\">\n\t\t\t\t<div class=\"elementor-widget-container\">\n\t\t\t\t\t<h2 class=\"elementor-heading-title elementor-size-default\">a) Aday\u0131n Atama \u0130\u015flemleri \u0130\u00e7in Birime Teslim Etmesi Gereken Evraklar<\/h2>\t\t\t\t<\/div>\n\t\t\t\t<\/div>\n\t\t\t\t<div class=\"elementor-element elementor-element-5d4f05c elementor-widget-divider--view-line elementor-widget elementor-widget-divider\" data-id=\"5d4f05c\" data-element_type=\"widget\" data-widget_type=\"divider.default\">\n\t\t\t\t<div class=\"elementor-widget-container\">\n\t\t\t\t\t\t\t<div class=\"elementor-divider\">\n\t\t\t<span class=\"elementor-divider-separator\">\n\t\t\t\t\t\t<\/span>\n\t\t<\/div>\n\t\t\t\t\t\t<\/div>\n\t\t\t\t<\/div>\n\t\t\t\t\t<\/div>\n\t\t<\/div>\n\t\t\t\t\t<\/div>\n\t\t<\/section>\n\t\t\t\t<section class=\"elementor-section elementor-top-section elementor-element elementor-element-5dbbc83 elementor-section-boxed elementor-section-height-default elementor-section-height-default\" data-id=\"5dbbc83\" data-element_type=\"section\">\n\t\t\t\t\t\t<div class=\"elementor-container elementor-column-gap-default\">\n\t\t\t\t\t<div class=\"elementor-column elementor-col-100 elementor-top-column elementor-element elementor-element-08f2f88\" data-id=\"08f2f88\" data-element_type=\"column\">\n\t\t\t<div class=\"elementor-widget-wrap elementor-element-populated\">\n\t\t\t\t\t\t<div class=\"elementor-element elementor-element-e83e65a elementor-widget__width-initial elementor-widget elementor-widget-text-editor\" data-id=\"e83e65a\" data-element_type=\"widget\" data-widget_type=\"text-editor.default\">\n\t\t\t\t<div class=\"elementor-widget-container\">\n\t\t\t\t\t\t\t\t\t<p>1-\u00a0 \u00a0 Atama Ba\u015fvuru Formu (Foto\u011fraf yap\u0131\u015ft\u0131r\u0131lacak)<\/p><p>2-\u00a0 \u00a0 1 adet renkli foto\u011fraf (Foto\u011fraflar Kamu Kurum ve Kurulu\u015flar\u0131nda \u00c7al\u0131\u015fan Personel K\u0131yafetine Dair Y\u00f6netmelik\u2019in 10. maddesi uyar\u0131nca bu y\u00f6netmelikteki esaslara uygun olmal\u0131. Erkek adaylar\u0131n foto\u011fraflar\u0131 kravatl\u0131 olmal\u0131.)<\/p><p>3-\u00a0 \u00a0 Mal Bildirim Formu<\/p><p>4-\u00a0 \u00a0 Adli Sicil Kayd\u0131 (<em><a href=\"http:\/\/www.turkiye.gov.tr\/\">www.turkiye.gov.tr<\/a><\/em>\u00a0adresinden temin edilebilir.)<\/p><p>5-\u00a0 \u00a0 Herhangi bir kamu kurumunda <strong>kadrolu<\/strong>\u00a0olarak \u00e7al\u0131\u015f\u0131rken \u00e7e\u015fitli nedenlerle ili\u015fi\u011fi kesilenlerin (istifa, m\u00fcstafi vb.), son ayr\u0131ld\u0131klar\u0131 Kurumdan ald\u0131klar\u0131 hizmet belgesi.<\/p><p>6-\u00a0 \u00a0 Y\u00fckseklisans\/Doktora Mezuniyet Belgesi (Varsa)<\/p><p>7-\u00a0 \u00a0 Tam te\u015fekk\u00fcll\u00fc Devlet Hastanesinden al\u0131nan Sa\u011fl\u0131k Kurulu Raporu (Heyet Raporu)<\/p>\t\t\t\t\t\t\t\t<\/div>\n\t\t\t\t<\/div>\n\t\t\t\t<div class=\"elementor-element elementor-element-9a85f0e elementor-widget elementor-widget-spacer\" data-id=\"9a85f0e\" data-element_type=\"widget\" data-widget_type=\"spacer.default\">\n\t\t\t\t<div class=\"elementor-widget-container\">\n\t\t\t\t\t\t\t<div class=\"elementor-spacer\">\n\t\t\t<div class=\"elementor-spacer-inner\"><\/div>\n\t\t<\/div>\n\t\t\t\t\t\t<\/div>\n\t\t\t\t<\/div>\n\t\t\t\t\t<\/div>\n\t\t<\/div>\n\t\t\t\t\t<\/div>\n\t\t<\/section>\n\t\t\t\t<section class=\"elementor-section elementor-top-section elementor-element elementor-element-b684877 elementor-section-boxed elementor-section-height-default elementor-section-height-default\" data-id=\"b684877\" data-element_type=\"section\">\n\t\t\t\t\t\t<div class=\"elementor-container elementor-column-gap-default\">\n\t\t\t\t\t<div class=\"elementor-column elementor-col-100 elementor-top-column elementor-element elementor-element-4d3d502\" data-id=\"4d3d502\" data-element_type=\"column\">\n\t\t\t<div class=\"elementor-widget-wrap elementor-element-populated\">\n\t\t\t\t\t\t<div class=\"elementor-element elementor-element-b0ff744 elementor-widget__width-initial elementor-widget elementor-widget-text-editor\" data-id=\"b0ff744\" data-element_type=\"widget\" data-widget_type=\"text-editor.default\">\n\t\t\t\t<div class=\"elementor-widget-container\">\n\t\t\t\t\t\t\t\t\t<p><strong style=\"font-weight: bold;\">Not:<\/strong>\u00a0Rekt\u00f6rl\u00fc\u011f\u00fcm\u00fczce m\u00fcracaat ve atama i\u00e7in istenilen belgelerde de\u011fi\u015fiklik yap\u0131lmas\u0131 d\u00fc\u015f\u00fcn\u00fcld\u00fc\u011f\u00fc zaman, ilanla ve s\u0131nav sonu\u00e7lar\u0131yla birlikte istenilen belgeler yeniden yay\u0131nlanaca\u011f\u0131ndan son durumun dikkate al\u0131nmas\u0131 gerekmektedir.<\/p>\t\t\t\t\t\t\t\t<\/div>\n\t\t\t\t<\/div>\n\t\t\t\t\t<\/div>\n\t\t<\/div>\n\t\t\t\t\t<\/div>\n\t\t<\/section>\n\t\t\t\t<section class=\"elementor-section elementor-top-section elementor-element elementor-element-edd3df5 elementor-section-boxed elementor-section-height-default elementor-section-height-default\" data-id=\"edd3df5\" data-element_type=\"section\">\n\t\t\t\t\t\t<div class=\"elementor-container elementor-column-gap-default\">\n\t\t\t\t\t<div class=\"elementor-column elementor-col-100 elementor-top-column elementor-element elementor-element-02e0fed\" data-id=\"02e0fed\" data-element_type=\"column\">\n\t\t\t<div class=\"elementor-widget-wrap elementor-element-populated\">\n\t\t\t\t\t\t<div class=\"elementor-element elementor-element-8f3d8a3 elementor-widget elementor-widget-spacer\" data-id=\"8f3d8a3\" data-element_type=\"widget\" data-widget_type=\"spacer.default\">\n\t\t\t\t<div class=\"elementor-widget-container\">\n\t\t\t\t\t\t\t<div class=\"elementor-spacer\">\n\t\t\t<div class=\"elementor-spacer-inner\"><\/div>\n\t\t<\/div>\n\t\t\t\t\t\t<\/div>\n\t\t\t\t<\/div>\n\t\t\t\t\t<\/div>\n\t\t<\/div>\n\t\t\t\t\t<\/div>\n\t\t<\/section>\n\t\t\t\t<\/div>\n\t\t","protected":false},"excerpt":{"rendered":"<p>\u00d6\u011fretim \u00dcyesi D\u0131\u015f\u0131ndaki \u00d6\u011fretim Eleman\u0131 Atama Tekliflerinde G\u00f6nderilmesi Gereken Evraklar ***\u00d6NEML\u0130:\u00a0Talep edilen evraklar\u0131n tamam\u0131n\u0131n sistem \u00fczerinden tarat\u0131larak \u00fcst yaz\u0131 (atama teklifi) ekinde Personel Daire Ba\u015fkanl\u0131\u011f\u0131&#8217;na g\u00f6nderilmesi gerekmektedir. Birimin G\u00f6ndermesi Gereken Evraklar \u00a01-\u00a0 \u00a0Olu\u015fturulan s\u0131nav j\u00fcrisine ait Y\u00f6netim Kurulu Karar\u0131 2-\u00a0 \u00a0S\u0131nav sorular\u0131 ve kazanan aday\u0131n yan\u0131tlar\u0131 ile s\u0131nava ait tutanak. 3-\u00a0 \u00a0Ba\u015far\u0131l\u0131 olan adaylara ait [&hellip;]<\/p>\n","protected":false},"author":297,"featured_media":0,"parent":6187,"menu_order":0,"comment_status":"closed","ping_status":"closed","template":"elementor_header_footer","meta":{"footnotes":""},"class_list":["post-6569","page","type-page","status-publish","hentry"],"_links":{"self":[{"href":"https:\/\/atauni.edu.tr\/personel-daire-baskanligi\/wp-json\/wp\/v2\/pages\/6569","targetHints":{"allow":["GET"]}}],"collection":[{"href":"https:\/\/atauni.edu.tr\/personel-daire-baskanligi\/wp-json\/wp\/v2\/pages"}],"about":[{"href":"https:\/\/atauni.edu.tr\/personel-daire-baskanligi\/wp-json\/wp\/v2\/types\/page"}],"author":[{"embeddable":true,"href":"https:\/\/atauni.edu.tr\/personel-daire-baskanligi\/wp-json\/wp\/v2\/users\/297"}],"replies":[{"embeddable":true,"href":"https:\/\/atauni.edu.tr\/personel-daire-baskanligi\/wp-json\/wp\/v2\/comments?post=6569"}],"version-history":[{"count":11,"href":"https:\/\/atauni.edu.tr\/personel-daire-baskanligi\/wp-json\/wp\/v2\/pages\/6569\/revisions"}],"predecessor-version":[{"id":7086,"href":"https:\/\/atauni.edu.tr\/personel-daire-baskanligi\/wp-json\/wp\/v2\/pages\/6569\/revisions\/7086"}],"up":[{"embeddable":true,"href":"https:\/\/atauni.edu.tr\/personel-daire-baskanligi\/wp-json\/wp\/v2\/pages\/6187"}],"wp:attachment":[{"href":"https:\/\/atauni.edu.tr\/personel-daire-baskanligi\/wp-json\/wp\/v2\/media?parent=6569"}],"curies":[{"name":"wp","href":"https:\/\/api.w.org\/{rel}","templated":true}]}}