{"id":6835,"date":"2025-06-27T11:01:36","date_gmt":"2025-06-27T08:01:36","guid":{"rendered":"https:\/\/birimler.atauni.edu.tr\/personel-daire-baskanligi\/?page_id=6835"},"modified":"2026-02-02T12:17:47","modified_gmt":"2026-02-02T09:17:47","slug":"duyurular","status":"publish","type":"page","link":"https:\/\/atauni.edu.tr\/personel-daire-baskanligi\/duyurular\/","title":{"rendered":"Duyurular"},"content":{"rendered":"<form method=\"get\" class=\"row g-3\" style=\"margin-bottom: 20px;\"><div class=\"col-md-3\"><input type=\"text\" name=\"Duyuru_ara\" class=\"form-control\" placeholder=\"Duyuru ara...\" value=\"\"><\/div><div class=\"col-md-3\"><input type=\"date\" name=\"baslangic_tarihi\" class=\"form-control\" value=\"\"><\/div><div class=\"col-md-3\"><input type=\"date\" name=\"bitis_tarihi\" class=\"form-control\" value=\"\"><\/div><div class=\"col-md-3\"><button type=\"submit\" class=\"btn btn-secondary w-50\">Filtrele<\/button><\/div><\/form><ul class=\"kategori-yazilari-liste\"><li style=\"display: flex; margin-bottom: 10px; align-items: center;\"><div class=\"post-content\" style=\"flex-grow: 1;\"><span class=\"post-date Duyurutarih\" style=\"display: block; font-weight: bold; margin-bottom: 5px;\">6 Mart 2026<\/span><a class=\"Duyurubaslik\" href=\"https:\/\/atauni.edu.tr\/personel-daire-baskanligi\/2026\/03\/06\/ataturk-universitesi-4-b-sozlesmeli-personel-alimi-yedekten-yerlesen-listesi-3\/\">Atat\u00fcrk \u00dcniversitesi 4\/B S\u00f6zle\u015fmeli Personel Al\u0131m\u0131 Yedekten Yerle\u015fen Listesi<\/a><\/div><\/li><li style=\"display: flex; margin-bottom: 10px; align-items: center;\"><div class=\"post-content\" style=\"flex-grow: 1;\"><span class=\"post-date Duyurutarih\" style=\"display: block; font-weight: bold; margin-bottom: 5px;\">27 \u015eubat 2026<\/span><a class=\"Duyurubaslik\" href=\"https:\/\/atauni.edu.tr\/personel-daire-baskanligi\/2026\/02\/27\/2025-ydus-2-donem-yerlestirme-sonuclarina-gore-basarili-olan-adaylardan-istenilen-belgeler\/\">2025-YDUS 2.D\u00f6nem Yerle\u015ftirme Sonu\u00e7lar\u0131na G\u00f6re Ba\u015far\u0131l\u0131 Olan Adaylardan \u0130stenilen Belgeler<\/a><\/div><\/li><li style=\"display: flex; margin-bottom: 10px; align-items: center;\"><div class=\"post-content\" style=\"flex-grow: 1;\"><span class=\"post-date Duyurutarih\" style=\"display: block; font-weight: bold; margin-bottom: 5px;\">19 \u015eubat 2026<\/span><a class=\"Duyurubaslik\" href=\"https:\/\/atauni.edu.tr\/personel-daire-baskanligi\/2026\/02\/19\/ataturk-universitesi-4-b-sozlesmeli-personel-alimi-yedekten-yerlesen-listesi-2\/\">Atat\u00fcrk \u00dcniversitesi 4\/B S\u00f6zle\u015fmeli Personel Al\u0131m\u0131 Yedekten Yerle\u015fen Listesi<\/a><\/div><\/li><li style=\"display: flex; margin-bottom: 10px; align-items: center;\"><div class=\"post-content\" style=\"flex-grow: 1;\"><span class=\"post-date Duyurutarih\" style=\"display: block; font-weight: bold; margin-bottom: 5px;\">4 \u015eubat 2026<\/span><a class=\"Duyurubaslik\" href=\"https:\/\/atauni.edu.tr\/personel-daire-baskanligi\/2026\/02\/04\/ataturk-universitesi-4-b-sozlesmeli-personel-alimi-yedekten-yerlesen-listesi\/\">Atat\u00fcrk \u00dcniversitesi 4\/B S\u00f6zle\u015fmeli Personel Al\u0131m\u0131 Yedekten Yerle\u015fen Listesi<\/a><\/div><\/li><li style=\"display: flex; margin-bottom: 10px; align-items: center;\"><div class=\"post-content\" style=\"flex-grow: 1;\"><span class=\"post-date Duyurutarih\" style=\"display: block; font-weight: bold; margin-bottom: 5px;\">3 \u015eubat 2026<\/span><a class=\"Duyurubaslik\" href=\"https:\/\/atauni.edu.tr\/personel-daire-baskanligi\/2026\/02\/03\/ogretim-elemani-sinav-sonuclari-ilan-tarihi-31-12-2025\/\">\u00d6\u011fretim Eleman\u0131 S\u0131nav Sonu\u00e7lar\u0131 (\u0130lan Tarihi: 31.12.2025)<\/a><\/div><\/li><li style=\"display: flex; margin-bottom: 10px; align-items: center;\"><div class=\"post-content\" style=\"flex-grow: 1;\"><span class=\"post-date Duyurutarih\" style=\"display: block; font-weight: bold; margin-bottom: 5px;\">2 \u015eubat 2026<\/span><a class=\"Duyurubaslik\" href=\"https:\/\/atauni.edu.tr\/personel-daire-baskanligi\/2026\/02\/02\/oncelikli-alanlar-arastirma-gorevlisi-sinav-sonuclari-ilan-tarihi-31-12-2025\/\">\u00d6ncelikli Alanlar Ara\u015ft\u0131rma G\u00f6revlisi S\u0131nav Sonu\u00e7lar\u0131 (\u0130lan Tarihi: 31.12.2025)<\/a><\/div><\/li><li style=\"display: flex; margin-bottom: 10px; align-items: center;\"><div class=\"post-content\" style=\"flex-grow: 1;\"><span class=\"post-date Duyurutarih\" style=\"display: block; font-weight: bold; margin-bottom: 5px;\">2 \u015eubat 2026<\/span><a class=\"Duyurubaslik\" href=\"https:\/\/atauni.edu.tr\/personel-daire-baskanligi\/2026\/02\/02\/2026-ekpss-yerlestirme-sonuclarina-gore-basarili-olan-adaylardan-istenilen-belgeler\/\">2026-EKPSS Yerle\u015ftirme Sonu\u00e7lar\u0131na G\u00f6re Ba\u015far\u0131l\u0131 Olan Adaylardan \u0130stenilen Belgeler<\/a><\/div><\/li><\/ul>\n\n\n\n<p><\/p>\n","protected":false},"excerpt":{"rendered":"","protected":false},"author":8,"featured_media":0,"parent":0,"menu_order":0,"comment_status":"closed","ping_status":"closed","template":"","meta":{"footnotes":""},"class_list":["post-6835","page","type-page","status-publish","hentry"],"_links":{"self":[{"href":"https:\/\/atauni.edu.tr\/personel-daire-baskanligi\/wp-json\/wp\/v2\/pages\/6835","targetHints":{"allow":["GET"]}}],"collection":[{"href":"https:\/\/atauni.edu.tr\/personel-daire-baskanligi\/wp-json\/wp\/v2\/pages"}],"about":[{"href":"https:\/\/atauni.edu.tr\/personel-daire-baskanligi\/wp-json\/wp\/v2\/types\/page"}],"author":[{"embeddable":true,"href":"https:\/\/atauni.edu.tr\/personel-daire-baskanligi\/wp-json\/wp\/v2\/users\/8"}],"replies":[{"embeddable":true,"href":"https:\/\/atauni.edu.tr\/personel-daire-baskanligi\/wp-json\/wp\/v2\/comments?post=6835"}],"version-history":[{"count":2,"href":"https:\/\/atauni.edu.tr\/personel-daire-baskanligi\/wp-json\/wp\/v2\/pages\/6835\/revisions"}],"predecessor-version":[{"id":6858,"href":"https:\/\/atauni.edu.tr\/personel-daire-baskanligi\/wp-json\/wp\/v2\/pages\/6835\/revisions\/6858"}],"wp:attachment":[{"href":"https:\/\/atauni.edu.tr\/personel-daire-baskanligi\/wp-json\/wp\/v2\/media?parent=6835"}],"curies":[{"name":"wp","href":"https:\/\/api.w.org\/{rel}","templated":true}]}}