{"id":5662,"date":"2021-07-13T10:01:45","date_gmt":"2021-07-13T07:01:45","guid":{"rendered":"https:\/\/portaltest.atauni.edu.tr\/bilgisayar-muhendisligi\/?page_id=5662"},"modified":"2024-05-03T09:12:12","modified_gmt":"2024-05-03T06:12:12","slug":"yonetim","status":"publish","type":"page","link":"https:\/\/atauni.edu.tr\/peyzaj-mimarligi-bolumu\/yonetim\/","title":{"rendered":"Y\u00f6netim"},"content":{"rendered":"\t\t<div data-elementor-type=\"wp-page\" data-elementor-id=\"5662\" class=\"elementor elementor-5662\" data-elementor-post-type=\"page\">\n\t\t\t\t\t\t<section class=\"elementor-section elementor-top-section elementor-element elementor-element-2abf1ed elementor-section-boxed elementor-section-height-default elementor-section-height-default\" data-id=\"2abf1ed\" data-element_type=\"section\">\n\t\t\t\t\t\t<div class=\"elementor-container elementor-column-gap-default\">\n\t\t\t\t\t<div class=\"elementor-column elementor-col-100 elementor-top-column elementor-element elementor-element-cb5234c\" data-id=\"cb5234c\" data-element_type=\"column\">\n\t\t\t<div class=\"elementor-widget-wrap elementor-element-populated\">\n\t\t\t\t\t\t<div class=\"elementor-element elementor-element-f8a2ec3 elementor-widget elementor-widget-shortcode\" data-id=\"f8a2ec3\" data-element_type=\"widget\" data-widget_type=\"shortcode.default\">\n\t\t\t\t<div class=\"elementor-widget-container\">\n\t\t\t\t\t            <div class=\"accordion\" id=\"personel-kart\">\n                <div class=\"card p-liste\">\n                    <div class=\"card-header \" id=\"p-0\">\n                        <h2 class=\"mb-0\">\n                            <button class=\"btn btn-link collapsed\" type=\"button\" data-toggle=\"collapse\"\n                                    data-target=\"#k-0\"\n                                    aria-expanded=\"false\" aria-controls=\"collapseOne\">\n                                <span class=\"unvan\">B\u00f6l\u00fcm Ba\u015fkan\u0131<\/span>\n                                Prof. Dr. Faris Karahan                            <\/button>\n                        <\/h2>\n                    <\/div>\n                    <div id=\"k-0\" class=\"collapse\" aria-labelledby=\"p-0\"\n                         data-parent=\"#personel-kart\" style=\"\">\n                        <div class=\"card-body\">\n                            <div class=\"row\">\n                                <div class=\"col-3 kart-resim\">\n                                    <img decoding=\"async\" src=\"\/\/eski.atauni.edu.tr\/resizer.php?w=189&amp;h=228&amp;zc=1&amp;src=\/uploads\/profilResimleriSha1\/362d72c006dc47f9c3064fa7020a7284.png\"\n                                         class=\"img-fluid\">\n                                <\/div>\n                                <div class=\"col-7\">\n                                    <h3 class=\"kart-baslik kart-baslik-yonetim\">B\u00f6l\u00fcm Ba\u015fkan\u0131<\/h3>\n                                    <div class=\"row\">\n                                        <div class=\"ad-soyad\">Prof. Dr. Faris Karahan<\/div>\n                                        <div class=\"birim\">Peyzaj Mimarl\u0131\u011f\u0131 B\u00f6l\u00fcm\u00fc<\/div>\n                                        <div class=\"bilgiler\">\n                                            <strong>E-Posta<\/strong>fkarahan@atauni.edu.tr                                        <\/div>\n                                                                                <div class=\"bilgiler\"><strong>Profil<\/strong> <a target=\"_blank\"\n                                         href=\"http:\/\/avesis.atauni.edu.tr\/fkarahan\">https:\/\/avesis.atauni.edu.tr\/fkarahan<\/a>\n                                        <\/div>\n                                        <div class=\"bilgiler\">\n                                            <strong>Telefon<\/strong>\n                                            +90 442 231                                           (6125)&nbsp;\n                                        <\/div>\n                                        <div class=\"bilgiler\"><strong>Posta Adresi<\/strong> \n                                        <span class=\"posta\">\n                                                                                                Atat\u00fcrk \u00dcniversitesi, Merkez Yerle\u015fkesi, Erzurum                                                                                                                                                                                                                                                                                                                    <\/span>\n                                        <\/div>\n                                    <\/div>\n                                <\/div>\n                                <div class=\"col-10 kart-egitim\">\n                                    <h3>E\u011fitim<\/h3>\n                                    <ul>\n\n                                                                                        <li>Doktora, Atat\u00fcrk \u00dcniversitesi, Peyzaj Mimarli\u011fi B\u00f6l\u00fcm\u00fc, 2003 <\/li>\n\n\n                                                                                                <li>Y\u00fcksek Lisans, Atat\u00fcrk \u00dcniversitesi, Peyzaj Mimarli\u011fi B\u00f6l\u00fcm\u00fc, 1998 <\/li>\n\n\n                                                                                                <li>Lisans, Atat\u00fcrk \u00dcniversitesi, Peyzaj Mimarli\u011fi B\u00f6l\u00fcm\u00fc, 1995 <\/li>\n\n\n                                                \n                                    <\/ul>\n                                <\/div>\n                                 <!--<div class=\"col-2 qr\">\n                                    <img decoding=\"async\" src=\"https:\/\/chart.googleapis.com\/chart?chs=100x100&amp;cht=qr&amp;chl=BEGIN:VCARD%0AVERSION:3.0%0ATITLE:%0AN:Faris%20Karahan%0ATEL;type=WORK:%2B904422316125%0AEMAIL:fkarahan@atauni.edu.tr%0AEND:VCARD\"\n                                         class=\"img-fluid qr\">\n                                <\/div>-->\n                            <\/div>\n                        <\/div>\n                    <\/div>\n                <\/div>\n            <\/div>\n\n\n                        <div class=\"accordion\" id=\"personel-kart\">\n                <div class=\"card p-liste\">\n                    <div class=\"card-header \" id=\"p-1\">\n                        <h2 class=\"mb-0\">\n                            <button class=\"btn btn-link collapsed\" type=\"button\" data-toggle=\"collapse\"\n                                    data-target=\"#k-1\"\n                                    aria-expanded=\"false\" aria-controls=\"collapseOne\">\n                                <span class=\"unvan\">B\u00f6l\u00fcm Ba\u015fkan\u0131 Yard\u0131mc\u0131s\u0131<\/span>\n                                Prof. Dr. Elif Akp\u0131nar K\u00fclek\u00e7i                            <\/button>\n                        <\/h2>\n                    <\/div>\n                    <div id=\"k-1\" class=\"collapse\" aria-labelledby=\"p-1\"\n                         data-parent=\"#personel-kart\" style=\"\">\n                        <div class=\"card-body\">\n                            <div class=\"row\">\n                                <div class=\"col-3 kart-resim\">\n                                    <img decoding=\"async\" src=\"\/\/eski.atauni.edu.tr\/resizer.php?w=189&amp;h=228&amp;zc=1&amp;src=\/uploads\/profilResimleriSha1\/9f0a681a6cbc052b1408e760255f97d5.png\"\n                                         class=\"img-fluid\">\n                                <\/div>\n                                <div class=\"col-7\">\n                                    <h3 class=\"kart-baslik kart-baslik-yonetim\">B\u00f6l\u00fcm Ba\u015fkan\u0131 Yard\u0131mc\u0131s\u0131<\/h3>\n                                    <div class=\"row\">\n                                        <div class=\"ad-soyad\">Prof. Dr. Elif Akp\u0131nar K\u00fclek\u00e7i<\/div>\n                                        <div class=\"birim\">Peyzaj Mimarl\u0131\u011f\u0131 B\u00f6l\u00fcm\u00fc<\/div>\n                                        <div class=\"bilgiler\">\n                                            <strong>E-Posta<\/strong>eakpinar@atauni.edu.tr                                        <\/div>\n                                                                                <div class=\"bilgiler\"><strong>Profil<\/strong> <a target=\"_blank\"\n                                         href=\"http:\/\/avesis.atauni.edu.tr\/eakpinar\">https:\/\/avesis.atauni.edu.tr\/eakpinar<\/a>\n                                        <\/div>\n                                        <div class=\"bilgiler\">\n                                            <strong>Telefon<\/strong>\n                                            +90 442 231                                           (6137)&nbsp;\n                                        <\/div>\n                                        <div class=\"bilgiler\"><strong>Posta Adresi<\/strong> \n                                        <span class=\"posta\">\n                                                                                                Atat\u00fcrk \u00dcniversitesi, Merkez Yerle\u015fkesi, Erzurum                                                                                                                                                                                                                                                                                                                    <\/span>\n                                        <\/div>\n                                    <\/div>\n                                <\/div>\n                                <div class=\"col-10 kart-egitim\">\n                                    <h3>E\u011fitim<\/h3>\n                                    <ul>\n\n                                                                                        <li>Lisans, Atat\u00fcrk \u00dcniversitesi, Peyzaj Mimarli\u011fi B\u00f6l\u00fcm\u00fc, 2001 <\/li>\n\n\n                                                                                                <li>Y\u00fcksek Lisans, Atat\u00fcrk \u00dcniversitesi, Peyzaj Mimarli\u011fi B\u00f6l\u00fcm\u00fc, 2005 <\/li>\n\n\n                                                                                                <li>Doktora, Atat\u00fcrk \u00dcniversitesi, Peyzaj Mimarli\u011fi B\u00f6l\u00fcm\u00fc, 2012 <\/li>\n\n\n                                                \n                                    <\/ul>\n                                <\/div>\n                                 <!--<div class=\"col-2 qr\">\n                                    <img decoding=\"async\" src=\"https:\/\/chart.googleapis.com\/chart?chs=100x100&amp;cht=qr&amp;chl=BEGIN:VCARD%0AVERSION:3.0%0ATITLE:%0AN:Elif%20Akp\u0131nar K\u00fclek\u00e7i%0ATEL;type=WORK:%2B904422316137%0AEMAIL:eakpinar@atauni.edu.tr%0AEND:VCARD\"\n                                         class=\"img-fluid qr\">\n                                <\/div>-->\n                            <\/div>\n                        <\/div>\n                    <\/div>\n                <\/div>\n            <\/div>\n\n\n                        <div class=\"accordion\" id=\"personel-kart\">\n                <div class=\"card p-liste\">\n                    <div class=\"card-header \" id=\"p-2\">\n                        <h2 class=\"mb-0\">\n                            <button class=\"btn btn-link collapsed\" type=\"button\" data-toggle=\"collapse\"\n                                    data-target=\"#k-2\"\n                                    aria-expanded=\"false\" aria-controls=\"collapseOne\">\n                                <span class=\"unvan\">B\u00f6l\u00fcm Ba\u015fkan\u0131 Yard\u0131mc\u0131s\u0131<\/span>\n                                Do\u00e7. Dr. Mustafa \u00d6zgeri\u015f                            <\/button>\n                        <\/h2>\n                    <\/div>\n                    <div id=\"k-2\" class=\"collapse\" aria-labelledby=\"p-2\"\n                         data-parent=\"#personel-kart\" style=\"\">\n                        <div class=\"card-body\">\n                            <div class=\"row\">\n                                <div class=\"col-3 kart-resim\">\n                                    <img decoding=\"async\" src=\"\/\/eski.atauni.edu.tr\/resizer.php?w=189&amp;h=228&amp;zc=1&amp;src=\/uploads\/profilResimleriSha1\/f975cd41e0506d45be2852f3ee9a8b05.png\"\n                                         class=\"img-fluid\">\n                                <\/div>\n                                <div class=\"col-7\">\n                                    <h3 class=\"kart-baslik kart-baslik-yonetim\">B\u00f6l\u00fcm Ba\u015fkan\u0131 Yard\u0131mc\u0131s\u0131<\/h3>\n                                    <div class=\"row\">\n                                        <div class=\"ad-soyad\">Do\u00e7. Dr. Mustafa \u00d6zgeri\u015f<\/div>\n                                        <div class=\"birim\">Peyzaj Mimarl\u0131\u011f\u0131<\/div>\n                                        <div class=\"bilgiler\">\n                                            <strong>E-Posta<\/strong>m.ozgeris@atauni.edu.tr                                        <\/div>\n                                                                                <div class=\"bilgiler\"><strong>Profil<\/strong> <a target=\"_blank\"\n                                         href=\"http:\/\/avesis.atauni.edu.tr\/m.ozgeris\">https:\/\/avesis.atauni.edu.tr\/m.ozgeris<\/a>\n                                        <\/div>\n                                        <div class=\"bilgiler\">\n                                            <strong>Telefon<\/strong>\n                                            +90 442 231                                           ()&nbsp;\n                                        <\/div>\n                                        <div class=\"bilgiler\"><strong>Posta Adresi<\/strong> \n                                        <span class=\"posta\">\n                                                                                                Atat\u00fcrk \u00dcniversitesi, Merkez Yerle\u015fkesi, Erzurum                                                                                                                                                                                                                                                                                                                    <\/span>\n                                        <\/div>\n                                    <\/div>\n                                <\/div>\n                                <div class=\"col-10 kart-egitim\">\n                                    <h3>E\u011fitim<\/h3>\n                                    <ul>\n\n                                                                                        <li>Doktora, Atat\u00fcrk \u00dcniversitesi, Peyzaj Mimarli\u011fi (Dr),  <\/li>\n\n\n                                                                                                <li>Y\u00fcksek Lisans, Atat\u00fcrk \u00dcniversitesi, Peyzaj Mimarli\u011fi (Yl) (Tezli), 2014 <\/li>\n\n\n                                                                                                <li>Lisans, Atat\u00fcrk \u00dcniversitesi, Peyzaj Mimarli\u011fi B\u00f6l\u00fcm\u00fc, 2009 <\/li>\n\n\n                                                \n                                    <\/ul>\n                                <\/div>\n                                 <!--<div class=\"col-2 qr\">\n                                    <img decoding=\"async\" src=\"https:\/\/chart.googleapis.com\/chart?chs=100x100&amp;cht=qr&amp;chl=BEGIN:VCARD%0AVERSION:3.0%0ATITLE:%0AN:Mustafa%20\u00d6zgeri\u015f%0ATEL;type=WORK:%2B90442231%0AEMAIL:m.ozgeris@atauni.edu.tr%0AEND:VCARD\"\n                                         class=\"img-fluid qr\">\n                                <\/div>-->\n                            <\/div>\n                        <\/div>\n                    <\/div>\n                <\/div>\n            <\/div>\n\n\n            \t\t<div class=\"elementor-shortcode\"><\/div>\n\t\t\t\t\t\t<\/div>\n\t\t\t\t<\/div>\n\t\t\t\t\t<\/div>\n\t\t<\/div>\n\t\t\t\t\t<\/div>\n\t\t<\/section>\n\t\t\t\t<\/div>\n\t\t","protected":false},"excerpt":{"rendered":"","protected":false},"author":1,"featured_media":0,"parent":0,"menu_order":0,"comment_status":"closed","ping_status":"closed","template":"elementor_header_footer","meta":{"footnotes":""},"class_list":["post-5662","page","type-page","status-publish","hentry"],"_links":{"self":[{"href":"https:\/\/atauni.edu.tr\/peyzaj-mimarligi-bolumu\/wp-json\/wp\/v2\/pages\/5662","targetHints":{"allow":["GET"]}}],"collection":[{"href":"https:\/\/atauni.edu.tr\/peyzaj-mimarligi-bolumu\/wp-json\/wp\/v2\/pages"}],"about":[{"href":"https:\/\/atauni.edu.tr\/peyzaj-mimarligi-bolumu\/wp-json\/wp\/v2\/types\/page"}],"author":[{"embeddable":true,"href":"https:\/\/atauni.edu.tr\/peyzaj-mimarligi-bolumu\/wp-json\/wp\/v2\/users\/1"}],"replies":[{"embeddable":true,"href":"https:\/\/atauni.edu.tr\/peyzaj-mimarligi-bolumu\/wp-json\/wp\/v2\/comments?post=5662"}],"version-history":[{"count":53,"href":"https:\/\/atauni.edu.tr\/peyzaj-mimarligi-bolumu\/wp-json\/wp\/v2\/pages\/5662\/revisions"}],"predecessor-version":[{"id":8087,"href":"https:\/\/atauni.edu.tr\/peyzaj-mimarligi-bolumu\/wp-json\/wp\/v2\/pages\/5662\/revisions\/8087"}],"wp:attachment":[{"href":"https:\/\/atauni.edu.tr\/peyzaj-mimarligi-bolumu\/wp-json\/wp\/v2\/media?parent=5662"}],"curies":[{"name":"wp","href":"https:\/\/api.w.org\/{rel}","templated":true}]}}