{"id":5682,"date":"2021-07-13T10:10:01","date_gmt":"2021-07-13T07:10:01","guid":{"rendered":"https:\/\/portaltest.atauni.edu.tr\/bilgisayar-muhendisligi\/?page_id=5682"},"modified":"2023-10-02T19:14:11","modified_gmt":"2023-10-02T16:14:11","slug":"misyon-vizyon-ve-temel-degerler","status":"publish","type":"page","link":"https:\/\/atauni.edu.tr\/peyzaj-mimarligi-bolumu\/misyon-vizyon-ve-temel-degerler\/","title":{"rendered":"Misyon, Vizyon ve Temel De\u011ferler"},"content":{"rendered":"\t\t<div data-elementor-type=\"wp-page\" data-elementor-id=\"5682\" class=\"elementor elementor-5682\" data-elementor-post-type=\"page\">\n\t\t\t\t\t\t<section class=\"elementor-section elementor-top-section elementor-element elementor-element-730d320 elementor-section-boxed elementor-section-height-default elementor-section-height-default\" data-id=\"730d320\" data-element_type=\"section\">\n\t\t\t\t\t\t<div class=\"elementor-container elementor-column-gap-default\">\n\t\t\t\t\t<div class=\"elementor-column elementor-col-100 elementor-top-column elementor-element elementor-element-753d0860\" data-id=\"753d0860\" data-element_type=\"column\">\n\t\t\t<div class=\"elementor-widget-wrap\">\n\t\t\t\t\t\t\t<\/div>\n\t\t<\/div>\n\t\t\t\t\t<\/div>\n\t\t<\/section>\n\t\t\t\t<section class=\"elementor-section elementor-top-section elementor-element elementor-element-9be811a elementor-section-boxed elementor-section-height-default elementor-section-height-default\" data-id=\"9be811a\" data-element_type=\"section\">\n\t\t\t\t\t\t<div class=\"elementor-container elementor-column-gap-default\">\n\t\t\t\t\t<div class=\"elementor-column elementor-col-100 elementor-top-column elementor-element elementor-element-1ed847b7\" data-id=\"1ed847b7\" data-element_type=\"column\">\n\t\t\t<div class=\"elementor-widget-wrap elementor-element-populated\">\n\t\t\t\t\t\t<div class=\"elementor-element elementor-element-4ce0d07f elementor-widget elementor-widget-heading\" data-id=\"4ce0d07f\" data-element_type=\"widget\" data-widget_type=\"heading.default\">\n\t\t\t\t<div class=\"elementor-widget-container\">\n\t\t\t\t\t<h2 class=\"elementor-heading-title elementor-size-default\">Misyon, Vizyon ve Temel De\u011ferler<\/h2>\t\t\t\t<\/div>\n\t\t\t\t<\/div>\n\t\t\t\t<div class=\"elementor-element elementor-element-63260862 elementor-widget-divider--view-line elementor-widget elementor-widget-divider\" data-id=\"63260862\" data-element_type=\"widget\" data-widget_type=\"divider.default\">\n\t\t\t\t<div class=\"elementor-widget-container\">\n\t\t\t\t\t\t\t<div class=\"elementor-divider\">\n\t\t\t<span class=\"elementor-divider-separator\">\n\t\t\t\t\t\t<\/span>\n\t\t<\/div>\n\t\t\t\t\t\t<\/div>\n\t\t\t\t<\/div>\n\t\t\t\t\t<\/div>\n\t\t<\/div>\n\t\t\t\t\t<\/div>\n\t\t<\/section>\n\t\t\t\t<section class=\"elementor-section elementor-top-section elementor-element elementor-element-681db8b elementor-section-boxed elementor-section-height-default elementor-section-height-default\" data-id=\"681db8b\" data-element_type=\"section\">\n\t\t\t\t\t\t<div class=\"elementor-container elementor-column-gap-default\">\n\t\t\t\t\t<div class=\"elementor-column elementor-col-100 elementor-top-column elementor-element elementor-element-ad4dac5\" data-id=\"ad4dac5\" data-element_type=\"column\">\n\t\t\t<div class=\"elementor-widget-wrap elementor-element-populated\">\n\t\t\t\t\t\t<div class=\"elementor-element elementor-element-2f96b3d elementor-widget elementor-widget-text-editor\" data-id=\"2f96b3d\" data-element_type=\"widget\" data-widget_type=\"text-editor.default\">\n\t\t\t\t<div class=\"elementor-widget-container\">\n\t\t\t\t\t\t\t\t\t<div><h2>Misyon<\/h2><p>E\u011fitim ve \u00f6\u011fretim i\u00e7in gerekli olan bilimsel ve sosyo-k\u00fclt\u00fcrel en ideal ortam\u0131 sa\u011flayarak \u00f6\u011frencilere mimari, sanat, m\u00fchendislik, \u00e7evre, do\u011fa, teknoloji ve bilgiye ula\u015fma gibi konularda \u00e7a\u011fda\u015f bilgiyi kazand\u0131rmak; ele\u015ftirel, analitik ve inovatif d\u00fc\u015f\u00fcnen, analiz, sentez, karar verme ve uygulama yetkinli\u011fine sahip peyzaj mimarlar\u0131 yeti\u015ftirmek; ara\u015ft\u0131rma faaliyetleriyle bilime ve sanata evrensel d\u00fczeyde katk\u0131da bulunmak ve b\u00f6lgesel konularda etkin bir rol \u00fcstlenerek b\u00f6lge\u00a0 ve \u00fclke geli\u015fimine fayda sa\u011flamakt\u0131r.<\/p><\/div><div><h2>Vizyon<\/h2><p>Peyzaj mimarl\u0131\u011f\u0131 meslek disiplini i\u00e7erisinde e\u011fitim-\u00f6\u011fretim ve ara\u015ft\u0131rma faaliyetleriyle uluslararas\u0131 tan\u0131n\u0131rl\u0131\u011f\u0131 olan; yenilik\u00e7i, geli\u015fime a\u00e7\u0131k ve s\u00fcrd\u00fcr\u00fclebilir akademik k\u00fclt\u00fcre sahip bir peyzaj mimarl\u0131\u011f\u0131 b\u00f6l\u00fcm\u00fc olmakt\u0131r.<\/p><h2>Temel De\u011ferler<\/h2><ul><li>Ulusal de\u011ferlere ba\u011fl\u0131l\u0131k<\/li><li>Evrensel etik de\u011ferlere ba\u011fl\u0131l\u0131k ve insan hak ve h\u00fcrriyetlerine sayg\u0131<\/li><li>Ya\u015fam boyu \u00f6\u011frenme<\/li><li>Bilimsellik<\/li><li>Yenilik\u00e7ilik ve giri\u015fimcilik<\/li><li>Kat\u0131l\u0131mc\u0131l\u0131k ve payla\u015f\u0131mc\u0131l\u0131k<\/li><li>Toplumsal, k\u00fclt\u00fcrel, \u00e7evresel ve sanatsal duyarl\u0131l\u0131k<\/li><li>Eme\u011fe sayg\u0131, adalet ve \u015feffafl\u0131k<\/li><\/ul><\/div>\t\t\t\t\t\t\t\t<\/div>\n\t\t\t\t<\/div>\n\t\t\t\t\t<\/div>\n\t\t<\/div>\n\t\t\t\t\t<\/div>\n\t\t<\/section>\n\t\t\t\t<\/div>\n\t\t","protected":false},"excerpt":{"rendered":"<p>Misyon, Vizyon ve Temel De\u011ferler Misyon E\u011fitim ve \u00f6\u011fretim i\u00e7in gerekli olan bilimsel ve sosyo-k\u00fclt\u00fcrel en ideal ortam\u0131 sa\u011flayarak \u00f6\u011frencilere mimari, sanat, m\u00fchendislik, \u00e7evre, do\u011fa, teknoloji ve bilgiye ula\u015fma gibi konularda \u00e7a\u011fda\u015f bilgiyi kazand\u0131rmak; ele\u015ftirel, analitik ve inovatif d\u00fc\u015f\u00fcnen, analiz, sentez, karar verme ve uygulama yetkinli\u011fine sahip peyzaj mimarlar\u0131 yeti\u015ftirmek; ara\u015ft\u0131rma faaliyetleriyle bilime ve sanata [&hellip;]<\/p>\n","protected":false},"author":131,"featured_media":0,"parent":0,"menu_order":0,"comment_status":"closed","ping_status":"closed","template":"elementor_header_footer","meta":{"footnotes":""},"class_list":["post-5682","page","type-page","status-publish","hentry"],"_links":{"self":[{"href":"https:\/\/atauni.edu.tr\/peyzaj-mimarligi-bolumu\/wp-json\/wp\/v2\/pages\/5682","targetHints":{"allow":["GET"]}}],"collection":[{"href":"https:\/\/atauni.edu.tr\/peyzaj-mimarligi-bolumu\/wp-json\/wp\/v2\/pages"}],"about":[{"href":"https:\/\/atauni.edu.tr\/peyzaj-mimarligi-bolumu\/wp-json\/wp\/v2\/types\/page"}],"author":[{"embeddable":true,"href":"https:\/\/atauni.edu.tr\/peyzaj-mimarligi-bolumu\/wp-json\/wp\/v2\/users\/131"}],"replies":[{"embeddable":true,"href":"https:\/\/atauni.edu.tr\/peyzaj-mimarligi-bolumu\/wp-json\/wp\/v2\/comments?post=5682"}],"version-history":[{"count":15,"href":"https:\/\/atauni.edu.tr\/peyzaj-mimarligi-bolumu\/wp-json\/wp\/v2\/pages\/5682\/revisions"}],"predecessor-version":[{"id":7453,"href":"https:\/\/atauni.edu.tr\/peyzaj-mimarligi-bolumu\/wp-json\/wp\/v2\/pages\/5682\/revisions\/7453"}],"wp:attachment":[{"href":"https:\/\/atauni.edu.tr\/peyzaj-mimarligi-bolumu\/wp-json\/wp\/v2\/media?parent=5682"}],"curies":[{"name":"wp","href":"https:\/\/api.w.org\/{rel}","templated":true}]}}