{"id":5728,"date":"2021-07-13T11:33:38","date_gmt":"2021-07-13T08:33:38","guid":{"rendered":"https:\/\/portaltest.atauni.edu.tr\/bilgisayar-muhendisligi\/?page_id=5728"},"modified":"2023-11-09T15:18:07","modified_gmt":"2023-11-09T12:18:07","slug":"bolum-tanitimi","status":"publish","type":"page","link":"https:\/\/atauni.edu.tr\/peyzaj-mimarligi-bolumu\/bolum-tanitimi\/","title":{"rendered":"B\u00f6l\u00fcm Tan\u0131t\u0131m\u0131"},"content":{"rendered":"\t\t<div data-elementor-type=\"wp-page\" data-elementor-id=\"5728\" class=\"elementor elementor-5728\" data-elementor-post-type=\"page\">\n\t\t\t\t\t\t<section class=\"elementor-section elementor-top-section elementor-element elementor-element-9be811a elementor-section-boxed elementor-section-height-default elementor-section-height-default\" data-id=\"9be811a\" data-element_type=\"section\">\n\t\t\t\t\t\t<div class=\"elementor-container elementor-column-gap-default\">\n\t\t\t\t\t<div class=\"elementor-column elementor-col-100 elementor-top-column elementor-element elementor-element-1ed847b7\" data-id=\"1ed847b7\" data-element_type=\"column\">\n\t\t\t<div class=\"elementor-widget-wrap elementor-element-populated\">\n\t\t\t\t\t\t<div class=\"elementor-element elementor-element-4ce0d07f elementor-widget elementor-widget-heading\" data-id=\"4ce0d07f\" data-element_type=\"widget\" data-widget_type=\"heading.default\">\n\t\t\t\t<div class=\"elementor-widget-container\">\n\t\t\t\t\t<h2 class=\"elementor-heading-title elementor-size-default\">Tan\u0131t\u0131m Sunumu<\/h2>\t\t\t\t<\/div>\n\t\t\t\t<\/div>\n\t\t\t\t<div class=\"elementor-element elementor-element-63260862 elementor-widget-divider--view-line elementor-widget elementor-widget-divider\" data-id=\"63260862\" data-element_type=\"widget\" data-widget_type=\"divider.default\">\n\t\t\t\t<div class=\"elementor-widget-container\">\n\t\t\t\t\t\t\t<div class=\"elementor-divider\">\n\t\t\t<span class=\"elementor-divider-separator\">\n\t\t\t\t\t\t<\/span>\n\t\t<\/div>\n\t\t\t\t\t\t<\/div>\n\t\t\t\t<\/div>\n\t\t\t\t\t<\/div>\n\t\t<\/div>\n\t\t\t\t\t<\/div>\n\t\t<\/section>\n\t\t\t\t<section class=\"elementor-section elementor-top-section elementor-element elementor-element-681db8b elementor-section-boxed elementor-section-height-default elementor-section-height-default\" data-id=\"681db8b\" data-element_type=\"section\">\n\t\t\t\t\t\t<div class=\"elementor-container elementor-column-gap-default\">\n\t\t\t\t\t<div class=\"elementor-column elementor-col-100 elementor-top-column elementor-element elementor-element-ad4dac5\" data-id=\"ad4dac5\" data-element_type=\"column\">\n\t\t\t<div class=\"elementor-widget-wrap elementor-element-populated\">\n\t\t\t\t\t\t<div class=\"elementor-element elementor-element-35438e2 elementor-align-center elementor-widget elementor-widget-button\" data-id=\"35438e2\" data-element_type=\"widget\" data-widget_type=\"button.default\">\n\t\t\t\t<div class=\"elementor-widget-container\">\n\t\t\t\t\t\t\t\t\t<div class=\"elementor-button-wrapper\">\n\t\t\t\t\t<a class=\"elementor-button elementor-button-link elementor-size-md\" href=\"https:\/\/docs.google.com\/viewerng\/viewer?url=http:\/\/birimler.atauni.edu.tr\/peyzaj-mimarligi-bolumu\/wp-content\/uploads\/sites\/146\/2023\/10\/Peyzaj-Mimarligi-Bolumu-Tanitim-Sunumu.pdf\" target=\"_blank\">\n\t\t\t\t\t\t<span class=\"elementor-button-content-wrapper\">\n\t\t\t\t\t\t\t\t\t<span class=\"elementor-button-text\">G\u00f6r\u00fcnt\u00fcleyemiyorsan\u0131z L\u00fctfen T\u0131klay\u0131n\u0131z<\/span>\n\t\t\t\t\t<\/span>\n\t\t\t\t\t<\/a>\n\t\t\t\t<\/div>\n\t\t\t\t\t\t\t\t<\/div>\n\t\t\t\t<\/div>\n\t\t\t\t<div class=\"elementor-element elementor-element-dfc229a elementor-widget__width-initial elementor-widget elementor-widget-pdf_viewer\" data-id=\"dfc229a\" data-element_type=\"widget\" data-widget_type=\"pdf_viewer.default\">\n\t\t\t\t<div class=\"elementor-widget-container\">\n\t\t\t\t\t<iframe src=\"https:\/\/docs.google.com\/viewer?url=http:\/\/birimler.atauni.edu.tr\/peyzaj-mimarligi-bolumu\/wp-content\/uploads\/sites\/146\/2023\/10\/Peyzaj-Mimarligi-Bolumu-Tanitim-Sunumu.pdf&amp;embedded=true\" style=\"display: block; margin-left: auto; margin-right: auto; width: 990px; height: 470px;\" frameborder=\"1\" marginheight=\"0px\" marginwidth=\"0px\" allowfullscreen><\/iframe>\t\t\t\t<\/div>\n\t\t\t\t<\/div>\n\t\t\t\t<div class=\"elementor-element elementor-element-2f96b3d elementor-widget elementor-widget-text-editor\" data-id=\"2f96b3d\" data-element_type=\"widget\" data-widget_type=\"text-editor.default\">\n\t\t\t\t<div class=\"elementor-widget-container\">\n\t\t\t\t\t\t\t\t\t<p>Mesle\u011fin ihtiya\u00e7 duydu\u011fu estetik g\u00f6r\u00fc\u015f ile tasar\u0131m yetkinli\u011fine sahip; yap\u0131sal ve bitkisel malzemeyi detaylar\u0131yla bilen; planlama-tasar\u0131m \u00e7al\u0131\u015fmalar\u0131nda kullan\u0131m ilke ve olanaklar\u0131na hakim bireyler yeti\u015ftirmek<\/p><p>Yerel ve ulusal \u00f6l\u00e7ekte do\u011fal ve k\u00fclt\u00fcrel kaynaklar\u0131n s\u00fcrd\u00fcr\u00fclebilirli\u011fi temelinde, peyzaj\u0131n yap\u0131s\u0131n\u0131 analiz ederek insan ve mekan ili\u015fkisi i\u00e7erisinde k\u0131rsal ve kentsel alanlar\u0131n planlanmas\u0131n\u0131 ve tasar\u0131m\u0131n\u0131 her y\u00f6nden ele al\u0131p de\u011ferlendirebilen, bu do\u011frultuda insan ihtiya\u00e7lar\u0131na cevap verebilecek nitelikte plan tasar\u0131m\u0131 yapabilecek ve uygulayabilecek bireyler yeti\u015ftirmek<\/p><p>Mesleki ve evrensel etik de\u011ferlerin bilincinde, kendini ifade edebilen, ileri bilgi teknolojilerine hakim, yenilik\u00e7i, giri\u015fimci ve toplumsal ili\u015fkileri \u00fcst d\u00fczeyde olan bireyler yeti\u015ftirmek<\/p><p>Bulundu\u011fu co\u011frafyada yap\u0131lacak peyzaj mimarl\u0131\u011f\u0131 \u00e7al\u0131\u015fmalar\u0131nda etkin rol \u00fcstlenerek, \u00e7al\u0131\u015fmalara y\u00f6n verebilecek ve bu yolla b\u00f6lgesel geli\u015fmeye katk\u0131da bulunacak bireyler yeti\u015ftirmek<\/p><p>Pratik bilgisi, ara\u015ft\u0131rmac\u0131 yap\u0131s\u0131 ve sorunlara bilimsel \u00e7\u00f6z\u00fcmler \u00fcretebilme yetene\u011fi ile sekt\u00f6rde ve akademide aranan bireyler yeti\u015ftirmek<\/p>\t\t\t\t\t\t\t\t<\/div>\n\t\t\t\t<\/div>\n\t\t\t\t\t<\/div>\n\t\t<\/div>\n\t\t\t\t\t<\/div>\n\t\t<\/section>\n\t\t\t\t<\/div>\n\t\t","protected":false},"excerpt":{"rendered":"<p>Tan\u0131t\u0131m Sunumu G\u00f6r\u00fcnt\u00fcleyemiyorsan\u0131z L\u00fctfen T\u0131klay\u0131n\u0131z Mesle\u011fin ihtiya\u00e7 duydu\u011fu estetik g\u00f6r\u00fc\u015f ile tasar\u0131m yetkinli\u011fine sahip; yap\u0131sal ve bitkisel malzemeyi detaylar\u0131yla bilen; planlama-tasar\u0131m \u00e7al\u0131\u015fmalar\u0131nda kullan\u0131m ilke ve olanaklar\u0131na hakim bireyler yeti\u015ftirmek Yerel ve ulusal \u00f6l\u00e7ekte do\u011fal ve k\u00fclt\u00fcrel kaynaklar\u0131n s\u00fcrd\u00fcr\u00fclebilirli\u011fi temelinde, peyzaj\u0131n yap\u0131s\u0131n\u0131 analiz ederek insan ve mekan ili\u015fkisi i\u00e7erisinde k\u0131rsal ve kentsel alanlar\u0131n planlanmas\u0131n\u0131 ve tasar\u0131m\u0131n\u0131 [&hellip;]<\/p>\n","protected":false},"author":1,"featured_media":0,"parent":0,"menu_order":0,"comment_status":"closed","ping_status":"closed","template":"elementor_header_footer","meta":{"footnotes":""},"class_list":["post-5728","page","type-page","status-publish","hentry"],"_links":{"self":[{"href":"https:\/\/atauni.edu.tr\/peyzaj-mimarligi-bolumu\/wp-json\/wp\/v2\/pages\/5728","targetHints":{"allow":["GET"]}}],"collection":[{"href":"https:\/\/atauni.edu.tr\/peyzaj-mimarligi-bolumu\/wp-json\/wp\/v2\/pages"}],"about":[{"href":"https:\/\/atauni.edu.tr\/peyzaj-mimarligi-bolumu\/wp-json\/wp\/v2\/types\/page"}],"author":[{"embeddable":true,"href":"https:\/\/atauni.edu.tr\/peyzaj-mimarligi-bolumu\/wp-json\/wp\/v2\/users\/1"}],"replies":[{"embeddable":true,"href":"https:\/\/atauni.edu.tr\/peyzaj-mimarligi-bolumu\/wp-json\/wp\/v2\/comments?post=5728"}],"version-history":[{"count":44,"href":"https:\/\/atauni.edu.tr\/peyzaj-mimarligi-bolumu\/wp-json\/wp\/v2\/pages\/5728\/revisions"}],"predecessor-version":[{"id":7823,"href":"https:\/\/atauni.edu.tr\/peyzaj-mimarligi-bolumu\/wp-json\/wp\/v2\/pages\/5728\/revisions\/7823"}],"wp:attachment":[{"href":"https:\/\/atauni.edu.tr\/peyzaj-mimarligi-bolumu\/wp-json\/wp\/v2\/media?parent=5728"}],"curies":[{"name":"wp","href":"https:\/\/api.w.org\/{rel}","templated":true}]}}