{"id":5791,"date":"2021-07-13T13:07:15","date_gmt":"2021-07-13T10:07:15","guid":{"rendered":"https:\/\/portaltest.atauni.edu.tr\/bilgisayar-muhendisligi\/?page_id=5791"},"modified":"2026-02-02T23:15:23","modified_gmt":"2026-02-02T20:15:23","slug":"staj","status":"publish","type":"page","link":"https:\/\/atauni.edu.tr\/peyzaj-mimarligi-bolumu\/staj\/","title":{"rendered":"Staj"},"content":{"rendered":"\t\t<div data-elementor-type=\"wp-page\" data-elementor-id=\"5791\" class=\"elementor elementor-5791\" data-elementor-post-type=\"page\">\n\t\t\t\t\t\t<section class=\"elementor-section elementor-top-section elementor-element elementor-element-730d320 elementor-section-boxed elementor-section-height-default elementor-section-height-default\" data-id=\"730d320\" data-element_type=\"section\">\n\t\t\t\t\t\t<div class=\"elementor-container elementor-column-gap-default\">\n\t\t\t\t\t<div class=\"elementor-column elementor-col-100 elementor-top-column elementor-element elementor-element-753d0860\" data-id=\"753d0860\" data-element_type=\"column\">\n\t\t\t<div class=\"elementor-widget-wrap\">\n\t\t\t\t\t\t\t<\/div>\n\t\t<\/div>\n\t\t\t\t\t<\/div>\n\t\t<\/section>\n\t\t\t\t<section class=\"elementor-section elementor-top-section elementor-element elementor-element-9be811a elementor-section-boxed elementor-section-height-default elementor-section-height-default\" data-id=\"9be811a\" data-element_type=\"section\">\n\t\t\t\t\t\t<div class=\"elementor-container elementor-column-gap-default\">\n\t\t\t\t\t<div class=\"elementor-column elementor-col-100 elementor-top-column elementor-element elementor-element-1ed847b7\" data-id=\"1ed847b7\" data-element_type=\"column\">\n\t\t\t<div class=\"elementor-widget-wrap elementor-element-populated\">\n\t\t\t\t\t\t<div class=\"elementor-element elementor-element-4ce0d07f elementor-widget elementor-widget-heading\" data-id=\"4ce0d07f\" data-element_type=\"widget\" data-widget_type=\"heading.default\">\n\t\t\t\t<div class=\"elementor-widget-container\">\n\t\t\t\t\t<h2 class=\"elementor-heading-title elementor-size-default\">Staj Takvimi<\/h2>\t\t\t\t<\/div>\n\t\t\t\t<\/div>\n\t\t\t\t<div class=\"elementor-element elementor-element-63260862 elementor-widget-divider--view-line elementor-widget elementor-widget-divider\" data-id=\"63260862\" data-element_type=\"widget\" data-widget_type=\"divider.default\">\n\t\t\t\t<div class=\"elementor-widget-container\">\n\t\t\t\t\t\t\t<div class=\"elementor-divider\">\n\t\t\t<span class=\"elementor-divider-separator\">\n\t\t\t\t\t\t<\/span>\n\t\t<\/div>\n\t\t\t\t\t\t<\/div>\n\t\t\t\t<\/div>\n\t\t\t\t\t<\/div>\n\t\t<\/div>\n\t\t\t\t\t<\/div>\n\t\t<\/section>\n\t\t\t\t<section class=\"elementor-section elementor-top-section elementor-element elementor-element-10e8347 elementor-section-boxed elementor-section-height-default elementor-section-height-default\" data-id=\"10e8347\" data-element_type=\"section\">\n\t\t\t\t\t\t<div class=\"elementor-container elementor-column-gap-default\">\n\t\t\t\t\t<div class=\"elementor-column elementor-col-100 elementor-top-column elementor-element elementor-element-795ab05\" data-id=\"795ab05\" data-element_type=\"column\">\n\t\t\t<div class=\"elementor-widget-wrap elementor-element-populated\">\n\t\t\t\t\t\t<div class=\"elementor-element elementor-element-4524745 elementor-widget elementor-widget-text-editor\" data-id=\"4524745\" data-element_type=\"widget\" data-widget_type=\"text-editor.default\">\n\t\t\t\t<div class=\"elementor-widget-container\">\n\t\t\t\t\t\t\t\t\t<p>\u00a0<\/p><h5 style=\"text-align: center\"><strong>ATAT\u00dcRK \u00dcN\u0130VERS\u0130TES\u0130 M\u0130MARLIK ve TASARIM FAK\u00dcLTES\u0130<br \/><\/strong><strong>PEYZAJ M\u0130MARLI\u011eI B\u00d6L\u00dcM\u00dc 2025 YAZ D\u00d6NEM\u0130<br \/><\/strong><strong>STAJ TAR\u0130HLER\u0130 ve GEREKL\u0130 \u0130\u015eLEMLER<\/strong><\/h5><h6>&#8211;<span style=\"font-weight: normal\"> Staj ba\u015fvurular\u0131 \u00dcniversitemiz WEB sitesindeki \u00d6BS se\u00e7ene\u011fi ile \u00f6\u011frenci taraf\u0131ndan yap\u0131lacakt\u0131r.<br \/>&#8211; 2025 Yaz d\u00f6neminde staj yapacak \u00f6\u011frencilerimizin a\u015fa\u011f\u0131daki ba\u015fvuru takvimini dikkate alarak gerekli evraklar\u0131n\u0131 haz\u0131rlamalar\u0131 ve B\u00f6l\u00fcm Staj Komisyonlar\u0131na teslim etmesi gerekmektedir.<\/span><\/h6><p>-Staj ba\u015fvurular\u0131 <a href=\"http:\/\/birimler.atauni.edu.tr\/peyzaj-mimarligi-bolumu\/wp-content\/uploads\/sites\/146\/2026\/02\/Atauni_Peyzaj-Mimarligi_Staj-Yonergesi.pdf\">Atauni_Peyzaj Mimarl\u0131\u011f\u0131_Staj Y\u00f6nergesi<\/a><strong> \u00e7er\u00e7evesinde yap\u0131lacakt\u0131r. Bu nedenle staj yerinizin uygunlu\u011funu staj y\u00f6nergesi do\u011frultusunda kontrol ediniz.<\/strong><\/p><h6><span style=\"font-weight: normal\">\u00a0<\/span><\/h6><table><tbody><tr><td colspan=\"2\" width=\"604\"><h6><span style=\"color: #e2b887\"><strong>STAJ BA\u015eVURU TAKV\u0130M\u0130<\/strong><\/span><\/h6><\/td><\/tr><tr><td width=\"397\"><h6><span style=\"font-weight: normal\">2 adet Zorunlu staj formu ve Staj Kabul Belgesinin b\u00f6l\u00fcm staj dan\u0131\u015fman\u0131na mail yoluyla <a href=\"mailto:atapeyzaj1957staj@gmail.com\">atapeyzaj1957staj@gmail.com<\/a> \u00a0\u00a0adresine g\u00f6nderilmesi ve OBS \u00fczerinden staj \u00f6n ba\u015fvurular\u0131n\u0131n yap\u0131lmas\u0131<\/span><\/h6><\/td><td width=\"207\"><h6>17 Mart-28 Mart 2025<\/h6><\/td><\/tr><tr><td width=\"397\"><h6><span style=\"font-weight: normal\">Staj Kabul Belgelerinin De\u011ferlendirme Sonu\u00e7lar\u0131 \u0130lan\u0131 ve OBS sistemi \u00fczerinden staj \u00f6n ba\u015fvurusu kabul edilenlerin ba\u015fvurular\u0131n\u0131 tamamlamalar\u0131<\/span><\/h6><\/td><td width=\"207\"><h6>7 Nisan &#8211; 14 Nisan 2025<\/h6><\/td><\/tr><tr><td width=\"397\"><h6><span style=\"font-weight: normal\">De\u011ferlendirmede Reddedilen Ba\u015fvurular i\u00e7in Yeni Staj Kabul Belgelerinin Getirilmesi ve OBS \u00fczerindeki ba\u015fvurular\u0131n\u0131 d\u00fczeltmeleri<\/span><\/h6><\/td><td width=\"207\"><h6>21 Nisan 2025<\/h6><\/td><\/tr><tr><td width=\"397\"><h6><span style=\"font-weight: normal\">Nihai Sonu\u00e7lar\u0131n \u0130lan\u0131<\/span><\/h6><\/td><td width=\"207\"><h6>28 Nisan 2025<\/h6><\/td><\/tr><tr><td width=\"397\"><h6><span style=\"font-weight: normal\">Zorunlu Staj Formu ve Staj Kabul Belgesi\u2019nin Teslimi<br \/>N\u00fcfus C\u00fczdan\u0131 Fotokopisi ile T\u00fcm Staj Evraklar\u0131n\u0131n Teslimi*<\/span><\/h6><\/td><td width=\"207\"><h6>5 May\u0131s &#8211; 16 May\u0131s 2025<\/h6><\/td><\/tr><\/tbody><\/table><h6>*<span style=\"font-weight: normal\">*5-16 May\u0131s 2025 tarihleri aras\u0131nda Zorunlu Staj belgesini (Bilgisayar ortam\u0131nda doldurup, imzalay\u0131p staj yeri sorumlusu bilgileri ve staj yeri ka\u015feli ve imzal\u0131 olarak) ve Staj kabul belgesini (staj yeri sorumlusu bilgileri ve staj yeri ka\u015feli ve imzal\u0131 olarak) gerekli onaylar\u0131n\u0131 tamamlad\u0131\u011f\u0131n\u0131z staj evraklar\u0131n\u0131z, N\u00fcfus C\u00fczden Fotokopisi, Fak\u00fclte web sayfas\u0131nda yay\u0131nlanan Staj Formlar\u0131n\u0131n (MTF-05 ve ekleri ile MTF-06 ve ekleri) B\u00f6l\u00fcm Staj Koordinat\u00f6r\u00fcn\u00fcze\/ Staj Dan\u0131\u015fman\u0131n\u0131za elden ve OBS \u00fczerinden mutlaka teslim ediniz.\u00a0<\/span><\/h6><h6><u>5-16 MAYIS 2025<span style=\"font-weight: normal\">\u00a0T<\/span>AR\u0130HLER\u0130NDEN SONRA YAPILACAK TESL\u0130MLER KABUL ED\u0130LMEYECEKT\u0130R.<br \/><\/u><\/h6><table><tbody><tr><td colspan=\"2\" width=\"604\"><h6><span style=\"color: #e2b887\"><strong>PEYZAJ M\u0130MARLI\u011eI B\u00d6L\u00dcM\u00dc STAJ TAR\u0130HLER\u0130<\/strong><\/span><\/h6><\/td><\/tr><tr><td colspan=\"2\" width=\"604\"><h6><span style=\"color: #e2b887\"><strong>*STAJ I<\/strong> (\u00d6ZEL SEKT\u00d6R STAJI)<\/span><\/h6><\/td><\/tr><tr><td width=\"340\"><h6><span style=\"color: #000080\">STAJ I \u00a0(1.Alternatif)\u00a0\u00a0\u00a0\u00a0\u00a0 30 Haziran &#8211; 11 A\u011fustos\u00a0<\/span><br \/><span style=\"color: #000080\">(15 Temmuz Resmi Tatil)<\/span><\/h6><\/td><td width=\"264\"><h6><span style=\"color: #000080\">30 i\u015f g\u00fcn\u00fc<\/span><\/h6><\/td><\/tr><tr><td width=\"340\"><h6><span style=\"color: #000080\">STAJ I\u00a0 (2.Alternatif)\u00a0\u00a0\u00a0\u00a0\u00a0 4 A\u011fustos &#8211; 15 Eyl\u00fcl<\/span><br \/><span style=\"color: #000080\">(30 A\u011fustos Resmi Tatil)<\/span><\/h6><\/td><td width=\"264\"><h6><span style=\"color: #000080\">30 i\u015f g\u00fcn\u00fc<\/span><\/h6><\/td><\/tr><tr><td colspan=\"2\" width=\"604\"><h6><span style=\"color: #e2b887\"><strong>**STAJ II<\/strong> (KURUM STAJI)<\/span><\/h6><\/td><\/tr><tr><td width=\"340\"><h6><span style=\"color: #000080\">STAJ II (1.Alternatif)\u00a0\u00a0\u00a0\u00a0 30 Haziran &#8211; 28 Temmuz<br \/><\/span><span style=\"color: #000080\">(15 Temmuz Resmi Tatil)<\/span><\/h6><\/td><td width=\"264\"><h6><span style=\"color: #000080\">20 i\u015f g\u00fcn\u00fc<\/span><\/h6><\/td><\/tr><tr><td width=\"340\"><h6><span style=\"color: #000080\">STAJ II (2.Alternatif)\u00a0\u00a0\u00a0\u00a0 4 A\u011fustos &#8211; 29 A\u011fustos<br \/><\/span><span style=\"color: #000080\">(30 A\u011fustos Resmi Tatil)<\/span><\/h6><\/td><td width=\"264\"><h6><span style=\"color: #000080\">20 i\u015f g\u00fcn\u00fc<\/span><\/h6><\/td><\/tr><\/tbody><\/table><p><span style=\"color: #000080;font-weight: bolder;font-family: var( --e-global-typography-accent-font-family ), Sans-serif;font-size: 1rem;letter-spacing: 0px\">\u2013\u00a0<\/span><span style=\"color: #ff6600;font-family: var( --e-global-typography-accent-font-family ), Sans-serif;font-weight: var( --e-global-typography-accent-font-weight );font-size: 1rem;letter-spacing: 0px\">Staj I ve Staj II\u2019yi 2025 yaz d\u00f6neminde yapmak zorunda olan (mezuniyet, tek ders, \u00f6nceki d\u00f6nem ba\u015far\u0131s\u0131z vb durumlarda) \u00f6\u011frencilerimiz i\u00e7in Staj II 3.alternatif 18 A\u011fustos- 12 Eyl\u00fcl tarihleri\u00a0olacakt\u0131r.<\/span><\/p><p><span style=\"color: #000080\"><strong>\u2013 *Staj I<\/strong> \u00f6zel sekt\u00f6re ait fidanl\u0131klar veya peyzaj mimarl\u0131\u011f\u0131\/mimarl\u0131k \u015firketlerinin peyzaj uygulama i\u015flerinde\/arazi ortam\u0131nda yap\u0131labilir.<\/span><\/p><p><span style=\"color: #000080\"><strong>\u2013 **Staj II<\/strong> kamu kurumlar\u0131nda yap\u0131lmak durumundad\u0131r ve b\u00fcro ortam\u0131ndaki \u00e7al\u0131\u015fmalar\u0131 kapsamaktad\u0131r. \u00d6\u011frencinin staj yapaca\u011f\u0131 ilde uygun kamu kurumu bulamamas\u0131 halinde \u00f6zel sekt\u00f6rde de yap\u0131labilir.<\/span><\/p><h4><span style=\"color: #e2b887\"><strong>\u00d6NEML\u0130 BA\u015eLIKLAR<\/strong><\/span><\/h4><p style=\"text-align: justify;background-image: initial;background-position: initial;background-size: initial;background-repeat: initial;background-attachment: initial\"><span style=\"color: #000080;font-weight: bolder;font-family: var( --e-global-typography-accent-font-family ), Sans-serif;text-align: left;font-size: 1rem;letter-spacing: 0px\">\u2013<\/span><span style=\"color: #000080\">\u00a0Ulusal Staj Program\u0131na kabul edilen \u00f6\u011frenciler de \u00d6BS \u00fczerinden ba\u015fvuru yapmal\u0131d\u0131r.<\/span><\/p><p style=\"text-align: justify;background-image: initial;background-position: initial;background-size: initial;background-repeat: initial;background-attachment: initial\"><span style=\"color: #000080;font-weight: bolder;font-family: var( --e-global-typography-accent-font-family ), Sans-serif;text-align: left;font-size: 1rem;letter-spacing: 0px\">\u2013\u00a0<\/span><span style=\"color: #000080\">Zorunlu staj formu ve Staj Kabul belgelerinde (Staj tarihleri ve Staj yap\u0131lacak yerin ad\u0131, adresi, sorumlu ki\u015finin ad\u0131 vb. bilgilerinin eksiksiz doldurularak, ka\u015felenmi\u015f ve \u0131slak imzal\u0131 olmas\u0131 gerekmektedir.) <\/span><\/p><p style=\"text-align: justify;background-image: initial;background-position: initial;background-size: initial;background-repeat: initial;background-attachment: initial\"><span style=\"color: #000080;font-weight: bolder;font-family: var( --e-global-typography-accent-font-family ), Sans-serif;text-align: left;font-size: 1rem;letter-spacing: 0px\">\u2013\u00a0<\/span><span style=\"color: #000080\">Daha \u00f6nce herhangi bir staj yapmayan \u00f6\u011frencilerin staj s\u0131ralamas\u0131 olarak \u00f6nce Staj I ( \u00d6zel Sekt\u00f6r Staj\u0131) sonras\u0131nda Staj II (Kurum Staj\u0131) yapmalar\u0131 gerekmektedir.<\/span><\/p><p style=\"text-align: justify;background-image: initial;background-position: initial;background-size: initial;background-repeat: initial;background-attachment: initial\"><span style=\"color: #000080;font-weight: bolder;font-family: var( --e-global-typography-accent-font-family ), Sans-serif;text-align: left;font-size: 1rem;letter-spacing: 0px\">\u2013\u00a0<\/span><span style=\"color: #000080\">\u00d6\u011frenci staj formuna girdi\u011finde OBS de kay\u0131tl\u0131 bilgileri birinci b\u00f6l\u00fcmde otomatik olarak gelecektir. (birinci b\u00f6l\u00fcmde OBS de kay\u0131tl\u0131 bilgi mevcut de\u011fil ise form \u00fczerinde klavye ile doldurabilecektir.)\u00a0 Foto\u011fraf ise sistemde y\u00fckl\u00fc olan otomatik olarak gelmelidir. \u0130kinci b\u00f6l\u00fcm tamamen klavye ile \u00f6\u011frencinin kendisi doldurarak PDF olarak \u00e7\u0131kt\u0131s\u0131n\u0131 almal\u0131d\u0131r.<\/span><\/p><p style=\"text-align: justify;background-image: initial;background-position: initial;background-size: initial;background-repeat: initial;background-attachment: initial\"><span style=\"color: #000080;font-weight: bolder;font-family: var( --e-global-typography-accent-font-family ), Sans-serif;text-align: left;font-size: 1rem;letter-spacing: 0px\">\u2013\u00a0<\/span><span style=\"color: #000080\">Staj yap\u0131lacak i\u015f yerlerinin \u00f6ncelikli Peyzaj Mimarl\u0131\u011f\u0131 b\u00fcrosu olmas\u0131 beklenmektedir. <span style=\"text-decoration: underline\"><strong>Staj yerlerinde Peyzaj mimar\u0131 olmas\u0131 zorunludur.<\/strong><\/span><\/span><\/p><p style=\"text-align: justify;background-image: initial;background-position: initial;background-size: initial;background-repeat: initial;background-attachment: initial\"><span style=\"color: #000080;font-weight: bolder;font-family: var( --e-global-typography-accent-font-family ), Sans-serif;text-align: left;font-size: 1rem;letter-spacing: 0px\">\u2013\u00a0<\/span><span style=\"color: #000080\">Yaz okulu s\u0131ras\u0131nda Staj yap\u0131lmamaktad\u0131r.<\/span><\/p><h3><span style=\"color: #000080\"><strong>D\u0130KKAT:<\/strong><\/span><\/h3><p><span style=\"color: #000080\">Staj yapaca\u011f\u0131n\u0131z tarihlerde sigortal\u0131 olman\u0131z gerekmektedir. Bu nedenle sistemden staj ba\u015fvurular\u0131n\u0131z\u0131 yaparak, staj komisyonunca onaylanmas\u0131, Sa\u011fl\u0131k K\u00fclt\u00fcr Daire Ba\u015fkanl\u0131\u011f\u0131na ula\u015fmas\u0131 ve sigorta giri\u015finizin yap\u0131lmas\u0131 gerekmektedir. Sistemde staj\u0131n\u0131z onaylanmam\u0131\u015f ise staj yapamazs\u0131n\u0131z. Staj ba\u015fvuru onaylar\u0131n\u0131z\u0131n staj ba\u015flang\u0131\u00e7 tarihinden 15 g\u00fcn \u00f6nce yap\u0131lm\u0131\u015f olmas\u0131 gerekmektedir. Ayr\u0131ca staj yapaca\u011f\u0131n\u0131z yerde \u0130\u015f Sa\u011fl\u0131\u011f\u0131 ve G\u00fcvenli\u011finizin sa\u011flanm\u0131\u015f olmas\u0131 son derece \u00f6nemlidir. Bu iki konuyla ilgili <u>belgelerin takibi ve tedbirlerin al\u0131nm\u0131\u015f olmas\u0131n\u0131n kontrol\u00fc \u00f6\u011frencinin sorumlulu\u011fundad\u0131r.<\/u><\/span><\/p><p><span style=\"color: #000080\">Stajla ilgili evraklara<\/span> <a href=\"https:\/\/birimler.atauni.edu.tr\/mimarlik-ve-tasarim-fakultesi\/formlar\/\">https:\/\/birimler.atauni.edu.tr\/mimarlik-ve-tasarim-fakultesi\/formlar\/<\/a> <span style=\"color: #000080\">adresinden ula\u015fabilirsiniz.<\/span><\/p><p><span style=\"color: #e2b887\"><strong>Peyzaj Mimarl\u0131\u011f\u0131 B\u00f6l\u00fcm\u00fc Staj\u00a0 Koordinat\u00f6rl\u00fc\u011f\u00fc<\/strong><\/span><\/p>\t\t\t\t\t\t\t\t<\/div>\n\t\t\t\t<\/div>\n\t\t\t\t\t<\/div>\n\t\t<\/div>\n\t\t\t\t\t<\/div>\n\t\t<\/section>\n\t\t\t\t<\/div>\n\t\t","protected":false},"excerpt":{"rendered":"<p>Staj Takvimi \u00a0 ATAT\u00dcRK \u00dcN\u0130VERS\u0130TES\u0130 M\u0130MARLIK ve TASARIM FAK\u00dcLTES\u0130PEYZAJ M\u0130MARLI\u011eI B\u00d6L\u00dcM\u00dc 2025 YAZ D\u00d6NEM\u0130STAJ TAR\u0130HLER\u0130 ve GEREKL\u0130 \u0130\u015eLEMLER &#8211; Staj ba\u015fvurular\u0131 \u00dcniversitemiz WEB sitesindeki \u00d6BS se\u00e7ene\u011fi ile \u00f6\u011frenci taraf\u0131ndan yap\u0131lacakt\u0131r.&#8211; 2025 Yaz d\u00f6neminde staj yapacak \u00f6\u011frencilerimizin a\u015fa\u011f\u0131daki ba\u015fvuru takvimini dikkate alarak gerekli evraklar\u0131n\u0131 haz\u0131rlamalar\u0131 ve B\u00f6l\u00fcm Staj Komisyonlar\u0131na teslim etmesi gerekmektedir. -Staj ba\u015fvurular\u0131 Atauni_Peyzaj Mimarl\u0131\u011f\u0131_Staj [&hellip;]<\/p>\n","protected":false},"author":1,"featured_media":0,"parent":0,"menu_order":0,"comment_status":"closed","ping_status":"closed","template":"elementor_header_footer","meta":{"footnotes":""},"class_list":["post-5791","page","type-page","status-publish","hentry"],"_links":{"self":[{"href":"https:\/\/atauni.edu.tr\/peyzaj-mimarligi-bolumu\/wp-json\/wp\/v2\/pages\/5791","targetHints":{"allow":["GET"]}}],"collection":[{"href":"https:\/\/atauni.edu.tr\/peyzaj-mimarligi-bolumu\/wp-json\/wp\/v2\/pages"}],"about":[{"href":"https:\/\/atauni.edu.tr\/peyzaj-mimarligi-bolumu\/wp-json\/wp\/v2\/types\/page"}],"author":[{"embeddable":true,"href":"https:\/\/atauni.edu.tr\/peyzaj-mimarligi-bolumu\/wp-json\/wp\/v2\/users\/1"}],"replies":[{"embeddable":true,"href":"https:\/\/atauni.edu.tr\/peyzaj-mimarligi-bolumu\/wp-json\/wp\/v2\/comments?post=5791"}],"version-history":[{"count":113,"href":"https:\/\/atauni.edu.tr\/peyzaj-mimarligi-bolumu\/wp-json\/wp\/v2\/pages\/5791\/revisions"}],"predecessor-version":[{"id":9179,"href":"https:\/\/atauni.edu.tr\/peyzaj-mimarligi-bolumu\/wp-json\/wp\/v2\/pages\/5791\/revisions\/9179"}],"wp:attachment":[{"href":"https:\/\/atauni.edu.tr\/peyzaj-mimarligi-bolumu\/wp-json\/wp\/v2\/media?parent=5791"}],"curies":[{"name":"wp","href":"https:\/\/api.w.org\/{rel}","templated":true}]}}