{"id":7438,"date":"2023-10-04T15:26:23","date_gmt":"2023-10-04T12:26:23","guid":{"rendered":"http:\/\/birimler.atauni.edu.tr\/peyzaj-mimarligi-bolumu\/?page_id=7438"},"modified":"2023-10-05T19:10:10","modified_gmt":"2023-10-05T16:10:10","slug":"bolum-baskaninin-mesaji","status":"publish","type":"page","link":"https:\/\/atauni.edu.tr\/peyzaj-mimarligi-bolumu\/bolum-baskaninin-mesaji\/","title":{"rendered":"B\u00f6l\u00fcm Ba\u015fkan\u0131n\u0131n Mesaj\u0131"},"content":{"rendered":"\t\t<div data-elementor-type=\"wp-page\" data-elementor-id=\"7438\" class=\"elementor elementor-7438\" data-elementor-post-type=\"page\">\n\t\t\t\t\t\t<section class=\"elementor-section elementor-top-section elementor-element elementor-element-9c85c64 elementor-section-boxed elementor-section-height-default elementor-section-height-default\" data-id=\"9c85c64\" data-element_type=\"section\">\n\t\t\t\t\t\t<div class=\"elementor-container elementor-column-gap-default\">\n\t\t\t\t\t<div class=\"elementor-column elementor-col-100 elementor-top-column elementor-element elementor-element-108344f\" data-id=\"108344f\" data-element_type=\"column\">\n\t\t\t<div class=\"elementor-widget-wrap elementor-element-populated\">\n\t\t\t\t\t\t<div class=\"elementor-element elementor-element-ef158ec elementor-widget elementor-widget-heading\" data-id=\"ef158ec\" data-element_type=\"widget\" data-widget_type=\"heading.default\">\n\t\t\t\t<div class=\"elementor-widget-container\">\n\t\t\t\t\t<h2 class=\"elementor-heading-title elementor-size-default\">B\u00f6l\u00fcm Ba\u015fkan\u0131n\u0131n Mesaj\u0131<\/h2>\t\t\t\t<\/div>\n\t\t\t\t<\/div>\n\t\t\t\t<div class=\"elementor-element elementor-element-f845680 elementor-widget-divider--view-line elementor-widget elementor-widget-divider\" data-id=\"f845680\" data-element_type=\"widget\" data-widget_type=\"divider.default\">\n\t\t\t\t<div class=\"elementor-widget-container\">\n\t\t\t\t\t\t\t<div class=\"elementor-divider\">\n\t\t\t<span class=\"elementor-divider-separator\">\n\t\t\t\t\t\t<\/span>\n\t\t<\/div>\n\t\t\t\t\t\t<\/div>\n\t\t\t\t<\/div>\n\t\t\t\t\t<\/div>\n\t\t<\/div>\n\t\t\t\t\t<\/div>\n\t\t<\/section>\n\t\t\t\t<section class=\"elementor-section elementor-top-section elementor-element elementor-element-8a7e464 elementor-section-boxed elementor-section-height-default elementor-section-height-default\" data-id=\"8a7e464\" data-element_type=\"section\">\n\t\t\t\t\t\t<div class=\"elementor-container elementor-column-gap-default\">\n\t\t\t\t\t<div class=\"elementor-column elementor-col-100 elementor-top-column elementor-element elementor-element-08de13d\" data-id=\"08de13d\" data-element_type=\"column\">\n\t\t\t<div class=\"elementor-widget-wrap elementor-element-populated\">\n\t\t\t\t\t\t<div class=\"elementor-element elementor-element-4f384d1 elementor-widget elementor-widget-text-editor\" data-id=\"4f384d1\" data-element_type=\"widget\" data-widget_type=\"text-editor.default\">\n\t\t\t\t<div class=\"elementor-widget-container\">\n\t\t\t\t\t\t\t\t\t<p><em>Sevgili \u00d6\u011frenciler, Sayg\u0131de\u011fer Akademisyenler, De\u011ferli Mezunlar\u0131m\u0131z ve Payda\u015flar\u0131m\u0131z<\/em>,<\/p>\n<p>Atat\u00fcrk \u00dcniversitesi Mimarl\u0131k ve Tasar\u0131m Fak\u00fcltesi Peyzaj Mimarl\u0131\u011f\u0131 B\u00f6l\u00fcm\u00fc Ba\u015fkan\u0131 olarak her birinize s\u0131cak bir ho\u015f geldiniz demenin mutlulu\u011funu ya\u015f\u0131yorum. Yerel, b\u00f6lgesel, ulusal ve k\u00fcresel \u00f6l\u00e7ekte peyzajlar\u0131n s\u00fcrd\u00fcr\u00fclebilir ve ya\u015fanabilir bir gelecek i\u00e7in \u015fekillendirmeye y\u00f6nelik uzun soluklu bir s\u00fcreci birlikte deneyimlemek \u00fczere e\u011fitim, \u00f6\u011fretim, ara\u015ft\u0131rma, proje, yay\u0131n ve toplumsal yarar sa\u011flamak \u00fczere bir araday\u0131z.<\/p>\n<p>Peyzaj mimarl\u0131\u011f\u0131, mek\u00e2nsal d\u00fczeyde yarat\u0131c\u0131l\u0131k ve sorumluluk, estetik de\u011ferleri y\u00fcceltme ve \u00e7evresel koruma, yenilik ve gelenekleri bir araya getiren bir disiplindir. B\u00f6l\u00fcm\u00fcm\u00fczde, peyzajlar\u0131n d\u00f6n\u00fc\u015ft\u00fcr\u00fcc\u00fc g\u00fcc\u00fcne inan\u0131yor ve onlar\u0131 daha s\u00fcrd\u00fcr\u00fclebilir ve uyumlu bir d\u00fcnya i\u00e7in canl\u0131 tuvaller olarak g\u00f6r\u00fcyoruz.<\/p>\n<p>Peyzaj Mimarl\u0131\u011f\u0131 B\u00f6l\u00fcm\u00fc ile olan yolculu\u011funuz mek\u00e2nsal boyutta planlama, tasar\u0131m ve bitkisel materyalin \u00e7ok y\u00f6nl\u00fc de\u011ferlendirilece\u011fi bir deneyim olacak. Burada sadece bilgi ve beceri kazanmakla kalmayacak, ayn\u0131 zamanda derin bir ama\u00e7 duygusu geli\u015ftireceksiniz. Sizler, \u00e7evremizle nas\u0131l etkile\u015fim kurdu\u011fumuzu \u015fekillendirecek olan peyzaj mimarlar\u0131n\u0131n yeni nesli olacaks\u0131n\u0131z. Vizyonunuz ve mesle\u011fe, \u00e7evreye ve toplumsal de\u011ferlere ba\u011fl\u0131l\u0131\u011f\u0131n\u0131z, insanlar\u0131 do\u011fayla bulu\u015fturan, ilham veren ve iyile\u015ftiren mekanlar yaratmada \u00f6nc\u00fc ve itici g\u00fcc\u00fcn\u00fcz olacakt\u0131r. Kar\u015f\u0131n\u0131za \u00e7\u0131kacak olan zorluklar\u0131 ve f\u0131rsatlar\u0131 kucaklay\u0131n, \u00e7\u00fcnk\u00fc yarat\u0131c\u0131l\u0131\u011f\u0131n\u0131z ve kararl\u0131l\u0131\u011f\u0131n\u0131z s\u00fcrd\u00fcr\u00fclebilir planlama ve tasar\u0131m\u0131n s\u0131n\u0131rlar\u0131n\u0131 yeniden tan\u0131mlama s\u00fcrecinizde rehberiniz olacakt\u0131r.<\/p>\n<p>Unutmay\u0131n\u0131z ki deneyimli akademisyenlerimiz, peyzaj mimarl\u0131\u011f\u0131 b\u00f6l\u00fcm\u00fcn\u00fcn ta\u015f\u0131y\u0131c\u0131 sistemini temsil etmektedir. \u00d6\u011fretim \u00fcye ve elemanlar\u0131m\u0131z ara\u015ft\u0131rma, \u00f6\u011fretim ve rehberlik konular\u0131ndaki \u00f6zverileri ile \u00f6\u011frencilerimizin zihinlerini ve geleceklerini zenginle\u015ftirme \u00e7abas\u0131ndad\u0131rlar. Birlikte, peyzaj mimarl\u0131\u011f\u0131n\u0131n s\u0131n\u0131rlar\u0131na seyahat edecek, yeni yollar\u0131 \u015fekillendirecek ve alan\u0131m\u0131zdaki k\u00fcresel bilgi birikimine b\u00fcy\u00fck oranda onlarla eri\u015fim sa\u011flayacaks\u0131n\u0131z.<\/p>\n<p>Sayg\u0131de\u011fer mezunlar\u0131m\u0131z ve payda\u015flar\u0131m\u0131z, b\u00f6l\u00fcm\u00fcm\u00fcz\u00fc 25 y\u0131l\u0131 a\u015fk\u0131n s\u00fcreden beri destekleyen deneyimleri ve yap\u0131c\u0131 g\u00f6r\u00fc\u015fleri ile paha bi\u00e7ilmez de\u011ferlerimizdir. Teori ile prati\u011fin aras\u0131ndaki bo\u015flu\u011fu doldurduklar\u0131 gibi, \u00f6\u011frencilerimize ba\u015far\u0131 hikayeleri ile ilham kayna\u011f\u0131 olur ve mesle\u011fin karma\u015f\u0131kl\u0131klar\u0131 konusunda onlara rehberlik ederler. Misyonumuz olan peyzaj sekt\u00f6r\u00fcne haz\u0131r mezunlar yeti\u015ftirmekteki i\u015f birli\u011finizi ve ortakl\u0131\u011f\u0131n\u0131z\u0131 takdir etti\u011fimizi bilmenizi isteriz. Katk\u0131lar\u0131n\u0131z, finansal, entelekt\u00fcel veya ahlaki olsun, toplum ve \u00e7evre \u00fczerinde olumlu bir etki yaratma kapasitemizi g\u00fc\u00e7lendirecektir.<\/p>\n<p>Peyzaj mimarl\u0131\u011f\u0131 mesle\u011finin s\u00fcrekli de\u011fi\u015fen ve geni\u015fleyen etki alan\u0131n\u0131 g\u00f6zlemleyerek deneyimlerken, s\u00fcrd\u00fcr\u00fclebilirlik, yarat\u0131c\u0131l\u0131k ve gezegenimizin kalk\u0131nmas\u0131 i\u00e7in sorumlu y\u00f6netimi s\u00fcrecine ortak bir ba\u011fl\u0131l\u0131kla ilerliyoruz. Birlikte, m\u00fcmk\u00fcn olan\u0131n s\u0131n\u0131rlar\u0131n\u0131 zorlamaya devam edece\u011fiz, yenili\u011fi kucaklayacak ve i\u015f birli\u011fini te\u015fvik edece\u011fiz. B\u00f6l\u00fcm\u00fcm\u00fcz sadece bir akademik birim de\u011fil, fark yaratmaya kararl\u0131 bir toplulu\u011fu ifade eder.<\/p>\n<p>Sizleri t\u00fcm Peyzaj Mimarl\u0131\u011f\u0131 B\u00f6l\u00fcm\u00fcnde alaca\u011f\u0131n\u0131z e\u011fitim ve \u00f6\u011fretim faaliyetleri i\u00e7inde var olan f\u0131rsatlar\u0131 ve potansiyelleri ke\u015ffetmeye davet ediyorum. Bizimle birlikte daha ye\u015fil, daha g\u00fczel ve s\u00fcrd\u00fcr\u00fclebilir fiziksel ve sosyal \u00e7evre ve peyzajlar olu\u015fturma \u00e7abas\u0131nda olun. Sizlerin varl\u0131\u011f\u0131 ve kat\u0131l\u0131m\u0131, disiplinimizin gelece\u011fini \u015fekillendirmemiz i\u00e7in \u00f6nemlidir.<\/p>\n<p>Bu yolculu\u011fumuzun bir par\u00e7as\u0131 oldu\u011funuz i\u00e7in te\u015fekk\u00fcr ederim.<\/p>\n<p>Sevgi ve Sayg\u0131lar\u0131mla,<\/p>\n<blockquote>\n<h4><b>Prof. Dr. Faris KARAHAN<br><\/b><span style=\"color: var( --e-global-color-primary );aphy-text-font-family ), Sans-serif;font-weight: var( --e-global-typography-text-font-weight );letter-spacing: 0px\">Peyzaj Mimarl\u0131\u011f\u0131 B\u00f6l\u00fcm\u00fc Ba\u015fkan\u0131<\/span><\/h4>\n<p><\/p>\n<\/blockquote>\t\t\t\t\t\t\t\t<\/div>\n\t\t\t\t<\/div>\n\t\t\t\t\t<\/div>\n\t\t<\/div>\n\t\t\t\t\t<\/div>\n\t\t<\/section>\n\t\t\t\t<\/div>\n\t\t","protected":false},"excerpt":{"rendered":"<p>B\u00f6l\u00fcm Ba\u015fkan\u0131n\u0131n Mesaj\u0131 Sevgili \u00d6\u011frenciler, Sayg\u0131de\u011fer Akademisyenler, De\u011ferli Mezunlar\u0131m\u0131z ve Payda\u015flar\u0131m\u0131z, Atat\u00fcrk \u00dcniversitesi Mimarl\u0131k ve Tasar\u0131m Fak\u00fcltesi Peyzaj Mimarl\u0131\u011f\u0131 B\u00f6l\u00fcm\u00fc Ba\u015fkan\u0131 olarak her birinize s\u0131cak bir ho\u015f geldiniz demenin mutlulu\u011funu ya\u015f\u0131yorum. Yerel, b\u00f6lgesel, ulusal ve k\u00fcresel \u00f6l\u00e7ekte peyzajlar\u0131n s\u00fcrd\u00fcr\u00fclebilir ve ya\u015fanabilir bir gelecek i\u00e7in \u015fekillendirmeye y\u00f6nelik uzun soluklu bir s\u00fcreci birlikte deneyimlemek \u00fczere e\u011fitim, \u00f6\u011fretim, [&hellip;]<\/p>\n","protected":false},"author":131,"featured_media":0,"parent":0,"menu_order":0,"comment_status":"closed","ping_status":"closed","template":"","meta":{"footnotes":""},"class_list":["post-7438","page","type-page","status-publish","hentry"],"_links":{"self":[{"href":"https:\/\/atauni.edu.tr\/peyzaj-mimarligi-bolumu\/wp-json\/wp\/v2\/pages\/7438","targetHints":{"allow":["GET"]}}],"collection":[{"href":"https:\/\/atauni.edu.tr\/peyzaj-mimarligi-bolumu\/wp-json\/wp\/v2\/pages"}],"about":[{"href":"https:\/\/atauni.edu.tr\/peyzaj-mimarligi-bolumu\/wp-json\/wp\/v2\/types\/page"}],"author":[{"embeddable":true,"href":"https:\/\/atauni.edu.tr\/peyzaj-mimarligi-bolumu\/wp-json\/wp\/v2\/users\/131"}],"replies":[{"embeddable":true,"href":"https:\/\/atauni.edu.tr\/peyzaj-mimarligi-bolumu\/wp-json\/wp\/v2\/comments?post=7438"}],"version-history":[{"count":26,"href":"https:\/\/atauni.edu.tr\/peyzaj-mimarligi-bolumu\/wp-json\/wp\/v2\/pages\/7438\/revisions"}],"predecessor-version":[{"id":7471,"href":"https:\/\/atauni.edu.tr\/peyzaj-mimarligi-bolumu\/wp-json\/wp\/v2\/pages\/7438\/revisions\/7471"}],"wp:attachment":[{"href":"https:\/\/atauni.edu.tr\/peyzaj-mimarligi-bolumu\/wp-json\/wp\/v2\/media?parent=7438"}],"curies":[{"name":"wp","href":"https:\/\/api.w.org\/{rel}","templated":true}]}}