{"id":7871,"date":"2023-11-27T23:07:54","date_gmt":"2023-11-27T20:07:54","guid":{"rendered":"http:\/\/birimler.atauni.edu.tr\/peyzaj-mimarligi-bolumu\/?page_id=7871"},"modified":"2025-06-13T15:02:57","modified_gmt":"2025-06-13T12:02:57","slug":"sunum-takvimi","status":"publish","type":"page","link":"https:\/\/atauni.edu.tr\/peyzaj-mimarligi-bolumu\/sunum-takvimi\/","title":{"rendered":"Sunum Takvimi"},"content":{"rendered":"\t\t<div data-elementor-type=\"wp-page\" data-elementor-id=\"7871\" class=\"elementor elementor-7871\" data-elementor-post-type=\"page\">\n\t\t\t\t\t\t<section class=\"elementor-section elementor-top-section elementor-element elementor-element-f1deb18 elementor-section-boxed elementor-section-height-default elementor-section-height-default\" data-id=\"f1deb18\" data-element_type=\"section\">\n\t\t\t\t\t\t<div class=\"elementor-container elementor-column-gap-default\">\n\t\t\t\t\t<div class=\"elementor-column elementor-col-100 elementor-top-column elementor-element elementor-element-ed88943\" data-id=\"ed88943\" data-element_type=\"column\">\n\t\t\t<div class=\"elementor-widget-wrap elementor-element-populated\">\n\t\t\t\t\t\t<div class=\"elementor-element elementor-element-d7db049 elementor-widget elementor-widget-heading\" data-id=\"d7db049\" data-element_type=\"widget\" data-widget_type=\"heading.default\">\n\t\t\t\t<div class=\"elementor-widget-container\">\n\t\t\t\t\t<h2 class=\"elementor-heading-title elementor-size-default\">2024-2025 Akademik Y\u0131l\u0131 Bahar Yar\u0131y\u0131l Lisans\u00fcst\u00fc Sunum Takvimi<\/h2>\t\t\t\t<\/div>\n\t\t\t\t<\/div>\n\t\t\t\t\t<\/div>\n\t\t<\/div>\n\t\t\t\t\t<\/div>\n\t\t<\/section>\n\t\t\t\t<section class=\"elementor-section elementor-top-section elementor-element elementor-element-78469ca elementor-section-boxed elementor-section-height-default elementor-section-height-default\" data-id=\"78469ca\" data-element_type=\"section\">\n\t\t\t\t\t\t<div class=\"elementor-container elementor-column-gap-default\">\n\t\t\t\t\t<div class=\"elementor-column elementor-col-100 elementor-top-column elementor-element elementor-element-468e9fd\" data-id=\"468e9fd\" data-element_type=\"column\">\n\t\t\t<div class=\"elementor-widget-wrap elementor-element-populated\">\n\t\t\t\t\t\t<div class=\"elementor-element elementor-element-3bf8b14 elementor-widget elementor-widget-image\" data-id=\"3bf8b14\" data-element_type=\"widget\" data-widget_type=\"image.default\">\n\t\t\t\t<div class=\"elementor-widget-container\">\n\t\t\t\t\t\t\t\t\t\t\t\t\t\t\t<img fetchpriority=\"high\" decoding=\"async\" width=\"1024\" height=\"724\" src=\"https:\/\/atauni.edu.tr\/peyzaj-mimarligi-bolumu\/wp-content\/uploads\/sites\/146\/2025\/06\/2024-2025-Bahar-PMAB-Sunum-Takvimi_page-0001-1024x724.jpg\" class=\"attachment-large size-large wp-image-8954\" alt=\"\" srcset=\"https:\/\/atauni.edu.tr\/peyzaj-mimarligi-bolumu\/wp-content\/uploads\/sites\/146\/2025\/06\/2024-2025-Bahar-PMAB-Sunum-Takvimi_page-0001-1024x724.jpg 1024w, https:\/\/atauni.edu.tr\/peyzaj-mimarligi-bolumu\/wp-content\/uploads\/sites\/146\/2025\/06\/2024-2025-Bahar-PMAB-Sunum-Takvimi_page-0001-300x212.jpg 300w, https:\/\/atauni.edu.tr\/peyzaj-mimarligi-bolumu\/wp-content\/uploads\/sites\/146\/2025\/06\/2024-2025-Bahar-PMAB-Sunum-Takvimi_page-0001-768x543.jpg 768w, https:\/\/atauni.edu.tr\/peyzaj-mimarligi-bolumu\/wp-content\/uploads\/sites\/146\/2025\/06\/2024-2025-Bahar-PMAB-Sunum-Takvimi_page-0001-1536x1086.jpg 1536w, https:\/\/atauni.edu.tr\/peyzaj-mimarligi-bolumu\/wp-content\/uploads\/sites\/146\/2025\/06\/2024-2025-Bahar-PMAB-Sunum-Takvimi_page-0001-600x424.jpg 600w, https:\/\/atauni.edu.tr\/peyzaj-mimarligi-bolumu\/wp-content\/uploads\/sites\/146\/2025\/06\/2024-2025-Bahar-PMAB-Sunum-Takvimi_page-0001-560x396.jpg 560w, https:\/\/atauni.edu.tr\/peyzaj-mimarligi-bolumu\/wp-content\/uploads\/sites\/146\/2025\/06\/2024-2025-Bahar-PMAB-Sunum-Takvimi_page-0001.jpg 1755w\" sizes=\"(max-width: 1024px) 100vw, 1024px\" \/>\t\t\t\t\t\t\t\t\t\t\t\t\t\t\t<\/div>\n\t\t\t\t<\/div>\n\t\t\t\t\t<\/div>\n\t\t<\/div>\n\t\t\t\t\t<\/div>\n\t\t<\/section>\n\t\t\t\t<\/div>\n\t\t","protected":false},"excerpt":{"rendered":"<p>2024-2025 Akademik Y\u0131l\u0131 Bahar Yar\u0131y\u0131l Lisans\u00fcst\u00fc Sunum Takvimi<\/p>\n","protected":false},"author":131,"featured_media":0,"parent":0,"menu_order":0,"comment_status":"closed","ping_status":"closed","template":"","meta":{"footnotes":""},"class_list":["post-7871","page","type-page","status-publish","hentry"],"_links":{"self":[{"href":"https:\/\/atauni.edu.tr\/peyzaj-mimarligi-bolumu\/wp-json\/wp\/v2\/pages\/7871","targetHints":{"allow":["GET"]}}],"collection":[{"href":"https:\/\/atauni.edu.tr\/peyzaj-mimarligi-bolumu\/wp-json\/wp\/v2\/pages"}],"about":[{"href":"https:\/\/atauni.edu.tr\/peyzaj-mimarligi-bolumu\/wp-json\/wp\/v2\/types\/page"}],"author":[{"embeddable":true,"href":"https:\/\/atauni.edu.tr\/peyzaj-mimarligi-bolumu\/wp-json\/wp\/v2\/users\/131"}],"replies":[{"embeddable":true,"href":"https:\/\/atauni.edu.tr\/peyzaj-mimarligi-bolumu\/wp-json\/wp\/v2\/comments?post=7871"}],"version-history":[{"count":22,"href":"https:\/\/atauni.edu.tr\/peyzaj-mimarligi-bolumu\/wp-json\/wp\/v2\/pages\/7871\/revisions"}],"predecessor-version":[{"id":8957,"href":"https:\/\/atauni.edu.tr\/peyzaj-mimarligi-bolumu\/wp-json\/wp\/v2\/pages\/7871\/revisions\/8957"}],"wp:attachment":[{"href":"https:\/\/atauni.edu.tr\/peyzaj-mimarligi-bolumu\/wp-json\/wp\/v2\/media?parent=7871"}],"curies":[{"name":"wp","href":"https:\/\/api.w.org\/{rel}","templated":true}]}}