{"id":7927,"date":"2024-02-02T12:02:10","date_gmt":"2024-02-02T09:02:10","guid":{"rendered":"https:\/\/birimler.atauni.edu.tr\/peyzaj-mimarligi-bolumu\/?page_id=7927"},"modified":"2025-01-06T14:46:07","modified_gmt":"2025-01-06T11:46:07","slug":"oncelikli-arastirma-konulari","status":"publish","type":"page","link":"https:\/\/atauni.edu.tr\/peyzaj-mimarligi-bolumu\/oncelikli-arastirma-konulari\/","title":{"rendered":"\u00d6ncelikli Ara\u015ft\u0131rma Konular\u0131"},"content":{"rendered":"\t\t<div data-elementor-type=\"wp-page\" data-elementor-id=\"7927\" class=\"elementor elementor-7927\" data-elementor-post-type=\"page\">\n\t\t\t\t\t\t<section class=\"elementor-section elementor-top-section elementor-element elementor-element-c907319 elementor-section-boxed elementor-section-height-default elementor-section-height-default\" data-id=\"c907319\" data-element_type=\"section\">\n\t\t\t\t\t\t<div class=\"elementor-container elementor-column-gap-default\">\n\t\t\t\t\t<div class=\"elementor-column elementor-col-100 elementor-top-column elementor-element elementor-element-17a817f\" data-id=\"17a817f\" data-element_type=\"column\">\n\t\t\t<div class=\"elementor-widget-wrap elementor-element-populated\">\n\t\t\t\t\t\t<div class=\"elementor-element elementor-element-ceadeb4 elementor-widget elementor-widget-text-editor\" data-id=\"ceadeb4\" data-element_type=\"widget\" data-widget_type=\"text-editor.default\">\n\t\t\t\t<div class=\"elementor-widget-container\">\n\t\t\t\t\t\t\t\t\t<p><strong>Peyzaj Mimarl\u0131\u011f\u0131 Ana Bilim Dal\u0131 \u00d6ncelikli Ara\u015ft\u0131rma Konular\u0131<br><\/strong>Birle\u015fmi\u015f Milletler S\u00fcrd\u00fcr\u00fclebilir Kalk\u0131nma Hedefleri, Avrupa Ye\u015fil Mutabakat, T.C. Cumhurba\u015fkanl\u0131\u011f\u0131 12. Kalk\u0131nma Plan\u0131, Y\u00d6K, T\u00dcB\u0130TAK, 100\/200 Y\u00d6K Doktora ve Doktora Sonras\u0131 Ara\u015ft\u0131rma Projesi (DOSAP) gibi uluslararas\u0131 ve ulusal otoriteler ve s\u00fcre\u00e7ler dikkate al\u0131narak Peyzaj Mimarl\u0131\u011f\u0131 Ana Bilim Dal\u0131 \u00d6ncelikli Ara\u015ft\u0131rma Alanlar\u0131 a\u015fa\u011f\u0131da sunulmu\u015ftur:<\/p>\n<ul>\n<li><strong>KENTSEL PEYZAJ PLANLAMA VE TASARIM:<\/strong> (S\u00fcrd\u00fcr\u00fclebilir Kentle\u015fme, \u0130klim ve Kent Planlama\/Tasar\u0131m, Diren\u00e7li Kent Planlama, Kentsel Tasar\u0131m, Ak\u0131ll\u0131 Kentler, Ye\u015fil Altyap\u0131, Peyzaj \u015eehircili\u011fi, Kentsel Tar\u0131m, Ekolojik Mimarl\u0131k, Kent i\u00e7i Ula\u015f\u0131m ve S\u00fcrd\u00fcr\u00fclebilir Kentsel Hareketlilik, Enerji ve S\u00fcrd\u00fcr\u00fclebilirlik, Yapay Zeka Uygulamalar\u0131, Kentsel A\u00e7\u0131k-Ye\u015fil Alanlar, Kent Ormanlar\u0131, Kentsel \u00c7evre Sorunlar\u0131, Kurak\u00e7\u0131l Peyzaj, Mek\u00e2nsal Su Y\u00f6netimi)<\/li>\n<li><strong>KIRSAL PEYZAJ PLANLAMA VE TASARIM:<\/strong> (Tar\u0131msal Peyzajlar\u0131n S\u00fcrd\u00fcr\u00fclebilirli\u011fi, Ekok\u00f6y Planlama, K\u0131rsal Turizmin S\u00fcrd\u00fcr\u00fclebilirli\u011fi, Yenilik\u00e7i Uygulamalarla K\u0131rsal B\u00f6lgelerin Mek\u00e2nsal Planlama\/Tasar\u0131m\u0131, K\u0131rsal \u00c7evre Sorunlar\u0131, Ekosistem Hizmetleri, Peyzaj Arkeolojisi)<\/li>\n<li><strong>B\u0130YO\u00c7E\u015e\u0130TL\u0130L\u0130K VE DO\u011eA KORUMA:<\/strong> (Kentsel Biyo\u00e7e\u015fitlilik, Do\u011fal Alanlarda Yenilik\u00e7i Uygulamalarla Mek\u00e2nsal Planlama\/Tasar\u0131m, Biyo\u00e7e\u015fitlilik \u00c7al\u0131\u015fmalar\u0131, Korunan Alan \u00c7al\u0131\u015fmalar\u0131, Do\u011fa Turizminin S\u00fcrd\u00fcr\u00fclebilirli\u011fi, Sulak Alanlar, Su Y\u00f6netimi, Peyzaj Ekonomisi)<\/li>\n<\/ul>\t\t\t\t\t\t\t\t<\/div>\n\t\t\t\t<\/div>\n\t\t\t\t\t<\/div>\n\t\t<\/div>\n\t\t\t\t\t<\/div>\n\t\t<\/section>\n\t\t\t\t<\/div>\n\t\t","protected":false},"excerpt":{"rendered":"<p>Peyzaj Mimarl\u0131\u011f\u0131 Ana Bilim Dal\u0131 \u00d6ncelikli Ara\u015ft\u0131rma Konular\u0131Birle\u015fmi\u015f Milletler S\u00fcrd\u00fcr\u00fclebilir Kalk\u0131nma Hedefleri, Avrupa Ye\u015fil Mutabakat, T.C. Cumhurba\u015fkanl\u0131\u011f\u0131 12. Kalk\u0131nma Plan\u0131, Y\u00d6K, T\u00dcB\u0130TAK, 100\/200 Y\u00d6K Doktora ve Doktora Sonras\u0131 Ara\u015ft\u0131rma Projesi (DOSAP) gibi uluslararas\u0131 ve ulusal otoriteler ve s\u00fcre\u00e7ler dikkate al\u0131narak Peyzaj Mimarl\u0131\u011f\u0131 Ana Bilim Dal\u0131 \u00d6ncelikli Ara\u015ft\u0131rma Alanlar\u0131 a\u015fa\u011f\u0131da sunulmu\u015ftur: KENTSEL PEYZAJ PLANLAMA VE TASARIM: [&hellip;]<\/p>\n","protected":false},"author":131,"featured_media":0,"parent":0,"menu_order":0,"comment_status":"closed","ping_status":"closed","template":"","meta":{"footnotes":""},"class_list":["post-7927","page","type-page","status-publish","hentry"],"_links":{"self":[{"href":"https:\/\/atauni.edu.tr\/peyzaj-mimarligi-bolumu\/wp-json\/wp\/v2\/pages\/7927","targetHints":{"allow":["GET"]}}],"collection":[{"href":"https:\/\/atauni.edu.tr\/peyzaj-mimarligi-bolumu\/wp-json\/wp\/v2\/pages"}],"about":[{"href":"https:\/\/atauni.edu.tr\/peyzaj-mimarligi-bolumu\/wp-json\/wp\/v2\/types\/page"}],"author":[{"embeddable":true,"href":"https:\/\/atauni.edu.tr\/peyzaj-mimarligi-bolumu\/wp-json\/wp\/v2\/users\/131"}],"replies":[{"embeddable":true,"href":"https:\/\/atauni.edu.tr\/peyzaj-mimarligi-bolumu\/wp-json\/wp\/v2\/comments?post=7927"}],"version-history":[{"count":7,"href":"https:\/\/atauni.edu.tr\/peyzaj-mimarligi-bolumu\/wp-json\/wp\/v2\/pages\/7927\/revisions"}],"predecessor-version":[{"id":8600,"href":"https:\/\/atauni.edu.tr\/peyzaj-mimarligi-bolumu\/wp-json\/wp\/v2\/pages\/7927\/revisions\/8600"}],"wp:attachment":[{"href":"https:\/\/atauni.edu.tr\/peyzaj-mimarligi-bolumu\/wp-json\/wp\/v2\/media?parent=7927"}],"curies":[{"name":"wp","href":"https:\/\/api.w.org\/{rel}","templated":true}]}}