{"id":8968,"date":"2025-06-26T13:36:28","date_gmt":"2025-06-26T10:36:28","guid":{"rendered":"https:\/\/birimler.atauni.edu.tr\/peyzaj-mimarligi-bolumu\/?page_id=8968"},"modified":"2025-08-03T13:38:48","modified_gmt":"2025-08-03T10:38:48","slug":"haberler","status":"publish","type":"page","link":"https:\/\/atauni.edu.tr\/peyzaj-mimarligi-bolumu\/haberler\/","title":{"rendered":"Haberler"},"content":{"rendered":"<form method=\"get\" class=\"row g-3\" style=\"margin-bottom: 20px;\"><div class=\"col-md-3\"><input type=\"text\" name=\"haber_ara\" class=\"form-control\" placeholder=\"Haber ara...\" value=\"\"><\/div><div class=\"col-md-3\"><input type=\"date\" name=\"baslangic_tarihi\" class=\"form-control\" value=\"\"><\/div><div class=\"col-md-3\"><input type=\"date\" name=\"bitis_tarihi\" class=\"form-control\" value=\"\"><\/div><div class=\"col-md-3\"><button type=\"submit\" class=\"btn btn-secondary w-50\">Filtrele<\/button><\/div><\/form><ul class=\"kategori-yazilari-liste\"><li style=\"display: flex; margin-bottom: 10px; align-items: center;\"><div class=\"post-thumbnail\" style=\"margin-right: 15px;\"><a href=\"https:\/\/atauni.edu.tr\/peyzaj-mimarligi-bolumu\/2025\/12\/04\/tez-savunma-sinavi-basariyla-gerceklestirildi\/\"><img decoding=\"async\" width=\"150\" height=\"150\" src=\"https:\/\/atauni.edu.tr\/peyzaj-mimarligi-bolumu\/wp-content\/uploads\/sites\/146\/2025\/12\/elif-k-150x150.jpg\" class=\"attachment-thumbnail size-thumbnail wp-post-image\" alt=\"\" \/><\/a><\/div><div class=\"post-content\" style=\"flex-grow: 1;\"><span class=\"post-date habertarih\" style=\"display: block; font-weight: bold; margin-bottom: 5px;\">4 Aral\u0131k 2025<\/span><a class=\"haberbaslik\" href=\"https:\/\/atauni.edu.tr\/peyzaj-mimarligi-bolumu\/2025\/12\/04\/tez-savunma-sinavi-basariyla-gerceklestirildi\/\">Tez Savunma S\u0131nav\u0131 Ba\u015far\u0131yla Ger\u00e7ekle\u015ftirildi<\/a><\/div><\/li><li style=\"display: flex; margin-bottom: 10px; align-items: center;\"><div class=\"post-thumbnail\" style=\"margin-right: 15px;\"><a href=\"https:\/\/atauni.edu.tr\/peyzaj-mimarligi-bolumu\/2025\/12\/01\/tebrik-6\/\"><img decoding=\"async\" width=\"150\" height=\"150\" src=\"https:\/\/atauni.edu.tr\/peyzaj-mimarligi-bolumu\/wp-content\/uploads\/sites\/146\/2025\/12\/WhatsApp-Gorsel-2025-12-05-saat-23.19.25_61573977-150x150.jpg\" class=\"attachment-thumbnail size-thumbnail wp-post-image\" alt=\"\" \/><\/a><\/div><div class=\"post-content\" style=\"flex-grow: 1;\"><span class=\"post-date habertarih\" style=\"display: block; font-weight: bold; margin-bottom: 5px;\">1 Aral\u0131k 2025<\/span><a class=\"haberbaslik\" href=\"https:\/\/atauni.edu.tr\/peyzaj-mimarligi-bolumu\/2025\/12\/01\/tebrik-6\/\">Tebrik<\/a><\/div><\/li><li style=\"display: flex; margin-bottom: 10px; align-items: center;\"><div class=\"post-thumbnail\" style=\"margin-right: 15px;\"><a href=\"https:\/\/atauni.edu.tr\/peyzaj-mimarligi-bolumu\/2025\/11\/21\/tez-savunmasi-basariyla-tamamlandi\/\"><img decoding=\"async\" width=\"150\" height=\"150\" src=\"https:\/\/atauni.edu.tr\/peyzaj-mimarligi-bolumu\/wp-content\/uploads\/sites\/146\/2025\/11\/metin-kapak-150x150.jpg\" class=\"attachment-thumbnail size-thumbnail wp-post-image\" alt=\"\" \/><\/a><\/div><div class=\"post-content\" style=\"flex-grow: 1;\"><span class=\"post-date habertarih\" style=\"display: block; font-weight: bold; margin-bottom: 5px;\">21 Kas\u0131m 2025<\/span><a class=\"haberbaslik\" href=\"https:\/\/atauni.edu.tr\/peyzaj-mimarligi-bolumu\/2025\/11\/21\/tez-savunmasi-basariyla-tamamlandi\/\">Tez Savunmas\u0131 Ba\u015far\u0131yla Tamamland\u0131<\/a><\/div><\/li><li style=\"display: flex; margin-bottom: 10px; align-items: center;\"><div class=\"post-thumbnail\" style=\"margin-right: 15px;\"><a href=\"https:\/\/atauni.edu.tr\/peyzaj-mimarligi-bolumu\/2025\/11\/18\/planlama-studyosu-dersi-kapsaminda-cildir-golune-teknik-gezi-gerceklestirildi\/\"><img loading=\"lazy\" decoding=\"async\" width=\"150\" height=\"150\" src=\"https:\/\/atauni.edu.tr\/peyzaj-mimarligi-bolumu\/wp-content\/uploads\/sites\/146\/2025\/11\/gezi-kapak-150x150.jpg\" class=\"attachment-thumbnail size-thumbnail wp-post-image\" alt=\"\" \/><\/a><\/div><div class=\"post-content\" style=\"flex-grow: 1;\"><span class=\"post-date habertarih\" style=\"display: block; font-weight: bold; margin-bottom: 5px;\">18 Kas\u0131m 2025<\/span><a class=\"haberbaslik\" href=\"https:\/\/atauni.edu.tr\/peyzaj-mimarligi-bolumu\/2025\/11\/18\/planlama-studyosu-dersi-kapsaminda-cildir-golune-teknik-gezi-gerceklestirildi\/\">Planlama St\u00fcdyosu Dersi Kapsam\u0131nda \u00c7\u0131ld\u0131r G\u00f6l\u00fc&#8217;ne Teknik Gezi Ger\u00e7ekle\u015ftirildi<\/a><\/div><\/li><li style=\"display: flex; margin-bottom: 10px; align-items: center;\"><div class=\"post-thumbnail\" style=\"margin-right: 15px;\"><a href=\"https:\/\/atauni.edu.tr\/peyzaj-mimarligi-bolumu\/2025\/11\/07\/tebrik-4\/\"><img loading=\"lazy\" decoding=\"async\" width=\"150\" height=\"150\" src=\"https:\/\/atauni.edu.tr\/peyzaj-mimarligi-bolumu\/wp-content\/uploads\/sites\/146\/2025\/11\/WhatsApp-Gorsel-2025-11-08-saat-23.57.05_c848bd50_asil-kapak-150x150.jpg\" class=\"attachment-thumbnail size-thumbnail wp-post-image\" alt=\"\" \/><\/a><\/div><div class=\"post-content\" style=\"flex-grow: 1;\"><span class=\"post-date habertarih\" style=\"display: block; font-weight: bold; margin-bottom: 5px;\">7 Kas\u0131m 2025<\/span><a class=\"haberbaslik\" href=\"https:\/\/atauni.edu.tr\/peyzaj-mimarligi-bolumu\/2025\/11\/07\/tebrik-4\/\">Tebrik<\/a><\/div><\/li><li style=\"display: flex; margin-bottom: 10px; align-items: center;\"><div class=\"post-thumbnail\" style=\"margin-right: 15px;\"><a href=\"https:\/\/atauni.edu.tr\/peyzaj-mimarligi-bolumu\/2025\/10\/31\/tebrik-5\/\"><img loading=\"lazy\" decoding=\"async\" width=\"150\" height=\"150\" src=\"https:\/\/atauni.edu.tr\/peyzaj-mimarligi-bolumu\/wp-content\/uploads\/sites\/146\/2025\/11\/resizer-150x150.png\" class=\"attachment-thumbnail size-thumbnail wp-post-image\" alt=\"\" \/><\/a><\/div><div class=\"post-content\" style=\"flex-grow: 1;\"><span class=\"post-date habertarih\" style=\"display: block; font-weight: bold; margin-bottom: 5px;\">31 Ekim 2025<\/span><a class=\"haberbaslik\" href=\"https:\/\/atauni.edu.tr\/peyzaj-mimarligi-bolumu\/2025\/10\/31\/tebrik-5\/\">Tebrik<\/a><\/div><\/li><li style=\"display: flex; margin-bottom: 10px; align-items: center;\"><div class=\"post-thumbnail\" style=\"margin-right: 15px;\"><a href=\"https:\/\/atauni.edu.tr\/peyzaj-mimarligi-bolumu\/2025\/09\/23\/epd-net-projesi-toplantisi-gerceklestirildi\/\"><img loading=\"lazy\" decoding=\"async\" width=\"150\" height=\"150\" src=\"https:\/\/atauni.edu.tr\/peyzaj-mimarligi-bolumu\/wp-content\/uploads\/sites\/146\/2025\/09\/epd1-150x150.jpg\" class=\"attachment-thumbnail size-thumbnail wp-post-image\" alt=\"\" \/><\/a><\/div><div class=\"post-content\" style=\"flex-grow: 1;\"><span class=\"post-date habertarih\" style=\"display: block; font-weight: bold; margin-bottom: 5px;\">23 Eyl\u00fcl 2025<\/span><a class=\"haberbaslik\" href=\"https:\/\/atauni.edu.tr\/peyzaj-mimarligi-bolumu\/2025\/09\/23\/epd-net-projesi-toplantisi-gerceklestirildi\/\">EPD-NET Projesi Toplant\u0131s\u0131 Ger\u00e7ekle\u015ftirildi<\/a><\/div><\/li><li style=\"display: flex; margin-bottom: 10px; align-items: center;\"><div class=\"post-thumbnail\" style=\"margin-right: 15px;\"><a href=\"https:\/\/atauni.edu.tr\/peyzaj-mimarligi-bolumu\/2025\/07\/09\/2024-2025-bahar-yariyili-lisansustu-seminer-ve-tez-onerisi-sunumlari-tamamlandi\/\"><img loading=\"lazy\" decoding=\"async\" width=\"150\" height=\"150\" src=\"https:\/\/atauni.edu.tr\/peyzaj-mimarligi-bolumu\/wp-content\/uploads\/sites\/146\/2025\/07\/genekapak-150x150.jpg\" class=\"attachment-thumbnail size-thumbnail wp-post-image\" alt=\"\" srcset=\"https:\/\/atauni.edu.tr\/peyzaj-mimarligi-bolumu\/wp-content\/uploads\/sites\/146\/2025\/07\/genekapak-150x150.jpg 150w, https:\/\/atauni.edu.tr\/peyzaj-mimarligi-bolumu\/wp-content\/uploads\/sites\/146\/2025\/07\/genekapak-300x300.jpg 300w, https:\/\/atauni.edu.tr\/peyzaj-mimarligi-bolumu\/wp-content\/uploads\/sites\/146\/2025\/07\/genekapak-1024x1024.jpg 1024w, https:\/\/atauni.edu.tr\/peyzaj-mimarligi-bolumu\/wp-content\/uploads\/sites\/146\/2025\/07\/genekapak-768x769.jpg 768w, https:\/\/atauni.edu.tr\/peyzaj-mimarligi-bolumu\/wp-content\/uploads\/sites\/146\/2025\/07\/genekapak-600x600.jpg 600w, https:\/\/atauni.edu.tr\/peyzaj-mimarligi-bolumu\/wp-content\/uploads\/sites\/146\/2025\/07\/genekapak-560x560.jpg 560w, https:\/\/atauni.edu.tr\/peyzaj-mimarligi-bolumu\/wp-content\/uploads\/sites\/146\/2025\/07\/genekapak.jpg 1080w\" sizes=\"(max-width: 150px) 100vw, 150px\" \/><\/a><\/div><div class=\"post-content\" style=\"flex-grow: 1;\"><span class=\"post-date habertarih\" style=\"display: block; font-weight: bold; margin-bottom: 5px;\">9 Temmuz 2025<\/span><a class=\"haberbaslik\" href=\"https:\/\/atauni.edu.tr\/peyzaj-mimarligi-bolumu\/2025\/07\/09\/2024-2025-bahar-yariyili-lisansustu-seminer-ve-tez-onerisi-sunumlari-tamamlandi\/\">2024-2025 Bahar Yar\u0131y\u0131l\u0131 Lisans\u00fcst\u00fc Seminer ve Tez \u00d6nerisi Sunumlar\u0131 Tamamland\u0131<\/a><\/div><\/li><li style=\"display: flex; margin-bottom: 10px; align-items: center;\"><div class=\"post-thumbnail\" style=\"margin-right: 15px;\"><a href=\"https:\/\/atauni.edu.tr\/peyzaj-mimarligi-bolumu\/2025\/07\/09\/doktora-ogrencimiz-omer-faruk-basgun-doktorasini-tamamladi\/\"><img loading=\"lazy\" decoding=\"async\" width=\"150\" height=\"150\" src=\"https:\/\/atauni.edu.tr\/peyzaj-mimarligi-bolumu\/wp-content\/uploads\/sites\/146\/2025\/07\/o1-150x150.jpg\" class=\"attachment-thumbnail size-thumbnail wp-post-image\" alt=\"\" srcset=\"https:\/\/atauni.edu.tr\/peyzaj-mimarligi-bolumu\/wp-content\/uploads\/sites\/146\/2025\/07\/o1-150x150.jpg 150w, https:\/\/atauni.edu.tr\/peyzaj-mimarligi-bolumu\/wp-content\/uploads\/sites\/146\/2025\/07\/o1-1015x1024.jpg 1015w, https:\/\/atauni.edu.tr\/peyzaj-mimarligi-bolumu\/wp-content\/uploads\/sites\/146\/2025\/07\/o1-768x775.jpg 768w, https:\/\/atauni.edu.tr\/peyzaj-mimarligi-bolumu\/wp-content\/uploads\/sites\/146\/2025\/07\/o1-555x560.jpg 555w, https:\/\/atauni.edu.tr\/peyzaj-mimarligi-bolumu\/wp-content\/uploads\/sites\/146\/2025\/07\/o1.jpg 1080w\" sizes=\"(max-width: 150px) 100vw, 150px\" \/><\/a><\/div><div class=\"post-content\" style=\"flex-grow: 1;\"><span class=\"post-date habertarih\" style=\"display: block; font-weight: bold; margin-bottom: 5px;\">9 Temmuz 2025<\/span><a class=\"haberbaslik\" href=\"https:\/\/atauni.edu.tr\/peyzaj-mimarligi-bolumu\/2025\/07\/09\/doktora-ogrencimiz-omer-faruk-basgun-doktorasini-tamamladi\/\">Doktora \u00d6\u011frencimiz \u00d6mer Faruk Ba\u015fg\u00fcn Doktoras\u0131n\u0131 Tamamlad\u0131<\/a><\/div><\/li><li style=\"display: flex; margin-bottom: 10px; align-items: center;\"><div class=\"post-thumbnail\" style=\"margin-right: 15px;\"><a href=\"https:\/\/atauni.edu.tr\/peyzaj-mimarligi-bolumu\/2025\/07\/09\/doktora-ogrencimiz-yasar-mentes-doktorasini-tamamladi\/\"><img loading=\"lazy\" decoding=\"async\" width=\"150\" height=\"150\" src=\"https:\/\/atauni.edu.tr\/peyzaj-mimarligi-bolumu\/wp-content\/uploads\/sites\/146\/2025\/07\/ya1-150x150.jpg\" class=\"attachment-thumbnail size-thumbnail wp-post-image\" alt=\"\" \/><\/a><\/div><div class=\"post-content\" style=\"flex-grow: 1;\"><span class=\"post-date habertarih\" style=\"display: block; font-weight: bold; margin-bottom: 5px;\">9 Temmuz 2025<\/span><a class=\"haberbaslik\" href=\"https:\/\/atauni.edu.tr\/peyzaj-mimarligi-bolumu\/2025\/07\/09\/doktora-ogrencimiz-yasar-mentes-doktorasini-tamamladi\/\">Doktora \u00d6\u011frencimiz Ya\u015far Mente\u015f Doktoras\u0131n\u0131 Tamamlad\u0131<\/a><\/div><\/li><\/ul><nav class=\"pagination\" style=\"margin-top: 20px;\"><ul class='page-numbers'>\n\t<li><span aria-current=\"page\" class=\"page-numbers current\">1<\/span><\/li>\n\t<li><a class=\"page-numbers\" href=\"https:\/\/atauni.edu.tr\/peyzaj-mimarligi-bolumu\/wp-json\/wp\/v2\/pages\/8968\/page\/2\/\">2<\/a><\/li>\n\t<li><a class=\"page-numbers\" href=\"https:\/\/atauni.edu.tr\/peyzaj-mimarligi-bolumu\/wp-json\/wp\/v2\/pages\/8968\/page\/3\/\">3<\/a><\/li>\n\t<li><span class=\"page-numbers dots\">&hellip;<\/span><\/li>\n\t<li><a class=\"page-numbers\" href=\"https:\/\/atauni.edu.tr\/peyzaj-mimarligi-bolumu\/wp-json\/wp\/v2\/pages\/8968\/page\/7\/\">7<\/a><\/li>\n\t<li><a class=\"next page-numbers\" href=\"https:\/\/atauni.edu.tr\/peyzaj-mimarligi-bolumu\/wp-json\/wp\/v2\/pages\/8968\/page\/2\/\">Sonraki &raquo;<\/a><\/li>\n<\/ul>\n<\/nav>\n\n\n\n<p><\/p>\n","protected":false},"excerpt":{"rendered":"","protected":false},"author":8,"featured_media":0,"parent":0,"menu_order":0,"comment_status":"closed","ping_status":"closed","template":"","meta":{"footnotes":""},"class_list":["post-8968","page","type-page","status-publish","hentry"],"_links":{"self":[{"href":"https:\/\/atauni.edu.tr\/peyzaj-mimarligi-bolumu\/wp-json\/wp\/v2\/pages\/8968","targetHints":{"allow":["GET"]}}],"collection":[{"href":"https:\/\/atauni.edu.tr\/peyzaj-mimarligi-bolumu\/wp-json\/wp\/v2\/pages"}],"about":[{"href":"https:\/\/atauni.edu.tr\/peyzaj-mimarligi-bolumu\/wp-json\/wp\/v2\/types\/page"}],"author":[{"embeddable":true,"href":"https:\/\/atauni.edu.tr\/peyzaj-mimarligi-bolumu\/wp-json\/wp\/v2\/users\/8"}],"replies":[{"embeddable":true,"href":"https:\/\/atauni.edu.tr\/peyzaj-mimarligi-bolumu\/wp-json\/wp\/v2\/comments?post=8968"}],"version-history":[{"count":2,"href":"https:\/\/atauni.edu.tr\/peyzaj-mimarligi-bolumu\/wp-json\/wp\/v2\/pages\/8968\/revisions"}],"predecessor-version":[{"id":9015,"href":"https:\/\/atauni.edu.tr\/peyzaj-mimarligi-bolumu\/wp-json\/wp\/v2\/pages\/8968\/revisions\/9015"}],"wp:attachment":[{"href":"https:\/\/atauni.edu.tr\/peyzaj-mimarligi-bolumu\/wp-json\/wp\/v2\/media?parent=8968"}],"curies":[{"name":"wp","href":"https:\/\/api.w.org\/{rel}","templated":true}]}}