{"id":5682,"date":"2021-07-13T10:10:01","date_gmt":"2021-07-13T07:10:01","guid":{"rendered":"https:\/\/portaltest.atauni.edu.tr\/bilgisayar-muhendisligi\/?page_id=5682"},"modified":"2023-03-08T01:10:26","modified_gmt":"2023-03-07T22:10:26","slug":"misyon-vizyon-ve-temel-degerler","status":"publish","type":"page","link":"https:\/\/atauni.edu.tr\/psikoloji\/misyon-vizyon-ve-temel-degerler\/","title":{"rendered":"Misyon, Vizyon ve Temel De\u011ferler"},"content":{"rendered":"\t\t<div data-elementor-type=\"wp-page\" data-elementor-id=\"5682\" class=\"elementor elementor-5682\" data-elementor-post-type=\"page\">\n\t\t\t\t\t\t<section class=\"elementor-section elementor-top-section elementor-element elementor-element-730d320 elementor-section-boxed elementor-section-height-default elementor-section-height-default\" data-id=\"730d320\" data-element_type=\"section\">\n\t\t\t\t\t\t<div class=\"elementor-container elementor-column-gap-default\">\n\t\t\t\t\t<div class=\"elementor-column elementor-col-100 elementor-top-column elementor-element elementor-element-753d0860\" data-id=\"753d0860\" data-element_type=\"column\">\n\t\t\t<div class=\"elementor-widget-wrap\">\n\t\t\t\t\t\t\t<\/div>\n\t\t<\/div>\n\t\t\t\t\t<\/div>\n\t\t<\/section>\n\t\t\t\t<section class=\"elementor-section elementor-top-section elementor-element elementor-element-9be811a elementor-section-boxed elementor-section-height-default elementor-section-height-default\" data-id=\"9be811a\" data-element_type=\"section\">\n\t\t\t\t\t\t<div class=\"elementor-container elementor-column-gap-default\">\n\t\t\t\t\t<div class=\"elementor-column elementor-col-100 elementor-top-column elementor-element elementor-element-1ed847b7\" data-id=\"1ed847b7\" data-element_type=\"column\">\n\t\t\t<div class=\"elementor-widget-wrap elementor-element-populated\">\n\t\t\t\t\t\t<div class=\"elementor-element elementor-element-4ce0d07f elementor-widget elementor-widget-heading\" data-id=\"4ce0d07f\" data-element_type=\"widget\" data-widget_type=\"heading.default\">\n\t\t\t\t<div class=\"elementor-widget-container\">\n\t\t\t\t\t<h2 class=\"elementor-heading-title elementor-size-default\">Misyon, Vizyon ve Temel De\u011ferler<\/h2>\t\t\t\t<\/div>\n\t\t\t\t<\/div>\n\t\t\t\t<div class=\"elementor-element elementor-element-63260862 elementor-widget-divider--view-line elementor-widget elementor-widget-divider\" data-id=\"63260862\" data-element_type=\"widget\" data-widget_type=\"divider.default\">\n\t\t\t\t<div class=\"elementor-widget-container\">\n\t\t\t\t\t\t\t<div class=\"elementor-divider\">\n\t\t\t<span class=\"elementor-divider-separator\">\n\t\t\t\t\t\t<\/span>\n\t\t<\/div>\n\t\t\t\t\t\t<\/div>\n\t\t\t\t<\/div>\n\t\t\t\t\t<\/div>\n\t\t<\/div>\n\t\t\t\t\t<\/div>\n\t\t<\/section>\n\t\t\t\t<section class=\"elementor-section elementor-top-section elementor-element elementor-element-79f022c elementor-section-boxed elementor-section-height-default elementor-section-height-default\" data-id=\"79f022c\" data-element_type=\"section\">\n\t\t\t\t\t\t<div class=\"elementor-container elementor-column-gap-default\">\n\t\t\t\t\t<div class=\"elementor-column elementor-col-100 elementor-top-column elementor-element elementor-element-718c46a\" data-id=\"718c46a\" data-element_type=\"column\">\n\t\t\t<div class=\"elementor-widget-wrap elementor-element-populated\">\n\t\t\t\t\t\t<div class=\"elementor-element elementor-element-60e150c elementor-widget elementor-widget-text-editor\" data-id=\"60e150c\" data-element_type=\"widget\" data-widget_type=\"text-editor.default\">\n\t\t\t\t<div class=\"elementor-widget-container\">\n\t\t\t\t\t\t\t\t\t<p>Psikoloji B\u00f6l\u00fcm\u00fc, ulusal ve uluslararas\u0131 akademik standartlar\u0131n \u00fczerinde e\u011fitim vermenin yan\u0131nda kuramsal ve uygulamal\u0131 ara\u015ft\u0131rmalar y\u00fcr\u00fcterek evrensel bilgi birikimine katk\u0131da bulunmay\u0131 ama\u00e7lamaktad\u0131r. B\u00f6l\u00fcm \u00f6\u011frencilerini projelerde yer almaya, ara\u015ft\u0131rma konusunda do\u011frudan do\u011fruya deneyim kazanmaya ve insan geli\u015fimine dair konular\u0131 tan\u0131maya y\u00f6nlendirmek de hedefleri aras\u0131nda yer alacakt\u0131r.<\/p><p>Teknolojik geli\u015fmelere ba\u011fl\u0131 olarak h\u0131zlanan ve karma\u015f\u0131kla\u015fan hayat\u0131m\u0131zda psikolojinin \u00f6nemi ve uygulama alanlar\u0131 gittik\u00e7e artmaktad\u0131r. B\u00f6l\u00fcm\u00fcm\u00fcz\u00fcn temel amac\u0131 insan davran\u0131\u015flar\u0131n\u0131 ve onlar\u0131 do\u011furan zihin s\u00fcre\u00e7lerini anlamaya y\u00f6nelik \u00e7a\u011fda\u015f psikoloji bilgilerini \u00f6\u011frencilere kazand\u0131rmak, bilimsel disipline ve mesleki yeterlili\u011fe sahip, mesleki etik de\u011ferlere ba\u011fl\u0131 psikologlar yeti\u015ftirmek ve psikoloji biliminin ilerlemesine katk\u0131 sa\u011flamak olacakt\u0131r.<\/p><p>Psikoloji B\u00f6l\u00fcm\u00fc e\u011fitimi, akademik ve klinik standartlar \u00e7izgisinde i\u015flenen konulara \u00e7ok y\u00f6nl\u00fc yakla\u015fmay\u0131 ve bu konular\u0131 ele\u015ftirel bir bak\u0131\u015f a\u00e7\u0131s\u0131 ile de\u011ferlendirme becerisi kazand\u0131rmay\u0131 ama\u00e7lar. Akademik e\u011fitimi takip eden klinik deneyimler, edinilen bu bilgilerin dinamik olarak uygulanabilme becerisini g\u00fc\u00e7lendirmeyi hedefler.<\/p><p>Ara\u015ft\u0131rma y\u00f6ntemleri e\u011fitimiyle, \u00f6\u011frencilere ara\u015ft\u0131rma-y\u00fcr\u00fctme ve ilgili ara\u015ft\u0131rmalar\u0131 ele\u015ftirel bir \u015fekilde de\u011ferlendirme becerisi kazand\u0131r\u0131l\u0131r. Teoriden prati\u011fe do\u011fru ilerleyen bu \u00e7izgideki genel alan e\u011fitimi, ara\u015ft\u0131rma, proje ve sosyal sorumluluk \u00a0i\u00e7erikli dersler ve farkl\u0131 b\u00f6l\u00fcm\/fak\u00fcltelerden (Felsefe, Sosyoloji, T\u0131p Fak\u00fcltesi; Dahili T\u0131p Bilimleri, \u00a0\u00c7ocuk ve Ergen Ruh Sa\u011fl\u0131\u011f\u0131 Hastal\u0131klar\u0131 ve Ruh Sa\u011fl\u0131\u011f\u0131 Hastal\u0131klar\u0131 Anabilim Dallar\u0131, vb.) al\u0131nabilecek se\u00e7meli dersler ile \u00f6\u011frenciye kendine \u00f6zg\u00fc bir ders program\u0131 sentezi yapma imk\u00e2n\u0131 sunacakt\u0131r.<\/p>\t\t\t\t\t\t\t\t<\/div>\n\t\t\t\t<\/div>\n\t\t\t\t\t<\/div>\n\t\t<\/div>\n\t\t\t\t\t<\/div>\n\t\t<\/section>\n\t\t\t\t<\/div>\n\t\t","protected":false},"excerpt":{"rendered":"<p>Misyon, Vizyon ve Temel De\u011ferler Psikoloji B\u00f6l\u00fcm\u00fc, ulusal ve uluslararas\u0131 akademik standartlar\u0131n \u00fczerinde e\u011fitim vermenin yan\u0131nda kuramsal ve uygulamal\u0131 ara\u015ft\u0131rmalar y\u00fcr\u00fcterek evrensel bilgi birikimine katk\u0131da bulunmay\u0131 ama\u00e7lamaktad\u0131r. B\u00f6l\u00fcm \u00f6\u011frencilerini projelerde yer almaya, ara\u015ft\u0131rma konusunda do\u011frudan do\u011fruya deneyim kazanmaya ve insan geli\u015fimine dair konular\u0131 tan\u0131maya y\u00f6nlendirmek de hedefleri aras\u0131nda yer alacakt\u0131r. Teknolojik geli\u015fmelere ba\u011fl\u0131 olarak h\u0131zlanan [&hellip;]<\/p>\n","protected":false},"author":1,"featured_media":0,"parent":0,"menu_order":0,"comment_status":"closed","ping_status":"closed","template":"elementor_header_footer","meta":{"footnotes":""},"class_list":["post-5682","page","type-page","status-publish","hentry"],"_links":{"self":[{"href":"https:\/\/atauni.edu.tr\/psikoloji\/wp-json\/wp\/v2\/pages\/5682","targetHints":{"allow":["GET"]}}],"collection":[{"href":"https:\/\/atauni.edu.tr\/psikoloji\/wp-json\/wp\/v2\/pages"}],"about":[{"href":"https:\/\/atauni.edu.tr\/psikoloji\/wp-json\/wp\/v2\/types\/page"}],"author":[{"embeddable":true,"href":"https:\/\/atauni.edu.tr\/psikoloji\/wp-json\/wp\/v2\/users\/1"}],"replies":[{"embeddable":true,"href":"https:\/\/atauni.edu.tr\/psikoloji\/wp-json\/wp\/v2\/comments?post=5682"}],"version-history":[{"count":17,"href":"https:\/\/atauni.edu.tr\/psikoloji\/wp-json\/wp\/v2\/pages\/5682\/revisions"}],"predecessor-version":[{"id":6664,"href":"https:\/\/atauni.edu.tr\/psikoloji\/wp-json\/wp\/v2\/pages\/5682\/revisions\/6664"}],"wp:attachment":[{"href":"https:\/\/atauni.edu.tr\/psikoloji\/wp-json\/wp\/v2\/media?parent=5682"}],"curies":[{"name":"wp","href":"https:\/\/api.w.org\/{rel}","templated":true}]}}