{"id":6438,"date":"2022-05-30T15:27:52","date_gmt":"2022-05-30T12:27:52","guid":{"rendered":"https:\/\/birimler.atauni.edu.tr\/psikoloji\/?page_id=6438"},"modified":"2024-11-18T13:57:45","modified_gmt":"2024-11-18T10:57:45","slug":"ogrenci-kulupleri","status":"publish","type":"page","link":"https:\/\/atauni.edu.tr\/psikoloji\/ogrenci-kulupleri\/","title":{"rendered":"\u00d6\u011frenci Kul\u00fcpleri"},"content":{"rendered":"\t\t<div data-elementor-type=\"wp-page\" data-elementor-id=\"6438\" class=\"elementor elementor-6438\" data-elementor-post-type=\"page\">\n\t\t\t\t\t\t<section class=\"elementor-section elementor-top-section elementor-element elementor-element-11e72c0 elementor-section-boxed elementor-section-height-default elementor-section-height-default\" data-id=\"11e72c0\" data-element_type=\"section\">\n\t\t\t\t\t\t<div class=\"elementor-container elementor-column-gap-default\">\n\t\t\t\t\t<div class=\"elementor-column elementor-col-100 elementor-top-column elementor-element elementor-element-deefe89\" data-id=\"deefe89\" data-element_type=\"column\">\n\t\t\t<div class=\"elementor-widget-wrap\">\n\t\t\t\t\t\t\t<\/div>\n\t\t<\/div>\n\t\t\t\t\t<\/div>\n\t\t<\/section>\n\t\t\t\t<section class=\"elementor-section elementor-top-section elementor-element elementor-element-8482f14 elementor-section-boxed elementor-section-height-default elementor-section-height-default\" data-id=\"8482f14\" data-element_type=\"section\">\n\t\t\t\t\t\t<div class=\"elementor-container elementor-column-gap-default\">\n\t\t\t\t\t<div class=\"elementor-column elementor-col-100 elementor-top-column elementor-element elementor-element-46b756e\" data-id=\"46b756e\" data-element_type=\"column\">\n\t\t\t<div class=\"elementor-widget-wrap elementor-element-populated\">\n\t\t\t\t\t\t<div class=\"elementor-element elementor-element-d45abfe elementor-widget elementor-widget-text-editor\" data-id=\"d45abfe\" data-element_type=\"widget\" data-widget_type=\"text-editor.default\">\n\t\t\t\t<div class=\"elementor-widget-container\">\n\t\t\t\t\t\t\t\t\t<p style=\"font-weight: 400\"><strong>ATAT\u00dcRK \u00dcN\u0130VERS\u0130TES\u0130 PS\u0130KOLOJ\u0130 KUL\u00dcB\u00dc<\/strong><\/p><p style=\"font-weight: 400\"><span style=\"letter-spacing: 0px\">Kul\u00fcb\u00fcm\u00fcz\u00fcn ad\u0131 \u201cATA Psikoloji Kul\u00fcb\u00fc\u201d d\u00fcr.\u00a0 Atat\u00fcrk \u00dcniversitesi b\u00fcnyesinde kurmu\u015f oldu\u011fumuz kul\u00fcb\u00fcm\u00fcz, Psikoloji bilimi ve psikologluk mesle\u011fine ilgi duyan duymayan t\u00fcm Atat\u00fcrk \u00dcniversitesi\u2019 \u00f6\u011frencilerinin ba\u015fvurabilece\u011fi hi\u00e7bir ayr\u0131m\u0131n yap\u0131lmad\u0131\u011f\u0131 herkesi kucaklayan bir kul\u00fcpt\u00fcr.<\/span><\/p><p style=\"font-weight: 400\"><strong>Kul\u00fcb\u00fcm\u00fcz\u00fcn ve B\u00f6l\u00fcm\u00fcm\u00fcz\u00fcn Amac\u0131<\/strong>\u00a0<\/p><p style=\"font-weight: 400\">\u00d6\u011frencilere y\u00f6nelik bilimsel, k\u00fclt\u00fcrel ve sosyal etkinlikler d\u00fczenleyerek, bilginin kullan\u0131m\u0131n\u0131 daha verimli hale getirerek \u00f6\u011frencilerin ki\u015fisel ve toplumsal manada \u00e7a\u011fda\u015f normlara uygun birey olmalar\u0131n\u0131 \u00e7e\u015fitli etkinlik alanlar\u0131 ile ger\u00e7ekle\u015ftirmektir. \u00dcniversitemizin \u2018\u2019Yeni Nesil \u00dcniversite\u2019\u2019 modeline uygun \u00e7al\u0131\u015fmalarla hem \u00fcniversitemizi hem de fak\u00fcltemizi istenilen d\u00fczeye getirmek temel amac\u0131m\u0131zd\u0131r.<\/p><p><strong>\u00a0<\/strong><strong style=\"letter-spacing: 0px\">Toplulu\u011fumuzun Ad\u0131:\u00a0<\/strong><strong style=\"font-weight: 400;letter-spacing: 0px\">\u00a0<\/strong><span style=\"letter-spacing: 0px\">\u201cATA PS\u0130KOLOJ\u0130 KUL\u00dcB\u00dc\u201d<\/span><\/p><p style=\"font-weight: 400\"><strong>\u00a0<\/strong><strong style=\"letter-spacing: 0px\">Biz nas\u0131l \u00c7al\u0131\u015f\u0131r\u0131z?<\/strong><\/p><p style=\"font-weight: 400\">Planl\u0131, isti\u015fare yaparak ve her \u015feyden \u00f6nce g\u00f6n\u00fcll\u00fc bir \u015fekilde \u00e7al\u0131\u015fmaktay\u0131z.<\/p><p style=\"font-weight: 400\"><strong>Nas\u0131l \u00dcye Olabilirim?<\/strong><\/p><ul><li>Kul\u00fcplere sadece Atat\u00fcrk \u00dcniversitesi \u00f6\u011frencileri \u00fcye olabilir.<\/li><li>\u00dcyelik ba\u015fvurusu \u00d6\u011frenci Bilgi Sistemi (OBS) \u00fczerinden yap\u0131l\u0131r ve kul\u00fcp \u00fcyelik taahh\u00fctnamesi onaylanarak \u00fcyeli\u011fe ba\u015fvurulur. Bir \u00f6\u011frenci birden fazla kul\u00fcbe \u00fcye olabilir ancak kendi Fak\u00fcltesi\/Y\u00fcksekokulu b\u00fcnyesindeki bir kul\u00fcb\u00fcn y\u00f6netiminde yer alabilir.<\/li><li>A\u00e7\u0131k \u00f6\u011fretim ve uzaktan \u00f6\u011fretim \u00f6\u011frencileri, \u00fcye olamaz. Y\u00fcksek lisans, doktora, \u00f6\u011frencileri \u00fcye olabilir ancak, kul\u00fcp kuramaz, kul\u00fcp y\u00f6netiminde yer alamaz.<\/li><\/ul><p style=\"font-weight: 400\"><strong>Kul\u00fcp Organlar\u0131m\u0131z:\u00a0<\/strong><span style=\"letter-spacing: 0px\">Genel Kurul,\u00a0<\/span><span style=\"letter-spacing: 0px\">Y\u00f6netim Kurulu ve\u00a0<\/span><span style=\"letter-spacing: 0px\">Denetim Kurulu<\/span><\/p><p style=\"font-weight: 400\"><strong>Genel Kurul<\/strong><\/p><ul><li>Genel kurul kul\u00fcb\u00fcn genel karar organ\u0131d\u0131r.<\/li><li>Genel kurulu kul\u00fcbe kay\u0131tl\u0131 \u00fcyelerden olu\u015fur.<\/li><li>Genel kurul, her y\u0131l Ekim ay\u0131 sonuna kadar yap\u0131l\u0131r.<\/li><li>Genel kurulun ola\u011fan toplant\u0131 tarihi, y\u00f6netim kurulu taraf\u0131ndan, toplant\u0131 tarihinden 15 g\u00fcn \u00f6nce \u00fcyelere bildirilir.<\/li><li>Ola\u011fan\u00fcst\u00fc genel kurul toplant\u0131s\u0131 kul\u00fcp \u00fcyelerinin 1\/3 n\u00fcn yaz\u0131l\u0131 iste\u011fi ile yap\u0131l\u0131r ve toplant\u0131 bir hafta (7 g\u00fcn) \u00f6nceden \u00fcyelere bildirilir.<\/li><li>Genel kurulun toplant\u0131 yeter say\u0131s\u0131 mevcut \u00fcyelerin yar\u0131dan bir fazlas\u0131d\u0131r.<\/li><li>Genel Kurul karar yeter say\u0131s\u0131 toplant\u0131ya kat\u0131lan \u00fcyelerin salt \u00e7o\u011funlu\u011fudur. Ancak kul\u00fcb\u00fcn feshi ile \u00fcyelikten \u00e7\u0131karma kararlar\u0131nda karar yeter say\u0131s\u0131 genel kurul toplant\u0131s\u0131na kat\u0131lanlar\u0131n 2\/3\u2019d\u00fcr.<\/li><li>Se\u00e7imler, gizli oy a\u00e7\u0131k say\u0131m esas\u0131na g\u00f6re yap\u0131l\u0131r.<\/li><\/ul><p style=\"font-weight: 400\"><strong>\u00a0<\/strong><strong style=\"letter-spacing: 0px\">Genel Kurulun G\u00f6rev ve Yetkiler<\/strong><\/p><ol><li><span style=\"letter-spacing: 0px\">Ba\u015fkan ve sekreter se\u00e7ilir ve ba\u015fkan\u0131n y\u00f6netiminde toplant\u0131 s\u00fcrd\u00fcr\u00fcl\u00fcr.<\/span><\/li><li><span style=\"letter-spacing: 0px\">Kul\u00fcp t\u00fcz\u00fc\u011f\u00fcn\u00fc, Atat\u00fcrk \u00dcniversitesi \u00d6\u011frenci Kul\u00fcp Y\u00f6nergesi ile y\u00fcr\u00fcrl\u00fckteki konu ile ilgili di\u011fer mevzuat h\u00fck\u00fcmlerine ve kul\u00fcp ama\u00e7lar\u0131na uygunlu\u011fu a\u00e7\u0131s\u0131ndan inceleyerek karara ba\u011flar.<\/span><\/li><li><span style=\"letter-spacing: 0px\">Y\u00f6netim ve Denetim Kurulu \u00fcyelerini se\u00e7er.<\/span><\/li><li><span style=\"letter-spacing: 0px\">\u00dcyelikten \u00e7\u0131karma \u00f6nerilerini karara ba\u011flar.<\/span><\/li><li><span style=\"letter-spacing: 0px\">Y\u00f6netim ve denetim kurullar\u0131 taraf\u0131ndan sunulan faaliyet ve denetleme raporlar\u0131n\u0131 inceleyerek karara ba\u011flar.<\/span><\/li><\/ol><p style=\"font-weight: 400\"><strong>\u00a0<\/strong><strong style=\"letter-spacing: 0px\">Y\u00f6netim Kurulu<\/strong><\/p><ul><li>Y\u00f6netim kurulu kul\u00fcb\u00fcn y\u00fcr\u00fctme organ\u0131d\u0131r.<\/li><li>Kul\u00fcp dan\u0131\u015fman\u0131 y\u00f6netim kurulunun do\u011fal \u00fcyesidir ancak oy kullanamaz.<\/li><li>Her akademik y\u0131l\u0131n ba\u015f\u0131nda genel kurul taraf\u0131ndan ilgili akademik y\u0131l\u0131 i\u00e7in se\u00e7ilen 7 asil ve 3 yedek \u00fcyeden olu\u015fur.<\/li><li>Bir \u00fcye kendi Fak\u00fcltesi\/Y\u00fcksekokulu d\u0131\u015f\u0131nda ve birden fazla kul\u00fcp y\u00f6netiminde, y\u00f6netim kurulu \u00fcyesi\u00a0<span style=\"letter-spacing: 0px\">olamaz.<\/span><\/li><li>Y\u00fcksek\u00f6\u011fretim kurumlar\u0131 \u00f6\u011frenci disiplin y\u00f6netmeli\u011fi kapsam\u0131nda herhangi bir disiplin cezas\u0131 alm\u0131\u015f \u00f6\u011frenciler, kul\u00fcb\u00fcn y\u00f6netim kurulunda g\u00f6rev alamazlar y\u00f6netici iken ceza alan \u00f6\u011frenciler bu g\u00f6revi b\u0131rakmak zorundad\u0131r.<\/li><\/ul><p style=\"font-weight: 400\"><strong>Y\u00f6netim Kurulunun G\u00f6rev ve Yetkileri<\/strong><\/p><ol><li><span style=\"letter-spacing: 0px\">\u00dcyeler kendi aralar\u0131nda g\u00f6rev da\u011f\u0131l\u0131m\u0131 yaparak Ba\u015fkan, ba\u015fkan yard\u0131mc\u0131s\u0131 ve sekreteri se\u00e7erler. Y\u00f6netim kurulunda kararlar \u00fcyelerin salt \u00e7o\u011funlu\u011fu ile al\u0131n\u0131r.<\/span><\/li><li><span style=\"letter-spacing: 0px\">Y\u00f6netim Kurulu \u00fcyelerinden birer ki\u015fi faaliyet sorumlusu, e\u011fitim sorumlusu ve malzeme sorumlusu olarak ba\u015fkan taraf\u0131ndan g\u00f6revlendirilir.<\/span><\/li><li><span style=\"letter-spacing: 0px\">Kul\u00fcp t\u00fcz\u00fc\u011f\u00fcn\u00fc haz\u0131rlayarak genel kurul onay\u0131na sunar.<\/span><\/li><li><span style=\"letter-spacing: 0px\">Y\u00f6netim Kurulu, \u00e7al\u0131\u015fmalar\u0131n Atat\u00fcrk \u00dcniversitesi \u00d6\u011frenci Kul\u00fcpleri y\u00f6nergesine uygun y\u00fcr\u00fct\u00fclmesi ve denetlenmesi hususunda genel kurula, ilgili akademik birim y\u00f6netimine ve koordinasyon kuruluna kar\u015f\u0131 sorumludur.<\/span><\/li><li><span style=\"letter-spacing: 0px\">Y\u0131ll\u0131k faaliyet program\u0131 haz\u0131rlayarak koordinasyon kuruluna sunar.<\/span><\/li><li><span style=\"letter-spacing: 0px\">Kul\u00fcb\u00fcn t\u00fcm etkinliklerde koordinasyon kurulunun onay\u0131n\u0131 al\u0131r.<\/span><\/li><li><span style=\"letter-spacing: 0px\">Kul\u00fcb\u00fcn demirba\u015f e\u015fyalar\u0131n\u0131n korunmas\u0131ndan dan\u0131\u015fmana kar\u015f\u0131 sorumludur.<\/span><\/li><li>Y\u00f6netim Kurulu, genel kurul karar\u0131 ile g\u00f6revden al\u0131n\u0131r.<\/li><\/ol><p style=\"font-weight: 400\"><strong>Denetleme Kurulu<\/strong><\/p><ul><li>Denetleme kurulu, genel kurul ad\u0131na, y\u00f6netim kurulunu ve kul\u00fcp faaliyetlerini denetler.<\/li><li>Denetleme kurulu, genel kurul taraf\u0131ndan se\u00e7ilen \u00fc\u00e7 as\u0131l ve \u00fc\u00e7 yedek \u00fcyeden olu\u015fur.<\/li><li>Denetleme kurulunda karar yeter say\u0131s\u0131 kurul \u00fcyelerinin salt \u00e7o\u011funlu\u011fudur.<\/li><li>Denetleme kurulu y\u0131lda en az bir defa denetim yaparak genel kurula rapor sunar.<\/li><li>Denetleme kurulu genel kurul karar\u0131 ile g\u00f6revden al\u0131nabilir.<\/li><\/ul><p style=\"font-weight: 400\"><strong>Denetleme Kurulunun G\u00f6rev ve Yetkileri<\/strong><\/p><ol><li><span style=\"letter-spacing: 0px\">Kul\u00fcb\u00fcn evrak\u0131n\u0131, defterlerini ve demirba\u015f e\u015fyan\u0131n durumunu inceler.<\/span><\/li><li><span style=\"letter-spacing: 0px\">Kul\u00fcp faaliyetlerinin y\u00f6netmelik h\u00fck\u00fcmlerine g\u00f6re uygunlu\u011funu denetler.<\/span><\/li><li><span style=\"letter-spacing: 0px\">Gere\u011finde y\u00f6netim kurulunu yaz\u0131 ile uyar\u0131r.<\/span><\/li><li><span style=\"letter-spacing: 0px\">Gerekli g\u00f6rd\u00fc\u011f\u00fc hallerde genel kurulu ola\u011fan\u00fcst\u00fc toplant\u0131ya \u00e7a\u011f\u0131r\u0131r.<\/span><\/li><li><span style=\"letter-spacing: 0px\">Genel kurula rapor verir.<\/span><\/li><\/ol><p><strong style=\"letter-spacing: 0px\">\u00a0<\/strong><br \/><strong style=\"letter-spacing: 0px\">AKADEM\u0130K DANI\u015eMAN<\/strong><span style=\"letter-spacing: 0px\">\u00a0<\/span><\/p><p style=\"font-weight: 400\">Do\u00e7. Dr. Meltem ORAL<\/p><p style=\"font-weight: 400\"><strong>Y\u00d6NET\u0130M KURULU \u00dcYELER\u0130<\/strong><\/p><p style=\"font-weight: 400\"><strong>\u00a0<\/strong><\/p><table style=\"height: 1136px\" width=\"641\"><tbody><tr><td width=\"38\"><p><strong>\u00a0<\/strong><\/p><\/td><td width=\"150\"><p><strong>Ad\u0131 Soyad\u0131<\/strong><\/p><\/td><td width=\"150\"><p><strong>Program<\/strong><\/p><\/td><td width=\"85\"><p><strong>Durum<\/strong><\/p><\/td><td width=\"197\"><p><strong>G\u00f6rev<\/strong><\/p><\/td><\/tr><tr><td width=\"38\"><p><strong>1.<\/strong><\/p><\/td><td width=\"150\"><p>Ahmet B\u0130NG\u00d6L<\/p><\/td><td width=\"150\"><p>Psikoloji Program\u0131<\/p><\/td><td width=\"85\"><p>Aktif<\/p><\/td><td width=\"197\"><p>Ba\u015fkan<\/p><\/td><\/tr><tr><td width=\"38\"><p><strong>2.<\/strong><\/p><\/td><td width=\"150\"><p>R\u00fcveyda Zi\u015fan \u015eENBAK<\/p><\/td><td width=\"150\"><p>Psikoloji Program\u0131<\/p><\/td><td width=\"85\"><p>Aktif<\/p><\/td><td width=\"197\"><p>Ba\u015fkan Yard\u0131mc\u0131s\u0131<\/p><\/td><\/tr><tr><td width=\"38\"><p><strong>3.<\/strong><\/p><\/td><td width=\"150\"><p>\u0130brahim KILI\u00c7<\/p><\/td><td width=\"150\"><p>Psikoloji Program\u0131<\/p><\/td><td width=\"85\"><p>Aktif<\/p><\/td><td width=\"197\"><p>Ba\u015fkan Yard\u0131mc\u0131s\u0131<\/p><\/td><\/tr><tr><td width=\"38\"><p><strong>4.<\/strong><\/p><\/td><td width=\"150\"><p>Zeynep \u00d6ZLER<\/p><\/td><td width=\"150\"><p>Psikoloji Program\u0131<\/p><\/td><td width=\"85\"><p>Aktif<\/p><\/td><td width=\"197\"><p>Yazman<\/p><\/td><\/tr><tr><td width=\"38\"><p><strong>5.<\/strong><\/p><\/td><td width=\"150\"><p>Asiye ARISU<\/p><\/td><td width=\"150\"><p>Psikoloji Program\u0131<\/p><\/td><td width=\"85\"><p>Aktif<\/p><\/td><td width=\"197\">Sayman<\/td><\/tr><tr><td width=\"38\"><p><strong>6.<\/strong><\/p><\/td><td width=\"150\"><p>Muhsin Batuhan G\u00dcNEY<\/p><\/td><td width=\"150\"><p>Psikoloji Program\u0131<\/p><\/td><td width=\"85\"><p>Aktif<\/p><\/td><td width=\"197\"><p>Y\u00f6netim Kurulu \u00dcyesi<\/p><\/td><\/tr><tr><td width=\"38\"><p><strong>7.<\/strong><\/p><\/td><td width=\"150\"><p>Hilal DA\u011e<\/p><\/td><td width=\"150\"><p>Psikoloji Program\u0131<\/p><\/td><td width=\"85\"><p>Aktif<\/p><\/td><td width=\"197\"><p>Y\u00f6netim Kurulu \u00dcyesi<\/p><\/td><\/tr><tr><td width=\"38\"><p><strong>8.<\/strong><\/p><\/td><td width=\"150\"><p>Emir Furkan ATE\u015e<\/p><\/td><td width=\"150\"><p>Psikoloji Program\u0131<\/p><\/td><td width=\"85\">Aktif\u00a0<\/td><td width=\"197\">Y\u00f6netim Kurulu \u00dcyesi\u00a0<\/td><\/tr><tr><td width=\"38\"><p><strong>9.<\/strong><\/p><\/td><td width=\"150\"><p>Do\u011fukan YILDIRIM<\/p><\/td><td width=\"150\"><p>Psikoloji Program\u0131<\/p><\/td><td width=\"85\"><p>Aktif<\/p><\/td><td width=\"197\"><p>Y\u00f6netim Kurulu \u00dcyesi<\/p><\/td><\/tr><tr><td width=\"38\"><strong>10.<\/strong><\/td><td width=\"150\">Derya G\u00dcLER<\/td><td width=\"150\">Psikoloji Program\u0131<\/td><td width=\"85\">Aktif<\/td><td width=\"197\">Denetleme Kurulu Ba\u015fkan\u0131<\/td><\/tr><tr><td width=\"38\"><strong>11.<\/strong><\/td><td width=\"150\">Kerim SADE<\/td><td width=\"150\">Psikoloji Program\u0131<\/td><td width=\"85\">Aktif<\/td><td width=\"197\">Denetleme Kurulu \u00dcyesi<\/td><\/tr><tr><td width=\"38\"><strong>12.<\/strong><\/td><td width=\"150\">G\u00fclnihal B\u00d6REK\u00c7\u0130<\/td><td width=\"150\">Psikoloji Program\u0131<\/td><td width=\"85\">Aktif<\/td><td width=\"197\">Denetleme Kurulu \u00dcyesi<\/td><\/tr><tr><td width=\"38\"><p><strong>13.<\/strong><\/p><\/td><td width=\"150\"><p>Sena K\u0130K\u0130<\/p><\/td><td width=\"150\"><p>Psikoloji Program\u0131<\/p><\/td><td width=\"85\"><p>Aktif<\/p><\/td><td width=\"197\"><p>Denetleme Kurulu \u00dcyesi<\/p><\/td><\/tr><tr><td width=\"38\"><p><strong>14.<\/strong><\/p><\/td><td width=\"150\"><p>S\u0131la AYDO\u011eDU<\/p><\/td><td width=\"150\"><p>Psikoloji Program\u0131<\/p><\/td><td width=\"85\"><p>Aktif<\/p><\/td><td width=\"197\"><p>Denetleme Kurulu \u00dcyesi<\/p><\/td><\/tr><tr><td width=\"38\"><p><strong>15.<\/strong><\/p><\/td><td width=\"150\"><p>\u00d6zcan M\u0130RO\u011eULLARI<\/p><\/td><td width=\"150\"><p>Psikoloji Program\u0131<\/p><\/td><td width=\"85\"><p>Aktif<\/p><\/td><td width=\"197\"><p>Denetleme Kurulu \u00dcyesi<\/p><\/td><\/tr><tr><td width=\"38\"><strong>16.<\/strong><\/td><td width=\"150\">Aysima KURT<\/td><td width=\"150\">Psikoloji Program\u0131<\/td><td width=\"85\">Aktif<\/td><td width=\"197\">Proje ve Etkinlik Birimi Ba\u015fkan\u0131<\/td><\/tr><tr><td width=\"38\"><strong>17.<\/strong><\/td><td width=\"150\">Melisa ARSLAN<\/td><td width=\"150\">Psikoloji Program\u0131<\/td><td width=\"85\">Aktif<\/td><td width=\"197\">Sponsorluk Birimi Ba\u015fkan\u0131<\/td><\/tr><tr><td width=\"38\"><strong>18.<\/strong><\/td><td width=\"150\">Aynur S\u0131la DUMAN<\/td><td width=\"150\">Psikoloji Program\u0131<\/td><td width=\"85\">Aktif<\/td><td width=\"197\">Yaz\u0131 \u0130\u015fleri ve \u0130leti\u015fim Birimi Ba\u015fkan\u0131<\/td><\/tr><tr><td width=\"38\"><strong>19.<\/strong><\/td><td width=\"150\">Fatmanur YILMAZ<\/td><td width=\"150\">Psikoloji Program\u0131<\/td><td width=\"85\">Aktif<\/td><td width=\"197\">Sosyal Medya Birimi Ba\u015fkan\u0131<\/td><\/tr><\/tbody><\/table><p style=\"font-weight: 400\"><strong>\u00a0<\/strong><\/p>\t\t\t\t\t\t\t\t<\/div>\n\t\t\t\t<\/div>\n\t\t\t\t\t<\/div>\n\t\t<\/div>\n\t\t\t\t\t<\/div>\n\t\t<\/section>\n\t\t\t\t<\/div>\n\t\t","protected":false},"excerpt":{"rendered":"<p>ATAT\u00dcRK \u00dcN\u0130VERS\u0130TES\u0130 PS\u0130KOLOJ\u0130 KUL\u00dcB\u00dc Kul\u00fcb\u00fcm\u00fcz\u00fcn ad\u0131 \u201cATA Psikoloji Kul\u00fcb\u00fc\u201d d\u00fcr.\u00a0 Atat\u00fcrk \u00dcniversitesi b\u00fcnyesinde kurmu\u015f oldu\u011fumuz kul\u00fcb\u00fcm\u00fcz, Psikoloji bilimi ve psikologluk mesle\u011fine ilgi duyan duymayan t\u00fcm Atat\u00fcrk \u00dcniversitesi\u2019 \u00f6\u011frencilerinin ba\u015fvurabilece\u011fi hi\u00e7bir ayr\u0131m\u0131n yap\u0131lmad\u0131\u011f\u0131 herkesi kucaklayan bir kul\u00fcpt\u00fcr. Kul\u00fcb\u00fcm\u00fcz\u00fcn ve B\u00f6l\u00fcm\u00fcm\u00fcz\u00fcn Amac\u0131\u00a0 \u00d6\u011frencilere y\u00f6nelik bilimsel, k\u00fclt\u00fcrel ve sosyal etkinlikler d\u00fczenleyerek, bilginin kullan\u0131m\u0131n\u0131 daha verimli hale getirerek \u00f6\u011frencilerin [&hellip;]<\/p>\n","protected":false},"author":132,"featured_media":0,"parent":0,"menu_order":0,"comment_status":"closed","ping_status":"closed","template":"","meta":{"footnotes":""},"class_list":["post-6438","page","type-page","status-publish","hentry"],"_links":{"self":[{"href":"https:\/\/atauni.edu.tr\/psikoloji\/wp-json\/wp\/v2\/pages\/6438","targetHints":{"allow":["GET"]}}],"collection":[{"href":"https:\/\/atauni.edu.tr\/psikoloji\/wp-json\/wp\/v2\/pages"}],"about":[{"href":"https:\/\/atauni.edu.tr\/psikoloji\/wp-json\/wp\/v2\/types\/page"}],"author":[{"embeddable":true,"href":"https:\/\/atauni.edu.tr\/psikoloji\/wp-json\/wp\/v2\/users\/132"}],"replies":[{"embeddable":true,"href":"https:\/\/atauni.edu.tr\/psikoloji\/wp-json\/wp\/v2\/comments?post=6438"}],"version-history":[{"count":19,"href":"https:\/\/atauni.edu.tr\/psikoloji\/wp-json\/wp\/v2\/pages\/6438\/revisions"}],"predecessor-version":[{"id":7547,"href":"https:\/\/atauni.edu.tr\/psikoloji\/wp-json\/wp\/v2\/pages\/6438\/revisions\/7547"}],"wp:attachment":[{"href":"https:\/\/atauni.edu.tr\/psikoloji\/wp-json\/wp\/v2\/media?parent=6438"}],"curies":[{"name":"wp","href":"https:\/\/api.w.org\/{rel}","templated":true}]}}