{"id":6601,"date":"2023-02-16T20:08:40","date_gmt":"2023-02-16T17:08:40","guid":{"rendered":"https:\/\/birimler.atauni.edu.tr\/psikoloji\/?page_id=6601"},"modified":"2023-02-19T14:55:45","modified_gmt":"2023-02-19T11:55:45","slug":"afet-yonetimi","status":"publish","type":"page","link":"https:\/\/atauni.edu.tr\/psikoloji\/afet-yonetimi\/","title":{"rendered":"Afet Y\u00f6netimi"},"content":{"rendered":"\t\t<div data-elementor-type=\"wp-page\" data-elementor-id=\"6601\" class=\"elementor elementor-6601\" data-elementor-post-type=\"page\">\n\t\t\t\t\t\t<section class=\"elementor-section elementor-top-section elementor-element elementor-element-0be6af8 elementor-section-boxed elementor-section-height-default elementor-section-height-default\" data-id=\"0be6af8\" data-element_type=\"section\">\n\t\t\t\t\t\t<div class=\"elementor-container elementor-column-gap-default\">\n\t\t\t\t\t<div class=\"elementor-column elementor-col-100 elementor-top-column elementor-element elementor-element-defcbab\" data-id=\"defcbab\" data-element_type=\"column\">\n\t\t\t<div class=\"elementor-widget-wrap elementor-element-populated\">\n\t\t\t\t\t\t<div class=\"elementor-element elementor-element-978fd28 elementor-widget elementor-widget-text-editor\" data-id=\"978fd28\" data-element_type=\"widget\" data-widget_type=\"text-editor.default\">\n\t\t\t\t<div class=\"elementor-widget-container\">\n\t\t\t\t\t\t\t\t\t<p>6 \u015eubat 2023 tarihinde Kahramanmara\u015f merkezli meydana gelen ve \u00e7evre illeri de ciddi bir&nbsp;<span style=\"color: var( --e-global-color-text );font-family: var( --e-global-typography-text-font-family ), Sans-serif;font-weight: var( --e-global-typography-text-font-weight );letter-spacing: 0px\">\u015fekilde etkileyen deprem sonras\u0131nda can kayb\u0131 ve yaral\u0131 insan say\u0131s\u0131 ciddi boyutlara ula\u015fm\u0131\u015ft\u0131r.&nbsp;<\/span><span style=\"color: var( --e-global-color-text );font-family: var( --e-global-typography-text-font-family ), Sans-serif;font-weight: var( --e-global-typography-text-font-weight );letter-spacing: 0px\">Bunun yan\u0131 s\u0131ra b\u00f6lgedeki bar\u0131nma imk\u00e2nlar\u0131n\u0131n \u00e7o\u011fu hasar g\u00f6rd\u00fc\u011f\u00fcnden \u00e7ok say\u0131da insan&nbsp;<\/span><span style=\"color: var( --e-global-color-text );font-family: var( --e-global-typography-text-font-family ), Sans-serif;font-weight: var( --e-global-typography-text-font-weight );letter-spacing: 0px\">\u00e7evre illere tahliye edilmi\u015ftir. \u00d6ncelikle t\u00fcm \u00f6\u011frencilerimize ve t\u00fcm T\u00fcrkiye&#8217;ye ba\u015f sa\u011fl\u0131\u011f\u0131 diliyoruz. Bu g\u00fcnleri dayan\u0131\u015fma i\u00e7erisinde atlataca\u011f\u0131m\u0131za dair inanc\u0131m\u0131z y\u00fcksek!<\/span><\/p>\n<p>B\u00f6l\u00fcm\u00fcm\u00fcz baz\u0131nda yap\u0131lan \/ yap\u0131lacak afet y\u00f6netimi ile ili\u015fkili \u00e7al\u0131\u015fmalar bu sayfada yer alacakt\u0131r.&nbsp;<\/p><p><b>Haberler:<\/b><\/p><p>&#8211; \u00dcniversitemiz ekibiyle Malatya&#8217;ya psikolojik ilk yard\u0131m ve psiko-sosyal destek ziyareti d\u00fczenledik. Haber i\u00e7in&nbsp;<a href=\"https:\/\/birimler.atauni.edu.tr\/psikoloji\/2023\/02\/19\/universitemiz-psiko-sosyal-destek-ekibiyle-birlikte-malatyaya-gittik-2\/\" target=\"_blank\" style=\"font-family: var( --e-global-typography-text-font-family ), Sans-serif;font-weight: var( --e-global-typography-text-font-weight );letter-spacing: 0px\">t\u0131klay\u0131n\u0131z.<\/a><\/p>\n<p><img fetchpriority=\"high\" decoding=\"async\" class=\"alignnone wp-image-6613 size-full\" src=\"http:\/\/birimler.atauni.edu.tr\/psikoloji\/wp-content\/uploads\/sites\/147\/2020\/07\/Beige-Minimalist-Timeline-Diagram-Graph-Kopyasi.png\" alt=\"\" width=\"1024\" height=\"768\" srcset=\"https:\/\/atauni.edu.tr\/psikoloji\/wp-content\/uploads\/sites\/147\/2020\/07\/Beige-Minimalist-Timeline-Diagram-Graph-Kopyasi.png 1024w, https:\/\/atauni.edu.tr\/psikoloji\/wp-content\/uploads\/sites\/147\/2020\/07\/Beige-Minimalist-Timeline-Diagram-Graph-Kopyasi-300x225.png 300w, https:\/\/atauni.edu.tr\/psikoloji\/wp-content\/uploads\/sites\/147\/2020\/07\/Beige-Minimalist-Timeline-Diagram-Graph-Kopyasi-768x576.png 768w, https:\/\/atauni.edu.tr\/psikoloji\/wp-content\/uploads\/sites\/147\/2020\/07\/Beige-Minimalist-Timeline-Diagram-Graph-Kopyasi-600x450.png 600w, https:\/\/atauni.edu.tr\/psikoloji\/wp-content\/uploads\/sites\/147\/2020\/07\/Beige-Minimalist-Timeline-Diagram-Graph-Kopyasi-560x420.png 560w\" sizes=\"(max-width: 1024px) 100vw, 1024px\" \/><\/p>\n<p><b>Faydal\u0131 Linkler \/ Dok\u00fcmanlar:<\/b><\/p>\n<p>&#8211; TPD &#8220;Herkes \u0130\u00e7in Psikolojik \u0130lk Yard\u0131m&#8221; e\u011fitimi i\u00e7in <a href=\"https:\/\/www.youtube.com\/live\/9UcN_SrCRAg?feature=share\">t\u0131klay\u0131n\u0131z.<\/a><\/p>\n<p>&#8211;&nbsp;<span style=\"color: var( --e-global-color-text );font-family: var( --e-global-typography-text-font-family ), Sans-serif;font-weight: var( --e-global-typography-text-font-weight );letter-spacing: 0px\">TPD &#8220;Afet Sonras\u0131nda \u00c7ocuklara ve Aile Bireylerine Yakla\u015f\u0131m&#8221; e\u011fitimi i\u00e7in <a href=\"https:\/\/www.youtube.com\/live\/YPIkcbbd9NE?feature=share\">t\u0131klay\u0131n\u0131z.<\/a><\/span><\/p>\n<p>&#8211; D\u00fcnya Sa\u011fl\u0131k \u00d6rg\u00fct\u00fc &#8220;Psikolojik \u0130lk Yard\u0131m: Saha \u00c7al\u0131\u015fanlar\u0131 \u0130\u00e7in Rehber&#8221; adl\u0131 kitap\u00e7\u0131\u011f\u0131 i\u00e7in&nbsp;<font face=\"var( --e-global-typography-text-font-family ), Sans-serif\"><span style=\"font-weight: var( --e-global-typography-text-font-weight );letter-spacing: 0px\"><a href=\"https:\/\/drive.google.com\/file\/d\/1jygyPZoJ1LJRsS1beYo66o0c5p8MipUo\/view?usp=sharing\">t\u0131klay\u0131n\u0131z<\/a><\/span><\/font><a href=\"http:\/\/chrome-extension:\/\/efaidnbmnnnibpcajpcglclefindmkaj\/https:\/\/apps.who.int\/iris\/bitstream\/10665\/44615\/48\/9789759225445_tur.pdf?ua=1\" target=\"_blank\" style=\"font-family: var( --e-global-typography-text-font-family ), Sans-serif;font-weight: var( --e-global-typography-text-font-weight );letter-spacing: 0px\">.&nbsp;<\/a><\/p>\t\t\t\t\t\t\t\t<\/div>\n\t\t\t\t<\/div>\n\t\t\t\t\t<\/div>\n\t\t<\/div>\n\t\t\t\t\t<\/div>\n\t\t<\/section>\n\t\t\t\t<\/div>\n\t\t","protected":false},"excerpt":{"rendered":"<p>6 \u015eubat 2023 tarihinde Kahramanmara\u015f merkezli meydana gelen ve \u00e7evre illeri de ciddi bir&nbsp;\u015fekilde etkileyen deprem sonras\u0131nda can kayb\u0131 ve yaral\u0131 insan say\u0131s\u0131 ciddi boyutlara ula\u015fm\u0131\u015ft\u0131r.&nbsp;Bunun yan\u0131 s\u0131ra b\u00f6lgedeki bar\u0131nma imk\u00e2nlar\u0131n\u0131n \u00e7o\u011fu hasar g\u00f6rd\u00fc\u011f\u00fcnden \u00e7ok say\u0131da insan&nbsp;\u00e7evre illere tahliye edilmi\u015ftir. \u00d6ncelikle t\u00fcm \u00f6\u011frencilerimize ve t\u00fcm T\u00fcrkiye&#8217;ye ba\u015f sa\u011fl\u0131\u011f\u0131 diliyoruz. Bu g\u00fcnleri dayan\u0131\u015fma i\u00e7erisinde atlataca\u011f\u0131m\u0131za dair [&hellip;]<\/p>\n","protected":false},"author":547,"featured_media":0,"parent":0,"menu_order":0,"comment_status":"closed","ping_status":"closed","template":"","meta":{"footnotes":""},"class_list":["post-6601","page","type-page","status-publish","hentry"],"_links":{"self":[{"href":"https:\/\/atauni.edu.tr\/psikoloji\/wp-json\/wp\/v2\/pages\/6601","targetHints":{"allow":["GET"]}}],"collection":[{"href":"https:\/\/atauni.edu.tr\/psikoloji\/wp-json\/wp\/v2\/pages"}],"about":[{"href":"https:\/\/atauni.edu.tr\/psikoloji\/wp-json\/wp\/v2\/types\/page"}],"author":[{"embeddable":true,"href":"https:\/\/atauni.edu.tr\/psikoloji\/wp-json\/wp\/v2\/users\/547"}],"replies":[{"embeddable":true,"href":"https:\/\/atauni.edu.tr\/psikoloji\/wp-json\/wp\/v2\/comments?post=6601"}],"version-history":[{"count":22,"href":"https:\/\/atauni.edu.tr\/psikoloji\/wp-json\/wp\/v2\/pages\/6601\/revisions"}],"predecessor-version":[{"id":6637,"href":"https:\/\/atauni.edu.tr\/psikoloji\/wp-json\/wp\/v2\/pages\/6601\/revisions\/6637"}],"wp:attachment":[{"href":"https:\/\/atauni.edu.tr\/psikoloji\/wp-json\/wp\/v2\/media?parent=6601"}],"curies":[{"name":"wp","href":"https:\/\/api.w.org\/{rel}","templated":true}]}}