{"id":6640,"date":"2023-03-08T00:01:03","date_gmt":"2023-03-07T21:01:03","guid":{"rendered":"https:\/\/birimler.atauni.edu.tr\/psikoloji\/?page_id=6640"},"modified":"2023-05-16T00:03:19","modified_gmt":"2023-05-15T21:03:19","slug":"zorunlu-staj","status":"publish","type":"page","link":"https:\/\/atauni.edu.tr\/psikoloji\/zorunlu-staj\/","title":{"rendered":"Zorunlu Staj"},"content":{"rendered":"\t\t<div data-elementor-type=\"wp-page\" data-elementor-id=\"6640\" class=\"elementor elementor-6640\" data-elementor-post-type=\"page\">\n\t\t\t\t\t\t<section class=\"elementor-section elementor-top-section elementor-element elementor-element-95bc0e2 elementor-section-boxed elementor-section-height-default elementor-section-height-default\" data-id=\"95bc0e2\" data-element_type=\"section\">\n\t\t\t\t\t\t<div class=\"elementor-container elementor-column-gap-default\">\n\t\t\t\t\t<div class=\"elementor-column elementor-col-100 elementor-top-column elementor-element elementor-element-b3246d4\" data-id=\"b3246d4\" data-element_type=\"column\">\n\t\t\t<div class=\"elementor-widget-wrap elementor-element-populated\">\n\t\t\t\t\t\t<div class=\"elementor-element elementor-element-213dbe0 elementor-widget elementor-widget-image\" data-id=\"213dbe0\" data-element_type=\"widget\" data-widget_type=\"image.default\">\n\t\t\t\t<div class=\"elementor-widget-container\">\n\t\t\t\t\t\t\t\t\t\t\t\t\t\t\t<img fetchpriority=\"high\" decoding=\"async\" width=\"1024\" height=\"1024\" src=\"https:\/\/atauni.edu.tr\/psikoloji\/wp-content\/uploads\/sites\/147\/2023\/03\/Sari-Gri-ve-Siyah-El-Cizimi-Surec-Infografigi-2000-\u00d7-2000-piksel-1024x1024.png\" class=\"attachment-large size-large wp-image-6644\" alt=\"\" srcset=\"https:\/\/atauni.edu.tr\/psikoloji\/wp-content\/uploads\/sites\/147\/2023\/03\/Sari-Gri-ve-Siyah-El-Cizimi-Surec-Infografigi-2000-\u00d7-2000-piksel-1024x1024.png 1024w, https:\/\/atauni.edu.tr\/psikoloji\/wp-content\/uploads\/sites\/147\/2023\/03\/Sari-Gri-ve-Siyah-El-Cizimi-Surec-Infografigi-2000-\u00d7-2000-piksel-300x300.png 300w, https:\/\/atauni.edu.tr\/psikoloji\/wp-content\/uploads\/sites\/147\/2023\/03\/Sari-Gri-ve-Siyah-El-Cizimi-Surec-Infografigi-2000-\u00d7-2000-piksel-150x150.png 150w, https:\/\/atauni.edu.tr\/psikoloji\/wp-content\/uploads\/sites\/147\/2023\/03\/Sari-Gri-ve-Siyah-El-Cizimi-Surec-Infografigi-2000-\u00d7-2000-piksel-768x768.png 768w, https:\/\/atauni.edu.tr\/psikoloji\/wp-content\/uploads\/sites\/147\/2023\/03\/Sari-Gri-ve-Siyah-El-Cizimi-Surec-Infografigi-2000-\u00d7-2000-piksel-1536x1536.png 1536w, https:\/\/atauni.edu.tr\/psikoloji\/wp-content\/uploads\/sites\/147\/2023\/03\/Sari-Gri-ve-Siyah-El-Cizimi-Surec-Infografigi-2000-\u00d7-2000-piksel-600x600.png 600w, https:\/\/atauni.edu.tr\/psikoloji\/wp-content\/uploads\/sites\/147\/2023\/03\/Sari-Gri-ve-Siyah-El-Cizimi-Surec-Infografigi-2000-\u00d7-2000-piksel-560x560.png 560w, https:\/\/atauni.edu.tr\/psikoloji\/wp-content\/uploads\/sites\/147\/2023\/03\/Sari-Gri-ve-Siyah-El-Cizimi-Surec-Infografigi-2000-\u00d7-2000-piksel.png 2000w\" sizes=\"(max-width: 1024px) 100vw, 1024px\" \/>\t\t\t\t\t\t\t\t\t\t\t\t\t\t\t<\/div>\n\t\t\t\t<\/div>\n\t\t\t\t\t<\/div>\n\t\t<\/div>\n\t\t\t\t\t<\/div>\n\t\t<\/section>\n\t\t\t\t<section class=\"elementor-section elementor-top-section elementor-element elementor-element-b6436fd elementor-section-boxed elementor-section-height-default elementor-section-height-default\" data-id=\"b6436fd\" data-element_type=\"section\">\n\t\t\t\t\t\t<div class=\"elementor-container elementor-column-gap-default\">\n\t\t\t\t\t<div class=\"elementor-column elementor-col-100 elementor-top-column elementor-element elementor-element-4bcc907\" data-id=\"4bcc907\" data-element_type=\"column\">\n\t\t\t<div class=\"elementor-widget-wrap elementor-element-populated\">\n\t\t\t\t\t\t<div class=\"elementor-element elementor-element-e2356c3 elementor-widget elementor-widget-text-editor\" data-id=\"e2356c3\" data-element_type=\"widget\" data-widget_type=\"text-editor.default\">\n\t\t\t\t<div class=\"elementor-widget-container\">\n\t\t\t\t\t\t\t\t\t<p>Atat\u00fcrk \u00dcniversitesi Psikoloji B\u00f6l\u00fcm\u00fc Staj Uygulama Esaslar\u0131&#8217;na ula\u015fmak i\u00e7in&nbsp;<a href=\"https:\/\/drive.google.com\/file\/d\/1-RIBOqqknBLJ1vI44buY5yukTwq0JihH\/view?usp=sharing\" target=\"_blank\" style=\"font-family: var( --e-global-typography-text-font-family ), Sans-serif;font-weight: var( --e-global-typography-text-font-weight );letter-spacing: 0px\">t\u0131klay\u0131n\u0131z.<\/a><\/p>\n<p>Stajyer Performans De\u011ferlendirme Formu (Dan\u0131\u015fman Formu)&#8217;na ula\u015fmak i\u00e7in <a href=\"https:\/\/docs.google.com\/document\/d\/1P3B4MtwK7x3487_uJSsOxXOOkVUb92b5gmDGCBml1Ts\/edit?usp=sharing\">t\u0131klay\u0131n\u0131z.<\/a><\/p>\n<p>Staj Defteri \u015eablonu&#8217;na ula\u015fmak i\u00e7in&nbsp;<a style=\"font-family: var( --e-global-typography-text-font-family ), Sans-serif;font-weight: var( --e-global-typography-text-font-weight );letter-spacing: 0px\" href=\"https:\/\/docs.google.com\/document\/d\/1pme9g3_HeupkVFhjkrrM1fCPdUzeS189CLU-pLNH4y0\/edit?usp=sharing\" target=\"_blank\" rel=\"noopener\">t\u0131klay\u0131n\u0131z.<\/a><\/p>\n<p>S\u00fcre\u00e7leri a\u00e7\u0131klayan tabloyu indirmek i\u00e7in <a href=\"https:\/\/drive.google.com\/file\/d\/1uvA_oKrVmTGrQYfIsZZ13zjeEzrQdHOw\/view?usp=sharing\">t\u0131klay\u0131n\u0131z.&nbsp;<\/a><\/p>\n<p>Staj Ba\u015fvuru Ad\u0131mlar\u0131&#8217;na eri\u015fmek i\u00e7in&nbsp;<a href=\"https:\/\/drive.google.com\/file\/d\/1Ms8cKWQM4p6jQSkT4eoiQO9urN01_hzx\/view?usp=sharing\" target=\"_blank\" style=\"font-family: var( --e-global-typography-text-font-family ), Sans-serif;font-weight: var( --e-global-typography-text-font-weight );letter-spacing: 0px\">t\u0131klay\u0131n\u0131z.&nbsp;<\/a><\/p>\n<p>\u0130\u015fyeri Staj S\u00f6zle\u015fmesi&#8217;ne ula\u015fmak i\u00e7in&nbsp;<a href=\"https:\/\/docs.google.com\/document\/d\/1m0sh5qzenbBRzZIhFY7cTBg_a6jFxoEXveb978k4MW8\/edit?usp=sharing\" target=\"_blank\" style=\"font-family: var( --e-global-typography-text-font-family ), Sans-serif;font-weight: var( --e-global-typography-text-font-weight );letter-spacing: 0px\">t\u0131klay\u0131n\u0131z.&nbsp;<\/a><\/p>\t\t\t\t\t\t\t\t<\/div>\n\t\t\t\t<\/div>\n\t\t\t\t\t<\/div>\n\t\t<\/div>\n\t\t\t\t\t<\/div>\n\t\t<\/section>\n\t\t\t\t<\/div>\n\t\t","protected":false},"excerpt":{"rendered":"<p>Atat\u00fcrk \u00dcniversitesi Psikoloji B\u00f6l\u00fcm\u00fc Staj Uygulama Esaslar\u0131&#8217;na ula\u015fmak i\u00e7in&nbsp;t\u0131klay\u0131n\u0131z. Stajyer Performans De\u011ferlendirme Formu (Dan\u0131\u015fman Formu)&#8217;na ula\u015fmak i\u00e7in t\u0131klay\u0131n\u0131z. Staj Defteri \u015eablonu&#8217;na ula\u015fmak i\u00e7in&nbsp;t\u0131klay\u0131n\u0131z. S\u00fcre\u00e7leri a\u00e7\u0131klayan tabloyu indirmek i\u00e7in t\u0131klay\u0131n\u0131z.&nbsp; Staj Ba\u015fvuru Ad\u0131mlar\u0131&#8217;na eri\u015fmek i\u00e7in&nbsp;t\u0131klay\u0131n\u0131z.&nbsp; \u0130\u015fyeri Staj S\u00f6zle\u015fmesi&#8217;ne ula\u015fmak i\u00e7in&nbsp;t\u0131klay\u0131n\u0131z.&nbsp;<\/p>\n","protected":false},"author":547,"featured_media":0,"parent":0,"menu_order":0,"comment_status":"closed","ping_status":"closed","template":"","meta":{"footnotes":""},"class_list":["post-6640","page","type-page","status-publish","hentry"],"_links":{"self":[{"href":"https:\/\/atauni.edu.tr\/psikoloji\/wp-json\/wp\/v2\/pages\/6640","targetHints":{"allow":["GET"]}}],"collection":[{"href":"https:\/\/atauni.edu.tr\/psikoloji\/wp-json\/wp\/v2\/pages"}],"about":[{"href":"https:\/\/atauni.edu.tr\/psikoloji\/wp-json\/wp\/v2\/types\/page"}],"author":[{"embeddable":true,"href":"https:\/\/atauni.edu.tr\/psikoloji\/wp-json\/wp\/v2\/users\/547"}],"replies":[{"embeddable":true,"href":"https:\/\/atauni.edu.tr\/psikoloji\/wp-json\/wp\/v2\/comments?post=6640"}],"version-history":[{"count":28,"href":"https:\/\/atauni.edu.tr\/psikoloji\/wp-json\/wp\/v2\/pages\/6640\/revisions"}],"predecessor-version":[{"id":6738,"href":"https:\/\/atauni.edu.tr\/psikoloji\/wp-json\/wp\/v2\/pages\/6640\/revisions\/6738"}],"wp:attachment":[{"href":"https:\/\/atauni.edu.tr\/psikoloji\/wp-json\/wp\/v2\/media?parent=6640"}],"curies":[{"name":"wp","href":"https:\/\/api.w.org\/{rel}","templated":true}]}}