{"id":5638,"date":"2021-07-13T09:49:25","date_gmt":"2021-07-13T06:49:25","guid":{"rendered":"https:\/\/portaltest.atauni.edu.tr\/bilgisayar-muhendisligi\/?page_id=5638"},"modified":"2023-02-02T14:50:01","modified_gmt":"2023-02-02T11:50:01","slug":"tarihce","status":"publish","type":"page","link":"https:\/\/atauni.edu.tr\/psikolojik-danisma-ve-rehberlik-uygulama-ve-arastirma-merkezi\/tarihce\/","title":{"rendered":"Tarih\u00e7e"},"content":{"rendered":"\t\t<div data-elementor-type=\"wp-page\" data-elementor-id=\"5638\" class=\"elementor elementor-5638\" data-elementor-post-type=\"page\">\n\t\t\t\t\t\t<section class=\"elementor-section elementor-top-section elementor-element elementor-element-730d320 elementor-section-boxed elementor-section-height-default elementor-section-height-default\" data-id=\"730d320\" data-element_type=\"section\">\n\t\t\t\t\t\t<div class=\"elementor-container elementor-column-gap-default\">\n\t\t\t\t\t<div class=\"elementor-column elementor-col-100 elementor-top-column elementor-element elementor-element-753d0860\" data-id=\"753d0860\" data-element_type=\"column\">\n\t\t\t<div class=\"elementor-widget-wrap\">\n\t\t\t\t\t\t\t<\/div>\n\t\t<\/div>\n\t\t\t\t\t<\/div>\n\t\t<\/section>\n\t\t\t\t<section class=\"elementor-section elementor-top-section elementor-element elementor-element-9be811a elementor-section-boxed elementor-section-height-default elementor-section-height-default\" data-id=\"9be811a\" data-element_type=\"section\">\n\t\t\t\t\t\t<div class=\"elementor-container elementor-column-gap-default\">\n\t\t\t\t\t<div class=\"elementor-column elementor-col-100 elementor-top-column elementor-element elementor-element-1ed847b7\" data-id=\"1ed847b7\" data-element_type=\"column\">\n\t\t\t<div class=\"elementor-widget-wrap elementor-element-populated\">\n\t\t\t\t\t\t<div class=\"elementor-element elementor-element-4ce0d07f elementor-widget elementor-widget-heading\" data-id=\"4ce0d07f\" data-element_type=\"widget\" data-widget_type=\"heading.default\">\n\t\t\t\t<div class=\"elementor-widget-container\">\n\t\t\t\t\t<h2 class=\"elementor-heading-title elementor-size-default\">Tarih\u00e7e<\/h2>\t\t\t\t<\/div>\n\t\t\t\t<\/div>\n\t\t\t\t<div class=\"elementor-element elementor-element-63260862 elementor-widget-divider--view-line elementor-widget elementor-widget-divider\" data-id=\"63260862\" data-element_type=\"widget\" data-widget_type=\"divider.default\">\n\t\t\t\t<div class=\"elementor-widget-container\">\n\t\t\t\t\t\t\t<div class=\"elementor-divider\">\n\t\t\t<span class=\"elementor-divider-separator\">\n\t\t\t\t\t\t<\/span>\n\t\t<\/div>\n\t\t\t\t\t\t<\/div>\n\t\t\t\t<\/div>\n\t\t\t\t\t<\/div>\n\t\t<\/div>\n\t\t\t\t\t<\/div>\n\t\t<\/section>\n\t\t\t\t<section class=\"elementor-section elementor-top-section elementor-element elementor-element-681db8b elementor-section-boxed elementor-section-height-default elementor-section-height-default\" data-id=\"681db8b\" data-element_type=\"section\">\n\t\t\t\t\t\t<div class=\"elementor-container elementor-column-gap-default\">\n\t\t\t\t\t<div class=\"elementor-column elementor-col-100 elementor-top-column elementor-element elementor-element-ad4dac5\" data-id=\"ad4dac5\" data-element_type=\"column\">\n\t\t\t<div class=\"elementor-widget-wrap elementor-element-populated\">\n\t\t\t\t\t\t<div class=\"elementor-element elementor-element-2f96b3d elementor-widget elementor-widget-text-editor\" data-id=\"2f96b3d\" data-element_type=\"widget\" data-widget_type=\"text-editor.default\">\n\t\t\t\t<div class=\"elementor-widget-container\">\n\t\t\t\t\t\t\t\t\t<p>2017 y\u0131l\u0131nda kurulan Psikolojik Dan\u0131\u015fma ve Rehberlik Uygulama ve Ara\u015ft\u0131rma Merkezi, Atat\u00fcrk \u00dcniversitesi b\u00fcnyesinde lisans ve lisans\u00fcst\u00fc seviyede \u00f6\u011frenim g\u00f6rmekte olan \u00f6\u011frencilerimizin kendilerini daha iyi tan\u0131malar\u0131na; sa\u011fl\u0131kl\u0131 kararlar verebilmelerine, ileti\u015fim becerileri kazanmalar\u0131na, akademik ba\u015far\u0131lar\u0131n\u0131n artt\u0131r\u0131lmas\u0131na, \u00fcniversite ya\u015fam\u0131na uyum sa\u011flamalar\u0131na yard\u0131mc\u0131 olmay\u0131 ama\u00e7lamaktad\u0131r.<\/p><p>Bu s\u00fcre\u00e7, merkezimizde g\u00f6revli uzman psikolojik dan\u0131\u015fman ve psikologlar\u0131m\u0131z\u0131n bireylerle birebir yapt\u0131klar\u0131 g\u00f6r\u00fc\u015fmeler\/dan\u0131\u015fmalar \u015feklinde ger\u00e7ekle\u015fmektedir. Yap\u0131lan t\u00fcm g\u00f6r\u00fc\u015fmeler \u201cgizlilik\u201d ilkesi ile y\u00fcr\u00fct\u00fclmekte, bilgiler ba\u015fka bir birim ya da kurumla kesinlikle payla\u015f\u0131lmamaktad\u0131r.<\/p>\t\t\t\t\t\t\t\t<\/div>\n\t\t\t\t<\/div>\n\t\t\t\t\t<\/div>\n\t\t<\/div>\n\t\t\t\t\t<\/div>\n\t\t<\/section>\n\t\t\t\t<\/div>\n\t\t","protected":false},"excerpt":{"rendered":"<p>Tarih\u00e7e 2017 y\u0131l\u0131nda kurulan Psikolojik Dan\u0131\u015fma ve Rehberlik Uygulama ve Ara\u015ft\u0131rma Merkezi, Atat\u00fcrk \u00dcniversitesi b\u00fcnyesinde lisans ve lisans\u00fcst\u00fc seviyede \u00f6\u011frenim g\u00f6rmekte olan \u00f6\u011frencilerimizin kendilerini daha iyi tan\u0131malar\u0131na; sa\u011fl\u0131kl\u0131 kararlar verebilmelerine, ileti\u015fim becerileri kazanmalar\u0131na, akademik ba\u015far\u0131lar\u0131n\u0131n artt\u0131r\u0131lmas\u0131na, \u00fcniversite ya\u015fam\u0131na uyum sa\u011flamalar\u0131na yard\u0131mc\u0131 olmay\u0131 ama\u00e7lamaktad\u0131r. Bu s\u00fcre\u00e7, merkezimizde g\u00f6revli uzman psikolojik dan\u0131\u015fman ve psikologlar\u0131m\u0131z\u0131n bireylerle birebir yapt\u0131klar\u0131 [&hellip;]<\/p>\n","protected":false},"author":1,"featured_media":0,"parent":0,"menu_order":0,"comment_status":"closed","ping_status":"closed","template":"","meta":{"footnotes":""},"class_list":["post-5638","page","type-page","status-publish","hentry"],"_links":{"self":[{"href":"https:\/\/atauni.edu.tr\/psikolojik-danisma-ve-rehberlik-uygulama-ve-arastirma-merkezi\/wp-json\/wp\/v2\/pages\/5638","targetHints":{"allow":["GET"]}}],"collection":[{"href":"https:\/\/atauni.edu.tr\/psikolojik-danisma-ve-rehberlik-uygulama-ve-arastirma-merkezi\/wp-json\/wp\/v2\/pages"}],"about":[{"href":"https:\/\/atauni.edu.tr\/psikolojik-danisma-ve-rehberlik-uygulama-ve-arastirma-merkezi\/wp-json\/wp\/v2\/types\/page"}],"author":[{"embeddable":true,"href":"https:\/\/atauni.edu.tr\/psikolojik-danisma-ve-rehberlik-uygulama-ve-arastirma-merkezi\/wp-json\/wp\/v2\/users\/1"}],"replies":[{"embeddable":true,"href":"https:\/\/atauni.edu.tr\/psikolojik-danisma-ve-rehberlik-uygulama-ve-arastirma-merkezi\/wp-json\/wp\/v2\/comments?post=5638"}],"version-history":[{"count":25,"href":"https:\/\/atauni.edu.tr\/psikolojik-danisma-ve-rehberlik-uygulama-ve-arastirma-merkezi\/wp-json\/wp\/v2\/pages\/5638\/revisions"}],"predecessor-version":[{"id":6347,"href":"https:\/\/atauni.edu.tr\/psikolojik-danisma-ve-rehberlik-uygulama-ve-arastirma-merkezi\/wp-json\/wp\/v2\/pages\/5638\/revisions\/6347"}],"wp:attachment":[{"href":"https:\/\/atauni.edu.tr\/psikolojik-danisma-ve-rehberlik-uygulama-ve-arastirma-merkezi\/wp-json\/wp\/v2\/media?parent=5638"}],"curies":[{"name":"wp","href":"https:\/\/api.w.org\/{rel}","templated":true}]}}