{"id":5682,"date":"2021-07-13T10:10:01","date_gmt":"2021-07-13T07:10:01","guid":{"rendered":"https:\/\/portaltest.atauni.edu.tr\/bilgisayar-muhendisligi\/?page_id=5682"},"modified":"2023-02-02T14:50:01","modified_gmt":"2023-02-02T11:50:01","slug":"misyon-vizyon-ve-temel-degerler","status":"publish","type":"page","link":"https:\/\/atauni.edu.tr\/psikolojik-danisma-ve-rehberlik-uygulama-ve-arastirma-merkezi\/misyon-vizyon-ve-temel-degerler\/","title":{"rendered":"Misyon, Vizyon ve Temel De\u011ferler"},"content":{"rendered":"\t\t<div data-elementor-type=\"wp-page\" data-elementor-id=\"5682\" class=\"elementor elementor-5682\" data-elementor-post-type=\"page\">\n\t\t\t\t\t\t<section class=\"elementor-section elementor-top-section elementor-element elementor-element-730d320 elementor-section-boxed elementor-section-height-default elementor-section-height-default\" data-id=\"730d320\" data-element_type=\"section\">\n\t\t\t\t\t\t<div class=\"elementor-container elementor-column-gap-default\">\n\t\t\t\t\t<div class=\"elementor-column elementor-col-100 elementor-top-column elementor-element elementor-element-753d0860\" data-id=\"753d0860\" data-element_type=\"column\">\n\t\t\t<div class=\"elementor-widget-wrap\">\n\t\t\t\t\t\t\t<\/div>\n\t\t<\/div>\n\t\t\t\t\t<\/div>\n\t\t<\/section>\n\t\t\t\t<section class=\"elementor-section elementor-top-section elementor-element elementor-element-9be811a elementor-section-boxed elementor-section-height-default elementor-section-height-default\" data-id=\"9be811a\" data-element_type=\"section\">\n\t\t\t\t\t\t<div class=\"elementor-container elementor-column-gap-default\">\n\t\t\t\t\t<div class=\"elementor-column elementor-col-100 elementor-top-column elementor-element elementor-element-1ed847b7\" data-id=\"1ed847b7\" data-element_type=\"column\">\n\t\t\t<div class=\"elementor-widget-wrap elementor-element-populated\">\n\t\t\t\t\t\t<div class=\"elementor-element elementor-element-4ce0d07f elementor-widget elementor-widget-heading\" data-id=\"4ce0d07f\" data-element_type=\"widget\" data-widget_type=\"heading.default\">\n\t\t\t\t<div class=\"elementor-widget-container\">\n\t\t\t\t\t<h2 class=\"elementor-heading-title elementor-size-default\">Misyon, Vizyon ve Temel De\u011ferler<\/h2>\t\t\t\t<\/div>\n\t\t\t\t<\/div>\n\t\t\t\t<div class=\"elementor-element elementor-element-63260862 elementor-widget-divider--view-line elementor-widget elementor-widget-divider\" data-id=\"63260862\" data-element_type=\"widget\" data-widget_type=\"divider.default\">\n\t\t\t\t<div class=\"elementor-widget-container\">\n\t\t\t\t\t\t\t<div class=\"elementor-divider\">\n\t\t\t<span class=\"elementor-divider-separator\">\n\t\t\t\t\t\t<\/span>\n\t\t<\/div>\n\t\t\t\t\t\t<\/div>\n\t\t\t\t<\/div>\n\t\t\t\t\t<\/div>\n\t\t<\/div>\n\t\t\t\t\t<\/div>\n\t\t<\/section>\n\t\t\t\t<section class=\"elementor-section elementor-top-section elementor-element elementor-element-681db8b elementor-section-boxed elementor-section-height-default elementor-section-height-default\" data-id=\"681db8b\" data-element_type=\"section\">\n\t\t\t\t\t\t<div class=\"elementor-container elementor-column-gap-default\">\n\t\t\t\t\t<div class=\"elementor-column elementor-col-100 elementor-top-column elementor-element elementor-element-ad4dac5\" data-id=\"ad4dac5\" data-element_type=\"column\">\n\t\t\t<div class=\"elementor-widget-wrap elementor-element-populated\">\n\t\t\t\t\t\t<div class=\"elementor-element elementor-element-2f96b3d elementor-widget elementor-widget-text-editor\" data-id=\"2f96b3d\" data-element_type=\"widget\" data-widget_type=\"text-editor.default\">\n\t\t\t\t<div class=\"elementor-widget-container\">\n\t\t\t\t\t\t\t\t\t<p>Atat\u00fcrk \u00dcniversitesi Psikolojik Dan\u0131\u015fma ve Rehberlik Uygulama ve Ara\u015ft\u0131rma Merkezi Y\u00d6K taraf\u0131ndan 29 Eyl\u00fcl 2017 tarihinde 30195 say\u0131l\u0131 Resmi Gazete\u2019de yay\u0131mlanarak \u00dcniversitemiz Rekt\u00f6rl\u00fc\u011f\u00fcne ba\u011fl\u0131 bir birim olarak kurulmu\u015ftur. Konusunda uzman personeli ile Atat\u00fcrk \u00dcniversitesi \u00f6\u011frencilerinin beden ve ruh sa\u011fl\u0131\u011f\u0131n\u0131 korumak, bar\u0131nma, beslenme, \u00e7al\u0131\u015fma, dinlenme ve ilgi alanlar\u0131na g\u00f6re bo\u015f zamanlar\u0131n\u0131 de\u011ferlendirmek, yeni ilgi alanlar\u0131 kazanmalar\u0131na imk\u00e2n sa\u011flayarak, gerek sa\u011fl\u0131k ve gerekse sosyal durumlar\u0131n\u0131n iyile\u015fmesine, yeteneklerinin ve ki\u015filiklerinin sa\u011fl\u0131kl\u0131 bir \u015fekilde geli\u015fmesine imk\u00e2n verecek hizmetler sunmak ve onlar\u0131 ruhsal ve bedensel sa\u011fl\u0131klar\u0131na \u00f6zen g\u00f6steren bireyler olarak yeti\u015ftirmek, birlikte d\u00fczenli ve disiplinli \u00e7al\u0131\u015fma, dinlenme ve e\u011flenme al\u0131\u015fkanl\u0131klar\u0131 kazand\u0131rmak amac\u0131yla kurulan Psikolojik Dan\u0131\u015fma ve Rehberlik Uygulama ve Ara\u015ft\u0131rma Merkezi, \u00f6\u011frencilere ya\u015famlar\u0131 boyunca kar\u015f\u0131la\u015fabilecekleri duygusal, sosyal ve akademik alanlardaki problemlerle ba\u015f etmelerine yard\u0131mc\u0131 olmay\u0131 ama\u00e7layan ve \u00f6\u011frencilerin potansiyellerini ger\u00e7ekle\u015ftirmelerini destekleyen psikolojik hizmet birimidir. Bilim, k\u00fclt\u00fcr, sanat, spor ve teknoloji d\u00fcnyas\u0131 ile \u00f6rg\u00fctsel ba\u011flar\u0131 geli\u015fmi\u015f, kurumsal k\u00fclt\u00fcr\u00fc g\u00fc\u00e7l\u00fc, \u00f6\u011frencilerin kendilerini g\u00fcvende hissetti\u011fi; k\u00fclt\u00fcr, spor faaliyetleri ve tesisleri ile uluslararas\u0131 standartlarda sosyal hizmetler veren bir vizyona sahip olan \u00fcniversitemizin Psikolojik Dan\u0131\u015fma ve Rehberlik Uygulama ve Ara\u015ft\u0131rma Merkezi b\u00fcnyesinde yetkin psikolog ve psikolojik dan\u0131\u015fmanlar g\u00f6rev yapmaktad\u0131r.<\/p><p>T\u00fcm bunlar\u0131n yan\u0131 s\u0131ra Psikolojik Dan\u0131\u015fma Uygulama ve Ara\u015ft\u0131rma Merkezimiz, \u00fcniversitemizin ara\u015ft\u0131rma \u00fcniversitesi vizyon ve misyonuna uygun olarak psikoloji alan\u0131ndaki bilimsel geli\u015fmeleri ve yeni uygulamalar\u0131 takip etmekte, bireylerin uyumu ve ruh sa\u011fl\u0131\u011f\u0131na y\u00f6nelik bilimsel ara\u015ft\u0131rmalar ve projeler tasarlamakta ve y\u00fcr\u00fctmektedir.<\/p>\t\t\t\t\t\t\t\t<\/div>\n\t\t\t\t<\/div>\n\t\t\t\t\t<\/div>\n\t\t<\/div>\n\t\t\t\t\t<\/div>\n\t\t<\/section>\n\t\t\t\t<\/div>\n\t\t","protected":false},"excerpt":{"rendered":"<p>Misyon, Vizyon ve Temel De\u011ferler Atat\u00fcrk \u00dcniversitesi Psikolojik Dan\u0131\u015fma ve Rehberlik Uygulama ve Ara\u015ft\u0131rma Merkezi Y\u00d6K taraf\u0131ndan 29 Eyl\u00fcl 2017 tarihinde 30195 say\u0131l\u0131 Resmi Gazete\u2019de yay\u0131mlanarak \u00dcniversitemiz Rekt\u00f6rl\u00fc\u011f\u00fcne ba\u011fl\u0131 bir birim olarak kurulmu\u015ftur. Konusunda uzman personeli ile Atat\u00fcrk \u00dcniversitesi \u00f6\u011frencilerinin beden ve ruh sa\u011fl\u0131\u011f\u0131n\u0131 korumak, bar\u0131nma, beslenme, \u00e7al\u0131\u015fma, dinlenme ve ilgi alanlar\u0131na g\u00f6re bo\u015f zamanlar\u0131n\u0131 [&hellip;]<\/p>\n","protected":false},"author":1,"featured_media":0,"parent":0,"menu_order":0,"comment_status":"closed","ping_status":"closed","template":"elementor_header_footer","meta":{"footnotes":""},"class_list":["post-5682","page","type-page","status-publish","hentry"],"_links":{"self":[{"href":"https:\/\/atauni.edu.tr\/psikolojik-danisma-ve-rehberlik-uygulama-ve-arastirma-merkezi\/wp-json\/wp\/v2\/pages\/5682","targetHints":{"allow":["GET"]}}],"collection":[{"href":"https:\/\/atauni.edu.tr\/psikolojik-danisma-ve-rehberlik-uygulama-ve-arastirma-merkezi\/wp-json\/wp\/v2\/pages"}],"about":[{"href":"https:\/\/atauni.edu.tr\/psikolojik-danisma-ve-rehberlik-uygulama-ve-arastirma-merkezi\/wp-json\/wp\/v2\/types\/page"}],"author":[{"embeddable":true,"href":"https:\/\/atauni.edu.tr\/psikolojik-danisma-ve-rehberlik-uygulama-ve-arastirma-merkezi\/wp-json\/wp\/v2\/users\/1"}],"replies":[{"embeddable":true,"href":"https:\/\/atauni.edu.tr\/psikolojik-danisma-ve-rehberlik-uygulama-ve-arastirma-merkezi\/wp-json\/wp\/v2\/comments?post=5682"}],"version-history":[{"count":11,"href":"https:\/\/atauni.edu.tr\/psikolojik-danisma-ve-rehberlik-uygulama-ve-arastirma-merkezi\/wp-json\/wp\/v2\/pages\/5682\/revisions"}],"predecessor-version":[{"id":6344,"href":"https:\/\/atauni.edu.tr\/psikolojik-danisma-ve-rehberlik-uygulama-ve-arastirma-merkezi\/wp-json\/wp\/v2\/pages\/5682\/revisions\/6344"}],"wp:attachment":[{"href":"https:\/\/atauni.edu.tr\/psikolojik-danisma-ve-rehberlik-uygulama-ve-arastirma-merkezi\/wp-json\/wp\/v2\/media?parent=5682"}],"curies":[{"name":"wp","href":"https:\/\/api.w.org\/{rel}","templated":true}]}}