{"id":5700,"date":"2021-07-13T10:17:09","date_gmt":"2021-07-13T07:17:09","guid":{"rendered":"https:\/\/portaltest.atauni.edu.tr\/bilgisayar-muhendisligi\/?page_id=5700"},"modified":"2025-06-02T16:34:09","modified_gmt":"2025-06-02T13:34:09","slug":"personel","status":"publish","type":"page","link":"https:\/\/atauni.edu.tr\/psikolojik-danisma-ve-rehberlik-uygulama-ve-arastirma-merkezi\/personel\/","title":{"rendered":"Personel"},"content":{"rendered":"\t\t<div data-elementor-type=\"wp-page\" data-elementor-id=\"5700\" class=\"elementor elementor-5700\" data-elementor-post-type=\"page\">\n\t\t\t\t\t\t<section class=\"elementor-section elementor-top-section elementor-element elementor-element-22b96024 elementor-section-boxed elementor-section-height-default elementor-section-height-default\" data-id=\"22b96024\" data-element_type=\"section\">\n\t\t\t\t\t\t<div class=\"elementor-container elementor-column-gap-default\">\n\t\t\t\t\t<div class=\"elementor-column elementor-col-100 elementor-top-column elementor-element elementor-element-5a1f7769\" data-id=\"5a1f7769\" data-element_type=\"column\">\n\t\t\t<div class=\"elementor-widget-wrap elementor-element-populated\">\n\t\t\t\t\t\t<div class=\"elementor-element elementor-element-3b3e2d4a elementor-widget elementor-widget-heading\" data-id=\"3b3e2d4a\" data-element_type=\"widget\" data-widget_type=\"heading.default\">\n\t\t\t\t<div class=\"elementor-widget-container\">\n\t\t\t\t\t<h2 class=\"elementor-heading-title elementor-size-default\">Personel<\/h2>\t\t\t\t<\/div>\n\t\t\t\t<\/div>\n\t\t\t\t<div class=\"elementor-element elementor-element-35223868 elementor-widget-divider--view-line elementor-widget elementor-widget-divider\" data-id=\"35223868\" data-element_type=\"widget\" data-widget_type=\"divider.default\">\n\t\t\t\t<div class=\"elementor-widget-container\">\n\t\t\t\t\t\t\t<div class=\"elementor-divider\">\n\t\t\t<span class=\"elementor-divider-separator\">\n\t\t\t\t\t\t<\/span>\n\t\t<\/div>\n\t\t\t\t\t\t<\/div>\n\t\t\t\t<\/div>\n\t\t\t\t\t<\/div>\n\t\t<\/div>\n\t\t\t\t\t<\/div>\n\t\t<\/section>\n\t\t\t\t<section class=\"elementor-section elementor-top-section elementor-element elementor-element-0494c70 elementor-section-boxed elementor-section-height-default elementor-section-height-default\" data-id=\"0494c70\" data-element_type=\"section\">\n\t\t\t\t\t\t<div class=\"elementor-container elementor-column-gap-default\">\n\t\t\t\t\t<div class=\"elementor-column elementor-col-100 elementor-top-column elementor-element elementor-element-946ded1\" data-id=\"946ded1\" data-element_type=\"column\">\n\t\t\t<div class=\"elementor-widget-wrap elementor-element-populated\">\n\t\t\t\t\t\t<div class=\"elementor-element elementor-element-aa9da07 elementor-widget elementor-widget-text-editor\" data-id=\"aa9da07\" data-element_type=\"widget\" data-widget_type=\"text-editor.default\">\n\t\t\t\t<div class=\"elementor-widget-container\">\n\t\t\t\t\t\t\t\t\t<p class=\"title\"><strong>Ar\u015f.G\u00f6r. Fehime \u015e\u00fcheda KURT<\/strong><\/p><p class=\"title\"><strong>Ar\u015f.G\u00f6r. Melike YA\u015eAR<\/strong><\/p><p class=\"title\"><strong>Ar\u015f.G\u00f6r. Muhammet Huzeyfe G\u00dcLTEK\u0130N<\/strong><\/p><p><strong>Psikolojik Dan\u0131\u015fman Derya DOLU<\/strong><\/p><p><strong>Psikolojik Dan\u0131\u015fman Fatma K\u00fcbra SARIMERMER\u00a0<\/strong><\/p><p><strong>Psikolojik Dan\u0131\u015fman Aysel \u00c7ULCU<\/strong><\/p><p><strong>Psikolojik Dan\u0131\u015fman Berrak GE\u00c7\u0130KL\u0130<\/strong><\/p><p class=\"title\"><strong>Psikolojik Dan\u0131\u015fman Ozan Nam\u0131k \u00dcNAL<\/strong><\/p><p class=\"title\"><strong>Psikolojik Dan\u0131\u015fman Hatice ER\u0130K<\/strong><\/p><p class=\"title\"><strong>Psikolog B\u00fc\u015fra \u00c7UBUKCU<\/strong><\/p><p class=\"title\">\u00a0<\/p>\t\t\t\t\t\t\t\t<\/div>\n\t\t\t\t<\/div>\n\t\t\t\t\t<\/div>\n\t\t<\/div>\n\t\t\t\t\t<\/div>\n\t\t<\/section>\n\t\t\t\t<\/div>\n\t\t","protected":false},"excerpt":{"rendered":"<p>Personel Ar\u015f.G\u00f6r. Fehime \u015e\u00fcheda KURT Ar\u015f.G\u00f6r. Melike YA\u015eAR Ar\u015f.G\u00f6r. Muhammet Huzeyfe G\u00dcLTEK\u0130N Psikolojik Dan\u0131\u015fman Derya DOLU Psikolojik Dan\u0131\u015fman Fatma K\u00fcbra SARIMERMER\u00a0 Psikolojik Dan\u0131\u015fman Aysel \u00c7ULCU Psikolojik Dan\u0131\u015fman Berrak GE\u00c7\u0130KL\u0130 Psikolojik Dan\u0131\u015fman Ozan Nam\u0131k \u00dcNAL Psikolojik Dan\u0131\u015fman Hatice ER\u0130K Psikolog B\u00fc\u015fra \u00c7UBUKCU \u00a0<\/p>\n","protected":false},"author":1,"featured_media":0,"parent":0,"menu_order":0,"comment_status":"closed","ping_status":"closed","template":"elementor_header_footer","meta":{"footnotes":""},"class_list":["post-5700","page","type-page","status-publish","hentry"],"_links":{"self":[{"href":"https:\/\/atauni.edu.tr\/psikolojik-danisma-ve-rehberlik-uygulama-ve-arastirma-merkezi\/wp-json\/wp\/v2\/pages\/5700","targetHints":{"allow":["GET"]}}],"collection":[{"href":"https:\/\/atauni.edu.tr\/psikolojik-danisma-ve-rehberlik-uygulama-ve-arastirma-merkezi\/wp-json\/wp\/v2\/pages"}],"about":[{"href":"https:\/\/atauni.edu.tr\/psikolojik-danisma-ve-rehberlik-uygulama-ve-arastirma-merkezi\/wp-json\/wp\/v2\/types\/page"}],"author":[{"embeddable":true,"href":"https:\/\/atauni.edu.tr\/psikolojik-danisma-ve-rehberlik-uygulama-ve-arastirma-merkezi\/wp-json\/wp\/v2\/users\/1"}],"replies":[{"embeddable":true,"href":"https:\/\/atauni.edu.tr\/psikolojik-danisma-ve-rehberlik-uygulama-ve-arastirma-merkezi\/wp-json\/wp\/v2\/comments?post=5700"}],"version-history":[{"count":42,"href":"https:\/\/atauni.edu.tr\/psikolojik-danisma-ve-rehberlik-uygulama-ve-arastirma-merkezi\/wp-json\/wp\/v2\/pages\/5700\/revisions"}],"predecessor-version":[{"id":6516,"href":"https:\/\/atauni.edu.tr\/psikolojik-danisma-ve-rehberlik-uygulama-ve-arastirma-merkezi\/wp-json\/wp\/v2\/pages\/5700\/revisions\/6516"}],"wp:attachment":[{"href":"https:\/\/atauni.edu.tr\/psikolojik-danisma-ve-rehberlik-uygulama-ve-arastirma-merkezi\/wp-json\/wp\/v2\/media?parent=5700"}],"curies":[{"name":"wp","href":"https:\/\/api.w.org\/{rel}","templated":true}]}}