{"id":6318,"date":"2023-02-02T14:34:47","date_gmt":"2023-02-02T11:34:47","guid":{"rendered":"https:\/\/birimler.atauni.edu.tr\/psikolojik-danisma-ve-rehberlik-uygulama-ve-arastirma-merkezi\/?page_id=6318"},"modified":"2025-05-26T16:55:44","modified_gmt":"2025-05-26T13:55:44","slug":"basvurumu-nasil-yaparim","status":"publish","type":"page","link":"https:\/\/atauni.edu.tr\/psikolojik-danisma-ve-rehberlik-uygulama-ve-arastirma-merkezi\/basvurumu-nasil-yaparim\/","title":{"rendered":"Ba\u015fvurumu Nas\u0131l Yapar\u0131m?"},"content":{"rendered":"\t\t<div data-elementor-type=\"wp-page\" data-elementor-id=\"6318\" class=\"elementor elementor-6318\" data-elementor-post-type=\"page\">\n\t\t\t\t\t\t<section class=\"elementor-section elementor-top-section elementor-element elementor-element-11573251 elementor-section-boxed elementor-section-height-default elementor-section-height-default\" data-id=\"11573251\" data-element_type=\"section\">\n\t\t\t\t\t\t<div class=\"elementor-container elementor-column-gap-default\">\n\t\t\t\t\t<div class=\"elementor-column elementor-col-100 elementor-top-column elementor-element elementor-element-acbe751\" data-id=\"acbe751\" data-element_type=\"column\">\n\t\t\t<div class=\"elementor-widget-wrap elementor-element-populated\">\n\t\t\t\t\t\t<div class=\"elementor-element elementor-element-335fa700 elementor-widget elementor-widget-text-editor\" data-id=\"335fa700\" data-element_type=\"widget\" data-widget_type=\"text-editor.default\">\n\t\t\t\t<div class=\"elementor-widget-container\">\n\t\t\t\t\t\t\t\t\t<p>\u00a0<\/p>\n<ul>\n<li style=\"list-style-type: none\">\n<ul><\/ul>\n<\/li>\n<li>Merkezimiz randevu sistemi ile \u00e7al\u0131\u015fmaktad\u0131r.<\/li>\n<li>Hafta i\u00e7i 09-17 saatleri aras\u0131nda merkezimizi arayarak\u00a0 ( 0442 231 18 83), bizzat gelerek ya da a\u015fa\u011f\u0131daki linke t\u0131klayarak online\u00a0 randevu alabilirsiniz.<\/li>\n<li>Merkezimizde dilerseniz y\u00fcz y\u00fcze dilerseniz \u00e7evrim i\u00e7i olarak dan\u0131\u015fma hizmeti alabilirsiniz.<\/li>\n<li><strong>\u2018Gizlilik<\/strong>\u2019 ilkesi gere\u011fi kimlik bilgileriniz ve yard\u0131m almak istedi\u011finiz sorunlar hi\u00e7bir \u015fah\u0131s ve kurumla payla\u015f\u0131lmamaktad\u0131r. Yaln\u0131zca size yard\u0131m verecek dan\u0131\u015fman ile sizin aran\u0131zda kalacakt\u0131r. Dosyan\u0131za i\u015flenecek ve ileride kar\u015f\u0131n\u0131za \u00e7\u0131kabilecek bir olumsuzluk ya\u015faman\u0131z m\u00fcmk\u00fcn de\u011fildir.<\/li>\n<\/ul>\n<p><\/p>\t\t\t\t\t\t\t\t<\/div>\n\t\t\t\t<\/div>\n\t\t\t\t<div class=\"elementor-element elementor-element-5bd6282 elementor-widget elementor-widget-text-editor\" data-id=\"5bd6282\" data-element_type=\"widget\" data-widget_type=\"text-editor.default\">\n\t\t\t\t<div class=\"elementor-widget-container\">\n\t\t\t\t\t\t\t\t\t<p><strong>Ba\u015fvuru yapmak i\u00e7in t\u0131klay\u0131n<\/strong><\/p>\n<p><a href=\"https:\/\/pdruyam.atauni.edu.tr\/\">https:\/\/pdruyam.atauni.edu.tr\/<\/a><\/p>\t\t\t\t\t\t\t\t<\/div>\n\t\t\t\t<\/div>\n\t\t\t\t\t<\/div>\n\t\t<\/div>\n\t\t\t\t\t<\/div>\n\t\t<\/section>\n\t\t\t\t<section class=\"elementor-section elementor-top-section elementor-element elementor-element-b0d246e elementor-section-boxed elementor-section-height-default elementor-section-height-default\" data-id=\"b0d246e\" data-element_type=\"section\">\n\t\t\t\t\t\t<div class=\"elementor-container elementor-column-gap-default\">\n\t\t\t\t\t<div class=\"elementor-column elementor-col-50 elementor-top-column elementor-element elementor-element-fdf03b5\" data-id=\"fdf03b5\" data-element_type=\"column\">\n\t\t\t<div class=\"elementor-widget-wrap elementor-element-populated\">\n\t\t\t\t\t\t<div class=\"elementor-element elementor-element-60c6ba3 elementor-widget elementor-widget-image\" data-id=\"60c6ba3\" data-element_type=\"widget\" data-widget_type=\"image.default\">\n\t\t\t\t<div class=\"elementor-widget-container\">\n\t\t\t\t\t\t\t\t\t\t\t\t\t\t\t<img fetchpriority=\"high\" decoding=\"async\" width=\"695\" height=\"649\" src=\"https:\/\/atauni.edu.tr\/psikolojik-danisma-ve-rehberlik-uygulama-ve-arastirma-merkezi\/wp-content\/uploads\/sites\/720\/2023\/02\/kayit-icin-1.png\" class=\"attachment-large size-large wp-image-6319\" alt=\"\" srcset=\"https:\/\/atauni.edu.tr\/psikolojik-danisma-ve-rehberlik-uygulama-ve-arastirma-merkezi\/wp-content\/uploads\/sites\/720\/2023\/02\/kayit-icin-1.png 695w, https:\/\/atauni.edu.tr\/psikolojik-danisma-ve-rehberlik-uygulama-ve-arastirma-merkezi\/wp-content\/uploads\/sites\/720\/2023\/02\/kayit-icin-1-300x280.png 300w, https:\/\/atauni.edu.tr\/psikolojik-danisma-ve-rehberlik-uygulama-ve-arastirma-merkezi\/wp-content\/uploads\/sites\/720\/2023\/02\/kayit-icin-1-600x560.png 600w, https:\/\/atauni.edu.tr\/psikolojik-danisma-ve-rehberlik-uygulama-ve-arastirma-merkezi\/wp-content\/uploads\/sites\/720\/2023\/02\/kayit-icin-1-560x523.png 560w\" sizes=\"(max-width: 695px) 100vw, 695px\" \/>\t\t\t\t\t\t\t\t\t\t\t\t\t\t\t<\/div>\n\t\t\t\t<\/div>\n\t\t\t\t\t<\/div>\n\t\t<\/div>\n\t\t\t\t<div class=\"elementor-column elementor-col-50 elementor-top-column elementor-element elementor-element-3a8602e\" data-id=\"3a8602e\" data-element_type=\"column\">\n\t\t\t<div class=\"elementor-widget-wrap elementor-element-populated\">\n\t\t\t\t\t\t<div class=\"elementor-element elementor-element-984c58d elementor-widget elementor-widget-image\" data-id=\"984c58d\" data-element_type=\"widget\" data-widget_type=\"image.default\">\n\t\t\t\t<div class=\"elementor-widget-container\">\n\t\t\t\t\t\t\t\t\t\t\t\t\t\t\t<img decoding=\"async\" width=\"652\" height=\"700\" src=\"https:\/\/atauni.edu.tr\/psikolojik-danisma-ve-rehberlik-uygulama-ve-arastirma-merkezi\/wp-content\/uploads\/sites\/720\/2023\/02\/kayit-icin-2.png\" class=\"attachment-large size-large wp-image-6320\" alt=\"\" srcset=\"https:\/\/atauni.edu.tr\/psikolojik-danisma-ve-rehberlik-uygulama-ve-arastirma-merkezi\/wp-content\/uploads\/sites\/720\/2023\/02\/kayit-icin-2.png 652w, https:\/\/atauni.edu.tr\/psikolojik-danisma-ve-rehberlik-uygulama-ve-arastirma-merkezi\/wp-content\/uploads\/sites\/720\/2023\/02\/kayit-icin-2-279x300.png 279w, https:\/\/atauni.edu.tr\/psikolojik-danisma-ve-rehberlik-uygulama-ve-arastirma-merkezi\/wp-content\/uploads\/sites\/720\/2023\/02\/kayit-icin-2-559x600.png 559w, https:\/\/atauni.edu.tr\/psikolojik-danisma-ve-rehberlik-uygulama-ve-arastirma-merkezi\/wp-content\/uploads\/sites\/720\/2023\/02\/kayit-icin-2-522x560.png 522w\" sizes=\"(max-width: 652px) 100vw, 652px\" \/>\t\t\t\t\t\t\t\t\t\t\t\t\t\t\t<\/div>\n\t\t\t\t<\/div>\n\t\t\t\t\t<\/div>\n\t\t<\/div>\n\t\t\t\t\t<\/div>\n\t\t<\/section>\n\t\t\t\t<\/div>\n\t\t","protected":false},"excerpt":{"rendered":"<p>\u00a0 Ba\u015fvuru yapmak i\u00e7in t\u0131klay\u0131n https:\/\/pdruyam.atauni.edu.tr\/<\/p>\n","protected":false},"author":474,"featured_media":0,"parent":0,"menu_order":0,"comment_status":"closed","ping_status":"closed","template":"","meta":{"footnotes":""},"class_list":["post-6318","page","type-page","status-publish","hentry"],"_links":{"self":[{"href":"https:\/\/atauni.edu.tr\/psikolojik-danisma-ve-rehberlik-uygulama-ve-arastirma-merkezi\/wp-json\/wp\/v2\/pages\/6318","targetHints":{"allow":["GET"]}}],"collection":[{"href":"https:\/\/atauni.edu.tr\/psikolojik-danisma-ve-rehberlik-uygulama-ve-arastirma-merkezi\/wp-json\/wp\/v2\/pages"}],"about":[{"href":"https:\/\/atauni.edu.tr\/psikolojik-danisma-ve-rehberlik-uygulama-ve-arastirma-merkezi\/wp-json\/wp\/v2\/types\/page"}],"author":[{"embeddable":true,"href":"https:\/\/atauni.edu.tr\/psikolojik-danisma-ve-rehberlik-uygulama-ve-arastirma-merkezi\/wp-json\/wp\/v2\/users\/474"}],"replies":[{"embeddable":true,"href":"https:\/\/atauni.edu.tr\/psikolojik-danisma-ve-rehberlik-uygulama-ve-arastirma-merkezi\/wp-json\/wp\/v2\/comments?post=6318"}],"version-history":[{"count":27,"href":"https:\/\/atauni.edu.tr\/psikolojik-danisma-ve-rehberlik-uygulama-ve-arastirma-merkezi\/wp-json\/wp\/v2\/pages\/6318\/revisions"}],"predecessor-version":[{"id":6495,"href":"https:\/\/atauni.edu.tr\/psikolojik-danisma-ve-rehberlik-uygulama-ve-arastirma-merkezi\/wp-json\/wp\/v2\/pages\/6318\/revisions\/6495"}],"wp:attachment":[{"href":"https:\/\/atauni.edu.tr\/psikolojik-danisma-ve-rehberlik-uygulama-ve-arastirma-merkezi\/wp-json\/wp\/v2\/media?parent=6318"}],"curies":[{"name":"wp","href":"https:\/\/api.w.org\/{rel}","templated":true}]}}