{"id":6355,"date":"2023-02-02T15:02:15","date_gmt":"2023-02-02T12:02:15","guid":{"rendered":"https:\/\/birimler.atauni.edu.tr\/psikolojik-danisma-ve-rehberlik-uygulama-ve-arastirma-merkezi\/?page_id=6355"},"modified":"2025-05-26T16:40:04","modified_gmt":"2025-05-26T13:40:04","slug":"biz-kimiz","status":"publish","type":"page","link":"https:\/\/atauni.edu.tr\/psikolojik-danisma-ve-rehberlik-uygulama-ve-arastirma-merkezi\/biz-kimiz\/","title":{"rendered":"Bize Ba\u015fvurabilirsiniz"},"content":{"rendered":"\t\t<div data-elementor-type=\"wp-page\" data-elementor-id=\"6355\" class=\"elementor elementor-6355\" data-elementor-post-type=\"page\">\n\t\t\t\t\t\t<section class=\"elementor-section elementor-top-section elementor-element elementor-element-9cc18d4 elementor-section-boxed elementor-section-height-default elementor-section-height-default\" data-id=\"9cc18d4\" data-element_type=\"section\">\n\t\t\t\t\t\t<div class=\"elementor-container elementor-column-gap-default\">\n\t\t\t\t\t<div class=\"elementor-column elementor-col-100 elementor-top-column elementor-element elementor-element-8e76316\" data-id=\"8e76316\" data-element_type=\"column\">\n\t\t\t<div class=\"elementor-widget-wrap elementor-element-populated\">\n\t\t\t\t\t\t<div class=\"elementor-element elementor-element-a36d476 elementor-widget elementor-widget-text-editor\" data-id=\"a36d476\" data-element_type=\"widget\" data-widget_type=\"text-editor.default\">\n\t\t\t\t<div class=\"elementor-widget-container\">\n\t\t\t\t\t\t\t\t\t<p>Psikolojik Dan\u0131\u015fma ve Rehberlik Uygulama ve Ara\u015ft\u0131rma Merkezi, \u00f6\u011frencilere ya\u015famlar\u0131 boyunca kar\u015f\u0131la\u015fabilecekleri duygusal, sosyal ve akademik alanlardaki problemlerle ba\u015f etmelerine yard\u0131mc\u0131 olmay\u0131 ama\u00e7layan ve \u00f6\u011frencilerin potansiyellerini ger\u00e7ekle\u015ftirmelerini destekleyen psikolojik hizmet birimidir. Kadromuz, alan\u0131nda yetkin psikolojik dan\u0131\u015fman ve psikologlardan olu\u015fmaktad\u0131r.<\/p>\t\t\t\t\t\t\t\t<\/div>\n\t\t\t\t<\/div>\n\t\t\t\t\t<\/div>\n\t\t<\/div>\n\t\t\t\t\t<\/div>\n\t\t<\/section>\n\t\t\t\t<\/div>\n\t\t","protected":false},"excerpt":{"rendered":"<p>Psikolojik Dan\u0131\u015fma ve Rehberlik Uygulama ve Ara\u015ft\u0131rma Merkezi, \u00f6\u011frencilere ya\u015famlar\u0131 boyunca kar\u015f\u0131la\u015fabilecekleri duygusal, sosyal ve akademik alanlardaki problemlerle ba\u015f etmelerine yard\u0131mc\u0131 olmay\u0131 ama\u00e7layan ve \u00f6\u011frencilerin potansiyellerini ger\u00e7ekle\u015ftirmelerini destekleyen psikolojik hizmet birimidir. Kadromuz, alan\u0131nda yetkin psikolojik dan\u0131\u015fman ve psikologlardan olu\u015fmaktad\u0131r.<\/p>\n","protected":false},"author":474,"featured_media":0,"parent":0,"menu_order":0,"comment_status":"closed","ping_status":"closed","template":"","meta":{"footnotes":""},"class_list":["post-6355","page","type-page","status-publish","hentry"],"_links":{"self":[{"href":"https:\/\/atauni.edu.tr\/psikolojik-danisma-ve-rehberlik-uygulama-ve-arastirma-merkezi\/wp-json\/wp\/v2\/pages\/6355","targetHints":{"allow":["GET"]}}],"collection":[{"href":"https:\/\/atauni.edu.tr\/psikolojik-danisma-ve-rehberlik-uygulama-ve-arastirma-merkezi\/wp-json\/wp\/v2\/pages"}],"about":[{"href":"https:\/\/atauni.edu.tr\/psikolojik-danisma-ve-rehberlik-uygulama-ve-arastirma-merkezi\/wp-json\/wp\/v2\/types\/page"}],"author":[{"embeddable":true,"href":"https:\/\/atauni.edu.tr\/psikolojik-danisma-ve-rehberlik-uygulama-ve-arastirma-merkezi\/wp-json\/wp\/v2\/users\/474"}],"replies":[{"embeddable":true,"href":"https:\/\/atauni.edu.tr\/psikolojik-danisma-ve-rehberlik-uygulama-ve-arastirma-merkezi\/wp-json\/wp\/v2\/comments?post=6355"}],"version-history":[{"count":10,"href":"https:\/\/atauni.edu.tr\/psikolojik-danisma-ve-rehberlik-uygulama-ve-arastirma-merkezi\/wp-json\/wp\/v2\/pages\/6355\/revisions"}],"predecessor-version":[{"id":6488,"href":"https:\/\/atauni.edu.tr\/psikolojik-danisma-ve-rehberlik-uygulama-ve-arastirma-merkezi\/wp-json\/wp\/v2\/pages\/6355\/revisions\/6488"}],"wp:attachment":[{"href":"https:\/\/atauni.edu.tr\/psikolojik-danisma-ve-rehberlik-uygulama-ve-arastirma-merkezi\/wp-json\/wp\/v2\/media?parent=6355"}],"curies":[{"name":"wp","href":"https:\/\/api.w.org\/{rel}","templated":true}]}}