{"id":6360,"date":"2023-02-02T15:03:01","date_gmt":"2023-02-02T12:03:01","guid":{"rendered":"https:\/\/birimler.atauni.edu.tr\/psikolojik-danisma-ve-rehberlik-uygulama-ve-arastirma-merkezi\/?page_id=6360"},"modified":"2023-02-02T15:03:23","modified_gmt":"2023-02-02T12:03:23","slug":"calisma-alani","status":"publish","type":"page","link":"https:\/\/atauni.edu.tr\/psikolojik-danisma-ve-rehberlik-uygulama-ve-arastirma-merkezi\/calisma-alani\/","title":{"rendered":"\u00c7al\u0131\u015fma Alan\u0131"},"content":{"rendered":"\t\t<div data-elementor-type=\"wp-page\" data-elementor-id=\"6360\" class=\"elementor elementor-6360\" data-elementor-post-type=\"page\">\n\t\t\t\t\t\t<section class=\"elementor-section elementor-top-section elementor-element elementor-element-4975b68 elementor-section-boxed elementor-section-height-default elementor-section-height-default\" data-id=\"4975b68\" data-element_type=\"section\">\n\t\t\t\t\t\t<div class=\"elementor-container elementor-column-gap-default\">\n\t\t\t\t\t<div class=\"elementor-column elementor-col-100 elementor-top-column elementor-element elementor-element-52ecd2a\" data-id=\"52ecd2a\" data-element_type=\"column\">\n\t\t\t<div class=\"elementor-widget-wrap elementor-element-populated\">\n\t\t\t\t\t\t<div class=\"elementor-element elementor-element-af323b6 elementor-widget elementor-widget-text-editor\" data-id=\"af323b6\" data-element_type=\"widget\" data-widget_type=\"text-editor.default\">\n\t\t\t\t<div class=\"elementor-widget-container\">\n\t\t\t\t\t\t\t\t\t<ul><li>\u00dcniversite ya\u015fam\u0131na uyum sa\u011flamakta g\u00fc\u00e7l\u00fck \u00e7ekiyorsan\u0131z<\/li><li>Nas\u0131l ders \u00e7al\u0131\u015faca\u011f\u0131n\u0131z\u0131 bilmiyorsan\u0131z<\/li><li>\u00c7ok \u00e7al\u0131\u015ft\u0131\u011f\u0131n\u0131z halde s\u0131navlarda ba\u015far\u0131l\u0131 olam\u0131yorsan\u0131z<\/li><li>S\u0131navlarda yo\u011fun kayg\u0131 ya\u015f\u0131yorsan\u0131z<\/li><li>Aile ili\u015fkilerinizde sorun ya\u015f\u0131yorsan\u0131z<\/li><li>Ki\u015fileraras\u0131 ili\u015fkilerde sorun ya\u015f\u0131yorsan\u0131z<\/li><li>Kariyer geli\u015fimi alan\u0131nda sorun ya\u015f\u0131yorsan\u0131z<\/li><li>Duygusal ili\u015fkilerinizde ba\u015f edemedi\u011finiz durumlarla kar\u015f\u0131la\u015f\u0131yorsan\u0131z<\/li><li>Kendinizi ifade etmekte g\u00fc\u00e7l\u00fck \u00e7ekiyorsan\u0131z<\/li><li>Kendinize g\u00fcvenle ilgili sorunlar ya\u015f\u0131yorsan\u0131z<\/li><li>Kendinizi anla\u015f\u0131lmam\u0131\u015f ve umutsuz hissediyorsan\u0131z<\/li><li>Kendinizi yaln\u0131z hissediyor ve ya\u015fad\u0131klar\u0131n\u0131z\u0131 sizi anlayabilecek biriyle payla\u015fmak istiyorsan\u0131z<\/li><li>Kendinizi tan\u0131mak ve anlamak istiyorsan\u0131z<\/li><li>Zaman\u0131n\u0131z\u0131 daha etkili kullanmak istiyorsan\u0131z<\/li><\/ul>\t\t\t\t\t\t\t\t<\/div>\n\t\t\t\t<\/div>\n\t\t\t\t\t<\/div>\n\t\t<\/div>\n\t\t\t\t\t<\/div>\n\t\t<\/section>\n\t\t\t\t<\/div>\n\t\t","protected":false},"excerpt":{"rendered":"<p>\u00dcniversite ya\u015fam\u0131na uyum sa\u011flamakta g\u00fc\u00e7l\u00fck \u00e7ekiyorsan\u0131z Nas\u0131l ders \u00e7al\u0131\u015faca\u011f\u0131n\u0131z\u0131 bilmiyorsan\u0131z \u00c7ok \u00e7al\u0131\u015ft\u0131\u011f\u0131n\u0131z halde s\u0131navlarda ba\u015far\u0131l\u0131 olam\u0131yorsan\u0131z S\u0131navlarda yo\u011fun kayg\u0131 ya\u015f\u0131yorsan\u0131z Aile ili\u015fkilerinizde sorun ya\u015f\u0131yorsan\u0131z Ki\u015fileraras\u0131 ili\u015fkilerde sorun ya\u015f\u0131yorsan\u0131z Kariyer geli\u015fimi alan\u0131nda sorun ya\u015f\u0131yorsan\u0131z Duygusal ili\u015fkilerinizde ba\u015f edemedi\u011finiz durumlarla kar\u015f\u0131la\u015f\u0131yorsan\u0131z Kendinizi ifade etmekte g\u00fc\u00e7l\u00fck \u00e7ekiyorsan\u0131z Kendinize g\u00fcvenle ilgili sorunlar ya\u015f\u0131yorsan\u0131z Kendinizi anla\u015f\u0131lmam\u0131\u015f ve umutsuz hissediyorsan\u0131z Kendinizi [&hellip;]<\/p>\n","protected":false},"author":474,"featured_media":0,"parent":0,"menu_order":0,"comment_status":"closed","ping_status":"closed","template":"","meta":{"footnotes":""},"class_list":["post-6360","page","type-page","status-publish","hentry"],"_links":{"self":[{"href":"https:\/\/atauni.edu.tr\/psikolojik-danisma-ve-rehberlik-uygulama-ve-arastirma-merkezi\/wp-json\/wp\/v2\/pages\/6360","targetHints":{"allow":["GET"]}}],"collection":[{"href":"https:\/\/atauni.edu.tr\/psikolojik-danisma-ve-rehberlik-uygulama-ve-arastirma-merkezi\/wp-json\/wp\/v2\/pages"}],"about":[{"href":"https:\/\/atauni.edu.tr\/psikolojik-danisma-ve-rehberlik-uygulama-ve-arastirma-merkezi\/wp-json\/wp\/v2\/types\/page"}],"author":[{"embeddable":true,"href":"https:\/\/atauni.edu.tr\/psikolojik-danisma-ve-rehberlik-uygulama-ve-arastirma-merkezi\/wp-json\/wp\/v2\/users\/474"}],"replies":[{"embeddable":true,"href":"https:\/\/atauni.edu.tr\/psikolojik-danisma-ve-rehberlik-uygulama-ve-arastirma-merkezi\/wp-json\/wp\/v2\/comments?post=6360"}],"version-history":[{"count":4,"href":"https:\/\/atauni.edu.tr\/psikolojik-danisma-ve-rehberlik-uygulama-ve-arastirma-merkezi\/wp-json\/wp\/v2\/pages\/6360\/revisions"}],"predecessor-version":[{"id":6364,"href":"https:\/\/atauni.edu.tr\/psikolojik-danisma-ve-rehberlik-uygulama-ve-arastirma-merkezi\/wp-json\/wp\/v2\/pages\/6360\/revisions\/6364"}],"wp:attachment":[{"href":"https:\/\/atauni.edu.tr\/psikolojik-danisma-ve-rehberlik-uygulama-ve-arastirma-merkezi\/wp-json\/wp\/v2\/media?parent=6360"}],"curies":[{"name":"wp","href":"https:\/\/api.w.org\/{rel}","templated":true}]}}