{"id":6365,"date":"2023-02-02T15:04:17","date_gmt":"2023-02-02T12:04:17","guid":{"rendered":"https:\/\/birimler.atauni.edu.tr\/psikolojik-danisma-ve-rehberlik-uygulama-ve-arastirma-merkezi\/?page_id=6365"},"modified":"2025-05-26T16:43:39","modified_gmt":"2025-05-26T13:43:39","slug":"danisma-sureci-nasil-ilerler","status":"publish","type":"page","link":"https:\/\/atauni.edu.tr\/psikolojik-danisma-ve-rehberlik-uygulama-ve-arastirma-merkezi\/danisma-sureci-nasil-ilerler\/","title":{"rendered":"Dan\u0131\u015fma S\u00fcreci Nas\u0131l \u0130lerler?"},"content":{"rendered":"\t\t<div data-elementor-type=\"wp-page\" data-elementor-id=\"6365\" class=\"elementor elementor-6365\" data-elementor-post-type=\"page\">\n\t\t\t\t\t\t<section class=\"elementor-section elementor-top-section elementor-element elementor-element-2b462cb elementor-section-boxed elementor-section-height-default elementor-section-height-default\" data-id=\"2b462cb\" data-element_type=\"section\">\n\t\t\t\t\t\t<div class=\"elementor-container elementor-column-gap-default\">\n\t\t\t\t\t<div class=\"elementor-column elementor-col-100 elementor-top-column elementor-element elementor-element-73305ff\" data-id=\"73305ff\" data-element_type=\"column\">\n\t\t\t<div class=\"elementor-widget-wrap elementor-element-populated\">\n\t\t\t\t\t\t<div class=\"elementor-element elementor-element-3800b8c elementor-widget elementor-widget-text-editor\" data-id=\"3800b8c\" data-element_type=\"widget\" data-widget_type=\"text-editor.default\">\n\t\t\t\t<div class=\"elementor-widget-container\">\n\t\t\t\t\t\t\t\t\t<p>Merkezimizde dan\u0131\u015fma hizmeti dilerseniz y\u00fcz y\u00fcze dilerseniz de online bir \u015fekilde y\u00fcr\u00fct\u00fclmektedir. Psikolojik dan\u0131\u015fman\/psikolog sizin konu\u015fmak istedi\u011finiz konularla yak\u0131ndan ilgilenir. Sizi objektif bir \u015fekilde yarg\u0131lamadan dikkatle dinler. Sorunlar\u0131n\u0131z\u0131 daha etkili bir \u015fekilde \u00e7\u00f6zebilmeniz i\u00e7in onlar\u0131 daha iyi anlaman\u0131za yard\u0131mc\u0131 olmaya \u00e7al\u0131\u015f\u0131r. Psikolojik dan\u0131\u015fman\/psikolog sizinle s\u0131k\u0131nt\u0131lar\u0131n\u0131z \u00fczerinde konu\u015fur, \u00e7al\u0131\u015f\u0131r, fakat sorunlar\u0131n\u0131z\u0131 sizin ad\u0131n\u0131za \u00e7\u00f6zemez. \u00c7\u00fcnk\u00fc bunu yapabilecek tek ki\u015fi sizsiniz. Psikolojik dan\u0131\u015fmanlar\u0131n ya da psikologlar\u0131n sihirli g\u00fc\u00e7leri yoktur.<\/p>\t\t\t\t\t\t\t\t<\/div>\n\t\t\t\t<\/div>\n\t\t\t\t\t<\/div>\n\t\t<\/div>\n\t\t\t\t\t<\/div>\n\t\t<\/section>\n\t\t\t\t<\/div>\n\t\t","protected":false},"excerpt":{"rendered":"<p>Merkezimizde dan\u0131\u015fma hizmeti dilerseniz y\u00fcz y\u00fcze dilerseniz de online bir \u015fekilde y\u00fcr\u00fct\u00fclmektedir. Psikolojik dan\u0131\u015fman\/psikolog sizin konu\u015fmak istedi\u011finiz konularla yak\u0131ndan ilgilenir. Sizi objektif bir \u015fekilde yarg\u0131lamadan dikkatle dinler. Sorunlar\u0131n\u0131z\u0131 daha etkili bir \u015fekilde \u00e7\u00f6zebilmeniz i\u00e7in onlar\u0131 daha iyi anlaman\u0131za yard\u0131mc\u0131 olmaya \u00e7al\u0131\u015f\u0131r. Psikolojik dan\u0131\u015fman\/psikolog sizinle s\u0131k\u0131nt\u0131lar\u0131n\u0131z \u00fczerinde konu\u015fur, \u00e7al\u0131\u015f\u0131r, fakat sorunlar\u0131n\u0131z\u0131 sizin ad\u0131n\u0131za \u00e7\u00f6zemez. \u00c7\u00fcnk\u00fc bunu [&hellip;]<\/p>\n","protected":false},"author":474,"featured_media":0,"parent":0,"menu_order":0,"comment_status":"closed","ping_status":"closed","template":"","meta":{"footnotes":""},"class_list":["post-6365","page","type-page","status-publish","hentry"],"_links":{"self":[{"href":"https:\/\/atauni.edu.tr\/psikolojik-danisma-ve-rehberlik-uygulama-ve-arastirma-merkezi\/wp-json\/wp\/v2\/pages\/6365","targetHints":{"allow":["GET"]}}],"collection":[{"href":"https:\/\/atauni.edu.tr\/psikolojik-danisma-ve-rehberlik-uygulama-ve-arastirma-merkezi\/wp-json\/wp\/v2\/pages"}],"about":[{"href":"https:\/\/atauni.edu.tr\/psikolojik-danisma-ve-rehberlik-uygulama-ve-arastirma-merkezi\/wp-json\/wp\/v2\/types\/page"}],"author":[{"embeddable":true,"href":"https:\/\/atauni.edu.tr\/psikolojik-danisma-ve-rehberlik-uygulama-ve-arastirma-merkezi\/wp-json\/wp\/v2\/users\/474"}],"replies":[{"embeddable":true,"href":"https:\/\/atauni.edu.tr\/psikolojik-danisma-ve-rehberlik-uygulama-ve-arastirma-merkezi\/wp-json\/wp\/v2\/comments?post=6365"}],"version-history":[{"count":13,"href":"https:\/\/atauni.edu.tr\/psikolojik-danisma-ve-rehberlik-uygulama-ve-arastirma-merkezi\/wp-json\/wp\/v2\/pages\/6365\/revisions"}],"predecessor-version":[{"id":6491,"href":"https:\/\/atauni.edu.tr\/psikolojik-danisma-ve-rehberlik-uygulama-ve-arastirma-merkezi\/wp-json\/wp\/v2\/pages\/6365\/revisions\/6491"}],"wp:attachment":[{"href":"https:\/\/atauni.edu.tr\/psikolojik-danisma-ve-rehberlik-uygulama-ve-arastirma-merkezi\/wp-json\/wp\/v2\/media?parent=6365"}],"curies":[{"name":"wp","href":"https:\/\/api.w.org\/{rel}","templated":true}]}}