{"id":5765,"date":"2021-07-13T12:56:51","date_gmt":"2021-07-13T09:56:51","guid":{"rendered":"https:\/\/portaltest.atauni.edu.tr\/bilgisayar-muhendisligi\/?page_id=5765"},"modified":"2021-08-27T15:48:18","modified_gmt":"2021-08-27T12:48:18","slug":"anabilim-dallari","status":"publish","type":"page","link":"https:\/\/atauni.edu.tr\/radyo-televizyon-ve-sinema-bolumu\/anabilim-dallari\/","title":{"rendered":"Anabilim Dallar\u0131"},"content":{"rendered":"\t\t<div data-elementor-type=\"wp-page\" data-elementor-id=\"5765\" class=\"elementor elementor-5765\" data-elementor-post-type=\"page\">\n\t\t\t\t\t\t<section class=\"elementor-section elementor-top-section elementor-element elementor-element-730d320 elementor-section-boxed elementor-section-height-default elementor-section-height-default\" data-id=\"730d320\" data-element_type=\"section\">\n\t\t\t\t\t\t<div class=\"elementor-container elementor-column-gap-default\">\n\t\t\t\t\t<div class=\"elementor-column elementor-col-100 elementor-top-column elementor-element elementor-element-753d0860\" data-id=\"753d0860\" data-element_type=\"column\">\n\t\t\t<div class=\"elementor-widget-wrap\">\n\t\t\t\t\t\t\t<\/div>\n\t\t<\/div>\n\t\t\t\t\t<\/div>\n\t\t<\/section>\n\t\t\t\t<section class=\"elementor-section elementor-top-section elementor-element elementor-element-9be811a elementor-section-boxed elementor-section-height-default elementor-section-height-default\" data-id=\"9be811a\" data-element_type=\"section\">\n\t\t\t\t\t\t<div class=\"elementor-container elementor-column-gap-default\">\n\t\t\t\t\t<div class=\"elementor-column elementor-col-100 elementor-top-column elementor-element elementor-element-1ed847b7\" data-id=\"1ed847b7\" data-element_type=\"column\">\n\t\t\t<div class=\"elementor-widget-wrap elementor-element-populated\">\n\t\t\t\t\t\t<div class=\"elementor-element elementor-element-4ce0d07f elementor-widget elementor-widget-heading\" data-id=\"4ce0d07f\" data-element_type=\"widget\" data-widget_type=\"heading.default\">\n\t\t\t\t<div class=\"elementor-widget-container\">\n\t\t\t\t\t<h2 class=\"elementor-heading-title elementor-size-default\">Anabilim Dallar\u0131<\/h2>\t\t\t\t<\/div>\n\t\t\t\t<\/div>\n\t\t\t\t<div class=\"elementor-element elementor-element-63260862 elementor-widget-divider--view-line elementor-widget elementor-widget-divider\" data-id=\"63260862\" data-element_type=\"widget\" data-widget_type=\"divider.default\">\n\t\t\t\t<div class=\"elementor-widget-container\">\n\t\t\t\t\t\t\t<div class=\"elementor-divider\">\n\t\t\t<span class=\"elementor-divider-separator\">\n\t\t\t\t\t\t<\/span>\n\t\t<\/div>\n\t\t\t\t\t\t<\/div>\n\t\t\t\t<\/div>\n\t\t\t\t\t<\/div>\n\t\t<\/div>\n\t\t\t\t\t<\/div>\n\t\t<\/section>\n\t\t\t\t<section class=\"elementor-section elementor-top-section elementor-element elementor-element-681db8b elementor-section-boxed elementor-section-height-default elementor-section-height-default\" data-id=\"681db8b\" data-element_type=\"section\">\n\t\t\t\t\t\t<div class=\"elementor-container elementor-column-gap-default\">\n\t\t\t\t\t<div class=\"elementor-column elementor-col-100 elementor-top-column elementor-element elementor-element-ad4dac5\" data-id=\"ad4dac5\" data-element_type=\"column\">\n\t\t\t<div class=\"elementor-widget-wrap elementor-element-populated\">\n\t\t\t\t\t\t<div class=\"elementor-element elementor-element-2f96b3d elementor-widget elementor-widget-text-editor\" data-id=\"2f96b3d\" data-element_type=\"widget\" data-widget_type=\"text-editor.default\">\n\t\t\t\t<div class=\"elementor-widget-container\">\n\t\t\t\t\t\t\t\t\t<p>Anabilim dallar\u0131, akademik \u00e7al\u0131\u015fmalarda uzmanla\u015fmay\u0131 sa\u011flayan disiplinler aras\u0131 b\u00f6l\u00fcmlerdir. Atat\u00fcrk \u00dcniversitesi Radyo-Televizyon ve Sinema B\u00f6l\u00fcm\u00fc&#8217;nde yer alan anabilim dallar\u0131, bu alanda e\u011fitim veren di\u011fer \u00fcniversitelerde oldu\u011fu gibi, \u00f6\u011frencilere derinlemesine bilgi kazand\u0131rarak sekt\u00f6re haz\u0131r bir \u015fekilde mezun olmalar\u0131n\u0131 sa\u011flar.<\/p>\n<p>Radyo-Televizyon ve Sinema b\u00f6l\u00fcm\u00fcnde genel olarak iki ana anabilim dal\u0131 bulunur: Radyo-Televizyon ve Sinema. Bu dallar kendi i\u00e7lerinde daha spesifik alanlara ayr\u0131labilir. \u00d6rne\u011fin, Radyo-Televizyon anabilim dal\u0131nda yay\u0131n y\u00f6netimi, haberle\u015fme, program yap\u0131m ve sunum teknikleri gibi konulara odaklan\u0131l\u0131rken, Sinema anabilim dal\u0131nda film yap\u0131m teknikleri, senaryo yaz\u0131m\u0131, y\u00f6netmenlik gibi konularda uzmanl\u0131k kazan\u0131rlar.<\/p>\n<p>Bu anabilim dallar\u0131 \u00f6\u011frencilere teorik ve pratik e\u011fitim yoluyla medyan\u0131n \u00e7e\u015fitli kollar\u0131nda \u00e7al\u0131\u015fmaya haz\u0131r bir \u015fekilde yeti\u015fmelerini sa\u011flar. Ayr\u0131ca, d\u00f6nem projeleri ve bitirme tezleri gibi uygulamal\u0131 \u00e7al\u0131\u015fmalara yer verilerek \u00f6\u011frencilerin kendilerini geli\u015ftirmelerine olanak tan\u0131n\u0131r.<\/p>\n<p>Anabilim dallar\u0131n\u0131n yan\u0131 s\u0131ra b\u00f6l\u00fcmde medya okuryazarl\u0131\u011f\u0131, g\u00f6rsel efektler, ses tasar\u0131m\u0131, kurgu teknikleri gibi konular da i\u015flenerek \u00f6\u011frencilere geni\u015f bir yelpaze sunulur. B\u00f6ylece mezunlar sadece radyo, televizyon veya sinema sekt\u00f6rlerinde de\u011fil, digital medyada da ba\u015far\u0131l\u0131 bir \u015fekilde \u00e7al\u0131\u015fabilirler.<\/p>\n<p>Sonu\u00e7 olarak, Radyo-Televizyon ve Sinema B\u00f6l\u00fcm\u00fc anabilim dallar\u0131, \u00f6\u011frencilere medya sekt\u00f6r\u00fcnde uzmanl\u0131k kazand\u0131rmak i\u00e7in tasarlanm\u0131\u015f programlard\u0131r. Bu sayede mezunlar, medyan\u0131n \u00e7e\u015fitli alanlar\u0131nda ba\u015far\u0131l\u0131 bir \u015fekilde \u00e7al\u0131\u015farak sekt\u00f6re katk\u0131da bulunabilirler.<\/p>\t\t\t\t\t\t\t\t<\/div>\n\t\t\t\t<\/div>\n\t\t\t\t\t<\/div>\n\t\t<\/div>\n\t\t\t\t\t<\/div>\n\t\t<\/section>\n\t\t\t\t<\/div>\n\t\t","protected":false},"excerpt":{"rendered":"<p>Anabilim Dallar\u0131 Lorem Ipsum Nedir? Lorem Ipsum, dizgi ve bask\u0131 end\u00fcstrisinde kullan\u0131lan m\u0131g\u0131r metinlerdir. Lorem Ipsum, ad\u0131 bilinmeyen bir matbaac\u0131n\u0131n bir hurufat numune kitab\u0131 olu\u015fturmak \u00fczere bir yaz\u0131 galerisini alarak kar\u0131\u015ft\u0131rd\u0131\u011f\u0131 1500&#8217;lerden beri end\u00fcstri standard\u0131 sahte metinler olarak kullan\u0131lm\u0131\u015ft\u0131r. Be\u015fy\u00fcz y\u0131l boyunca varl\u0131\u011f\u0131n\u0131 s\u00fcrd\u00fcrmekle kalmam\u0131\u015f, ayn\u0131 zamanda pek de\u011fi\u015fmeden elektronik dizgiye de s\u0131\u00e7ram\u0131\u015ft\u0131r. 1960&#8217;larda Lorem [&hellip;]<\/p>\n","protected":false},"author":1,"featured_media":0,"parent":0,"menu_order":0,"comment_status":"closed","ping_status":"closed","template":"elementor_header_footer","meta":{"footnotes":""},"class_list":["post-5765","page","type-page","status-publish","hentry"],"_links":{"self":[{"href":"https:\/\/atauni.edu.tr\/radyo-televizyon-ve-sinema-bolumu\/wp-json\/wp\/v2\/pages\/5765","targetHints":{"allow":["GET"]}}],"collection":[{"href":"https:\/\/atauni.edu.tr\/radyo-televizyon-ve-sinema-bolumu\/wp-json\/wp\/v2\/pages"}],"about":[{"href":"https:\/\/atauni.edu.tr\/radyo-televizyon-ve-sinema-bolumu\/wp-json\/wp\/v2\/types\/page"}],"author":[{"embeddable":true,"href":"https:\/\/atauni.edu.tr\/radyo-televizyon-ve-sinema-bolumu\/wp-json\/wp\/v2\/users\/1"}],"replies":[{"embeddable":true,"href":"https:\/\/atauni.edu.tr\/radyo-televizyon-ve-sinema-bolumu\/wp-json\/wp\/v2\/comments?post=5765"}],"version-history":[{"count":8,"href":"https:\/\/atauni.edu.tr\/radyo-televizyon-ve-sinema-bolumu\/wp-json\/wp\/v2\/pages\/5765\/revisions"}],"predecessor-version":[{"id":6082,"href":"https:\/\/atauni.edu.tr\/radyo-televizyon-ve-sinema-bolumu\/wp-json\/wp\/v2\/pages\/5765\/revisions\/6082"}],"wp:attachment":[{"href":"https:\/\/atauni.edu.tr\/radyo-televizyon-ve-sinema-bolumu\/wp-json\/wp\/v2\/media?parent=5765"}],"curies":[{"name":"wp","href":"https:\/\/api.w.org\/{rel}","templated":true}]}}