{"id":5638,"date":"2021-07-13T09:49:25","date_gmt":"2021-07-13T06:49:25","guid":{"rendered":"https:\/\/portaltest.atauni.edu.tr\/bilgisayar-muhendisligi\/?page_id=5638"},"modified":"2021-09-13T10:21:35","modified_gmt":"2021-09-13T07:21:35","slug":"tarihce","status":"publish","type":"page","link":"https:\/\/atauni.edu.tr\/radyo-ve-televizyon-programciligi-programi-2\/tarihce\/","title":{"rendered":"Tarih\u00e7e"},"content":{"rendered":"\t\t<div data-elementor-type=\"wp-page\" data-elementor-id=\"5638\" class=\"elementor elementor-5638\" data-elementor-post-type=\"page\">\n\t\t\t\t\t\t<section class=\"elementor-section elementor-top-section elementor-element elementor-element-730d320 elementor-section-boxed elementor-section-height-default elementor-section-height-default\" data-id=\"730d320\" data-element_type=\"section\">\n\t\t\t\t\t\t<div class=\"elementor-container elementor-column-gap-default\">\n\t\t\t\t\t<div class=\"elementor-column elementor-col-100 elementor-top-column elementor-element elementor-element-753d0860\" data-id=\"753d0860\" data-element_type=\"column\">\n\t\t\t<div class=\"elementor-widget-wrap\">\n\t\t\t\t\t\t\t<\/div>\n\t\t<\/div>\n\t\t\t\t\t<\/div>\n\t\t<\/section>\n\t\t\t\t<section class=\"elementor-section elementor-top-section elementor-element elementor-element-9be811a elementor-section-boxed elementor-section-height-default elementor-section-height-default\" data-id=\"9be811a\" data-element_type=\"section\">\n\t\t\t\t\t\t<div class=\"elementor-container elementor-column-gap-default\">\n\t\t\t\t\t<div class=\"elementor-column elementor-col-100 elementor-top-column elementor-element elementor-element-1ed847b7\" data-id=\"1ed847b7\" data-element_type=\"column\">\n\t\t\t<div class=\"elementor-widget-wrap elementor-element-populated\">\n\t\t\t\t\t\t<div class=\"elementor-element elementor-element-4ce0d07f elementor-widget elementor-widget-heading\" data-id=\"4ce0d07f\" data-element_type=\"widget\" data-widget_type=\"heading.default\">\n\t\t\t\t<div class=\"elementor-widget-container\">\n\t\t\t\t\t<h2 class=\"elementor-heading-title elementor-size-default\">Tarih\u00e7e<\/h2>\t\t\t\t<\/div>\n\t\t\t\t<\/div>\n\t\t\t\t<div class=\"elementor-element elementor-element-63260862 elementor-widget-divider--view-line elementor-widget elementor-widget-divider\" data-id=\"63260862\" data-element_type=\"widget\" data-widget_type=\"divider.default\">\n\t\t\t\t<div class=\"elementor-widget-container\">\n\t\t\t\t\t\t\t<div class=\"elementor-divider\">\n\t\t\t<span class=\"elementor-divider-separator\">\n\t\t\t\t\t\t<\/span>\n\t\t<\/div>\n\t\t\t\t\t\t<\/div>\n\t\t\t\t<\/div>\n\t\t\t\t\t<\/div>\n\t\t<\/div>\n\t\t\t\t\t<\/div>\n\t\t<\/section>\n\t\t\t\t<section class=\"elementor-section elementor-top-section elementor-element elementor-element-681db8b elementor-section-boxed elementor-section-height-default elementor-section-height-default\" data-id=\"681db8b\" data-element_type=\"section\">\n\t\t\t\t\t\t<div class=\"elementor-container elementor-column-gap-default\">\n\t\t\t\t\t<div class=\"elementor-column elementor-col-100 elementor-top-column elementor-element elementor-element-ad4dac5\" data-id=\"ad4dac5\" data-element_type=\"column\">\n\t\t\t<div class=\"elementor-widget-wrap elementor-element-populated\">\n\t\t\t\t\t\t<div class=\"elementor-element elementor-element-2f96b3d elementor-widget elementor-widget-text-editor\" data-id=\"2f96b3d\" data-element_type=\"widget\" data-widget_type=\"text-editor.default\">\n\t\t\t\t<div class=\"elementor-widget-container\">\n\t\t\t\t\t\t\t\t\t<p>Tarih\u00e7e<\/p>\n<p>Radyo ve Televizyon Programc\u0131l\u0131\u011f\u0131 Program\u0131, ileti\u015fim ve medya alan\u0131ndaki h\u0131zl\u0131 geli\u015fmeleri takip etmek ve \u00f6\u011frencilere gerekli bilgi ve becerileri kazand\u0131rmak amac\u0131yla kurulmu\u015ftur. Program\u0131n amac\u0131, medyada yer alacak kaliteli i\u00e7eriklerin haz\u0131rlanmas\u0131 i\u00e7in g\u00f6rev alacak profesyonelleri yeti\u015ftirmektir.<\/p>\n<p>Program, radyo ve televizyon yay\u0131nc\u0131l\u0131\u011f\u0131na ili\u015fkin temel bilgilerden ba\u015flayan ve \u00fcretimin teknik y\u00f6nlerine kadar geni\u015f bir yelpazeyi kapsar. \u00d6\u011frencilere, programc\u0131l\u0131k ve i\u00e7erik \u00fcretimi konular\u0131nda derinlemesine bilgi verilirken ayn\u0131 zamanda medya sekt\u00f6r\u00fcn\u00fcn gerektirdi\u011fi pratik beceriler kazand\u0131r\u0131l\u0131r.<\/p>\n<p>\u00d6\u011fretim s\u00fcreci boyunca \u00f6\u011frenciler, teorik bilgilerin yan\u0131 s\u0131ra projeler ve uygulamalar arac\u0131l\u0131\u011f\u0131yla deneyim kazanma f\u0131rsat\u0131 bulurlar. Bu sayede mezunlar, radyo ve televizyon yay\u0131nc\u0131l\u0131\u011f\u0131 sekt\u00f6r\u00fcne hemen adapte olabilecek \u015fekilde haz\u0131rlanm\u0131\u015f olurlar.<\/p>\n<p>Program\u0131n kapsam\u0131 i\u00e7erisinde; yay\u0131nc\u0131l\u0131k ilkeleri, program t\u00fcrleri, i\u00e7erik \u00fcretimi, senaryo yazma, ses ve g\u00f6r\u00fcnt\u00fc teknikleri gibi konular bulunur. Ayr\u0131ca \u00f6\u011frencilere medya eti\u011fi, ileti\u015fim teorileri ve sekt\u00f6r trendleri hakk\u0131nda da bilgi verilir.<\/p>\n<p>Radyo ve Televizyon Programc\u0131l\u0131\u011f\u0131 Program\u0131, medyay\u0131 seven ve bu alanda ba\u015far\u0131l\u0131 olmak isteyen \u00f6\u011frenciler i\u00e7in ideal bir se\u00e7imdir. \u00d6\u011frencilere sekt\u00f6rde ihtiya\u00e7 duyulan becerileri kazand\u0131rarak, onlar\u0131Successful bir kariyere haz\u0131rlar.<\/p>\t\t\t\t\t\t\t\t<\/div>\n\t\t\t\t<\/div>\n\t\t\t\t\t<\/div>\n\t\t<\/div>\n\t\t\t\t\t<\/div>\n\t\t<\/section>\n\t\t\t\t<\/div>\n\t\t","protected":false},"excerpt":{"rendered":"<p>Tarih\u00e7e Lorem Ipsum Nedir? Lorem Ipsum, dizgi ve bask\u0131 end\u00fcstrisinde kullan\u0131lan m\u0131g\u0131r metinlerdir. Lorem Ipsum, ad\u0131 bilinmeyen bir matbaac\u0131n\u0131n bir hurufat numune kitab\u0131 olu\u015fturmak \u00fczere bir yaz\u0131 galerisini alarak kar\u0131\u015ft\u0131rd\u0131\u011f\u0131 1500&#8217;lerden beri end\u00fcstri standard\u0131 sahte metinler olarak kullan\u0131lm\u0131\u015ft\u0131r. Be\u015fy\u00fcz y\u0131l boyunca varl\u0131\u011f\u0131n\u0131 s\u00fcrd\u00fcrmekle kalmam\u0131\u015f, ayn\u0131 zamanda pek de\u011fi\u015fmeden elektronik dizgiye de s\u0131\u00e7ram\u0131\u015ft\u0131r. 1960&#8217;larda Lorem Ipsum [&hellip;]<\/p>\n","protected":false},"author":1,"featured_media":0,"parent":0,"menu_order":0,"comment_status":"closed","ping_status":"closed","template":"","meta":{"footnotes":""},"class_list":["post-5638","page","type-page","status-publish","hentry"],"_links":{"self":[{"href":"https:\/\/atauni.edu.tr\/radyo-ve-televizyon-programciligi-programi-2\/wp-json\/wp\/v2\/pages\/5638","targetHints":{"allow":["GET"]}}],"collection":[{"href":"https:\/\/atauni.edu.tr\/radyo-ve-televizyon-programciligi-programi-2\/wp-json\/wp\/v2\/pages"}],"about":[{"href":"https:\/\/atauni.edu.tr\/radyo-ve-televizyon-programciligi-programi-2\/wp-json\/wp\/v2\/types\/page"}],"author":[{"embeddable":true,"href":"https:\/\/atauni.edu.tr\/radyo-ve-televizyon-programciligi-programi-2\/wp-json\/wp\/v2\/users\/1"}],"replies":[{"embeddable":true,"href":"https:\/\/atauni.edu.tr\/radyo-ve-televizyon-programciligi-programi-2\/wp-json\/wp\/v2\/comments?post=5638"}],"version-history":[{"count":22,"href":"https:\/\/atauni.edu.tr\/radyo-ve-televizyon-programciligi-programi-2\/wp-json\/wp\/v2\/pages\/5638\/revisions"}],"predecessor-version":[{"id":6117,"href":"https:\/\/atauni.edu.tr\/radyo-ve-televizyon-programciligi-programi-2\/wp-json\/wp\/v2\/pages\/5638\/revisions\/6117"}],"wp:attachment":[{"href":"https:\/\/atauni.edu.tr\/radyo-ve-televizyon-programciligi-programi-2\/wp-json\/wp\/v2\/media?parent=5638"}],"curies":[{"name":"wp","href":"https:\/\/api.w.org\/{rel}","templated":true}]}}