{"id":6071,"date":"2021-08-27T15:45:02","date_gmt":"2021-08-27T12:45:02","guid":{"rendered":"https:\/\/birimler.atauni.edu.tr\/radyo-ve-televizyon-programciligi-programi-2\/?page_id=6071"},"modified":"2021-09-27T09:58:07","modified_gmt":"2021-09-27T06:58:07","slug":"anabilim-dali-kurulu-kararlari","status":"publish","type":"page","link":"https:\/\/atauni.edu.tr\/radyo-ve-televizyon-programciligi-programi-2\/anabilim-dali-kurulu-kararlari\/","title":{"rendered":"Anabilim Dal\u0131 Kurulu Kararlar\u0131"},"content":{"rendered":"\t\t<div data-elementor-type=\"wp-page\" data-elementor-id=\"6071\" class=\"elementor elementor-6071\" data-elementor-post-type=\"page\">\n\t\t\t\t\t\t<section class=\"elementor-section elementor-top-section elementor-element elementor-element-730d320 elementor-section-boxed elementor-section-height-default elementor-section-height-default\" data-id=\"730d320\" data-element_type=\"section\">\n\t\t\t\t\t\t<div class=\"elementor-container elementor-column-gap-default\">\n\t\t\t\t\t<div class=\"elementor-column elementor-col-100 elementor-top-column elementor-element elementor-element-753d0860\" data-id=\"753d0860\" data-element_type=\"column\">\n\t\t\t<div class=\"elementor-widget-wrap\">\n\t\t\t\t\t\t\t<\/div>\n\t\t<\/div>\n\t\t\t\t\t<\/div>\n\t\t<\/section>\n\t\t\t\t<section class=\"elementor-section elementor-top-section elementor-element elementor-element-9be811a elementor-section-boxed elementor-section-height-default elementor-section-height-default\" data-id=\"9be811a\" data-element_type=\"section\">\n\t\t\t\t\t\t<div class=\"elementor-container elementor-column-gap-default\">\n\t\t\t\t\t<div class=\"elementor-column elementor-col-100 elementor-top-column elementor-element elementor-element-1ed847b7\" data-id=\"1ed847b7\" data-element_type=\"column\">\n\t\t\t<div class=\"elementor-widget-wrap elementor-element-populated\">\n\t\t\t\t\t\t<div class=\"elementor-element elementor-element-4ce0d07f elementor-widget elementor-widget-heading\" data-id=\"4ce0d07f\" data-element_type=\"widget\" data-widget_type=\"heading.default\">\n\t\t\t\t<div class=\"elementor-widget-container\">\n\t\t\t\t\t<h2 class=\"elementor-heading-title elementor-size-default\">B\u00f6l\u00fcm Kurulu Kararlar\u0131<\/h2>\t\t\t\t<\/div>\n\t\t\t\t<\/div>\n\t\t\t\t<div class=\"elementor-element elementor-element-63260862 elementor-widget-divider--view-line elementor-widget elementor-widget-divider\" data-id=\"63260862\" data-element_type=\"widget\" data-widget_type=\"divider.default\">\n\t\t\t\t<div class=\"elementor-widget-container\">\n\t\t\t\t\t\t\t<div class=\"elementor-divider\">\n\t\t\t<span class=\"elementor-divider-separator\">\n\t\t\t\t\t\t<\/span>\n\t\t<\/div>\n\t\t\t\t\t\t<\/div>\n\t\t\t\t<\/div>\n\t\t\t\t\t<\/div>\n\t\t<\/div>\n\t\t\t\t\t<\/div>\n\t\t<\/section>\n\t\t\t\t<section class=\"elementor-section elementor-top-section elementor-element elementor-element-681db8b elementor-section-boxed elementor-section-height-default elementor-section-height-default\" data-id=\"681db8b\" data-element_type=\"section\">\n\t\t\t\t\t\t<div class=\"elementor-container elementor-column-gap-default\">\n\t\t\t\t\t<div class=\"elementor-column elementor-col-100 elementor-top-column elementor-element elementor-element-ad4dac5\" data-id=\"ad4dac5\" data-element_type=\"column\">\n\t\t\t<div class=\"elementor-widget-wrap elementor-element-populated\">\n\t\t\t\t\t\t<div class=\"elementor-element elementor-element-2f96b3d elementor-widget elementor-widget-text-editor\" data-id=\"2f96b3d\" data-element_type=\"widget\" data-widget_type=\"text-editor.default\">\n\t\t\t\t<div class=\"elementor-widget-container\">\n\t\t\t\t\t\t\t\t\t<p>Anabilim Dal\u0131 Kurulu Kararlar\u0131<\/p>\n<p>Radyo ve Televizyon Programc\u0131l\u0131\u011f\u0131 Anabilim Dal\u0131, e\u011fitim ve \u00f6\u011fretim faaliyetlerini y\u00fcr\u00fct\u00fcrken \u00e7e\u015fitli kararlar al\u0131r. Bu kararlar, program\u0131n amac\u0131na uygun \u015fekilde \u00f6\u011frencilerin yeti\u015fmesi, sekt\u00f6rel geli\u015fmelerin takip edilmesi ve akademik standartlar\u0131n korunmas\u0131 gibi konularda al\u0131nabilir.<\/p>\n<p>Kararlar genellikle anabilim dal\u0131 kurul \u00fcyelerinin bir araya gelerek yapt\u0131\u011f\u0131 toplant\u0131larda al\u0131n\u0131r. Bu toplant\u0131larda program\u0131n genel durumu, \u00f6\u011frenci ba\u015far\u0131lar\u0131, \u00f6\u011fretim elemanlar\u0131n\u0131n performans\u0131, sekt\u00f6rle i\u015fbirli\u011fi olanaklar\u0131 gibi konular g\u00f6r\u00fc\u015f\u00fcl\u00fcr ve gerekli kararlar ortaya \u00e7\u0131kar.<\/p>\n<p>Al\u0131nan kararlar program\u0131n geli\u015fimi i\u00e7in b\u00fcy\u00fck \u00f6nem ta\u015f\u0131r. \u00d6\u011frencilerin e\u011fitim kalitesini art\u0131rma, sekt\u00f6r ihtiya\u00e7lar\u0131na cevap verme ve akademik ba\u015far\u0131y\u0131 y\u00fckseltme ama\u00e7lar\u0131n\u0131 ta\u015f\u0131yan bu kararlar, d\u00fczenli olarak g\u00f6zden ge\u00e7irilir ve gerekli g\u00f6r\u00fcld\u00fc\u011f\u00fcnde g\u00fcncellenir.<\/p>\n<p>Anabilim Dal\u0131 Kurulu Kararlar\u0131, Radyo ve Televizyon Programc\u0131l\u0131\u011f\u0131 \u00f6\u011frencilerinin gelece\u011fi a\u00e7\u0131s\u0131ndan \u00f6nemlidir. Bu kararlar\u0131n uygulanmas\u0131yla birlikte program\u0131n e\u011fitim i\u00e7eri\u011finin zenginle\u015ftirilmesi, \u00f6\u011frencilere daha iyi f\u0131rsatlar sunulmas\u0131 hedeflenir.<\/p>\t\t\t\t\t\t\t\t<\/div>\n\t\t\t\t<\/div>\n\t\t\t\t\t<\/div>\n\t\t<\/div>\n\t\t\t\t\t<\/div>\n\t\t<\/section>\n\t\t\t\t<\/div>\n\t\t","protected":false},"excerpt":{"rendered":"<p>B\u00f6l\u00fcm Kurulu Kararlar\u0131 Lorem Ipsum Nedir? Lorem Ipsum, dizgi ve bask\u0131 end\u00fcstrisinde kullan\u0131lan m\u0131g\u0131r metinlerdir. Lorem Ipsum, ad\u0131 bilinmeyen bir matbaac\u0131n\u0131n bir hurufat numune kitab\u0131 olu\u015fturmak \u00fczere bir yaz\u0131 galerisini alarak kar\u0131\u015ft\u0131rd\u0131\u011f\u0131 1500&#8217;lerden beri end\u00fcstri standard\u0131 sahte metinler olarak kullan\u0131lm\u0131\u015ft\u0131r. Be\u015fy\u00fcz y\u0131l boyunca varl\u0131\u011f\u0131n\u0131 s\u00fcrd\u00fcrmekle kalmam\u0131\u015f, ayn\u0131 zamanda pek de\u011fi\u015fmeden elektronik dizgiye de s\u0131\u00e7ram\u0131\u015ft\u0131r. 1960&#8217;larda [&hellip;]<\/p>\n","protected":false},"author":1,"featured_media":0,"parent":0,"menu_order":0,"comment_status":"closed","ping_status":"closed","template":"elementor_header_footer","meta":{"footnotes":""},"class_list":["post-6071","page","type-page","status-publish","hentry"],"_links":{"self":[{"href":"https:\/\/atauni.edu.tr\/radyo-ve-televizyon-programciligi-programi-2\/wp-json\/wp\/v2\/pages\/6071","targetHints":{"allow":["GET"]}}],"collection":[{"href":"https:\/\/atauni.edu.tr\/radyo-ve-televizyon-programciligi-programi-2\/wp-json\/wp\/v2\/pages"}],"about":[{"href":"https:\/\/atauni.edu.tr\/radyo-ve-televizyon-programciligi-programi-2\/wp-json\/wp\/v2\/types\/page"}],"author":[{"embeddable":true,"href":"https:\/\/atauni.edu.tr\/radyo-ve-televizyon-programciligi-programi-2\/wp-json\/wp\/v2\/users\/1"}],"replies":[{"embeddable":true,"href":"https:\/\/atauni.edu.tr\/radyo-ve-televizyon-programciligi-programi-2\/wp-json\/wp\/v2\/comments?post=6071"}],"version-history":[{"count":8,"href":"https:\/\/atauni.edu.tr\/radyo-ve-televizyon-programciligi-programi-2\/wp-json\/wp\/v2\/pages\/6071\/revisions"}],"predecessor-version":[{"id":6144,"href":"https:\/\/atauni.edu.tr\/radyo-ve-televizyon-programciligi-programi-2\/wp-json\/wp\/v2\/pages\/6071\/revisions\/6144"}],"wp:attachment":[{"href":"https:\/\/atauni.edu.tr\/radyo-ve-televizyon-programciligi-programi-2\/wp-json\/wp\/v2\/media?parent=6071"}],"curies":[{"name":"wp","href":"https:\/\/api.w.org\/{rel}","templated":true}]}}