{"id":5638,"date":"2021-07-13T09:49:25","date_gmt":"2021-07-13T06:49:25","guid":{"rendered":"https:\/\/portaltest.atauni.edu.tr\/bilgisayar-muhendisligi\/?page_id=5638"},"modified":"2023-07-18T18:30:54","modified_gmt":"2023-07-18T15:30:54","slug":"tarihce","status":"publish","type":"page","link":"https:\/\/atauni.edu.tr\/rehberlik-ve-psikolojik-danismanlik-anabilim-dali\/tarihce\/","title":{"rendered":"Tarih\u00e7e"},"content":{"rendered":"\t\t<div data-elementor-type=\"wp-page\" data-elementor-id=\"5638\" class=\"elementor elementor-5638\" data-elementor-post-type=\"page\">\n\t\t\t\t\t\t<section class=\"elementor-section elementor-top-section elementor-element elementor-element-730d320 elementor-section-boxed elementor-section-height-default elementor-section-height-default\" data-id=\"730d320\" data-element_type=\"section\">\n\t\t\t\t\t\t<div class=\"elementor-container elementor-column-gap-default\">\n\t\t\t\t\t<div class=\"elementor-column elementor-col-100 elementor-top-column elementor-element elementor-element-753d0860\" data-id=\"753d0860\" data-element_type=\"column\">\n\t\t\t<div class=\"elementor-widget-wrap\">\n\t\t\t\t\t\t\t<\/div>\n\t\t<\/div>\n\t\t\t\t\t<\/div>\n\t\t<\/section>\n\t\t\t\t<section class=\"elementor-section elementor-top-section elementor-element elementor-element-9be811a elementor-section-boxed elementor-section-height-default elementor-section-height-default\" data-id=\"9be811a\" data-element_type=\"section\">\n\t\t\t\t\t\t<div class=\"elementor-container elementor-column-gap-default\">\n\t\t\t\t\t<div class=\"elementor-column elementor-col-100 elementor-top-column elementor-element elementor-element-1ed847b7\" data-id=\"1ed847b7\" data-element_type=\"column\">\n\t\t\t<div class=\"elementor-widget-wrap elementor-element-populated\">\n\t\t\t\t\t\t<div class=\"elementor-element elementor-element-4ce0d07f elementor-widget elementor-widget-heading\" data-id=\"4ce0d07f\" data-element_type=\"widget\" data-widget_type=\"heading.default\">\n\t\t\t\t<div class=\"elementor-widget-container\">\n\t\t\t\t\t<h2 class=\"elementor-heading-title elementor-size-default\">Tarih\u00e7e<\/h2>\t\t\t\t<\/div>\n\t\t\t\t<\/div>\n\t\t\t\t<div class=\"elementor-element elementor-element-63260862 elementor-widget-divider--view-line elementor-widget elementor-widget-divider\" data-id=\"63260862\" data-element_type=\"widget\" data-widget_type=\"divider.default\">\n\t\t\t\t<div class=\"elementor-widget-container\">\n\t\t\t\t\t\t\t<div class=\"elementor-divider\">\n\t\t\t<span class=\"elementor-divider-separator\">\n\t\t\t\t\t\t<\/span>\n\t\t<\/div>\n\t\t\t\t\t\t<\/div>\n\t\t\t\t<\/div>\n\t\t\t\t\t<\/div>\n\t\t<\/div>\n\t\t\t\t\t<\/div>\n\t\t<\/section>\n\t\t\t\t<section class=\"elementor-section elementor-top-section elementor-element elementor-element-681db8b elementor-section-boxed elementor-section-height-default elementor-section-height-default\" data-id=\"681db8b\" data-element_type=\"section\">\n\t\t\t\t\t\t<div class=\"elementor-container elementor-column-gap-default\">\n\t\t\t\t\t<div class=\"elementor-column elementor-col-100 elementor-top-column elementor-element elementor-element-ad4dac5\" data-id=\"ad4dac5\" data-element_type=\"column\">\n\t\t\t<div class=\"elementor-widget-wrap elementor-element-populated\">\n\t\t\t\t\t\t<div class=\"elementor-element elementor-element-2f96b3d elementor-widget elementor-widget-text-editor\" data-id=\"2f96b3d\" data-element_type=\"widget\" data-widget_type=\"text-editor.default\">\n\t\t\t\t<div class=\"elementor-widget-container\">\n\t\t\t\t\t\t\t\t\t<ul><li><b>Atat\u00fcrk \u00dcniversitesi, yakla\u015f\u0131k 2000 m. y\u00fckseklikte bir yayla \u015fehri olan Erzurum`da T\u00fcrkiye`nin ilk be\u015f \u00fcniversitesinden biri olarak kurulmu\u015f ve elli y\u0131ll\u0131k tarihi boyunca ad\u0131na l\u00e2y\u0131k bir geli\u015fme g\u00f6stermi\u015ftir.<\/b><\/li><li><b>\u00a0Di\u011fer yandan 1961 y\u0131l\u0131nda Milli E\u011fitim Bakanl\u0131\u011f\u0131na ba\u011fl\u0131 olarak Erzurum E\u011fitim Enstit\u00fcs\u00fc ad\u0131yla kurulup Ali Ravi \u0130lkokulu binalar\u0131nda e\u011fitim \u00f6\u011fretime ba\u015flayan E\u011fitim Enstit\u00fcs\u00fc, 1963 y\u0131l\u0131nda bug\u00fcnk\u00fc yoncal\u0131k yerle\u015fkesine ta\u015f\u0131nm\u0131\u015f; 2 y\u0131l olan e\u011fitim s\u00fcresi 1967-68 \u00f6\u011fretim y\u0131l\u0131nda 3 y\u0131la \u00e7\u0131kar\u0131lm\u0131\u015ft\u0131r.\u00a0<\/b><\/li><\/ul><ul><li>1973`te Atat\u00fcrk\u2019\u00fcn en yak\u0131n silah arkada\u015flar\u0131ndan K\u00e2z\u0131m Karabekir\u2019in ad\u0131n\u0131 alarak \u00a0onun e\u011fitimci ki\u015fili\u011fini ya\u015fatan E\u011fitim Enstit\u00fcs\u00fc, T\u00fcrkiye Cumhuriyetini hedefine ula\u015ft\u0131racak \u00a0nesilleri g\u00fcvenle yeti\u015ftirme i\u015flevine katk\u0131 sa\u011flam\u0131\u015ft\u0131r\u00a0 \u00a0<b>(K\u00e2z\u0131m Karabekir E\u011fitim Enstit\u00fcs\u00fc arma olarak \u00e7ift ba\u015fl\u0131 Sel\u00e7uklu Kartal\u0131n\u0131 se\u00e7mi\u015ftir).\u00a0<\/b><\/li><li>Enstit\u00fc, 1979`da 4 y\u0131ll\u0131k K\u00e2z\u0131m Karabekir Y\u00fcksek \u00d6\u011fretmen Okuluna d\u00f6n\u00fc\u015ft\u00fcr\u00fclm\u00fc\u015f; 20 Temmuz 1982 tarih ve 41 say\u0131l\u0131 kanun h\u00fckm\u00fcndeki kararnamenin y\u00fcr\u00fcrl\u00fc\u011fe girmesi ile de Atat\u00fcrk \u00dcniversitesi b\u00fcnyesindeki Temel Bilimler ve Yabanc\u0131 Diller Y\u00fcksek Okulu ile birle\u015ftirilmi\u015ftir. Bu birle\u015fme, Cumhuriyetimizin kurulmas\u0131nda \u00e7ok \u00f6nemli olan iki b\u00fcy\u00fck ki\u015fili\u011fin i\u015f birli\u011fini, T\u00fcrk bilim ve e\u011fitim hayat\u0131nda somutla\u015ft\u0131ran bir kurumun do\u011fmas\u0131n\u0131 sa\u011flam\u0131\u015f, Atat\u00fcrk \u00dcniversitesi K\u00e2z\u0131m Karabekir E\u011fitim Fak\u00fcltesini olu\u015fturmu\u015ftur.<\/li><li>\u00a0Atat\u00fcrk \u00dcniversitesi K\u00e2z\u0131m Karabekir E\u011fitim Fak\u00fcltesi hem yar\u0131m as\u0131rl\u0131k bilimsel birikimin hem de \u00d6\u011fretmen Okullar\u0131n\u0131n kurulu\u015f tarihinden ba\u015flayan- y\u00fcz elli dokuz y\u0131ll\u0131k \u00f6\u011fretmen yeti\u015ftirme gelene\u011finin g\u00fcc\u00fcyle \u00e7a\u011fda\u015f ve k\u00f6kl\u00fc bir e\u011fitim kurumu haline gelmi\u015ftir.\u00a0<\/li><li>Bilimi tek yol g\u00f6sterici olarak kabul eden, \u00fcniversite mant\u0131\u011f\u0131n\u0131 \u00f6\u011fretmen idealizmi ile birle\u015ftiren kurum, Atat\u00fcrk`\u00fcn g\u00f6sterdi\u011fi hedefe ko\u015fan ve ko\u015fturan e\u011fitim ordusuna yapaca\u011f\u0131 katk\u0131 i\u00e7in her imk\u00e2n\u0131 de\u011ferlendirerek teknolojik donan\u0131mlarla \u00e7a\u011fda\u015f ve \u00fcst\u00fcn nitelikli bir e\u011fitim fak\u00fcltesi olma yolunda b\u00fcy\u00fck bir geli\u015fme g\u00f6stermi\u015ftir.\u00a0<\/li><li>S\u00fcrekli olarak e\u011fitimin niteli\u011fini art\u0131rma \u00e7abas\u0131 i\u00e7inde olan Fak\u00fcltemiz, \u00a0ilk a\u015famada \u00a0e\u011fitim anlay\u0131\u015f\u0131n\u0131 kurumsalla\u015ft\u0131rmaya y\u00f6nelik \u00a0 bir stratejik plan haz\u0131rlam\u0131\u015ft\u0131r. Bu planda vizyonumuz (\u00f6z \u00fclk\u00fcm\u00fcz)<i>\u00a0<u><b>\u201c\u00dcst\u00fcn nitelikli \u00f6\u011fretmenler yeti\u015ftirerek, \u00a0genel e\u011fitim ve \u00f6zel \u00f6\u011fretim alanlar\u0131nda bilimsel ara\u015ft\u0131rmalar yaparak, \u00fclkemizdeki ve d\u00fcnyadaki e\u011fitim sorunlar\u0131n\u0131n \u00e7\u00f6z\u00fcm\u00fcne katk\u0131da bulunarak ulusal ve uluslar aras\u0131 d\u00fczeyde bir fak\u00fclte olmak\u201d<\/b><\/u><\/i>\u00a0bi\u00e7iminde ifade edilmi\u015ftir. Bu ifadede belirlenen niteliklere ula\u015fmak i\u00e7in ba\u015fta e\u011fitim anlay\u0131\u015f\u0131 olmak \u00fczere e\u011fitimin fiziksel donan\u0131mdan \u00f6\u011fretim programlar\u0131na kadar her boyutu g\u00f6zden ge\u00e7irilmi\u015f; bilimsel \u00f6l\u00e7\u00fctlere g\u00f6re s\u00fcrekli iyile\u015ftirme anlay\u0131\u015f\u0131 benimsenmi\u015ftir.\u00a0 Bu s\u00fcre\u00e7te\u00a0\u00a0<b><u><i>\u201cE\u011fitimde Toplam Kalite Y\u00f6netimi\u201d, \u201cAktif E\u011fitim\u201d, \u201c\u0130\u015fbirli\u011fine Dayal\u0131 E\u011fitim\u201d, \u201cEzbersiz E\u011fitim\u201d, \u201c\u00d6\u011frenmeyi \u00d6\u011frenme\u201d<\/i><\/u><\/b>, \u2026 gibi kavramlar esas al\u0131nm\u0131\u015f; \u00a0<b><u><i>\u201c\u00d6\u011frenci Merkezli E\u011fitim\u201d<\/i><\/u><\/b>\u00a0anlay\u0131\u015f\u0131n\u0131n yerle\u015ftirilmesi hedeflenmi\u015ftir.\u00a0<\/li><li>Atat\u00fcrk \u00dcniversitesinin kabul etti\u011fi tek yol g\u00f6sterici bilimdir.\u00a0<b>K\u00e2z\u0131m Karabekir E\u011fitim Fak\u00fcltesi ise bilimi \u00f6\u011fretmenlik duygular\u0131yla birle\u015ftirip cumhuriyeti ya\u015fatacak sonsuz g\u00fcc\u00fcn olu\u015fmas\u0131na katk\u0131 sa\u011flamay\u0131, Atat\u00fcrk ayd\u0131nl\u0131\u011f\u0131n\u0131 T\u00fcrkiye\u2019mizin yar\u0131nlar\u0131na ta\u015f\u0131may\u0131 ama\u00e7lamaktad\u0131r. T\u00fcrkiye\u2019nin d\u00f6rt bir yan\u0131ndan gelen \u00f6\u011frencilerimiz, Fak\u00fcltemizde \u00f6ncelikle bu ortak ama\u00e7 etraf\u0131nda birle\u015firler. Mezunlar\u0131na \u00f6nemli oranda istihdam olana\u011f\u0131 sa\u011flayan bir e\u011fitim kurumunda \u00f6\u011frenim g\u00f6rmenin g\u00fcveniyle \u00f6nce g\u00f6rev bilinci ve sorumlulu\u011fu, sonra da bu sorumlulu\u011fu yerine getirebilecek bilgi, beceri ve de\u011ferlerle \u00a0ile donan\u0131rlar.<\/b><\/li><\/ul>\t\t\t\t\t\t\t\t<\/div>\n\t\t\t\t<\/div>\n\t\t\t\t\t<\/div>\n\t\t<\/div>\n\t\t\t\t\t<\/div>\n\t\t<\/section>\n\t\t\t\t<\/div>\n\t\t","protected":false},"excerpt":{"rendered":"<p>Tarih\u00e7e Atat\u00fcrk \u00dcniversitesi, yakla\u015f\u0131k 2000 m. y\u00fckseklikte bir yayla \u015fehri olan Erzurum`da T\u00fcrkiye`nin ilk be\u015f \u00fcniversitesinden biri olarak kurulmu\u015f ve elli y\u0131ll\u0131k tarihi boyunca ad\u0131na l\u00e2y\u0131k bir geli\u015fme g\u00f6stermi\u015ftir. \u00a0Di\u011fer yandan 1961 y\u0131l\u0131nda Milli E\u011fitim Bakanl\u0131\u011f\u0131na ba\u011fl\u0131 olarak Erzurum E\u011fitim Enstit\u00fcs\u00fc ad\u0131yla kurulup Ali Ravi \u0130lkokulu binalar\u0131nda e\u011fitim \u00f6\u011fretime ba\u015flayan E\u011fitim Enstit\u00fcs\u00fc, 1963 y\u0131l\u0131nda bug\u00fcnk\u00fc [&hellip;]<\/p>\n","protected":false},"author":1,"featured_media":0,"parent":0,"menu_order":0,"comment_status":"closed","ping_status":"closed","template":"","meta":{"footnotes":""},"class_list":["post-5638","page","type-page","status-publish","hentry"],"_links":{"self":[{"href":"https:\/\/atauni.edu.tr\/rehberlik-ve-psikolojik-danismanlik-anabilim-dali\/wp-json\/wp\/v2\/pages\/5638","targetHints":{"allow":["GET"]}}],"collection":[{"href":"https:\/\/atauni.edu.tr\/rehberlik-ve-psikolojik-danismanlik-anabilim-dali\/wp-json\/wp\/v2\/pages"}],"about":[{"href":"https:\/\/atauni.edu.tr\/rehberlik-ve-psikolojik-danismanlik-anabilim-dali\/wp-json\/wp\/v2\/types\/page"}],"author":[{"embeddable":true,"href":"https:\/\/atauni.edu.tr\/rehberlik-ve-psikolojik-danismanlik-anabilim-dali\/wp-json\/wp\/v2\/users\/1"}],"replies":[{"embeddable":true,"href":"https:\/\/atauni.edu.tr\/rehberlik-ve-psikolojik-danismanlik-anabilim-dali\/wp-json\/wp\/v2\/comments?post=5638"}],"version-history":[{"count":25,"href":"https:\/\/atauni.edu.tr\/rehberlik-ve-psikolojik-danismanlik-anabilim-dali\/wp-json\/wp\/v2\/pages\/5638\/revisions"}],"predecessor-version":[{"id":6555,"href":"https:\/\/atauni.edu.tr\/rehberlik-ve-psikolojik-danismanlik-anabilim-dali\/wp-json\/wp\/v2\/pages\/5638\/revisions\/6555"}],"wp:attachment":[{"href":"https:\/\/atauni.edu.tr\/rehberlik-ve-psikolojik-danismanlik-anabilim-dali\/wp-json\/wp\/v2\/media?parent=5638"}],"curies":[{"name":"wp","href":"https:\/\/api.w.org\/{rel}","templated":true}]}}