{"id":6071,"date":"2021-08-27T15:45:02","date_gmt":"2021-08-27T12:45:02","guid":{"rendered":"http:\/\/birimler.atauni.edu.tr\/rehberlik-ve-psikolojik-danismanlik-anabilim-dali\/?page_id=6071"},"modified":"2025-05-26T15:37:40","modified_gmt":"2025-05-26T12:37:40","slug":"anabilim-dali-kurulu-kararlari","status":"publish","type":"page","link":"https:\/\/atauni.edu.tr\/rehberlik-ve-psikolojik-danismanlik-anabilim-dali\/anabilim-dali-kurulu-kararlari\/","title":{"rendered":"Anabilim Dal\u0131 Kurulu Kararlar\u0131"},"content":{"rendered":"\t\t<div data-elementor-type=\"wp-page\" data-elementor-id=\"6071\" class=\"elementor elementor-6071\" data-elementor-post-type=\"page\">\n\t\t\t\t\t\t<section class=\"elementor-section elementor-top-section elementor-element elementor-element-730d320 elementor-section-boxed elementor-section-height-default elementor-section-height-default\" data-id=\"730d320\" data-element_type=\"section\">\n\t\t\t\t\t\t<div class=\"elementor-container elementor-column-gap-default\">\n\t\t\t\t\t<div class=\"elementor-column elementor-col-100 elementor-top-column elementor-element elementor-element-753d0860\" data-id=\"753d0860\" data-element_type=\"column\">\n\t\t\t<div class=\"elementor-widget-wrap\">\n\t\t\t\t\t\t\t<\/div>\n\t\t<\/div>\n\t\t\t\t\t<\/div>\n\t\t<\/section>\n\t\t\t\t<section class=\"elementor-section elementor-top-section elementor-element elementor-element-9be811a elementor-section-boxed elementor-section-height-default elementor-section-height-default\" data-id=\"9be811a\" data-element_type=\"section\">\n\t\t\t\t\t\t<div class=\"elementor-container elementor-column-gap-default\">\n\t\t\t\t\t<div class=\"elementor-column elementor-col-100 elementor-top-column elementor-element elementor-element-1ed847b7\" data-id=\"1ed847b7\" data-element_type=\"column\">\n\t\t\t<div class=\"elementor-widget-wrap elementor-element-populated\">\n\t\t\t\t\t\t<div class=\"elementor-element elementor-element-4ce0d07f elementor-widget elementor-widget-heading\" data-id=\"4ce0d07f\" data-element_type=\"widget\" data-widget_type=\"heading.default\">\n\t\t\t\t<div class=\"elementor-widget-container\">\n\t\t\t\t\t<h2 class=\"elementor-heading-title elementor-size-default\">B\u00f6l\u00fcm Kurulu Kararlar\u0131<\/h2>\t\t\t\t<\/div>\n\t\t\t\t<\/div>\n\t\t\t\t<div class=\"elementor-element elementor-element-63260862 elementor-widget-divider--view-line elementor-widget elementor-widget-divider\" data-id=\"63260862\" data-element_type=\"widget\" data-widget_type=\"divider.default\">\n\t\t\t\t<div class=\"elementor-widget-container\">\n\t\t\t\t\t\t\t<div class=\"elementor-divider\">\n\t\t\t<span class=\"elementor-divider-separator\">\n\t\t\t\t\t\t<\/span>\n\t\t<\/div>\n\t\t\t\t\t\t<\/div>\n\t\t\t\t<\/div>\n\t\t\t\t\t<\/div>\n\t\t<\/div>\n\t\t\t\t\t<\/div>\n\t\t<\/section>\n\t\t\t\t<section class=\"elementor-section elementor-top-section elementor-element elementor-element-681db8b elementor-section-boxed elementor-section-height-default elementor-section-height-default\" data-id=\"681db8b\" data-element_type=\"section\">\n\t\t\t\t\t\t<div class=\"elementor-container elementor-column-gap-default\">\n\t\t\t\t\t<div class=\"elementor-column elementor-col-100 elementor-top-column elementor-element elementor-element-ad4dac5\" data-id=\"ad4dac5\" data-element_type=\"column\">\n\t\t\t<div class=\"elementor-widget-wrap elementor-element-populated\">\n\t\t\t\t\t\t<div class=\"elementor-element elementor-element-2f96b3d elementor-widget elementor-widget-text-editor\" data-id=\"2f96b3d\" data-element_type=\"widget\" data-widget_type=\"text-editor.default\">\n\t\t\t\t<div class=\"elementor-widget-container\">\n\t\t\t\t\t\t\t\t\t<p>Anabilim Dal\u0131 Kurulu Kararlar\u0131<\/p><p>21.02.2025 tarihinde Atat\u00fcrk \u00dcniversitesi Kaz\u0131m Karabekir E\u011fitim Fak\u00fcltesi Yoncal\u0131k Yerle\u015fkesinde Lisans\u00fcst\u00fc derslikte, Rehberlik ve Psikolojik Dan\u0131\u015fmanl\u0131k ABD \u00f6\u011fretim \u00fcyelerinin t\u00fcm\u00fcn\u00fcn kat\u0131l\u0131m\u0131yla ger\u00e7ekle\u015ftirilen toplant\u0131da a\u015fa\u011f\u0131da kararlar al\u0131nm\u0131\u015ft\u0131r.<\/p><ol><li>Grupla Psikolojik Dan\u0131\u015fma ile Mesleki Rehberlik Uygulamalar\u0131 derslerinde \u00f6\u011frencilerin yapt\u0131klar\u0131 uygulamalar\u0131n incelenip geri d\u00f6n\u00fct verilmesi gerekmektedir. Bu s\u00fcre\u00e7te, bir \u00f6\u011fretim \u00fcyesinin b\u00fct\u00fcn \u00f6\u011frencilerin yapt\u0131klar\u0131 \u00e7al\u0131\u015fmalar\u0131 incelemesi, takip etmesi ve geri d\u00f6n\u00fct vermesi olduk\u00e7a uzun zaman almaktad\u0131r. Dolay\u0131s\u0131yla bu uygulama derslerinin 5\u2019 e b\u00f6l\u00fcnmesi i\u00e7in dekanl\u0131\u011fa bilgi verilecektir.<\/li><li>Grupla psikolojik dan\u0131\u015fma dersinin uygulanmas\u0131na ili\u015fkin esaslar olu\u015fturulmu\u015ftur.<\/li><li>Kaz\u0131m Karabekir E\u011fitim Fak\u00fcltesi\u2019ne ba\u011fl\u0131 programlardaki E\u011fitim Psikolojisi ve Okullarda Rehberlik derslerinin akademik \u00fcnvan\u0131 en d\u00fc\u015f\u00fckten en y\u00fckse\u011fe olacak \u015fekilde da\u011f\u0131t\u0131lmas\u0131 ilkesi benimsenmi\u015ftir. Buna g\u00f6re dersler doktor \u00f6\u011fretim \u00fcyelerine 2, do\u00e7ent ve profes\u00f6r \u00fcnvan\u0131 olan \u00f6\u011fretim \u00fcyelerine bir grup olacak \u015fekilde da\u011f\u0131t\u0131lacakt\u0131r.<\/li><li>\u00d6\u011fretim \u00fcyelerinin anabilim dal\u0131ndaki i\u015f y\u00fcklerini aksatmamalar\u0131 \u015fart\u0131yla farkl\u0131 kurumlarda g\u00f6revlendirebilirler.<\/li><li>Program de\u011ferlendirmesi i\u00e7in d\u00f6nem ba\u015f\u0131nda d\u00f6nem sonunda \u00f6\u011fretim \u00fcyeleri alan dersleri ile ilgili haz\u0131rlad\u0131klar\u0131 sorular\u0131 \u00f6\u011frencilere uygulayacakt\u0131r. Sonu\u00e7lar Ana Bilim Dal\u0131 ba\u015fkan\u0131na g\u00f6nderilecektir.<\/li><li>\u00d6\u011frenci toplulu\u011fu \u00e7al\u0131\u015fmalar\u0131nda di\u011fer kul\u00fcplerle i\u015fbirli\u011fi yaparak sosyo-k\u00fclt\u00fcrel faaliyetler yapabilir.<\/li><\/ol><p>\u00a0<\/p><p>Prof. Dr. Adem Peker<\/p><p>Ana Bilim Dal\u0131 Ba\u015fkan\u0131<\/p>\t\t\t\t\t\t\t\t<\/div>\n\t\t\t\t<\/div>\n\t\t\t\t\t<\/div>\n\t\t<\/div>\n\t\t\t\t\t<\/div>\n\t\t<\/section>\n\t\t\t\t<\/div>\n\t\t","protected":false},"excerpt":{"rendered":"<p>B\u00f6l\u00fcm Kurulu Kararlar\u0131 Anabilim Dal\u0131 Kurulu Kararlar\u0131 21.02.2025 tarihinde Atat\u00fcrk \u00dcniversitesi Kaz\u0131m Karabekir E\u011fitim Fak\u00fcltesi Yoncal\u0131k Yerle\u015fkesinde Lisans\u00fcst\u00fc derslikte, Rehberlik ve Psikolojik Dan\u0131\u015fmanl\u0131k ABD \u00f6\u011fretim \u00fcyelerinin t\u00fcm\u00fcn\u00fcn kat\u0131l\u0131m\u0131yla ger\u00e7ekle\u015ftirilen toplant\u0131da a\u015fa\u011f\u0131da kararlar al\u0131nm\u0131\u015ft\u0131r. Grupla Psikolojik Dan\u0131\u015fma ile Mesleki Rehberlik Uygulamalar\u0131 derslerinde \u00f6\u011frencilerin yapt\u0131klar\u0131 uygulamalar\u0131n incelenip geri d\u00f6n\u00fct verilmesi gerekmektedir. Bu s\u00fcre\u00e7te, bir \u00f6\u011fretim \u00fcyesinin b\u00fct\u00fcn [&hellip;]<\/p>\n","protected":false},"author":1,"featured_media":0,"parent":0,"menu_order":0,"comment_status":"closed","ping_status":"closed","template":"elementor_header_footer","meta":{"footnotes":""},"class_list":["post-6071","page","type-page","status-publish","hentry"],"_links":{"self":[{"href":"https:\/\/atauni.edu.tr\/rehberlik-ve-psikolojik-danismanlik-anabilim-dali\/wp-json\/wp\/v2\/pages\/6071","targetHints":{"allow":["GET"]}}],"collection":[{"href":"https:\/\/atauni.edu.tr\/rehberlik-ve-psikolojik-danismanlik-anabilim-dali\/wp-json\/wp\/v2\/pages"}],"about":[{"href":"https:\/\/atauni.edu.tr\/rehberlik-ve-psikolojik-danismanlik-anabilim-dali\/wp-json\/wp\/v2\/types\/page"}],"author":[{"embeddable":true,"href":"https:\/\/atauni.edu.tr\/rehberlik-ve-psikolojik-danismanlik-anabilim-dali\/wp-json\/wp\/v2\/users\/1"}],"replies":[{"embeddable":true,"href":"https:\/\/atauni.edu.tr\/rehberlik-ve-psikolojik-danismanlik-anabilim-dali\/wp-json\/wp\/v2\/comments?post=6071"}],"version-history":[{"count":11,"href":"https:\/\/atauni.edu.tr\/rehberlik-ve-psikolojik-danismanlik-anabilim-dali\/wp-json\/wp\/v2\/pages\/6071\/revisions"}],"predecessor-version":[{"id":6787,"href":"https:\/\/atauni.edu.tr\/rehberlik-ve-psikolojik-danismanlik-anabilim-dali\/wp-json\/wp\/v2\/pages\/6071\/revisions\/6787"}],"wp:attachment":[{"href":"https:\/\/atauni.edu.tr\/rehberlik-ve-psikolojik-danismanlik-anabilim-dali\/wp-json\/wp\/v2\/media?parent=6071"}],"curies":[{"name":"wp","href":"https:\/\/api.w.org\/{rel}","templated":true}]}}