{"id":5682,"date":"2021-07-13T10:10:01","date_gmt":"2021-07-13T07:10:01","guid":{"rendered":"https:\/\/portaltest.atauni.edu.tr\/bilgisayar-muhendisligi\/?page_id=5682"},"modified":"2024-10-28T10:43:28","modified_gmt":"2024-10-28T07:43:28","slug":"misyon-vizyon-ve-temel-degerler","status":"publish","type":"page","link":"https:\/\/atauni.edu.tr\/resim-bolumu\/misyon-vizyon-ve-temel-degerler\/","title":{"rendered":"Misyon, Vizyon ve Temel De\u011ferler"},"content":{"rendered":"\t\t<div data-elementor-type=\"wp-page\" data-elementor-id=\"5682\" class=\"elementor elementor-5682\" data-elementor-post-type=\"page\">\n\t\t\t\t\t\t<section class=\"elementor-section elementor-top-section elementor-element elementor-element-730d320 elementor-section-boxed elementor-section-height-default elementor-section-height-default\" data-id=\"730d320\" data-element_type=\"section\">\n\t\t\t\t\t\t<div class=\"elementor-container elementor-column-gap-default\">\n\t\t\t\t\t<div class=\"elementor-column elementor-col-100 elementor-top-column elementor-element elementor-element-753d0860\" data-id=\"753d0860\" data-element_type=\"column\">\n\t\t\t<div class=\"elementor-widget-wrap\">\n\t\t\t\t\t\t\t<\/div>\n\t\t<\/div>\n\t\t\t\t\t<\/div>\n\t\t<\/section>\n\t\t\t\t<section class=\"elementor-section elementor-top-section elementor-element elementor-element-bbde17a elementor-section-boxed elementor-section-height-default elementor-section-height-default\" data-id=\"bbde17a\" data-element_type=\"section\">\n\t\t\t\t\t\t<div class=\"elementor-container elementor-column-gap-default\">\n\t\t\t\t\t<div class=\"elementor-column elementor-col-100 elementor-top-column elementor-element elementor-element-3d61427\" data-id=\"3d61427\" data-element_type=\"column\">\n\t\t\t<div class=\"elementor-widget-wrap elementor-element-populated\">\n\t\t\t\t\t\t<div class=\"elementor-element elementor-element-a970822 elementor-widget elementor-widget-heading\" data-id=\"a970822\" data-element_type=\"widget\" data-widget_type=\"heading.default\">\n\t\t\t\t<div class=\"elementor-widget-container\">\n\t\t\t\t\t<h2 class=\"elementor-heading-title elementor-size-default\">Misyon<\/h2>\t\t\t\t<\/div>\n\t\t\t\t<\/div>\n\t\t\t\t<div class=\"elementor-element elementor-element-19ea924 elementor-widget-divider--view-line elementor-widget elementor-widget-divider\" data-id=\"19ea924\" data-element_type=\"widget\" data-widget_type=\"divider.default\">\n\t\t\t\t<div class=\"elementor-widget-container\">\n\t\t\t\t\t\t\t<div class=\"elementor-divider\">\n\t\t\t<span class=\"elementor-divider-separator\">\n\t\t\t\t\t\t<\/span>\n\t\t<\/div>\n\t\t\t\t\t\t<\/div>\n\t\t\t\t<\/div>\n\t\t\t\t\t<\/div>\n\t\t<\/div>\n\t\t\t\t\t<\/div>\n\t\t<\/section>\n\t\t\t\t<section class=\"elementor-section elementor-top-section elementor-element elementor-element-8e77320 elementor-section-boxed elementor-section-height-default elementor-section-height-default\" data-id=\"8e77320\" data-element_type=\"section\">\n\t\t\t\t\t\t<div class=\"elementor-container elementor-column-gap-default\">\n\t\t\t\t\t<div class=\"elementor-column elementor-col-100 elementor-top-column elementor-element elementor-element-2ff44d7\" data-id=\"2ff44d7\" data-element_type=\"column\">\n\t\t\t<div class=\"elementor-widget-wrap elementor-element-populated\">\n\t\t\t\t\t\t<div class=\"elementor-element elementor-element-a4a314f elementor-widget elementor-widget-text-editor\" data-id=\"a4a314f\" data-element_type=\"widget\" data-widget_type=\"text-editor.default\">\n\t\t\t\t<div class=\"elementor-widget-container\">\n\t\t\t\t\t\t\t\t\t<p>Hem \u00e7a\u011fda\u015f hem klasik estetik anlay\u0131\u015f\u0131 do\u011frultusunda bir sanat e\u011fitimi ama\u00e7layan, ayn\u0131 zamanda geleneksel referanslar\u0131n k\u00fcreselle\u015fen d\u00fcnyada ne kadar \u00f6nemli oldu\u011funu da vurgulayan resim b\u00f6l\u00fcm\u00fc; \u00f6\u011frencilere ele\u015ftirel, disiplinleraras\u0131 bir anlay\u0131\u015f kazand\u0131rmay\u0131, g\u00f6rsel- d\u00fc\u015f\u00fcnsel yeteneklerini ortaya \u00e7\u0131karmalar\u0131n\u0131 sa\u011flamay\u0131 ve \u00fcretimlerini ulusal\/uluslararas\u0131 d\u00fczeyde sanatsal etkinliklere ta\u015f\u0131may\u0131 misyon edinmi\u015ftir.<\/p>\t\t\t\t\t\t\t\t<\/div>\n\t\t\t\t<\/div>\n\t\t\t\t\t<\/div>\n\t\t<\/div>\n\t\t\t\t\t<\/div>\n\t\t<\/section>\n\t\t\t\t<section class=\"elementor-section elementor-top-section elementor-element elementor-element-94553a2 elementor-section-boxed elementor-section-height-default elementor-section-height-default\" data-id=\"94553a2\" data-element_type=\"section\">\n\t\t\t\t\t\t<div class=\"elementor-container elementor-column-gap-default\">\n\t\t\t\t\t<div class=\"elementor-column elementor-col-100 elementor-top-column elementor-element elementor-element-72d18a8\" data-id=\"72d18a8\" data-element_type=\"column\">\n\t\t\t<div class=\"elementor-widget-wrap elementor-element-populated\">\n\t\t\t\t\t\t<div class=\"elementor-element elementor-element-322fc78 elementor-widget elementor-widget-heading\" data-id=\"322fc78\" data-element_type=\"widget\" data-widget_type=\"heading.default\">\n\t\t\t\t<div class=\"elementor-widget-container\">\n\t\t\t\t\t<h2 class=\"elementor-heading-title elementor-size-default\">Vizyon<\/h2>\t\t\t\t<\/div>\n\t\t\t\t<\/div>\n\t\t\t\t<div class=\"elementor-element elementor-element-79d9fdf elementor-widget-divider--view-line elementor-widget elementor-widget-divider\" data-id=\"79d9fdf\" data-element_type=\"widget\" data-widget_type=\"divider.default\">\n\t\t\t\t<div class=\"elementor-widget-container\">\n\t\t\t\t\t\t\t<div class=\"elementor-divider\">\n\t\t\t<span class=\"elementor-divider-separator\">\n\t\t\t\t\t\t<\/span>\n\t\t<\/div>\n\t\t\t\t\t\t<\/div>\n\t\t\t\t<\/div>\n\t\t\t\t\t<\/div>\n\t\t<\/div>\n\t\t\t\t\t<\/div>\n\t\t<\/section>\n\t\t\t\t<section class=\"elementor-section elementor-top-section elementor-element elementor-element-e31bdc2 elementor-section-boxed elementor-section-height-default elementor-section-height-default\" data-id=\"e31bdc2\" data-element_type=\"section\">\n\t\t\t\t\t\t<div class=\"elementor-container elementor-column-gap-default\">\n\t\t\t\t\t<div class=\"elementor-column elementor-col-100 elementor-top-column elementor-element elementor-element-c015f35\" data-id=\"c015f35\" data-element_type=\"column\">\n\t\t\t<div class=\"elementor-widget-wrap elementor-element-populated\">\n\t\t\t\t\t\t<div class=\"elementor-element elementor-element-0ff0725 elementor-widget elementor-widget-text-editor\" data-id=\"0ff0725\" data-element_type=\"widget\" data-widget_type=\"text-editor.default\">\n\t\t\t\t<div class=\"elementor-widget-container\">\n\t\t\t\t\t\t\t\t\t<p>Yenilik\u00e7i, ulusal ve evrensel de\u011ferler do\u011frultusunda geli\u015fim g\u00f6steren resim b\u00f6l\u00fcm\u00fc, e\u011fitim-\u00f6\u011fretim programlar\u0131n\u0131 g\u00fcn\u00fcm\u00fcz ko\u015fullar\u0131na g\u00f6re g\u00fcncelleyerek, insan\u0131n s\u0131n\u0131rlar\u0131n\u0131 zorlayan bilimsel teknolojik geli\u015fmelere paralel olarak sanat\u0131n da s\u0131n\u0131rlar\u0131n\u0131 zorlayacak bireyler yeti\u015ftirmeye hedeflemektedir.<\/p>\t\t\t\t\t\t\t\t<\/div>\n\t\t\t\t<\/div>\n\t\t\t\t\t<\/div>\n\t\t<\/div>\n\t\t\t\t\t<\/div>\n\t\t<\/section>\n\t\t\t\t<section class=\"elementor-section elementor-top-section elementor-element elementor-element-19aa568 elementor-section-boxed elementor-section-height-default elementor-section-height-default\" data-id=\"19aa568\" data-element_type=\"section\">\n\t\t\t\t\t\t<div class=\"elementor-container elementor-column-gap-default\">\n\t\t\t\t\t<div class=\"elementor-column elementor-col-100 elementor-top-column elementor-element elementor-element-50bc25c\" data-id=\"50bc25c\" data-element_type=\"column\">\n\t\t\t<div class=\"elementor-widget-wrap elementor-element-populated\">\n\t\t\t\t\t\t<div class=\"elementor-element elementor-element-2cc3f2c elementor-widget elementor-widget-heading\" data-id=\"2cc3f2c\" data-element_type=\"widget\" data-widget_type=\"heading.default\">\n\t\t\t\t<div class=\"elementor-widget-container\">\n\t\t\t\t\t<h2 class=\"elementor-heading-title elementor-size-default\">Temel De\u011ferler<\/h2>\t\t\t\t<\/div>\n\t\t\t\t<\/div>\n\t\t\t\t<div class=\"elementor-element elementor-element-2fc1f0a elementor-widget-divider--view-line elementor-widget elementor-widget-divider\" data-id=\"2fc1f0a\" data-element_type=\"widget\" data-widget_type=\"divider.default\">\n\t\t\t\t<div class=\"elementor-widget-container\">\n\t\t\t\t\t\t\t<div class=\"elementor-divider\">\n\t\t\t<span class=\"elementor-divider-separator\">\n\t\t\t\t\t\t<\/span>\n\t\t<\/div>\n\t\t\t\t\t\t<\/div>\n\t\t\t\t<\/div>\n\t\t\t\t\t<\/div>\n\t\t<\/div>\n\t\t\t\t\t<\/div>\n\t\t<\/section>\n\t\t\t\t<section class=\"elementor-section elementor-top-section elementor-element elementor-element-681db8b elementor-section-boxed elementor-section-height-default elementor-section-height-default\" data-id=\"681db8b\" data-element_type=\"section\">\n\t\t\t\t\t\t<div class=\"elementor-container elementor-column-gap-default\">\n\t\t\t\t\t<div class=\"elementor-column elementor-col-100 elementor-top-column elementor-element elementor-element-ad4dac5\" data-id=\"ad4dac5\" data-element_type=\"column\">\n\t\t\t<div class=\"elementor-widget-wrap elementor-element-populated\">\n\t\t\t\t\t\t<div class=\"elementor-element elementor-element-2f96b3d elementor-widget elementor-widget-text-editor\" data-id=\"2f96b3d\" data-element_type=\"widget\" data-widget_type=\"text-editor.default\">\n\t\t\t\t<div class=\"elementor-widget-container\">\n\t\t\t\t\t\t\t\t\t<p>F\u0131rsat e\u015fitli\u011fi: Resim b\u00f6l\u00fcm\u00fcnde bir\u00e7ok farkl\u0131 at\u00f6lyelerin bulunmalar\u0131na ra\u011fmen b\u00fct\u00fcn \u00f6\u011frenciler e\u015fit imkanlar dahilinde at\u00f6lyelerde bulunan malzemelerden faydalan\u0131rlar. Resim b\u00f6l\u00fcm\u00fcnde her hocan\u0131n kendine ait at\u00f6lyesi bulunmaktad\u0131r. Resim b\u00f6l\u00fcm\u00fcn\u00fc kazanan \u00f6\u011frenciler istedikleri hocan\u0131n at\u00f6lyesinde e\u011fitim alabilirler .Resim b\u00f6l\u00fcm\u00fcnde bir\u00e7ok farkl\u0131 at\u00f6lye bir arada yer almaktad\u0131r. At\u00f6lyelerde \u00f6\u011frenciler grup olarak ayr\u0131lm\u0131\u015f olsalar da b\u00fct\u00fcn \u00f6\u011frenciler e\u015fit imkanlar dahilinde at\u00f6lyelerde bulunan malzemelerden faydalanabilirler.<\/p><div>Disiplinleraras\u0131 anlay\u0131\u015f: Resim b\u00f6l\u00fcm\u00fcnde bir\u00e7ok farkl\u0131 se\u00e7meli dersler bulunmaktad\u0131r. Ancak \u00f6\u011frenciler istedi\u011fi dersleri se\u00e7ebilmektedir. \u00d6rne\u011fin: Foto\u011fraf, Heykel gibi.<\/div><div>\u00a0<\/div><div><div>\u00d6zg\u00fcrl\u00fck: Resim b\u00f6l\u00fcm\u00fcnde uygulamal\u0131 derslerde hocalar at\u00f6lyelerde bir\u00e7ok farkl\u0131 teknik g\u00f6sterir. \u00d6\u011frencinin tercih etti\u011fi tekni\u011fe g\u00f6re e\u011fitimi devam eder ve \u00f6\u011frenciler mezuniyet a\u015famas\u0131nda istedi\u011fi \u015fekilde istedi\u011fi teknikle sanatsal \u00e7al\u0131\u015fmalar olu\u015fturup mezun olabilmektedir.<\/div><div>\u00a0<\/div><div>\u00d6\u011frenme odakl\u0131l\u0131k: Resim b\u00f6l\u00fcm\u00fcndeki b\u00fct\u00fcn \u00f6\u011frenciler uygulama e\u011fitimi almaktad\u0131rlar. Bu ba\u011flamda hocalar, s\u00fcrekli \u00f6\u011frenciye \u00f6\u011fretme ama\u00e7l\u0131 olarak at\u00f6lyelerde bulunarak \u00f6\u011frencinin \u00f6\u011frenme geli\u015fiminde katk\u0131 bulunmaktad\u0131rlar. Ayr\u0131ca at\u00f6lyelerde uygulama e\u011fitimine ba\u011fl\u0131 olarak teorik a\u00e7\u0131dan \u00f6\u011frenme y\u00fcr\u00fct\u00fclmektedir.<\/div><div>\u00a0<\/div><div>\u00c7a\u011fda\u015f d\u00fczeylilik: Resim b\u00f6l\u00fcm\u00fcnde bulunan hocalar, \u00f6\u011frencilere \u00e7a\u011fda\u015f d\u00fczeydeki sanat\u00e7\u0131lar\u0131\u0131n yap\u0131tlar\u0131, \u00e7a\u011fda\u015f m\u00fczeler ve koleksiyonerler vb. olu\u015fumlar\u0131 anlatmaktad\u0131rlar.<\/div><div>\u00a0<\/div><div>Etik de\u011ferlere ba\u011fl\u0131l\u0131k: Resim b\u00f6l\u00fcm\u00fc \u00f6\u011frenciler, insanlarla kurdu\u011fu bireysel ve toplumsal ili\u015fkilerin temel de\u011ferlerini olu\u015fturmas\u0131nda rol g\u00f6sterirler.<\/div><div>\u00a0<\/div><div>Estetik duyarl\u0131l\u0131k: Resim b\u00f6l\u00fcm\u00fcnde e\u011fitim alan \u00f6\u011frenciler, evrensel de\u011ferlere g\u00f6re estetik duyarl\u0131l\u0131k kazanm\u0131\u015f olurlar.<\/div><\/div>\t\t\t\t\t\t\t\t<\/div>\n\t\t\t\t<\/div>\n\t\t\t\t\t<\/div>\n\t\t<\/div>\n\t\t\t\t\t<\/div>\n\t\t<\/section>\n\t\t\t\t<section class=\"elementor-section elementor-top-section elementor-element elementor-element-7f0f38f elementor-section-boxed elementor-section-height-default elementor-section-height-default\" data-id=\"7f0f38f\" data-element_type=\"section\">\n\t\t\t\t\t\t<div class=\"elementor-container elementor-column-gap-default\">\n\t\t\t\t\t<div class=\"elementor-column elementor-col-100 elementor-top-column elementor-element elementor-element-73ceec4\" data-id=\"73ceec4\" data-element_type=\"column\">\n\t\t\t<div class=\"elementor-widget-wrap elementor-element-populated\">\n\t\t\t\t\t\t<div class=\"elementor-element elementor-element-07ccffb elementor-widget elementor-widget-spacer\" data-id=\"07ccffb\" data-element_type=\"widget\" data-widget_type=\"spacer.default\">\n\t\t\t\t<div class=\"elementor-widget-container\">\n\t\t\t\t\t\t\t<div class=\"elementor-spacer\">\n\t\t\t<div class=\"elementor-spacer-inner\"><\/div>\n\t\t<\/div>\n\t\t\t\t\t\t<\/div>\n\t\t\t\t<\/div>\n\t\t\t\t\t<\/div>\n\t\t<\/div>\n\t\t\t\t\t<\/div>\n\t\t<\/section>\n\t\t\t\t<\/div>\n\t\t","protected":false},"excerpt":{"rendered":"<p>Misyon Hem \u00e7a\u011fda\u015f hem klasik estetik anlay\u0131\u015f\u0131 do\u011frultusunda bir sanat e\u011fitimi ama\u00e7layan, ayn\u0131 zamanda geleneksel referanslar\u0131n k\u00fcreselle\u015fen d\u00fcnyada ne kadar \u00f6nemli oldu\u011funu da vurgulayan resim b\u00f6l\u00fcm\u00fc; \u00f6\u011frencilere ele\u015ftirel, disiplinleraras\u0131 bir anlay\u0131\u015f kazand\u0131rmay\u0131, g\u00f6rsel- d\u00fc\u015f\u00fcnsel yeteneklerini ortaya \u00e7\u0131karmalar\u0131n\u0131 sa\u011flamay\u0131 ve \u00fcretimlerini ulusal\/uluslararas\u0131 d\u00fczeyde sanatsal etkinliklere ta\u015f\u0131may\u0131 misyon edinmi\u015ftir. Vizyon Yenilik\u00e7i, ulusal ve evrensel de\u011ferler do\u011frultusunda geli\u015fim [&hellip;]<\/p>\n","protected":false},"author":1,"featured_media":0,"parent":0,"menu_order":0,"comment_status":"closed","ping_status":"closed","template":"elementor_header_footer","meta":{"footnotes":""},"class_list":["post-5682","page","type-page","status-publish","hentry"],"_links":{"self":[{"href":"https:\/\/atauni.edu.tr\/resim-bolumu\/wp-json\/wp\/v2\/pages\/5682","targetHints":{"allow":["GET"]}}],"collection":[{"href":"https:\/\/atauni.edu.tr\/resim-bolumu\/wp-json\/wp\/v2\/pages"}],"about":[{"href":"https:\/\/atauni.edu.tr\/resim-bolumu\/wp-json\/wp\/v2\/types\/page"}],"author":[{"embeddable":true,"href":"https:\/\/atauni.edu.tr\/resim-bolumu\/wp-json\/wp\/v2\/users\/1"}],"replies":[{"embeddable":true,"href":"https:\/\/atauni.edu.tr\/resim-bolumu\/wp-json\/wp\/v2\/comments?post=5682"}],"version-history":[{"count":26,"href":"https:\/\/atauni.edu.tr\/resim-bolumu\/wp-json\/wp\/v2\/pages\/5682\/revisions"}],"predecessor-version":[{"id":7122,"href":"https:\/\/atauni.edu.tr\/resim-bolumu\/wp-json\/wp\/v2\/pages\/5682\/revisions\/7122"}],"wp:attachment":[{"href":"https:\/\/atauni.edu.tr\/resim-bolumu\/wp-json\/wp\/v2\/media?parent=5682"}],"curies":[{"name":"wp","href":"https:\/\/api.w.org\/{rel}","templated":true}]}}