{"id":5751,"date":"2021-07-13T12:50:27","date_gmt":"2021-07-13T09:50:27","guid":{"rendered":"https:\/\/portaltest.atauni.edu.tr\/bilgisayar-muhendisligi\/?page_id=5751"},"modified":"2024-03-24T12:06:01","modified_gmt":"2024-03-24T09:06:01","slug":"lisansustu-ders-listesi","status":"publish","type":"page","link":"https:\/\/atauni.edu.tr\/resim-bolumu\/lisansustu-ders-listesi\/","title":{"rendered":"Ders Listesi"},"content":{"rendered":"\t\t<div data-elementor-type=\"wp-page\" data-elementor-id=\"5751\" class=\"elementor elementor-5751\" data-elementor-post-type=\"page\">\n\t\t\t\t\t\t<section class=\"elementor-section elementor-top-section elementor-element elementor-element-730d320 elementor-section-boxed elementor-section-height-default elementor-section-height-default\" data-id=\"730d320\" data-element_type=\"section\">\n\t\t\t\t\t\t<div class=\"elementor-container elementor-column-gap-default\">\n\t\t\t\t\t<div class=\"elementor-column elementor-col-100 elementor-top-column elementor-element elementor-element-753d0860\" data-id=\"753d0860\" data-element_type=\"column\">\n\t\t\t<div class=\"elementor-widget-wrap\">\n\t\t\t\t\t\t\t<\/div>\n\t\t<\/div>\n\t\t\t\t\t<\/div>\n\t\t<\/section>\n\t\t\t\t<section class=\"elementor-section elementor-top-section elementor-element elementor-element-9be811a elementor-section-boxed elementor-section-height-default elementor-section-height-default\" data-id=\"9be811a\" data-element_type=\"section\">\n\t\t\t\t\t\t<div class=\"elementor-container elementor-column-gap-default\">\n\t\t\t\t\t<div class=\"elementor-column elementor-col-100 elementor-top-column elementor-element elementor-element-1ed847b7\" data-id=\"1ed847b7\" data-element_type=\"column\">\n\t\t\t<div class=\"elementor-widget-wrap elementor-element-populated\">\n\t\t\t\t\t\t<div class=\"elementor-element elementor-element-4ce0d07f elementor-widget elementor-widget-heading\" data-id=\"4ce0d07f\" data-element_type=\"widget\" data-widget_type=\"heading.default\">\n\t\t\t\t<div class=\"elementor-widget-container\">\n\t\t\t\t\t<h2 class=\"elementor-heading-title elementor-size-default\">Lisans\u00fcst\u00fc Ders Listesi<\/h2>\t\t\t\t<\/div>\n\t\t\t\t<\/div>\n\t\t\t\t<div class=\"elementor-element elementor-element-63260862 elementor-widget-divider--view-line elementor-widget elementor-widget-divider\" data-id=\"63260862\" data-element_type=\"widget\" data-widget_type=\"divider.default\">\n\t\t\t\t<div class=\"elementor-widget-container\">\n\t\t\t\t\t\t\t<div class=\"elementor-divider\">\n\t\t\t<span class=\"elementor-divider-separator\">\n\t\t\t\t\t\t<\/span>\n\t\t<\/div>\n\t\t\t\t\t\t<\/div>\n\t\t\t\t<\/div>\n\t\t\t\t\t<\/div>\n\t\t<\/div>\n\t\t\t\t\t<\/div>\n\t\t<\/section>\n\t\t\t\t<section class=\"elementor-section elementor-top-section elementor-element elementor-element-6a5b7ef elementor-section-boxed elementor-section-height-default elementor-section-height-default\" data-id=\"6a5b7ef\" data-element_type=\"section\">\n\t\t\t\t\t\t<div class=\"elementor-container elementor-column-gap-default\">\n\t\t\t\t\t<div class=\"elementor-column elementor-col-100 elementor-top-column elementor-element elementor-element-ce70762\" data-id=\"ce70762\" data-element_type=\"column\">\n\t\t\t<div class=\"elementor-widget-wrap elementor-element-populated\">\n\t\t\t\t\t\t<div class=\"elementor-element elementor-element-b780842 elementor-widget elementor-widget-text-editor\" data-id=\"b780842\" data-element_type=\"widget\" data-widget_type=\"text-editor.default\">\n\t\t\t\t<div class=\"elementor-widget-container\">\n\t\t\t\t\t\t\t\t\t<p>G\u00fczel Sanatlar Enstit\u00fcs\u00fc\u2019ne ba\u011fl\u0131 Resim Sanat Dal\u0131 Tezli Y\u00fcksek Lisans Program\u0131na ait m\u00fcfredat derslerine eri\u015fmek i\u00e7in <a href=\"https:\/\/obs.atauni.edu.tr\/moduller\/dbp\/eobs\/birimDetay\/3296\/Resim%20-%20Sanat%20Dal%C4%B1%20-%20Tezli%20Y%C3%BCksek%20Lisans%20Program%C4%B1%20(3296)?#\">buraya t\u0131klay\u0131n.<\/a><\/p><p>G\u00fczel Sanatlar Enstit\u00fcs\u00fc\u2019ne ba\u011fl\u0131 Resim Sanat Dal\u0131 Sanatta Yeterlilik Program\u0131na ait m\u00fcfredat derslerine eri\u015fmek i\u00e7in <a href=\"https:\/\/obs.atauni.edu.tr\/moduller\/dbp\/eobs\/birimDetay\/3297\/Resim%20-%20Sanat%20Dal%C4%B1%20-%20Sanatta%20Yeterlilik%20Program%C4%B1%20(3297)?#\">buraya t\u0131klay\u0131n.<\/a><\/p><p>A\u00e7\u0131lan sayfada \u201cM\u00fcfredat Dersleri ve AKTS Kredileri\u201d d\u00fc\u011fmesi t\u0131kland\u0131ktan sonra giri\u015f y\u0131l\u0131n\u0131 se\u00e7erek diledi\u011finiz y\u0131la ait m\u00fcfredata i\u00e7eri\u011fine eri\u015febilirsiniz.\u00a0<\/p><p>Lisans\u00fct\u00fc e\u011fitim hakk\u0131nda detayl\u0131 bilgi i\u00e7in <a href=\"https:\/\/atauni.edu.tr\/guzel-sanatlar-enstitusu\">buraya t\u0131klay\u0131n\u0131z.<\/a><\/p><p>\u00a0<\/p>\t\t\t\t\t\t\t\t<\/div>\n\t\t\t\t<\/div>\n\t\t\t\t\t<\/div>\n\t\t<\/div>\n\t\t\t\t\t<\/div>\n\t\t<\/section>\n\t\t\t\t<\/div>\n\t\t","protected":false},"excerpt":{"rendered":"<p>Lisans\u00fcst\u00fc Ders Listesi G\u00fczel Sanatlar Enstit\u00fcs\u00fc\u2019ne ba\u011fl\u0131 Resim Sanat Dal\u0131 Tezli Y\u00fcksek Lisans Program\u0131na ait m\u00fcfredat derslerine eri\u015fmek i\u00e7in buraya t\u0131klay\u0131n. G\u00fczel Sanatlar Enstit\u00fcs\u00fc\u2019ne ba\u011fl\u0131 Resim Sanat Dal\u0131 Sanatta Yeterlilik Program\u0131na ait m\u00fcfredat derslerine eri\u015fmek i\u00e7in buraya t\u0131klay\u0131n. A\u00e7\u0131lan sayfada \u201cM\u00fcfredat Dersleri ve AKTS Kredileri\u201d d\u00fc\u011fmesi t\u0131kland\u0131ktan sonra giri\u015f y\u0131l\u0131n\u0131 se\u00e7erek diledi\u011finiz y\u0131la ait m\u00fcfredata [&hellip;]<\/p>\n","protected":false},"author":1,"featured_media":0,"parent":0,"menu_order":0,"comment_status":"closed","ping_status":"closed","template":"elementor_header_footer","meta":{"footnotes":""},"class_list":["post-5751","page","type-page","status-publish","hentry"],"_links":{"self":[{"href":"https:\/\/atauni.edu.tr\/resim-bolumu\/wp-json\/wp\/v2\/pages\/5751","targetHints":{"allow":["GET"]}}],"collection":[{"href":"https:\/\/atauni.edu.tr\/resim-bolumu\/wp-json\/wp\/v2\/pages"}],"about":[{"href":"https:\/\/atauni.edu.tr\/resim-bolumu\/wp-json\/wp\/v2\/types\/page"}],"author":[{"embeddable":true,"href":"https:\/\/atauni.edu.tr\/resim-bolumu\/wp-json\/wp\/v2\/users\/1"}],"replies":[{"embeddable":true,"href":"https:\/\/atauni.edu.tr\/resim-bolumu\/wp-json\/wp\/v2\/comments?post=5751"}],"version-history":[{"count":14,"href":"https:\/\/atauni.edu.tr\/resim-bolumu\/wp-json\/wp\/v2\/pages\/5751\/revisions"}],"predecessor-version":[{"id":6605,"href":"https:\/\/atauni.edu.tr\/resim-bolumu\/wp-json\/wp\/v2\/pages\/5751\/revisions\/6605"}],"wp:attachment":[{"href":"https:\/\/atauni.edu.tr\/resim-bolumu\/wp-json\/wp\/v2\/media?parent=5751"}],"curies":[{"name":"wp","href":"https:\/\/api.w.org\/{rel}","templated":true}]}}