{"id":6071,"date":"2021-08-27T15:45:02","date_gmt":"2021-08-27T12:45:02","guid":{"rendered":"http:\/\/birimler.atauni.edu.tr\/resim-bolumu\/?page_id=6071"},"modified":"2024-11-10T16:04:12","modified_gmt":"2024-11-10T13:04:12","slug":"bolum-kurulu-kararlari","status":"publish","type":"page","link":"https:\/\/atauni.edu.tr\/resim-bolumu\/bolum-kurulu-kararlari\/","title":{"rendered":"B\u00f6l\u00fcm Kurulu Kararlar\u0131"},"content":{"rendered":"\t\t<div data-elementor-type=\"wp-page\" data-elementor-id=\"6071\" class=\"elementor elementor-6071\" data-elementor-post-type=\"page\">\n\t\t\t\t\t\t<section class=\"elementor-section elementor-top-section elementor-element elementor-element-730d320 elementor-section-boxed elementor-section-height-default elementor-section-height-default\" data-id=\"730d320\" data-element_type=\"section\">\n\t\t\t\t\t\t<div class=\"elementor-container elementor-column-gap-default\">\n\t\t\t\t\t<div class=\"elementor-column elementor-col-100 elementor-top-column elementor-element elementor-element-753d0860\" data-id=\"753d0860\" data-element_type=\"column\">\n\t\t\t<div class=\"elementor-widget-wrap\">\n\t\t\t\t\t\t\t<\/div>\n\t\t<\/div>\n\t\t\t\t\t<\/div>\n\t\t<\/section>\n\t\t\t\t<section class=\"elementor-section elementor-top-section elementor-element elementor-element-9be811a elementor-section-boxed elementor-section-height-default elementor-section-height-default\" data-id=\"9be811a\" data-element_type=\"section\">\n\t\t\t\t\t\t<div class=\"elementor-container elementor-column-gap-default\">\n\t\t\t\t\t<div class=\"elementor-column elementor-col-100 elementor-top-column elementor-element elementor-element-1ed847b7\" data-id=\"1ed847b7\" data-element_type=\"column\">\n\t\t\t<div class=\"elementor-widget-wrap elementor-element-populated\">\n\t\t\t\t\t\t<div class=\"elementor-element elementor-element-4ce0d07f elementor-widget elementor-widget-heading\" data-id=\"4ce0d07f\" data-element_type=\"widget\" data-widget_type=\"heading.default\">\n\t\t\t\t<div class=\"elementor-widget-container\">\n\t\t\t\t\t<h2 class=\"elementor-heading-title elementor-size-default\">Farkl\u0131la\u015fma Stratejileri<\/h2>\t\t\t\t<\/div>\n\t\t\t\t<\/div>\n\t\t\t\t<div class=\"elementor-element elementor-element-63260862 elementor-widget-divider--view-line elementor-widget elementor-widget-divider\" data-id=\"63260862\" data-element_type=\"widget\" data-widget_type=\"divider.default\">\n\t\t\t\t<div class=\"elementor-widget-container\">\n\t\t\t\t\t\t\t<div class=\"elementor-divider\">\n\t\t\t<span class=\"elementor-divider-separator\">\n\t\t\t\t\t\t<\/span>\n\t\t<\/div>\n\t\t\t\t\t\t<\/div>\n\t\t\t\t<\/div>\n\t\t\t\t\t<\/div>\n\t\t<\/div>\n\t\t\t\t\t<\/div>\n\t\t<\/section>\n\t\t\t\t<section class=\"elementor-section elementor-top-section elementor-element elementor-element-681db8b elementor-section-boxed elementor-section-height-default elementor-section-height-default\" data-id=\"681db8b\" data-element_type=\"section\">\n\t\t\t\t\t\t<div class=\"elementor-container elementor-column-gap-default\">\n\t\t\t\t\t<div class=\"elementor-column elementor-col-100 elementor-top-column elementor-element elementor-element-ad4dac5\" data-id=\"ad4dac5\" data-element_type=\"column\">\n\t\t\t<div class=\"elementor-widget-wrap elementor-element-populated\">\n\t\t\t\t\t\t<div class=\"elementor-element elementor-element-2f96b3d elementor-widget elementor-widget-text-editor\" data-id=\"2f96b3d\" data-element_type=\"widget\" data-widget_type=\"text-editor.default\">\n\t\t\t\t<div class=\"elementor-widget-container\">\n\t\t\t\t\t\t\t\t\t<p><strong>KONUM TERC\u0130H\u0130<\/strong><\/p><p>B\u00f6l\u00fcm\u00fcm\u00fcz, Atat\u00fcrk \u00dcniversitesi\u2019nin yeni nesil \u00fcniversite vizyonu \u00e7er\u00e7evesinde e\u011fitim, ara\u015ft\u0131rma ve toplumsal katk\u0131 aras\u0131ndaki ba\u011flant\u0131 ile \u00dcniversitenin sahip oldu\u011fu \u00fc\u00e7 misyon alan\u0131nda \u00e7arpan etkisi olu\u015fturmay\u0131 ve optimize etmeyi hedeflemektedir. Bu ba\u011flamda b\u00f6l\u00fcm\u00fcm\u00fcz, bahsedilen b\u00fct\u00fcnle\u015fmeyi ger\u00e7ekle\u015ftirmek i\u00e7in kendi alan\u0131nda lisans, lisans\u00fcst\u00fc nitelikli \u00f6\u011frenci yeti\u015ftirmenin yan\u0131 s\u0131ra topluma katk\u0131 sa\u011flayacak sonu\u00e7 odakl\u0131 ara\u015ft\u0131rma verileri ile gerek T\u00fcrkiye\u2019de gerek b\u00f6lgesindeki benzer di\u011fer b\u00f6l\u00fcmlere oranla kendi farkl\u0131l\u0131\u011f\u0131n\u0131 ortaya koyacakt\u0131r.<\/p>\t\t\t\t\t\t\t\t<\/div>\n\t\t\t\t<\/div>\n\t\t\t\t\t<\/div>\n\t\t<\/div>\n\t\t\t\t\t<\/div>\n\t\t<\/section>\n\t\t\t\t<section class=\"elementor-section elementor-top-section elementor-element elementor-element-28d74ef elementor-section-boxed elementor-section-height-default elementor-section-height-default\" data-id=\"28d74ef\" data-element_type=\"section\">\n\t\t\t\t\t\t<div class=\"elementor-container elementor-column-gap-default\">\n\t\t\t\t\t<div class=\"elementor-column elementor-col-100 elementor-top-column elementor-element elementor-element-923a3f8\" data-id=\"923a3f8\" data-element_type=\"column\">\n\t\t\t<div class=\"elementor-widget-wrap elementor-element-populated\">\n\t\t\t\t\t\t<div class=\"elementor-element elementor-element-ababeaa elementor-widget elementor-widget-spacer\" data-id=\"ababeaa\" data-element_type=\"widget\" data-widget_type=\"spacer.default\">\n\t\t\t\t<div class=\"elementor-widget-container\">\n\t\t\t\t\t\t\t<div class=\"elementor-spacer\">\n\t\t\t<div class=\"elementor-spacer-inner\"><\/div>\n\t\t<\/div>\n\t\t\t\t\t\t<\/div>\n\t\t\t\t<\/div>\n\t\t\t\t\t<\/div>\n\t\t<\/div>\n\t\t\t\t\t<\/div>\n\t\t<\/section>\n\t\t\t\t<\/div>\n\t\t","protected":false},"excerpt":{"rendered":"<p>Farkl\u0131la\u015fma Stratejileri KONUM TERC\u0130H\u0130 B\u00f6l\u00fcm\u00fcm\u00fcz, Atat\u00fcrk \u00dcniversitesi\u2019nin yeni nesil \u00fcniversite vizyonu \u00e7er\u00e7evesinde e\u011fitim, ara\u015ft\u0131rma ve toplumsal katk\u0131 aras\u0131ndaki ba\u011flant\u0131 ile \u00dcniversitenin sahip oldu\u011fu \u00fc\u00e7 misyon alan\u0131nda \u00e7arpan etkisi olu\u015fturmay\u0131 ve optimize etmeyi hedeflemektedir. Bu ba\u011flamda b\u00f6l\u00fcm\u00fcm\u00fcz, bahsedilen b\u00fct\u00fcnle\u015fmeyi ger\u00e7ekle\u015ftirmek i\u00e7in kendi alan\u0131nda lisans, lisans\u00fcst\u00fc nitelikli \u00f6\u011frenci yeti\u015ftirmenin yan\u0131 s\u0131ra topluma katk\u0131 sa\u011flayacak sonu\u00e7 odakl\u0131 ara\u015ft\u0131rma [&hellip;]<\/p>\n","protected":false},"author":1,"featured_media":0,"parent":0,"menu_order":0,"comment_status":"closed","ping_status":"closed","template":"elementor_header_footer","meta":{"footnotes":""},"class_list":["post-6071","page","type-page","status-publish","hentry"],"_links":{"self":[{"href":"https:\/\/atauni.edu.tr\/resim-bolumu\/wp-json\/wp\/v2\/pages\/6071","targetHints":{"allow":["GET"]}}],"collection":[{"href":"https:\/\/atauni.edu.tr\/resim-bolumu\/wp-json\/wp\/v2\/pages"}],"about":[{"href":"https:\/\/atauni.edu.tr\/resim-bolumu\/wp-json\/wp\/v2\/types\/page"}],"author":[{"embeddable":true,"href":"https:\/\/atauni.edu.tr\/resim-bolumu\/wp-json\/wp\/v2\/users\/1"}],"replies":[{"embeddable":true,"href":"https:\/\/atauni.edu.tr\/resim-bolumu\/wp-json\/wp\/v2\/comments?post=6071"}],"version-history":[{"count":13,"href":"https:\/\/atauni.edu.tr\/resim-bolumu\/wp-json\/wp\/v2\/pages\/6071\/revisions"}],"predecessor-version":[{"id":7128,"href":"https:\/\/atauni.edu.tr\/resim-bolumu\/wp-json\/wp\/v2\/pages\/6071\/revisions\/7128"}],"wp:attachment":[{"href":"https:\/\/atauni.edu.tr\/resim-bolumu\/wp-json\/wp\/v2\/media?parent=6071"}],"curies":[{"name":"wp","href":"https:\/\/api.w.org\/{rel}","templated":true}]}}