{"id":7461,"date":"2024-11-10T17:19:14","date_gmt":"2024-11-10T14:19:14","guid":{"rendered":"https:\/\/birimler.atauni.edu.tr\/resim-bolumu\/?page_id=7461"},"modified":"2024-11-10T18:26:29","modified_gmt":"2024-11-10T15:26:29","slug":"komiteler","status":"publish","type":"page","link":"https:\/\/atauni.edu.tr\/resim-bolumu\/komiteler\/","title":{"rendered":"Komiteler"},"content":{"rendered":"\t\t<div data-elementor-type=\"wp-page\" data-elementor-id=\"7461\" class=\"elementor elementor-7461\" data-elementor-post-type=\"page\">\n\t\t\t\t\t\t<section class=\"elementor-section elementor-top-section elementor-element elementor-element-af52167 elementor-section-boxed elementor-section-height-default elementor-section-height-default\" data-id=\"af52167\" data-element_type=\"section\">\n\t\t\t\t\t\t<div class=\"elementor-container elementor-column-gap-default\">\n\t\t\t\t\t<div class=\"elementor-column elementor-col-100 elementor-top-column elementor-element elementor-element-24fe154\" data-id=\"24fe154\" data-element_type=\"column\">\n\t\t\t<div class=\"elementor-widget-wrap elementor-element-populated\">\n\t\t\t\t\t\t<div class=\"elementor-element elementor-element-60df324 elementor-widget elementor-widget-accordion\" data-id=\"60df324\" data-element_type=\"widget\" data-widget_type=\"accordion.default\">\n\t\t\t\t<div class=\"elementor-widget-container\">\n\t\t\t\t\t\t\t<div class=\"elementor-accordion\">\n\t\t\t\t\t\t\t<div class=\"elementor-accordion-item\">\n\t\t\t\t\t<div id=\"elementor-tab-title-1011\" class=\"elementor-tab-title\" data-tab=\"1\" role=\"button\" aria-controls=\"elementor-tab-content-1011\" aria-expanded=\"false\">\n\t\t\t\t\t\t\t\t\t\t\t\t\t<span class=\"elementor-accordion-icon elementor-accordion-icon-left\" aria-hidden=\"true\">\n\t\t\t\t\t\t\t\t\t\t\t\t\t\t\t<span class=\"elementor-accordion-icon-closed\"><i class=\"fas fa-plus\"><\/i><\/span>\n\t\t\t\t\t\t\t\t<span class=\"elementor-accordion-icon-opened\"><i class=\"fas fa-minus\"><\/i><\/span>\n\t\t\t\t\t\t\t\t\t\t\t\t\t\t<\/span>\n\t\t\t\t\t\t\t\t\t\t\t\t<a class=\"elementor-accordion-title\" tabindex=\"0\">Doktora Yeterlilik Komitesi<\/a>\n\t\t\t\t\t<\/div>\n\t\t\t\t\t<div id=\"elementor-tab-content-1011\" class=\"elementor-tab-content elementor-clearfix\" data-tab=\"1\" role=\"region\" aria-labelledby=\"elementor-tab-title-1011\"><p>Do\u00e7. Evren KAVUKCU (Ba\u015fkan)<\/p>\n<p>Prof. Mehmet KAVUKCU (\u00dcye)<\/p>\n<p>Prof. Ay\u00e7a Alper AK\u00c7AY (\u00dcye)<\/p>\n<p>Do\u00e7. Cemile Didem \u00d6ZI\u015eIK (\u00dcye)<\/p>\n<p>Do\u00e7. Muhammet TATAR (\u00dcye)<\/p><\/div>\n\t\t\t\t<\/div>\n\t\t\t\t\t\t\t\t<\/div>\n\t\t\t\t\t\t<\/div>\n\t\t\t\t<\/div>\n\t\t\t\t\t<\/div>\n\t\t<\/div>\n\t\t\t\t\t<\/div>\n\t\t<\/section>\n\t\t\t\t<\/div>\n\t\t","protected":false},"excerpt":{"rendered":"<p>Doktora Yeterlilik Komitesi Do\u00e7. Evren KAVUKCU (Ba\u015fkan) Prof. Mehmet KAVUKCU (\u00dcye) Prof. Ay\u00e7a Alper AK\u00c7AY (\u00dcye) Do\u00e7. Cemile Didem \u00d6ZI\u015eIK (\u00dcye) Do\u00e7. Muhammet TATAR (\u00dcye)<\/p>\n","protected":false},"author":133,"featured_media":0,"parent":0,"menu_order":0,"comment_status":"closed","ping_status":"closed","template":"","meta":{"footnotes":""},"class_list":["post-7461","page","type-page","status-publish","hentry"],"_links":{"self":[{"href":"https:\/\/atauni.edu.tr\/resim-bolumu\/wp-json\/wp\/v2\/pages\/7461","targetHints":{"allow":["GET"]}}],"collection":[{"href":"https:\/\/atauni.edu.tr\/resim-bolumu\/wp-json\/wp\/v2\/pages"}],"about":[{"href":"https:\/\/atauni.edu.tr\/resim-bolumu\/wp-json\/wp\/v2\/types\/page"}],"author":[{"embeddable":true,"href":"https:\/\/atauni.edu.tr\/resim-bolumu\/wp-json\/wp\/v2\/users\/133"}],"replies":[{"embeddable":true,"href":"https:\/\/atauni.edu.tr\/resim-bolumu\/wp-json\/wp\/v2\/comments?post=7461"}],"version-history":[{"count":10,"href":"https:\/\/atauni.edu.tr\/resim-bolumu\/wp-json\/wp\/v2\/pages\/7461\/revisions"}],"predecessor-version":[{"id":7526,"href":"https:\/\/atauni.edu.tr\/resim-bolumu\/wp-json\/wp\/v2\/pages\/7461\/revisions\/7526"}],"wp:attachment":[{"href":"https:\/\/atauni.edu.tr\/resim-bolumu\/wp-json\/wp\/v2\/media?parent=7461"}],"curies":[{"name":"wp","href":"https:\/\/api.w.org\/{rel}","templated":true}]}}