{"id":7489,"date":"2024-11-10T17:28:14","date_gmt":"2024-11-10T14:28:14","guid":{"rendered":"https:\/\/birimler.atauni.edu.tr\/resim-bolumu\/?page_id=7489"},"modified":"2026-05-06T11:07:31","modified_gmt":"2026-05-06T08:07:31","slug":"danismanliklar","status":"publish","type":"page","link":"https:\/\/atauni.edu.tr\/resim-bolumu\/danismanliklar\/","title":{"rendered":"Dan\u0131\u015fmanl\u0131klar"},"content":{"rendered":"\t\t<div data-elementor-type=\"wp-page\" data-elementor-id=\"7489\" class=\"elementor elementor-7489\" data-elementor-post-type=\"page\">\n\t\t\t\t\t\t<section class=\"elementor-section elementor-top-section elementor-element elementor-element-153863f elementor-section-boxed elementor-section-height-default elementor-section-height-default\" data-id=\"153863f\" data-element_type=\"section\">\n\t\t\t\t\t\t<div class=\"elementor-container elementor-column-gap-default\">\n\t\t\t\t\t<div class=\"elementor-column elementor-col-100 elementor-top-column elementor-element elementor-element-0930ab4\" data-id=\"0930ab4\" data-element_type=\"column\">\n\t\t\t<div class=\"elementor-widget-wrap elementor-element-populated\">\n\t\t\t\t\t\t<div class=\"elementor-element elementor-element-a16e142 elementor-widget elementor-widget-text-editor\" data-id=\"a16e142\" data-element_type=\"widget\" data-widget_type=\"text-editor.default\">\n\t\t\t\t<div class=\"elementor-widget-container\">\n\t\t\t\t\t\t\t\t\t<table>\n<tbody>\n<tr>\n<td width=\"302\">\n<p>Lisans \u00d6\u011frenci Dan\u0131\u015fmanl\u0131\u011f\u0131 (1. S\u0131n\u0131flar)<\/p>\n<\/td>\n<td width=\"302\"><p><span style=\"letter-spacing: 0px\">\u00d6\u011fr. G\u00f6r. Sibel AKTOPRAK<\/span><\/p>\n<\/td>\n<\/tr>\n<tr>\n<td width=\"302\">\n<p>Lisans \u00d6\u011frenci Dan\u0131\u015fmanl\u0131\u011f\u0131 (2. S\u0131n\u0131flar)<\/p>\n<\/td>\n<td width=\"302\">\n<p>D<span style=\"letter-spacing: 0px\">o\u00e7. Hatice DO\u011eAN<\/span><\/p>\n<\/td>\n<\/tr>\n<tr>\n<td width=\"302\">\n<p>Lisans \u00d6\u011frenci Dan\u0131\u015fmanl\u0131\u011f\u0131 (3. S\u0131n\u0131flar)<\/p>\n<\/td>\n<td width=\"302\">\n<p>Ar\u015f. G\u00f6r. Dr. Ahmet Bay\u0131r<\/p>\n<\/td>\n<\/tr>\n<tr>\n<td width=\"302\">\n<p>Lisans \u00d6\u011frenci Dan\u0131\u015fmanl\u0131\u011f\u0131 (4. S\u0131n\u0131flar)<\/p>\n<\/td>\n<td width=\"302\">\n<p>Ar\u015f. G\u00f6r. Dr. Ahmet DEM\u0130R<\/p>\n<\/td>\n<\/tr>\n<tr>\n<td width=\"302\">\n<p>Lisans \u00d6\u011frenci Dan\u0131\u015fmanl\u0131\u011f\u0131 (Uzatanlar)<\/p>\n<\/td>\n<td width=\"302\">\n<p>Prof. Ay\u00e7a Alper AK\u00c7AY<\/p>\n<\/td>\n<\/tr>\n<tr>\n<td width=\"302\">\n<p>Lisans \u00d6\u011frenci Dan\u0131\u015fmanl\u0131\u011f\u0131 (Uzatanlar)<\/p>\n<\/td>\n<td width=\"302\">\n<p>Do\u00e7. Evren KAVUKCU<\/p>\n<\/td>\n<\/tr>\n<tr>\n<td width=\"302\">\n<p>Lisans \u00d6\u011frenci Dan\u0131\u015fmanl\u0131\u011f\u0131 (Uzatanlar)<\/p>\n<\/td>\n<td width=\"302\">\n<p>Do\u00e7. Muhammet TATAR<\/p>\n<\/td>\n<\/tr>\n<\/tbody>\n<\/table>\t\t\t\t\t\t\t\t<\/div>\n\t\t\t\t<\/div>\n\t\t\t\t\t<\/div>\n\t\t<\/div>\n\t\t\t\t\t<\/div>\n\t\t<\/section>\n\t\t\t\t<\/div>\n\t\t","protected":false},"excerpt":{"rendered":"<p>Lisans \u00d6\u011frenci Dan\u0131\u015fmanl\u0131\u011f\u0131 (1. S\u0131n\u0131flar) \u00d6\u011fr. G\u00f6r. Sibel AKTOPRAK Lisans \u00d6\u011frenci Dan\u0131\u015fmanl\u0131\u011f\u0131 (2. S\u0131n\u0131flar) Do\u00e7. Hatice DO\u011eAN Lisans \u00d6\u011frenci Dan\u0131\u015fmanl\u0131\u011f\u0131 (3. S\u0131n\u0131flar) Ar\u015f. G\u00f6r. Dr. Ahmet Bay\u0131r Lisans \u00d6\u011frenci Dan\u0131\u015fmanl\u0131\u011f\u0131 (4. S\u0131n\u0131flar) Ar\u015f. G\u00f6r. Dr. Ahmet DEM\u0130R Lisans \u00d6\u011frenci Dan\u0131\u015fmanl\u0131\u011f\u0131 (Uzatanlar) Prof. Ay\u00e7a Alper AK\u00c7AY Lisans \u00d6\u011frenci Dan\u0131\u015fmanl\u0131\u011f\u0131 (Uzatanlar) Do\u00e7. Evren KAVUKCU Lisans \u00d6\u011frenci Dan\u0131\u015fmanl\u0131\u011f\u0131 [&hellip;]<\/p>\n","protected":false},"author":133,"featured_media":0,"parent":0,"menu_order":0,"comment_status":"closed","ping_status":"closed","template":"","meta":{"footnotes":""},"class_list":["post-7489","page","type-page","status-publish","hentry"],"_links":{"self":[{"href":"https:\/\/atauni.edu.tr\/resim-bolumu\/wp-json\/wp\/v2\/pages\/7489","targetHints":{"allow":["GET"]}}],"collection":[{"href":"https:\/\/atauni.edu.tr\/resim-bolumu\/wp-json\/wp\/v2\/pages"}],"about":[{"href":"https:\/\/atauni.edu.tr\/resim-bolumu\/wp-json\/wp\/v2\/types\/page"}],"author":[{"embeddable":true,"href":"https:\/\/atauni.edu.tr\/resim-bolumu\/wp-json\/wp\/v2\/users\/133"}],"replies":[{"embeddable":true,"href":"https:\/\/atauni.edu.tr\/resim-bolumu\/wp-json\/wp\/v2\/comments?post=7489"}],"version-history":[{"count":10,"href":"https:\/\/atauni.edu.tr\/resim-bolumu\/wp-json\/wp\/v2\/pages\/7489\/revisions"}],"predecessor-version":[{"id":8597,"href":"https:\/\/atauni.edu.tr\/resim-bolumu\/wp-json\/wp\/v2\/pages\/7489\/revisions\/8597"}],"wp:attachment":[{"href":"https:\/\/atauni.edu.tr\/resim-bolumu\/wp-json\/wp\/v2\/media?parent=7489"}],"curies":[{"name":"wp","href":"https:\/\/api.w.org\/{rel}","templated":true}]}}