{"id":7741,"date":"2025-06-26T13:39:48","date_gmt":"2025-06-26T10:39:48","guid":{"rendered":"https:\/\/birimler.atauni.edu.tr\/resim-bolumu\/?page_id=7741"},"modified":"2025-08-03T13:43:40","modified_gmt":"2025-08-03T10:43:40","slug":"haberler","status":"publish","type":"page","link":"https:\/\/atauni.edu.tr\/resim-bolumu\/haberler\/","title":{"rendered":"Haberler"},"content":{"rendered":"<form method=\"get\" class=\"row g-3\" style=\"margin-bottom: 20px;\"><div class=\"col-md-3\"><input type=\"text\" name=\"haber_ara\" class=\"form-control\" placeholder=\"Haber ara...\" value=\"\"><\/div><div class=\"col-md-3\"><input type=\"date\" name=\"baslangic_tarihi\" class=\"form-control\" value=\"\"><\/div><div class=\"col-md-3\"><input type=\"date\" name=\"bitis_tarihi\" class=\"form-control\" value=\"\"><\/div><div class=\"col-md-3\"><button type=\"submit\" class=\"btn btn-secondary w-50\">Filtrele<\/button><\/div><\/form><ul class=\"kategori-yazilari-liste\"><li style=\"display: flex; margin-bottom: 10px; align-items: center;\"><div class=\"post-thumbnail\" style=\"margin-right: 15px;\"><a href=\"https:\/\/atauni.edu.tr\/resim-bolumu\/2025\/12\/11\/yok-yer-sergisi\/\"><img decoding=\"async\" width=\"150\" height=\"150\" src=\"https:\/\/atauni.edu.tr\/resim-bolumu\/wp-content\/uploads\/sites\/148\/2025\/12\/IMG_6850-150x150.jpg\" class=\"attachment-thumbnail size-thumbnail wp-post-image\" alt=\"\" \/><\/a><\/div><div class=\"post-content\" style=\"flex-grow: 1;\"><span class=\"post-date habertarih\" style=\"display: block; font-weight: bold; margin-bottom: 5px;\">11 Aral\u0131k 2025<\/span><a class=\"haberbaslik\" href=\"https:\/\/atauni.edu.tr\/resim-bolumu\/2025\/12\/11\/yok-yer-sergisi\/\">&#8220;Yok Yer&#8221; Sergisi<\/a><\/div><\/li><li style=\"display: flex; margin-bottom: 10px; align-items: center;\"><div class=\"post-thumbnail\" style=\"margin-right: 15px;\"><a href=\"https:\/\/atauni.edu.tr\/resim-bolumu\/2024\/11\/16\/doc-muhammet-tatar-masumiyetin-katli-sergisi\/\"><img decoding=\"async\" width=\"150\" height=\"150\" src=\"https:\/\/atauni.edu.tr\/resim-bolumu\/wp-content\/uploads\/sites\/148\/2024\/11\/Ekran-Resmi-2024-11-16-00.06.21-e1731764817168-150x150.png\" class=\"attachment-thumbnail size-thumbnail wp-post-image\" alt=\"\" \/><\/a><\/div><div class=\"post-content\" style=\"flex-grow: 1;\"><span class=\"post-date habertarih\" style=\"display: block; font-weight: bold; margin-bottom: 5px;\">16 Kas\u0131m 2024<\/span><a class=\"haberbaslik\" href=\"https:\/\/atauni.edu.tr\/resim-bolumu\/2024\/11\/16\/doc-muhammet-tatar-masumiyetin-katli-sergisi\/\">Do\u00e7. Muhammet TATAR  &#8220;Masumiyetin Katli&#8221; Sergisi<\/a><\/div><\/li><li style=\"display: flex; margin-bottom: 10px; align-items: center;\"><div class=\"post-thumbnail\" style=\"margin-right: 15px;\"><a href=\"https:\/\/atauni.edu.tr\/resim-bolumu\/2024\/11\/09\/resim-bolumu-ogrencilerinin-sergi-basarilari\/\"><img decoding=\"async\" width=\"150\" height=\"150\" src=\"https:\/\/atauni.edu.tr\/resim-bolumu\/wp-content\/uploads\/sites\/148\/2024\/11\/Atauni-GSF-Resim-Bo\u0308lu\u0308mu\u0308-O\u0308g\u0306renci-Sergiler-150x150.png\" class=\"attachment-thumbnail size-thumbnail wp-post-image\" alt=\"\" \/><\/a><\/div><div class=\"post-content\" style=\"flex-grow: 1;\"><span class=\"post-date habertarih\" style=\"display: block; font-weight: bold; margin-bottom: 5px;\">9 Kas\u0131m 2024<\/span><a class=\"haberbaslik\" href=\"https:\/\/atauni.edu.tr\/resim-bolumu\/2024\/11\/09\/resim-bolumu-ogrencilerinin-sergi-basarilari\/\">Resim B\u00f6l\u00fcm\u00fc \u00d6\u011frencilerinin Sergi Ba\u015far\u0131lar\u0131<\/a><\/div><\/li><li style=\"display: flex; margin-bottom: 10px; align-items: center;\"><div class=\"post-thumbnail\" style=\"margin-right: 15px;\"><a href=\"https:\/\/atauni.edu.tr\/resim-bolumu\/2024\/10\/29\/29-ekim-cumhuriyet-bayraminda-bayrak-eseri\/\"><img loading=\"lazy\" decoding=\"async\" width=\"150\" height=\"150\" src=\"https:\/\/atauni.edu.tr\/resim-bolumu\/wp-content\/uploads\/sites\/148\/2024\/10\/29-Ekim-Mehmet-Kavukcu-22Bayrak22-e1730186906827-150x150.png\" class=\"attachment-thumbnail size-thumbnail wp-post-image\" alt=\"\" \/><\/a><\/div><div class=\"post-content\" style=\"flex-grow: 1;\"><span class=\"post-date habertarih\" style=\"display: block; font-weight: bold; margin-bottom: 5px;\">29 Ekim 2024<\/span><a class=\"haberbaslik\" href=\"https:\/\/atauni.edu.tr\/resim-bolumu\/2024\/10\/29\/29-ekim-cumhuriyet-bayraminda-bayrak-eseri\/\">29 Ekim Cumhuriyet Bayram\u0131&#8217;nda &#8220;Bayrak&#8221; Eseri<\/a><\/div><\/li><li style=\"display: flex; margin-bottom: 10px; align-items: center;\"><div class=\"post-thumbnail\" style=\"margin-right: 15px;\"><a href=\"https:\/\/atauni.edu.tr\/resim-bolumu\/2024\/10\/29\/scie-q1-makale-dalinda-guzel-sanatlar-fakultesine-ilk-odul-prof-dr-ayca-alper-akcaya-verildi\/\"><img loading=\"lazy\" decoding=\"async\" width=\"150\" height=\"150\" src=\"https:\/\/atauni.edu.tr\/resim-bolumu\/wp-content\/uploads\/sites\/148\/2024\/10\/Ekran-Resmi-2024-10-29-09.22.05-e1730184200657-150x150.png\" class=\"attachment-thumbnail size-thumbnail wp-post-image\" alt=\"\" \/><\/a><\/div><div class=\"post-content\" style=\"flex-grow: 1;\"><span class=\"post-date habertarih\" style=\"display: block; font-weight: bold; margin-bottom: 5px;\">29 Ekim 2024<\/span><a class=\"haberbaslik\" href=\"https:\/\/atauni.edu.tr\/resim-bolumu\/2024\/10\/29\/scie-q1-makale-dalinda-guzel-sanatlar-fakultesine-ilk-odul-prof-dr-ayca-alper-akcaya-verildi\/\">SCIE Q1 Makale Dal\u0131nda G\u00fczel Sanatlar Fak\u00fcltesi\u2019ne \u0130lk \u00d6d\u00fcl Prof. Dr. Ay\u00e7a ALPER AK\u00c7AY\u2019a verildi.<\/a><\/div><\/li><li style=\"display: flex; margin-bottom: 10px; align-items: center;\"><div class=\"post-thumbnail\" style=\"margin-right: 15px;\"><a href=\"https:\/\/atauni.edu.tr\/resim-bolumu\/2024\/10\/29\/erzincan-binali-yildirim-universitesi-isbirliginde-algoritma-ve-sanat-calistayi-ile-algoritma-sergisi-duzenlendi\/\"><img loading=\"lazy\" decoding=\"async\" width=\"150\" height=\"150\" src=\"https:\/\/atauni.edu.tr\/resim-bolumu\/wp-content\/uploads\/sites\/148\/2024\/10\/Algoritma-ve-Sanat-C\u0327alis\u0327tayi-ve-Sergisi--e1730186191155-150x150.png\" class=\"attachment-thumbnail size-thumbnail wp-post-image\" alt=\"\" \/><\/a><\/div><div class=\"post-content\" style=\"flex-grow: 1;\"><span class=\"post-date habertarih\" style=\"display: block; font-weight: bold; margin-bottom: 5px;\">29 Ekim 2024<\/span><a class=\"haberbaslik\" href=\"https:\/\/atauni.edu.tr\/resim-bolumu\/2024\/10\/29\/erzincan-binali-yildirim-universitesi-isbirliginde-algoritma-ve-sanat-calistayi-ile-algoritma-sergisi-duzenlendi\/\">Erzincan Binali Y\u0131ld\u0131r\u0131m \u00dcniversitesi i\u015fbirli\u011finde &#8220;Algoritma ve Sanat \u00c7al\u0131\u015ftay\u0131&#8221; ile &#8220;Algoritma Sergisi&#8221; d\u00fczenlendi.<\/a><\/div><\/li><\/ul>\n\n\n\n<p><\/p>\n","protected":false},"excerpt":{"rendered":"","protected":false},"author":8,"featured_media":0,"parent":0,"menu_order":0,"comment_status":"closed","ping_status":"closed","template":"","meta":{"footnotes":""},"class_list":["post-7741","page","type-page","status-publish","hentry"],"_links":{"self":[{"href":"https:\/\/atauni.edu.tr\/resim-bolumu\/wp-json\/wp\/v2\/pages\/7741","targetHints":{"allow":["GET"]}}],"collection":[{"href":"https:\/\/atauni.edu.tr\/resim-bolumu\/wp-json\/wp\/v2\/pages"}],"about":[{"href":"https:\/\/atauni.edu.tr\/resim-bolumu\/wp-json\/wp\/v2\/types\/page"}],"author":[{"embeddable":true,"href":"https:\/\/atauni.edu.tr\/resim-bolumu\/wp-json\/wp\/v2\/users\/8"}],"replies":[{"embeddable":true,"href":"https:\/\/atauni.edu.tr\/resim-bolumu\/wp-json\/wp\/v2\/comments?post=7741"}],"version-history":[{"count":2,"href":"https:\/\/atauni.edu.tr\/resim-bolumu\/wp-json\/wp\/v2\/pages\/7741\/revisions"}],"predecessor-version":[{"id":7754,"href":"https:\/\/atauni.edu.tr\/resim-bolumu\/wp-json\/wp\/v2\/pages\/7741\/revisions\/7754"}],"wp:attachment":[{"href":"https:\/\/atauni.edu.tr\/resim-bolumu\/wp-json\/wp\/v2\/media?parent=7741"}],"curies":[{"name":"wp","href":"https:\/\/api.w.org\/{rel}","templated":true}]}}