{"id":7747,"date":"2025-06-26T13:40:57","date_gmt":"2025-06-26T10:40:57","guid":{"rendered":"https:\/\/birimler.atauni.edu.tr\/resim-bolumu\/?page_id=7747"},"modified":"2025-08-03T13:43:21","modified_gmt":"2025-08-03T10:43:21","slug":"duyurular","status":"publish","type":"page","link":"https:\/\/atauni.edu.tr\/resim-bolumu\/duyurular\/","title":{"rendered":"Duyurular"},"content":{"rendered":"<form method=\"get\" class=\"row g-3\" style=\"margin-bottom: 20px;\"><div class=\"col-md-3\"><input type=\"text\" name=\"Duyuru_ara\" class=\"form-control\" placeholder=\"Duyuru ara...\" value=\"\"><\/div><div class=\"col-md-3\"><input type=\"date\" name=\"baslangic_tarihi\" class=\"form-control\" value=\"\"><\/div><div class=\"col-md-3\"><input type=\"date\" name=\"bitis_tarihi\" class=\"form-control\" value=\"\"><\/div><div class=\"col-md-3\"><button type=\"submit\" class=\"btn btn-secondary w-50\">Filtrele<\/button><\/div><\/form><ul class=\"kategori-yazilari-liste\"><li style=\"display: flex; margin-bottom: 10px; align-items: center;\"><div class=\"post-content\" style=\"flex-grow: 1;\"><span class=\"post-date Duyurutarih\" style=\"display: block; font-weight: bold; margin-bottom: 5px;\">24 Mart 2026<\/span><a class=\"Duyurubaslik\" href=\"https:\/\/atauni.edu.tr\/resim-bolumu\/2026\/03\/24\/2025-2026-egitim-ogretim-yili-bahar-donemi-sinav-takvimi\/\">2025-2026 E\u011fitim \u00d6\u011fretim Y\u0131l\u0131 Bahar D\u00f6nemi S\u0131nav Takvimi<\/a><\/div><\/li><li style=\"display: flex; margin-bottom: 10px; align-items: center;\"><div class=\"post-content\" style=\"flex-grow: 1;\"><span class=\"post-date Duyurutarih\" style=\"display: block; font-weight: bold; margin-bottom: 5px;\">3 \u015eubat 2026<\/span><a class=\"Duyurubaslik\" href=\"https:\/\/atauni.edu.tr\/resim-bolumu\/2026\/02\/03\/2025-2026-egitim-ogretim-yili-bahar-donemi-ders-programi\/\">2025-2026 E\u011fitim \u00d6\u011fretim Y\u0131l\u0131 Bahar D\u00f6nemi Ders Program\u0131<\/a><\/div><\/li><li style=\"display: flex; margin-bottom: 10px; align-items: center;\"><div class=\"post-content\" style=\"flex-grow: 1;\"><span class=\"post-date Duyurutarih\" style=\"display: block; font-weight: bold; margin-bottom: 5px;\">12 Kas\u0131m 2025<\/span><a class=\"Duyurubaslik\" href=\"https:\/\/atauni.edu.tr\/resim-bolumu\/2025\/11\/12\/2025-2026-egitim-ogretim-yili-guz-donemi-vize-sinav-programi\/\">2025-2026 E\u011fitim-\u00d6\u011fretim Y\u0131l\u0131 G\u00fcz D\u00f6nemi Vize S\u0131nav Program\u0131<\/a><\/div><\/li><li style=\"display: flex; margin-bottom: 10px; align-items: center;\"><div class=\"post-content\" style=\"flex-grow: 1;\"><span class=\"post-date Duyurutarih\" style=\"display: block; font-weight: bold; margin-bottom: 5px;\">1 Ekim 2025<\/span><a class=\"Duyurubaslik\" href=\"https:\/\/atauni.edu.tr\/resim-bolumu\/2025\/10\/01\/resim-bolumu-1-sinif-ogrencileriyle-oryantasyon-toplantisi\/\">Resim B\u00f6l\u00fcm\u00fc 1. S\u0131n\u0131f \u00d6\u011frencileriyle Oryantasyon Toplant\u0131s\u0131<\/a><\/div><\/li><li style=\"display: flex; margin-bottom: 10px; align-items: center;\"><div class=\"post-content\" style=\"flex-grow: 1;\"><span class=\"post-date Duyurutarih\" style=\"display: block; font-weight: bold; margin-bottom: 5px;\">19 Eyl\u00fcl 2025<\/span><a class=\"Duyurubaslik\" href=\"https:\/\/atauni.edu.tr\/resim-bolumu\/2025\/09\/19\/2025-2026-egitim-ogretim-yili-guz-donemi-ders-programi\/\">2025-2026 E\u011fitim \u00d6\u011fretim Y\u0131l\u0131 G\u00fcz D\u00f6nemi Ders Program\u0131<\/a><\/div><\/li><li style=\"display: flex; margin-bottom: 10px; align-items: center;\"><div class=\"post-content\" style=\"flex-grow: 1;\"><span class=\"post-date Duyurutarih\" style=\"display: block; font-weight: bold; margin-bottom: 5px;\">14 Kas\u0131m 2024<\/span><a class=\"Duyurubaslik\" href=\"https:\/\/atauni.edu.tr\/resim-bolumu\/2024\/11\/14\/2024-2025-egitim-ogretim-yili-guz-donemi-resim-bolumu-vize-sinav-programi\/\">2024-2025 E\u011fitim \u00d6\u011fretim Y\u0131l\u0131 G\u00fcz D\u00f6nemi Resim B\u00f6l\u00fcm\u00fc Vize S\u0131nav Program\u0131<\/a><\/div><\/li><li style=\"display: flex; margin-bottom: 10px; align-items: center;\"><div class=\"post-content\" style=\"flex-grow: 1;\"><span class=\"post-date Duyurutarih\" style=\"display: block; font-weight: bold; margin-bottom: 5px;\">10 Kas\u0131m 2024<\/span><a class=\"Duyurubaslik\" href=\"https:\/\/atauni.edu.tr\/resim-bolumu\/2024\/11\/10\/2024-2025-egitim-ogreitm-yili-vize-sinav-programi\/\">2024-2025 E\u011fitim \u00d6\u011freitm Y\u0131l\u0131 Vize S\u0131nav Program\u0131<\/a><\/div><\/li><li style=\"display: flex; margin-bottom: 10px; align-items: center;\"><div class=\"post-content\" style=\"flex-grow: 1;\"><span class=\"post-date Duyurutarih\" style=\"display: block; font-weight: bold; margin-bottom: 5px;\">29 Ekim 2024<\/span><a class=\"Duyurubaslik\" href=\"https:\/\/atauni.edu.tr\/resim-bolumu\/2024\/10\/29\/2023-2024-egitim-ogretim-guz-donemi-final-ve-butunleme-sinav-takvimi-orgun-ogretim\/\">2023-2024 E\u011fitim \u00d6\u011fretim G\u00fcz D\u00f6nemi Final ve B\u00fct\u00fcnleme S\u0131nav Takvimi (\u00d6rg\u00fcn \u00d6\u011fretim)<\/a><\/div><\/li><li style=\"display: flex; margin-bottom: 10px; align-items: center;\"><div class=\"post-content\" style=\"flex-grow: 1;\"><span class=\"post-date Duyurutarih\" style=\"display: block; font-weight: bold; margin-bottom: 5px;\">26 Eyl\u00fcl 2024<\/span><a class=\"Duyurubaslik\" href=\"https:\/\/atauni.edu.tr\/resim-bolumu\/2024\/09\/26\/2024-2025-egitim-ogretim-yili-bahar-donemi-ders-programi\/\">2024-2025 E\u011fitim \u00d6\u011fretim Y\u0131l\u0131 Bahar D\u00f6nemi Ders Program\u0131<\/a><\/div><\/li><li style=\"display: flex; margin-bottom: 10px; align-items: center;\"><div class=\"post-content\" style=\"flex-grow: 1;\"><span class=\"post-date Duyurutarih\" style=\"display: block; font-weight: bold; margin-bottom: 5px;\">28 May\u0131s 2024<\/span><a class=\"Duyurubaslik\" href=\"https:\/\/atauni.edu.tr\/resim-bolumu\/2024\/05\/28\/2023-2024-egitim-ogretim-bahar-donemi-final-ve-butunleme-sinav-takvimi-orgun-ogretim\/\">2023-2024 E\u011fitim \u00d6\u011fretim Bahar D\u00f6nemi Final ve B\u00fct\u00fcnleme S\u0131nav Takvimi (\u00d6rg\u00fcn \u00d6\u011fretim)<\/a><\/div><\/li><\/ul><nav class=\"pagination\" style=\"margin-top: 20px;\"><ul class='page-numbers'>\n\t<li><span aria-current=\"page\" class=\"page-numbers current\">1<\/span><\/li>\n\t<li><a class=\"page-numbers\" href=\"https:\/\/atauni.edu.tr\/resim-bolumu\/wp-json\/wp\/v2\/pages\/7747\/page\/2\/\">2<\/a><\/li>\n\t<li><a class=\"next page-numbers\" href=\"https:\/\/atauni.edu.tr\/resim-bolumu\/wp-json\/wp\/v2\/pages\/7747\/page\/2\/\">Sonraki &raquo;<\/a><\/li>\n<\/ul>\n<\/nav>\n\n\n\n<p><\/p>\n","protected":false},"excerpt":{"rendered":"","protected":false},"author":8,"featured_media":0,"parent":0,"menu_order":0,"comment_status":"closed","ping_status":"closed","template":"","meta":{"footnotes":""},"class_list":["post-7747","page","type-page","status-publish","hentry"],"_links":{"self":[{"href":"https:\/\/atauni.edu.tr\/resim-bolumu\/wp-json\/wp\/v2\/pages\/7747","targetHints":{"allow":["GET"]}}],"collection":[{"href":"https:\/\/atauni.edu.tr\/resim-bolumu\/wp-json\/wp\/v2\/pages"}],"about":[{"href":"https:\/\/atauni.edu.tr\/resim-bolumu\/wp-json\/wp\/v2\/types\/page"}],"author":[{"embeddable":true,"href":"https:\/\/atauni.edu.tr\/resim-bolumu\/wp-json\/wp\/v2\/users\/8"}],"replies":[{"embeddable":true,"href":"https:\/\/atauni.edu.tr\/resim-bolumu\/wp-json\/wp\/v2\/comments?post=7747"}],"version-history":[{"count":2,"href":"https:\/\/atauni.edu.tr\/resim-bolumu\/wp-json\/wp\/v2\/pages\/7747\/revisions"}],"predecessor-version":[{"id":7752,"href":"https:\/\/atauni.edu.tr\/resim-bolumu\/wp-json\/wp\/v2\/pages\/7747\/revisions\/7752"}],"wp:attachment":[{"href":"https:\/\/atauni.edu.tr\/resim-bolumu\/wp-json\/wp\/v2\/media?parent=7747"}],"curies":[{"name":"wp","href":"https:\/\/api.w.org\/{rel}","templated":true}]}}