{"id":8044,"date":"2026-04-22T16:26:23","date_gmt":"2026-04-22T13:26:23","guid":{"rendered":"https:\/\/atauni.edu.tr\/resim-bolumu\/?page_id=8044"},"modified":"2026-04-23T19:00:21","modified_gmt":"2026-04-23T16:00:21","slug":"diploma-calismasi-lisans-tezleri","status":"publish","type":"page","link":"https:\/\/atauni.edu.tr\/resim-bolumu\/diploma-calismasi-lisans-tezleri\/","title":{"rendered":"Diploma \u00c7al\u0131\u015fmas\u0131 (Lisans Tezleri)"},"content":{"rendered":"\t\t<div data-elementor-type=\"wp-page\" data-elementor-id=\"8044\" class=\"elementor elementor-8044\" data-elementor-post-type=\"page\">\n\t\t\t\t\t\t<section class=\"elementor-section elementor-top-section elementor-element elementor-element-645216e elementor-section-boxed elementor-section-height-default elementor-section-height-default\" data-id=\"645216e\" data-element_type=\"section\">\n\t\t\t\t\t\t<div class=\"elementor-container elementor-column-gap-default\">\n\t\t\t\t\t<div class=\"elementor-column elementor-col-100 elementor-top-column elementor-element elementor-element-fe6a60a\" data-id=\"fe6a60a\" data-element_type=\"column\">\n\t\t\t<div class=\"elementor-widget-wrap elementor-element-populated\">\n\t\t\t\t\t\t<div class=\"elementor-element elementor-element-897f4cf elementor-widget elementor-widget-text-editor\" data-id=\"897f4cf\" data-element_type=\"widget\" data-widget_type=\"text-editor.default\">\n\t\t\t\t<div class=\"elementor-widget-container\">\n\t\t\t\t\t\t\t\t\t<h2><span style=\"color: #0d1461;font-family: Podkova, sans-serif;font-size: 20px;font-weight: 600;letter-spacing: 0px\">2023-2025 Aras\u0131nda Tamamlanan Diploma \u00c7al\u0131\u015fmalar\u0131<\/span><\/h2><p>Diploma \u00e7al\u0131\u015fmas\u0131 kapsam\u0131nda tamamlanan lisans tezlerine ve kaynak\u00e7a b\u00f6l\u00fcmlerine tez adlar\u0131na t\u0131klayarak eri\u015febilirsiniz.<\/p><h5>2025<\/h5><p>Aslan, M. (2025). <a href=\"http:\/\/atauni.edu.tr\/resim-bolumu\/wp-content\/uploads\/sites\/148\/2026\/04\/img-420020820.pdf\">&#8220;Pop\u00fcler K\u00fclt\u00fcr\u00fcn Bir Par\u00e7as\u0131 Olarak Gazze Soyk\u0131r\u0131m\u0131&#8221;<\/a>. (Yay\u0131mlanmam\u0131\u015f lisans tezi) Atat\u00fcrk \u00dcniversitesi.\u00a0<\/p><p>Baran, N. (2025). <a href=\"http:\/\/atauni.edu.tr\/resim-bolumu\/wp-content\/uploads\/sites\/148\/2026\/04\/Nazlican-BARAN.pdf\">&#8220;Resim Sanat\u0131nda Bulut \u0130mgesi&#8221;<\/a>. (Yay\u0131mlanmam\u0131\u015f lisans tezi) Atat\u00fcrk \u00dcniversitesi.\u00a0<\/p><p>Er\u00e7ek, E. (2025). <a href=\"http:\/\/atauni.edu.tr\/resim-bolumu\/wp-content\/uploads\/sites\/148\/2026\/04\/eylulercek_tez-25.pdf\">&#8220;Soyut Ekspresyonizmde Jest\u00fcel Yorum ve Rastlant\u0131sall\u0131k&#8221;<\/a>. (Yay\u0131mlanmam\u0131\u015f lisans tezi) Atat\u00fcrk \u00dcniversitesi.\u00a0<\/p><p>Eren, \u015e. (2025). <a href=\"http:\/\/atauni.edu.tr\/resim-bolumu\/wp-content\/uploads\/sites\/148\/2026\/04\/img-420010419.pdf\">&#8220;Betonla\u015fman\u0131n G\u00f6lgesinde Ye\u015fil&#8221;<\/a>. (Yay\u0131mlanmam\u0131\u015f lisans tezi) Atat\u00fcrk \u00dcniversitesi.\u00a0<\/p><p>\u00c7elik, E. (2025). <a href=\"http:\/\/atauni.edu.tr\/resim-bolumu\/wp-content\/uploads\/sites\/148\/2026\/04\/img-420014507.pdf\">&#8220;Dijital Emzik&#8221;<\/a>. (Yay\u0131mlanmam\u0131\u015f lisans tezi) Atat\u00fcrk \u00dcniversitesi.\u00a0<\/p><p>\u00c7elik, M. (2025).<a href=\"http:\/\/atauni.edu.tr\/resim-bolumu\/wp-content\/uploads\/sites\/148\/2026\/04\/img-420002735.pdf\"> &#8220;Sanatsal Bir \u00dcretim Olarak D\u00fcnya Haritas\u0131 Tasviri ve Analizi&#8221;<\/a>. (Yay\u0131mlanmam\u0131\u015f lisans tezi) Atat\u00fcrk \u00dcniversitesi.\u00a0<\/p><p>Ergin, A. (2025). <a href=\"http:\/\/atauni.edu.tr\/resim-bolumu\/wp-content\/uploads\/sites\/148\/2026\/04\/img-420005954.pdf\">&#8220;Psikolojik Travmalar ve Resimsel Yans\u0131malar (Katmanlar &amp; Kapatmalar)&#8221;<\/a>. (Yay\u0131mlanmam\u0131\u015f lisans tezi) Atat\u00fcrk \u00dcniversitesi.\u00a0<\/p><p>\u0130l, Y. (2025). <a href=\"http:\/\/atauni.edu.tr\/resim-bolumu\/wp-content\/uploads\/sites\/148\/2026\/04\/img-420005220.pdf\">&#8220;Ger\u00e7ekli\u011fin Masalla\u015ft\u0131r\u0131lmas\u0131: Tv&#8217;nin Manip\u00fclasyon G\u00f6revi ve Sanatta Temsili&#8221;<\/a>. (Yay\u0131mlanmam\u0131\u015f lisans tezi) Atat\u00fcrk \u00dcniversitesi.\u00a0<\/p><p>Kaya, S. (2025).<a href=\"http:\/\/atauni.edu.tr\/resim-bolumu\/wp-content\/uploads\/sites\/148\/2026\/04\/Lisans-Bitirme-Tezi-Yeni.pdf\"> &#8220;Resimsel Hat Sanat\u0131nda Hi\u00e7lik&#8221;<\/a>. (Yay\u0131mlanmam\u0131\u015f lisans tezi) Atat\u00fcrk \u00dcniversitesi.\u00a0<\/p><p>Kaya, S. (2025). <a href=\"http:\/\/atauni.edu.tr\/resim-bolumu\/wp-content\/uploads\/sites\/148\/2026\/04\/img-420010936.pdf\">&#8220;Barok D\u00f6neminde Mum I\u015f\u0131\u011f\u0131 Kullan\u0131m\u0131&#8221;<\/a>. (Yay\u0131mlanmam\u0131\u015f lisans tezi) Atat\u00fcrk \u00dcniversitesi.\u00a0<\/p><p>K\u0131l\u0131\u00e7, \u00dc. (2025). <a href=\"http:\/\/atauni.edu.tr\/resim-bolumu\/wp-content\/uploads\/sites\/148\/2026\/04\/img-420011524.pdf\">&#8220;Mekanlararas\u0131 Ge\u00e7i\u015f \/ Ge\u00e7it Olarak E\u015fik&#8221;<\/a>. (Yay\u0131mlanmam\u0131\u015f lisans tezi) Atat\u00fcrk \u00dcniversitesi.\u00a0<\/p><p>Kola, V. (2025). <a href=\"http:\/\/atauni.edu.tr\/resim-bolumu\/wp-content\/uploads\/sites\/148\/2026\/04\/img-420010635.pdf\">&#8220;Dijital \u00c7a\u011f ve Estetik Anlay\u0131\u015f&#8221;<\/a>. (Yay\u0131mlanmam\u0131\u015f lisans tezi) Atat\u00fcrk \u00dcniversitesi.\u00a0<\/p><p>K\u00fc\u00e7\u00fck, K. (2025). <a href=\"http:\/\/atauni.edu.tr\/resim-bolumu\/wp-content\/uploads\/sites\/148\/2026\/04\/img-420020019.pdf\">&#8220;Geleneksel Y\u00fczeyin Kullan\u0131m\u0131: Hal\u0131&#8221;<\/a>. (Yay\u0131mlanmam\u0131\u015f lisans tezi) Atat\u00fcrk \u00dcniversitesi.\u00a0<\/p><p>\u00d6ner, T. (2025). <a href=\"http:\/\/atauni.edu.tr\/resim-bolumu\/wp-content\/uploads\/sites\/148\/2026\/04\/img-420003917.pdf\">&#8220;Melankolik Manzara&#8221;<\/a>. (Yay\u0131mlanmam\u0131\u015f lisans tezi) Atat\u00fcrk \u00dcniversitesi.\u00a0<\/p><p>\u00d6zden, K. (2025). <a href=\"http:\/\/atauni.edu.tr\/resim-bolumu\/wp-content\/uploads\/sites\/148\/2026\/04\/img-420004238.pdf\">&#8220;Renklerin Anlam\u0131 Ba\u011flam\u0131nda Resimsel olarak &#8220;Sora&#8217;y\u0131 Ta\u015flamak&#8221; Filmine Yeniden Bak\u0131\u015f&#8221;<\/a>. (Yay\u0131mlanmam\u0131\u015f lisans tezi) Atat\u00fcrk \u00dcniversitesi.\u00a0<\/p><p>Petek, Y. (2025). <a href=\"http:\/\/atauni.edu.tr\/resim-bolumu\/wp-content\/uploads\/sites\/148\/2026\/04\/img-420015159.pdf\">&#8220;Geleneksel ve Modern Sanat\u0131n Hal\u0131 \u00dcst\u00fcndeki Yans\u0131malar\u0131&#8221;<\/a>. (Yay\u0131mlanmam\u0131\u015f lisans tezi) Atat\u00fcrk \u00dcniversitesi.\u00a0<\/p><p>Solak, \u00a0B. (2025). <a href=\"http:\/\/atauni.edu.tr\/resim-bolumu\/wp-content\/uploads\/sites\/148\/2026\/04\/img-420005435.pdf\">&#8220;Ger\u00e7eklin ve Resimsel Ger\u00e7eklik&#8221;<\/a>. (Yay\u0131mlanmam\u0131\u015f lisans tezi) Atat\u00fcrk \u00dcniversitesi.\u00a0<\/p><p>Tahtal\u0131, R. (2025). <a href=\"http:\/\/atauni.edu.tr\/resim-bolumu\/wp-content\/uploads\/sites\/148\/2026\/04\/img-420003329.pdf\">&#8220;D\u0131\u015favurumcu Resim Gelene\u011finde Siyah Beyaz&#8221;<\/a>. (Yay\u0131mlanmam\u0131\u015f lisans tezi) Atat\u00fcrk \u00dcniversitesi.\u00a0<\/p><p>Tuncel, D. (2025). <a href=\"http:\/\/atauni.edu.tr\/resim-bolumu\/wp-content\/uploads\/sites\/148\/2026\/04\/img-420015511.pdf\">&#8220;Resimde Tiyatro Sahnesi&#8221;<\/a>. (Yay\u0131mlanmam\u0131\u015f lisans tezi) Atat\u00fcrk \u00dcniversitesi.\u00a0<\/p><p>Turan, C. (2025). <a href=\"http:\/\/atauni.edu.tr\/resim-bolumu\/wp-content\/uploads\/sites\/148\/2026\/04\/cansever-turan-4-tez-25.pdf\">&#8220;Malzeme, Mekan ve Anlam: Minimalist Sanat\u0131n Yap\u0131sal \u00c7\u00f6z\u00fcmlenmesi&#8221;<\/a>. (Yay\u0131mlanmam\u0131\u015f lisans tezi) Atat\u00fcrk \u00dcniversitesi.\u00a0<\/p><p>Yent\u00fcr, H. M. (2025). <a href=\"http:\/\/atauni.edu.tr\/resim-bolumu\/wp-content\/uploads\/sites\/148\/2026\/04\/img-420020503.pdf\">&#8220;T\u00fcrk Sanat\u0131nda Nat\u00fcrmort ve Bat\u0131 Etkisi&#8221;<\/a>. (Yay\u0131mlanmam\u0131\u015f lisans tezi) Atat\u00fcrk \u00dcniversitesi.\u00a0<\/p><p>Yorulmaz, R. (2025). <a href=\"http:\/\/atauni.edu.tr\/resim-bolumu\/wp-content\/uploads\/sites\/148\/2026\/04\/img-420014128.pdf\">&#8220;Kavramsal Sanat Ba\u011flam\u0131nda &#8220;A\u015fk&#8221; Konusunun Ele Al\u0131nmas\u0131&#8221;<\/a>. (Yay\u0131mlanmam\u0131\u015f lisans tezi) Atat\u00fcrk \u00dcniversitesi.\u00a0<\/p><h5>2024<\/h5><p>Arat, B. (2024). <a href=\"http:\/\/atauni.edu.tr\/resim-bolumu\/wp-content\/uploads\/sites\/148\/2026\/04\/pop-art-tez-odevi-son-hali-1.pdf\">&#8220;Pop Art&#8221;<\/a>. (Yay\u0131mlanmam\u0131\u015f lisans tezi) Atat\u00fcrk \u00dcniversitesi.\u00a0<\/p><p>Ak\u0131nay, N. S. (2024). <a href=\"http:\/\/atauni.edu.tr\/resim-bolumu\/wp-content\/uploads\/sites\/148\/2026\/04\/Sema-Nur-AKINAY.doc.pdf\">&#8220;De\u011fer G\u00f6zetme Mekan\u0131 Olarak \u00a0Panoramik Kamp\u00fcs Resimleri&#8221;<\/a>. (Yay\u0131mlanmam\u0131\u015f lisans tezi) Atat\u00fcrk \u00dcniversitesi.\u00a0<\/p><p>Ayd\u0131n, A. (2024). <a href=\"http:\/\/atauni.edu.tr\/resim-bolumu\/wp-content\/uploads\/sites\/148\/2026\/04\/img-419234346.pdf\">&#8220;Anadolu Kilim Modellerinin Bedri Rahmi Ey\u00fcpol\u011fu Eserlerine ve G\u00fcn\u00fcm\u00fcz Sanat\u0131na Yans\u0131malar\u0131&#8221;<\/a>. (Yay\u0131mlanmam\u0131\u015f lisans tezi) Atat\u00fcrk \u00dcniversitesi.\u00a0<\/p><p>Ayd\u0131n, N. E. (2024). <a href=\"http:\/\/atauni.edu.tr\/resim-bolumu\/wp-content\/uploads\/sites\/148\/2026\/04\/Ezgi-Nur-Aydin-Tez-24.pdf\">&#8220;Sanatta Nesnenin K\u00fclt\u00fcrel Kimlikle \u0130fadesi&#8221;<\/a>. (Yay\u0131mlanmam\u0131\u015f lisans tezi) Atat\u00fcrk \u00dcniversitesi.\u00a0<\/p><p>\u00c7oban, M. (2024). <a href=\"http:\/\/atauni.edu.tr\/resim-bolumu\/wp-content\/uploads\/sites\/148\/2026\/04\/img-419224803.pdf\">&#8220;G\u00fcncel Sanat Neon I\u015f\u0131klar\u0131 Kullan\u0131m\u0131&#8221;<\/a>. (Yay\u0131mlanmam\u0131\u015f lisans tezi) Atat\u00fcrk \u00dcniversitesi.\u00a0<\/p><p>\u00c7obano\u011flu, Z. (2024). <a href=\"http:\/\/atauni.edu.tr\/resim-bolumu\/wp-content\/uploads\/sites\/148\/2026\/04\/img-419233438.pdf\">&#8220;Arzu ve Korku Nesnesi Olarak Deniz ve Su&#8221;<\/a>. (Yay\u0131mlanmam\u0131\u015f lisans tezi) Atat\u00fcrk \u00dcniversitesi.\u00a0<\/p><p>Dalg\u0131\u00e7lar, B. (2024). <a href=\"http:\/\/atauni.edu.tr\/resim-bolumu\/wp-content\/uploads\/sites\/148\/2026\/04\/img-419232452.pdf\">&#8220;Harabe Yap\u0131lar\u0131n, Zaman ve Mekan Ba\u011flam\u0131nda, Farkl\u0131 Ya\u015fam Formlar\u0131na Ev Sahipli\u011fi Yapmas\u0131na \u0130li\u015fkin De\u011ferlendirme&#8221;<\/a>. (Yay\u0131mlanmam\u0131\u015f lisans tezi) Atat\u00fcrk \u00dcniversitesi.\u00a0<\/p><p>Demircio\u011flu, \u0130. (2024). <a href=\"http:\/\/atauni.edu.tr\/resim-bolumu\/wp-content\/uploads\/sites\/148\/2026\/04\/img-420001038.pdf\">&#8220;G\u00fcn\u00fcm\u00fcz D\u00fcnyas\u0131nda Tek Tiple\u015fen Kad\u0131n \u0130maj\u0131&#8221;<\/a>. Atat\u00fcrk \u00dcniversitesi.\u00a0<\/p><p>G\u00f6kta\u015f, A. Y. (2024). <a href=\"http:\/\/atauni.edu.tr\/resim-bolumu\/wp-content\/uploads\/sites\/148\/2026\/04\/img-419230929.pdf\">&#8220;Bir \u00d6zg\u00fcn Bask\u0131 Projesi: \u0130ntolerans&#8221;<\/a>. (Yay\u0131mlanmam\u0131\u015f lisans tezi) Atat\u00fcrk \u00dcniversitesi.\u00a0<\/p><p>Han\u00e7erlio\u011flu, S. (2024). <a href=\"http:\/\/atauni.edu.tr\/resim-bolumu\/wp-content\/uploads\/sites\/148\/2026\/04\/Sibel-Tez-2-24.pdf\">&#8220;Sanat\u0131n G\u00f6lgesinde Sava\u015f ve \u00c7ocuk&#8221;<\/a>. (Yay\u0131mlanmam\u0131\u015f lisans tezi) Atat\u00fcrk \u00dcniversitesi.\u00a0<\/p><p>Kargu, B. (2024). <a href=\"http:\/\/atauni.edu.tr\/resim-bolumu\/wp-content\/uploads\/sites\/148\/2026\/04\/img-419230721.pdf\">&#8220;Dijital Sanat&#8221;<\/a>. (Yay\u0131mlanmam\u0131\u015f lisans tezi) Atat\u00fcrk \u00dcniversitesi.\u00a0<\/p><p>Karakurt, S. (2024). <a href=\"http:\/\/atauni.edu.tr\/resim-bolumu\/wp-content\/uploads\/sites\/148\/2026\/04\/Seyhan-KARAKURT-Bitirme-Odevi-1-1.pdf\">&#8220;Asya Sanat\u0131&#8221;<\/a>. (Yay\u0131mlanmam\u0131\u015f lisans tezi) Atat\u00fcrk \u00dcniversitesi.\u00a0<\/p><p>Kaya, E. (2024). <a href=\"http:\/\/atauni.edu.tr\/resim-bolumu\/wp-content\/uploads\/sites\/148\/2026\/04\/img-419230147.pdf\">&#8220;Portreler \u00dczerinde Zaman Okumalar\u0131&#8221;.<\/a> (Yay\u0131mlanmam\u0131\u015f lisans tezi) Atat\u00fcrk \u00dcniversitesi.\u00a0<\/p><p>Kaya, C. M. (2024). <a href=\"http:\/\/atauni.edu.tr\/resim-bolumu\/wp-content\/uploads\/sites\/148\/2026\/04\/img-419231304.pdf\">&#8220;Doku Unsurunun Bir \u0130fade Bi\u00e7imi Olarak Sanat Eserlerine Yans\u0131malar\u0131&#8221;<\/a>. (Yay\u0131mlanmam\u0131\u015f lisans tezi) Atat\u00fcrk \u00dcniversitesi.<\/p><p>Kayaalp, N. (2024). <a href=\"http:\/\/atauni.edu.tr\/resim-bolumu\/wp-content\/uploads\/sites\/148\/2026\/04\/img-419225415.pdf\">&#8220;Renklerin Psikolojik Etkisi&#8221;<\/a>. (Yay\u0131mlanmam\u0131\u015f lisans tezi) Atat\u00fcrk \u00dcniversitesi.\u00a0<\/p><p>Kesme, \u00c7. (2024). <a href=\"http:\/\/atauni.edu.tr\/resim-bolumu\/wp-content\/uploads\/sites\/148\/2026\/04\/img-420000135.pdf\">&#8220;Ekosistem ve Sanat&#8221;<\/a>. (Yay\u0131mlanmam\u0131\u015f lisans tezi) Atat\u00fcrk \u00dcniversitesi.\u00a0<\/p><p>K\u0131l\u0131\u00e7, B. (2024). <a href=\"http:\/\/atauni.edu.tr\/resim-bolumu\/wp-content\/uploads\/sites\/148\/2026\/04\/img-419235514.pdf\">&#8220;Soyut D\u0131\u015favurum&#8221;<\/a>. (Yay\u0131mlanmam\u0131\u015f lisans tezi) Atat\u00fcrk \u00dcniversitesi.\u00a0<\/p><p>K\u0131yak, G. (2025). <a href=\"http:\/\/atauni.edu.tr\/resim-bolumu\/wp-content\/uploads\/sites\/148\/2026\/04\/img-419230542.pdf\">&#8220;G\u00f6lge Kuram\u0131&#8221;<\/a>. (Yay\u0131mlanmam\u0131\u015f lisans tezi) Atat\u00fcrk \u00dcniversitesi.\u00a0<\/p><p>No\u011fay, E. (2024). <a href=\"http:\/\/atauni.edu.tr\/resim-bolumu\/wp-content\/uploads\/sites\/148\/2026\/04\/ESRA-TEZ-SON-24.pdf\">&#8220;Do\u011fa ve Sanat Ekseninde Bireysel S\u00f6ylemler&#8221;<\/a>. (Yay\u0131mlanmam\u0131\u015f lisans tezi) Atat\u00fcrk \u00dcniversitesi.\u00a0<\/p><p>\u00d6zt\u00fcrk, \u0130. (2024). <a href=\"http:\/\/atauni.edu.tr\/resim-bolumu\/wp-content\/uploads\/sites\/148\/2026\/04\/img-419235840.pdf\">&#8220;Reenkarnasyon Sav\u0131n\u0131n Artnouveau Ak\u0131m\u0131yla Disiplinler Aras\u0131 Betimlenmesi&#8221;<\/a>. (Yay\u0131mlanmam\u0131\u015f lisans tezi) Atat\u00fcrk \u00dcniversitesi.\u00a0<\/p><p>Pamir, A. (2024). <a href=\"http:\/\/atauni.edu.tr\/resim-bolumu\/wp-content\/uploads\/sites\/148\/2026\/04\/img-420000417.pdf\">&#8220;Overthink&#8221;<\/a>. (Yay\u0131mlanmam\u0131\u015f lisans tezi) Atat\u00fcrk \u00dcniversitesi.\u00a0<\/p><p>Polat, E. (2024). <a href=\"http:\/\/atauni.edu.tr\/resim-bolumu\/wp-content\/uploads\/sites\/148\/2026\/04\/img-419233132.pdf\">&#8220;Purim&#8221;<\/a>. (Yay\u0131mlanmam\u0131\u015f lisans tezi) Atat\u00fcrk \u00dcniversitesi.\u00a0<\/p><p>Sar\u0131\u00e7, A. (2023). <a href=\"http:\/\/atauni.edu.tr\/resim-bolumu\/wp-content\/uploads\/sites\/148\/2026\/04\/img-419231054.pdf\">&#8220;Sanat\u0131n Tarihsel Ge\u00e7mi\u015f ve G\u00fcn\u00fcm\u00fczdeki Soyk\u0131r\u0131m\u0131&#8221;<\/a>. (Yay\u0131mlanmam\u0131\u015f lisans tezi) Atat\u00fcrk \u00dcniversitesi.\u00a0<\/p><p>Sola, E. (2024). <a href=\"http:\/\/atauni.edu.tr\/resim-bolumu\/wp-content\/uploads\/sites\/148\/2026\/04\/img-419232902.pdf\">&#8220;Sualt\u0131 Serenad\u0131&#8221;<\/a>. (Yay\u0131mlanmam\u0131\u015f lisans tezi) Atat\u00fcrk \u00dcniversitesi.\u00a0<\/p><p>Tutan, D. (2024). <a href=\"http:\/\/atauni.edu.tr\/resim-bolumu\/wp-content\/uploads\/sites\/148\/2026\/04\/img-420000640.pdf\">&#8220;Ekoloji ve Sanat&#8221;<\/a>. (Yay\u0131mlanmam\u0131\u015f lisans tezi) Atat\u00fcrk \u00dcniversitesi.\u00a0<\/p><p>Ya\u011fmur, B. (2024). <a href=\"http:\/\/atauni.edu.tr\/resim-bolumu\/wp-content\/uploads\/sites\/148\/2026\/04\/img-420001910.pdf\">&#8220;Freud&#8217;dan S\u00fcrrealizme Bilin\u00e7alt\u0131 Nesneleri&#8221;<\/a>. (Yay\u0131mlanmam\u0131\u015f lisans tezi) Atat\u00fcrk \u00dcniversitesi.\u00a0<\/p><h5>2023\u00a0<\/h5><p>Aksoy, C. S. (2023). <a href=\"http:\/\/atauni.edu.tr\/resim-bolumu\/wp-content\/uploads\/sites\/148\/2026\/04\/img-419215429.pdf\">&#8220;T\u00fcrk \u0130slam Sanatlar\u0131nda Geometrik Formlar&#8221;<\/a>. (Yay\u0131mlanmam\u0131\u015f lisans tezi) Atat\u00fcrk \u00dcniversitesi.\u00a0\u00a0<\/p><p>Alemdar, H. (2023). <a href=\"http:\/\/atauni.edu.tr\/resim-bolumu\/wp-content\/uploads\/sites\/148\/2026\/04\/img-419222830.pdf\">&#8220;Lotus(Sonsuz Ya\u015fam\u0131n Simgesi) ve Mimari Sanat&#8221;<\/a>. (Yay\u0131mlanmam\u0131\u015f lisans tezi) Atat\u00fcrk \u00dcniversitesi.\u00a0<\/p><p>Akbulut, Z. (2023). <a href=\"http:\/\/atauni.edu.tr\/resim-bolumu\/wp-content\/uploads\/sites\/148\/2026\/04\/Zeynep-AKBULUT.pdf\">&#8220;Ba\u011fbozumu Konulu Resimler&#8221;<\/a>. (Yay\u0131mlanmam\u0131\u015f lisans tezi) Atat\u00fcrk \u00dcniversitesi.\u00a0<\/p><p>Alkan, E. (2023). <a href=\"http:\/\/atauni.edu.tr\/resim-bolumu\/wp-content\/uploads\/sites\/148\/2026\/04\/Edanur-ALKAN.pdf\">&#8220;Nat\u00fcralist Sorgulamalar, Teknolojik ve Ekolojik \u00c7\u0131kar\u0131mlar&#8221;<\/a>. (Yay\u0131mlanmam\u0131\u015f lisans tezi) Atat\u00fcrk \u00dcniversitesi.\u00a0\u00a0<\/p><p>Atabey, F. (2023). <a href=\"http:\/\/atauni.edu.tr\/resim-bolumu\/wp-content\/uploads\/sites\/148\/2026\/04\/Fatih-Atabey-Tez-23.pdf\">&#8220;\u00c7a\u011fda\u015f Sanatta Kolaj ve Asamblaj Tekni\u011fi&#8221;<\/a>. (Yay\u0131mlanmam\u0131\u015f lisans tezi) Atat\u00fcrk \u00dcniversitesi.\u00a0<\/p><p>Ayd\u0131n, E. D (2023). <a href=\"http:\/\/atauni.edu.tr\/resim-bolumu\/wp-content\/uploads\/sites\/148\/2026\/04\/Eda-Nur-AYDIN.pdf\">&#8220;Resimsel Obje Olarak Kitap &#8220;<\/a>. (Yay\u0131mlanmam\u0131\u015f lisans tezi) Atat\u00fcrk \u00dcniversitesi.\u00a0\u00a0<\/p><p>Aykart, K. M. <a href=\"http:\/\/atauni.edu.tr\/resim-bolumu\/wp-content\/uploads\/sites\/148\/2026\/04\/img-419220739.pdf\">&#8220;Kadim T\u00fcrk Geleneklerinde A\u011fa\u00e7 K\u00fclt\u00fc&#8221;<\/a>. (Yay\u0131mlanmam\u0131\u015f lisans tezi) Atat\u00fcrk \u00dcniversitesi.\u00a0\u00a0<\/p><p>Baksi, S. (2023). <a href=\"http:\/\/atauni.edu.tr\/resim-bolumu\/wp-content\/uploads\/sites\/148\/2026\/04\/Sedef-Baksi.pdf\">&#8220;K\u00fclt\u00fcrel Bir Form Olarak Melamet H\u0131rkas\u0131n\u0131n Sanatsal De\u011feri&#8221;<\/a>. (Yay\u0131mlanmam\u0131\u015f lisans tezi) Atat\u00fcrk \u00dcniversitesi.\u00a0\u00a0<\/p><p>Cansel, E. H. (2023). <a href=\"http:\/\/atauni.edu.tr\/resim-bolumu\/wp-content\/uploads\/sites\/148\/2026\/04\/img-419221906.pdf\">&#8220;Sanayi Devriminde \u00c7arklar\u0131n \u00d6nemi&#8221;<\/a>. (Yay\u0131mlanmam\u0131\u015f lisans tezi) Atat\u00fcrk \u00dcniversitesi.\u00a0\u00a0<\/p><p>\u00c7al\u0131\u015f, \u015e. (2023). <a href=\"http:\/\/atauni.edu.tr\/resim-bolumu\/wp-content\/uploads\/sites\/148\/2026\/04\/img-419222203.pdf\">&#8220;Dijital \u00c7a\u011f\u0131n G\u00fczellik Anlay\u0131\u015f\u0131 _ Tek Tiple\u015fme&#8221;<\/a>. (Yay\u0131mlanmam\u0131\u015f lisans tezi) Atat\u00fcrk \u00dcniversitesi.\u00a0\u00a0<\/p><p>\u00c7oban, N. (2023). <a href=\"http:\/\/atauni.edu.tr\/resim-bolumu\/wp-content\/uploads\/sites\/148\/2026\/04\/2023-419172749.pdf\">&#8220;M\u00fccadele &#8211; Foto Ger\u00e7ek\u00e7ilik&#8221;<\/a>. (Yay\u0131mlanmam\u0131\u015f lisans tezi) Atat\u00fcrk \u00dcniversitesi.\u00a0<\/p><p>De\u011firmenci, M. (2023). <a href=\"http:\/\/atauni.edu.tr\/resim-bolumu\/wp-content\/uploads\/sites\/148\/2026\/04\/img-419221309.pdf\">&#8221; Minyat\u00fcr ve \u0130ll\u00fcstrasyon Kar\u015f\u0131la\u015ft\u0131rmalar\u0131&#8221;<\/a>. (Yay\u0131mlanmam\u0131\u015f lisans tezi) Atat\u00fcrk \u00dcniversitesi.\u00a0<\/p><p>Demir, S. (2023)<a href=\"http:\/\/atauni.edu.tr\/resim-bolumu\/wp-content\/uploads\/sites\/148\/2026\/04\/img-419180350.pdf\">.&#8221;\u00c7a\u011fda\u015f Sanatta Dispotya&#8221;<\/a>. (Yay\u0131mlanmam\u0131\u015f lisans tezi) Atat\u00fcrk \u00dcniversitesi.\u00a0<\/p><p>Do\u011fan, A. (2023). <a href=\"http:\/\/atauni.edu.tr\/resim-bolumu\/wp-content\/uploads\/sites\/148\/2026\/04\/img-419175937.pdf\">&#8220;Sanatta Ruhsal Aray\u0131\u015flar&#8221;.<\/a> (Yay\u0131mlanmam\u0131\u015f lisans tezi) Atat\u00fcrk \u00dcniversitesi.\u00a0<\/p><p>Durgun, A. (2023). <a href=\"http:\/\/atauni.edu.tr\/resim-bolumu\/wp-content\/uploads\/sites\/148\/2026\/04\/img-419221002.pdf\">&#8220;Mistik Renklerin Tarotu&#8221;<\/a>. (Yay\u0131mlanmam\u0131\u015f lisans tezi) Atat\u00fcrk \u00dcniversitesi.\u00a0<\/p><p>Gazali, S. M. (2023). <a href=\"http:\/\/atauni.edu.tr\/resim-bolumu\/wp-content\/uploads\/sites\/148\/2026\/04\/img-419223950.pdf\">&#8220;Resimde Kolaj Sanat\u0131&#8221;<\/a>. (Yay\u0131mlanmam\u0131\u015f lisans tezi) Atat\u00fcrk \u00dcniversitesi.\u00a0<\/p><p>G\u00fcven, K. (2023). <a href=\"http:\/\/atauni.edu.tr\/resim-bolumu\/wp-content\/uploads\/sites\/148\/2026\/04\/img-419223704.pdf\">&#8220;Renkler ve Sesler&#8221;<\/a>. (Yay\u0131mlanmam\u0131\u015f lisans tezi) Atat\u00fcrk \u00dcniversitesi.\u00a0<\/p><p>Kahraman, N. (2023). <a href=\"http:\/\/atauni.edu.tr\/resim-bolumu\/wp-content\/uploads\/sites\/148\/2026\/04\/img-419224211.pdf\">&#8220;\u00c7in&#8217;de Kom\u00fcnist Ya\u015fam&#8221;<\/a>. (Yay\u0131mlanmam\u0131\u015f lisans tezi) Atat\u00fcrk \u00dcniversitesi.\u00a0<\/p><p>Karay\u0131lan, H. (2023). <a href=\"http:\/\/atauni.edu.tr\/resim-bolumu\/wp-content\/uploads\/sites\/148\/2026\/04\/Hilal-KARAYILAN.pdf\">&#8220;Kurumsal Mekan Olarak Tuvallerde Perspektivizm&#8221;<\/a>. (Yay\u0131mlanmam\u0131\u015f lisans tezi) Atat\u00fcrk \u00dcniversitesi.\u00a0<\/p><p>Kele\u015f, B. (2023). <a href=\"http:\/\/atauni.edu.tr\/resim-bolumu\/wp-content\/uploads\/sites\/148\/2026\/04\/img-419173351.pdf\">&#8220;Kent ve Dispotya&#8221;<\/a>. (Yay\u0131mlanmam\u0131\u015f lisans tezi) Atat\u00fcrk \u00dcniversitesi.\u00a0<\/p><p>K\u0131n\u0131k, \u00d6. (2023).<a href=\"http:\/\/atauni.edu.tr\/resim-bolumu\/wp-content\/uploads\/sites\/148\/2026\/04\/img-419215837.pdf\"> &#8220;Kozmoloji&#8221;<\/a>. (Yay\u0131mlanmam\u0131\u015f lisans tezi) Atat\u00fcrk \u00dcniversitesi.\u00a0<\/p><p>Omuk, B. (2023). <a href=\"http:\/\/atauni.edu.tr\/resim-bolumu\/wp-content\/uploads\/sites\/148\/2026\/04\/img-419220046.pdf\">&#8220;Soyutlama ve K\u00fcbizm Pablo Picasso&#8221;.<\/a> (Yay\u0131mlanmam\u0131\u015f lisans tezi) Atat\u00fcrk \u00dcniversitesi.\u00a0<\/p><p>\u00d6z, M. (2023). <a href=\"http:\/\/atauni.edu.tr\/resim-bolumu\/wp-content\/uploads\/sites\/148\/2026\/04\/img-419215615.pdf\">&#8220;Biyomekanik&#8221;<\/a>. (Yay\u0131mlanmam\u0131\u015f lisans tezi) Atat\u00fcrk \u00dcniversitesi.\u00a0<\/p><p>Pa\u00e7ul, S. (2023). <a href=\"http:\/\/atauni.edu.tr\/resim-bolumu\/wp-content\/uploads\/sites\/148\/2026\/04\/img-419223454.pdf\">&#8220;19. Y\u00fczy\u0131l Avrupa Resminde Do\u011fa ve A\u015fk \u00a0Sembolizmi&#8221;<\/a>. (Yay\u0131mlanmam\u0131\u015f lisans tezi) Atat\u00fcrk \u00dcniversitesi.\u00a0<\/p><p>Seyfio\u011flu, R. M. (2023). <a href=\"http:\/\/atauni.edu.tr\/resim-bolumu\/wp-content\/uploads\/sites\/148\/2026\/04\/img-419222428.pdf\">&#8220;Aynalarla Yan\u0131lsama Enstalasyonu&#8221;<\/a>. (Yay\u0131mlanmam\u0131\u015f lisans tezi) Atat\u00fcrk \u00dcniversitesi.\u00a0<\/p><p>S\u00f6nmez, O. (2023). <a href=\"http:\/\/atauni.edu.tr\/resim-bolumu\/wp-content\/uploads\/sites\/148\/2026\/04\/2023-419171824.pdf\">Resim sanat\u0131nda ruhsal y\u00fcz ifadesi&#8221;Fizyonomi&#8221;.<\/a> (Yay\u0131mlanmam\u0131\u015f lisans tezi) Atat\u00fcrk \u00dcniversitesi.\u00a0<\/p><p>\u015eavluk, F. (2023). <a href=\"http:\/\/atauni.edu.tr\/resim-bolumu\/wp-content\/uploads\/sites\/148\/2026\/04\/img-419222641.pdf\">&#8220;Klostrofobi \u00a0(Kapal\u0131 Alan Korkusu)&#8221;<\/a>. (Yay\u0131mlanmam\u0131\u015f lisans tezi) Atat\u00fcrk \u00dcniversitesi.\u00a0<\/p><p>Urtekin, R. (2023). <a href=\"http:\/\/atauni.edu.tr\/resim-bolumu\/wp-content\/uploads\/sites\/148\/2026\/04\/img-419173613.pdf\">&#8220;Buzun \u00d6rtme &#8211; Kapama \u00dczerinden Yans\u0131ma&#8221;<\/a>. (Yay\u0131mlanmam\u0131\u015f lisans tezi) Atat\u00fcrk \u00dcniversitesi.\u00a0<\/p><p>Y\u0131ld\u0131r\u0131m, M. (2023). <a href=\"http:\/\/atauni.edu.tr\/resim-bolumu\/wp-content\/uploads\/sites\/148\/2026\/04\/img-419220535.pdf\">&#8220;T\u00fcrk Mitolojisi Fantastik Tanr\u0131lar&#8221;<\/a>. (Yay\u0131mlanmam\u0131\u015f lisans tezi) Atat\u00fcrk \u00dcniversitesi.<\/p>\t\t\t\t\t\t\t\t<\/div>\n\t\t\t\t<\/div>\n\t\t\t\t\t<\/div>\n\t\t<\/div>\n\t\t\t\t\t<\/div>\n\t\t<\/section>\n\t\t\t\t<\/div>\n\t\t","protected":false},"excerpt":{"rendered":"<p>2023-2025 Aras\u0131nda Tamamlanan Diploma \u00c7al\u0131\u015fmalar\u0131 Diploma \u00e7al\u0131\u015fmas\u0131 kapsam\u0131nda tamamlanan lisans tezlerine ve kaynak\u00e7a b\u00f6l\u00fcmlerine tez adlar\u0131na t\u0131klayarak eri\u015febilirsiniz. 2025 Aslan, M. (2025). &#8220;Pop\u00fcler K\u00fclt\u00fcr\u00fcn Bir Par\u00e7as\u0131 Olarak Gazze Soyk\u0131r\u0131m\u0131&#8221;. (Yay\u0131mlanmam\u0131\u015f lisans tezi) Atat\u00fcrk \u00dcniversitesi.\u00a0 Baran, N. (2025). &#8220;Resim Sanat\u0131nda Bulut \u0130mgesi&#8221;. (Yay\u0131mlanmam\u0131\u015f lisans tezi) Atat\u00fcrk \u00dcniversitesi.\u00a0 Er\u00e7ek, E. (2025). &#8220;Soyut Ekspresyonizmde Jest\u00fcel Yorum ve Rastlant\u0131sall\u0131k&#8221;. [&hellip;]<\/p>\n","protected":false},"author":133,"featured_media":0,"parent":0,"menu_order":0,"comment_status":"closed","ping_status":"closed","template":"","meta":{"footnotes":""},"class_list":["post-8044","page","type-page","status-publish","hentry"],"_links":{"self":[{"href":"https:\/\/atauni.edu.tr\/resim-bolumu\/wp-json\/wp\/v2\/pages\/8044","targetHints":{"allow":["GET"]}}],"collection":[{"href":"https:\/\/atauni.edu.tr\/resim-bolumu\/wp-json\/wp\/v2\/pages"}],"about":[{"href":"https:\/\/atauni.edu.tr\/resim-bolumu\/wp-json\/wp\/v2\/types\/page"}],"author":[{"embeddable":true,"href":"https:\/\/atauni.edu.tr\/resim-bolumu\/wp-json\/wp\/v2\/users\/133"}],"replies":[{"embeddable":true,"href":"https:\/\/atauni.edu.tr\/resim-bolumu\/wp-json\/wp\/v2\/comments?post=8044"}],"version-history":[{"count":249,"href":"https:\/\/atauni.edu.tr\/resim-bolumu\/wp-json\/wp\/v2\/pages\/8044\/revisions"}],"predecessor-version":[{"id":8451,"href":"https:\/\/atauni.edu.tr\/resim-bolumu\/wp-json\/wp\/v2\/pages\/8044\/revisions\/8451"}],"wp:attachment":[{"href":"https:\/\/atauni.edu.tr\/resim-bolumu\/wp-json\/wp\/v2\/media?parent=8044"}],"curies":[{"name":"wp","href":"https:\/\/api.w.org\/{rel}","templated":true}]}}