{"id":8452,"date":"2026-05-05T10:10:54","date_gmt":"2026-05-05T07:10:54","guid":{"rendered":"https:\/\/atauni.edu.tr\/resim-bolumu\/?page_id=8452"},"modified":"2026-05-05T10:31:26","modified_gmt":"2026-05-05T07:31:26","slug":"program-egitim-amaclari","status":"publish","type":"page","link":"https:\/\/atauni.edu.tr\/resim-bolumu\/program-egitim-amaclari\/","title":{"rendered":"Program E\u011fitim Ama\u00e7lar\u0131"},"content":{"rendered":"\t\t<div data-elementor-type=\"wp-page\" data-elementor-id=\"8452\" class=\"elementor elementor-8452\" data-elementor-post-type=\"page\">\n\t\t\t\t\t\t<section class=\"elementor-section elementor-top-section elementor-element elementor-element-0edde8d elementor-section-boxed elementor-section-height-default elementor-section-height-default\" data-id=\"0edde8d\" data-element_type=\"section\">\n\t\t\t\t\t\t<div class=\"elementor-container elementor-column-gap-default\">\n\t\t\t\t\t<div class=\"elementor-column elementor-col-100 elementor-top-column elementor-element elementor-element-445e389\" data-id=\"445e389\" data-element_type=\"column\">\n\t\t\t<div class=\"elementor-widget-wrap elementor-element-populated\">\n\t\t\t\t\t\t<div class=\"elementor-element elementor-element-341ccaa elementor-widget elementor-widget-text-editor\" data-id=\"341ccaa\" data-element_type=\"widget\" data-widget_type=\"text-editor.default\">\n\t\t\t\t<div class=\"elementor-widget-container\">\n\t\t\t\t\t\t\t\t\t<ol start=\"1\" type=\"1\" style=\"margin-bottom: 0cm;font-size: medium\"><li class=\"MsoNormal\" style=\"margin: 0cm;font-size: 12pt;font-family: Calibri, sans-serif\"><span style=\"font-size: 10pt;, serif\">\u00d6\u011frencilerin, resim sanat\u0131na ili\u015fkin teknik beceri, kuramsal bilgi ve estetik duyarl\u0131l\u0131\u011f\u0131n\u0131 geli\u015ftirerek \u00f6zg\u00fcn bir sanatsal dil olu\u015fturmalar\u0131n\u0131 sa\u011flamak.<\/span><\/li><li class=\"MsoNormal\" style=\"margin: 0cm;font-size: 12pt;font-family: Calibri, sans-serif\"><span style=\"font-size: 10pt;, serif\">S\u00fcreci kavrayarak, sanatsal \u00fcretimleri ele\u015ftirel ve analitik bir perspektifle de\u011ferlendirebilen bireyler yeti\u015ftirmek.<\/span><\/li><li class=\"MsoNormal\" style=\"margin: 0cm;font-size: 12pt;font-family: Calibri, sans-serif\"><span style=\"font-size: 10pt;, serif\">Sanatsal \u00fcretim s\u00fcre\u00e7lerinde ara\u015ft\u0131rma odakl\u0131 d\u00fc\u015f\u00fcnce becerisi geli\u015ftiren, disiplinleraras\u0131 y\u00f6ntemleri benimseyen ve \u00e7e\u015fitli malzeme ve teknikleri etkin bir bi\u00e7imde kullanabilen bireyler yeti\u015ftirmek.<\/span><\/li><li class=\"MsoNormal\" style=\"margin: 0cm;font-size: 12pt;font-family: Calibri, sans-serif\"><span style=\"font-size: 10pt;, serif\">Sanat \u00fcretim s\u00fcre\u00e7lerinde yarat\u0131c\u0131l\u0131k, \u00f6zg\u00fcnl\u00fck ve kavramsal derinlik geli\u015ftiren, g\u00f6rsel d\u00fc\u015f\u00fcnme becerisi y\u00fcksek bireyler yeti\u015ftirmek.<\/span><\/li><li class=\"MsoNormal\" style=\"margin: 0cm;font-size: 12pt;font-family: Calibri, sans-serif\"><span style=\"font-size: 10pt;, serif\">Sanat alan\u0131nda etik de\u011ferlere duyarl\u0131, k\u00fclt\u00fcrel mirasa sayg\u0131l\u0131 ve toplumsal sorumluluk bilinci ta\u015f\u0131yan sanat\u00e7\u0131lar yeti\u015ftirmek.<\/span><\/li><li class=\"MsoNormal\" style=\"margin: 0cm;font-size: 12pt;font-family: Calibri, sans-serif\"><span style=\"font-size: 10pt;, serif\">Mezunlar\u0131n ulusal ve uluslararas\u0131 sanat ortamlar\u0131nda yer alabilecek, kendi sanatsal prati\u011fini s\u00fcrd\u00fcrebilen ve geli\u015ftirebilen bireyler olmalar\u0131n\u0131 sa\u011flamak.<\/span><\/li><\/ol><p><span style=\"font-size: 10pt;, serif\">\u00d6\u011frencilerin sanat alan\u0131nda ileti\u015fim kurabilen, ele\u015ftiri s\u00fcre\u00e7lerine kat\u0131labilen ve kendini ifade edebilen bireyler olarak yeti\u015fmelerini sa\u011flamak<\/span><span style=\"font-size: medium\"><\/span><\/p>\t\t\t\t\t\t\t\t<\/div>\n\t\t\t\t<\/div>\n\t\t\t\t\t<\/div>\n\t\t<\/div>\n\t\t\t\t\t<\/div>\n\t\t<\/section>\n\t\t\t\t<\/div>\n\t\t","protected":false},"excerpt":{"rendered":"<p>\u00d6\u011frencilerin, resim sanat\u0131na ili\u015fkin teknik beceri, kuramsal bilgi ve estetik duyarl\u0131l\u0131\u011f\u0131n\u0131 geli\u015ftirerek \u00f6zg\u00fcn bir sanatsal dil olu\u015fturmalar\u0131n\u0131 sa\u011flamak. S\u00fcreci kavrayarak, sanatsal \u00fcretimleri ele\u015ftirel ve analitik bir perspektifle de\u011ferlendirebilen bireyler yeti\u015ftirmek. Sanatsal \u00fcretim s\u00fcre\u00e7lerinde ara\u015ft\u0131rma odakl\u0131 d\u00fc\u015f\u00fcnce becerisi geli\u015ftiren, disiplinleraras\u0131 y\u00f6ntemleri benimseyen ve \u00e7e\u015fitli malzeme ve teknikleri etkin bir bi\u00e7imde kullanabilen bireyler yeti\u015ftirmek. Sanat \u00fcretim s\u00fcre\u00e7lerinde [&hellip;]<\/p>\n","protected":false},"author":133,"featured_media":0,"parent":0,"menu_order":0,"comment_status":"closed","ping_status":"closed","template":"","meta":{"footnotes":""},"class_list":["post-8452","page","type-page","status-publish","hentry"],"_links":{"self":[{"href":"https:\/\/atauni.edu.tr\/resim-bolumu\/wp-json\/wp\/v2\/pages\/8452","targetHints":{"allow":["GET"]}}],"collection":[{"href":"https:\/\/atauni.edu.tr\/resim-bolumu\/wp-json\/wp\/v2\/pages"}],"about":[{"href":"https:\/\/atauni.edu.tr\/resim-bolumu\/wp-json\/wp\/v2\/types\/page"}],"author":[{"embeddable":true,"href":"https:\/\/atauni.edu.tr\/resim-bolumu\/wp-json\/wp\/v2\/users\/133"}],"replies":[{"embeddable":true,"href":"https:\/\/atauni.edu.tr\/resim-bolumu\/wp-json\/wp\/v2\/comments?post=8452"}],"version-history":[{"count":4,"href":"https:\/\/atauni.edu.tr\/resim-bolumu\/wp-json\/wp\/v2\/pages\/8452\/revisions"}],"predecessor-version":[{"id":8458,"href":"https:\/\/atauni.edu.tr\/resim-bolumu\/wp-json\/wp\/v2\/pages\/8452\/revisions\/8458"}],"wp:attachment":[{"href":"https:\/\/atauni.edu.tr\/resim-bolumu\/wp-json\/wp\/v2\/media?parent=8452"}],"curies":[{"name":"wp","href":"https:\/\/api.w.org\/{rel}","templated":true}]}}