{"id":8459,"date":"2026-05-05T10:33:27","date_gmt":"2026-05-05T07:33:27","guid":{"rendered":"https:\/\/atauni.edu.tr\/resim-bolumu\/?page_id=8459"},"modified":"2026-05-05T11:23:04","modified_gmt":"2026-05-05T08:23:04","slug":"program-ciktilari","status":"publish","type":"page","link":"https:\/\/atauni.edu.tr\/resim-bolumu\/program-ciktilari\/","title":{"rendered":"Program \u00c7\u0131kt\u0131lar\u0131"},"content":{"rendered":"\t\t<div data-elementor-type=\"wp-page\" data-elementor-id=\"8459\" class=\"elementor elementor-8459\" data-elementor-post-type=\"page\">\n\t\t\t\t\t\t<section class=\"elementor-section elementor-top-section elementor-element elementor-element-4defaa7 elementor-section-boxed elementor-section-height-default elementor-section-height-default\" data-id=\"4defaa7\" data-element_type=\"section\">\n\t\t\t\t\t\t<div class=\"elementor-container elementor-column-gap-default\">\n\t\t\t\t\t<div class=\"elementor-column elementor-col-100 elementor-top-column elementor-element elementor-element-1331ef1\" data-id=\"1331ef1\" data-element_type=\"column\">\n\t\t\t<div class=\"elementor-widget-wrap elementor-element-populated\">\n\t\t\t\t\t\t<div class=\"elementor-element elementor-element-3eed699 elementor-widget elementor-widget-text-editor\" data-id=\"3eed699\" data-element_type=\"widget\" data-widget_type=\"text-editor.default\">\n\t\t\t\t<div class=\"elementor-widget-container\">\n\t\t\t\t\t\t\t\t\t<p><strong>A. Bilgi<\/strong><\/p><p>\u00a0 \u00a0 \u00a01. Resim sanat\u0131n\u0131n tarihsel geli\u015fimini, ak\u0131mlar\u0131n\u0131 ve kuramsal yakla\u015f\u0131mlar\u0131n\u0131 a\u00e7\u0131klar.<\/p><p>\u00a0 \u00a0 \u00a02. G\u00f6rsel sanatlara ili\u015fkin estetik, kavramsal ve disiplinleraras\u0131 bilgileri tan\u0131mlar.<\/p><p>\u00a0 \u00a0 \u00a03. G\u00fcncel sanat pratikleri ve ele\u015ftirel yakla\u015f\u0131mlar hakk\u0131nda bilgi sahibidir.\u00a0<\/p><p><strong>B. Beceri<\/strong><\/p><p>\u00a0 \u00a0 \u00a04. Farkl\u0131 medyum (ara\u00e7\/ortam) kullanarak iki ve\/veya \u00fc\u00e7 boyutlu sanatsal \u00fcretim ger\u00e7ekle\u015ftirir.<\/p><p>\u00a0 \u00a0 \u00a05. Sanatsal \u00fcretim s\u00fcrecinde kar\u015f\u0131la\u015ft\u0131\u011f\u0131 sorunlara yarat\u0131c\u0131 ve \u00f6zg\u00fcn \u00e7\u00f6z\u00fcmler geli\u015ftirir.<\/p><p>\u00a0 \u00a0 \u00a06. Soyut ve somut d\u00fc\u015f\u00fcnceleri g\u00f6rsel forma d\u00f6n\u00fc\u015ft\u00fcr\u00fcr.<\/p><p>\u00a0 \u00a0 \u00a07. Sanat pratiklerini kuramsal ve g\u00f6stergebilimsel a\u00e7\u0131dan analiz eder ve geli\u015ftirir.\u00a0\u00a0 \u00a0<\/p><p><strong>C. Yetkinlikler\u00a0 \u00a0 \u00a0 \u00a0<\/strong> \u00a0 \u00a0<\/p><p><strong>1. Ba\u011f\u0131ms\u0131z \u00c7al\u0131\u015fabilme ve Sorumluluk<\/strong><\/p><p>\u00a0 \u00a0 \u00a08. Sanatsal \u00fcretim s\u00fcre\u00e7lerini ba\u011f\u0131ms\u0131z olarak planlar ve y\u00fcr\u00fct\u00fcr.\u00a0<span style=\"font-weight: bolder\">\u00a0 <\/span><\/p><p>\u00a0 \u00a0 \u00a09. Bireysel veya grup projelerinde sorumluluk al\u0131r.<\/p><p><span style=\"font-weight: bolder\">2. \u00d6\u011frenme Yetkinli\u011fi\u00a0 \u00a0 \u00a0 \u00a0 <\/span><span style=\"font-weight: bolder\">\u00a0 \u00a0 \u00a0 <\/span><\/p><p><span style=\"font-size: 1rem;letter-spacing: 0px\">\u00a0 \u00a0 \u00a010. Sanat alan\u0131ndaki geli\u015fmeleri takip eder ve ya\u015fam boyu \u00f6\u011frenme bilinci geli\u015ftirir.<\/span>\u00a0<\/p><p><span style=\"font-weight: bolder\">3. \u0130leti\u015fim ve Sosyal Yetkinlik\u00a0 \u00a0 \u00a0<\/span><span style=\"font-weight: bolder\">\u00a0 \u00a0<\/span>\u00a0<\/p><p>\u00a0 \u00a0 \u00a011. Sanatsal d\u00fc\u015f\u00fcncelerini s\u00f6zl\u00fc, yaz\u0131l\u0131 ve g\u00f6rsel olarak ifade eder.<\/p><p>\u00a0 \u00a0 \u00a012.<span style=\"font-size: 1rem;letter-spacing: 0px\"><span style=\"font-weight: bolder\"> \u00a0<\/span><\/span>Ele\u015ftiri s\u00fcre\u00e7lerine kat\u0131l\u0131r ve yap\u0131c\u0131 geri bildirim verir.<\/p><p><strong>4.Alana \u00d6zg\u00fc ve Mesleki Yetkinlik <\/strong><span style=\"font-size: 1rem;letter-spacing: 0px\"><span style=\"font-weight: bolder\">\u00a0 <\/span><\/span><\/p><p><span style=\"font-size: 1rem;letter-spacing: 0px\">\u00a0 \u00a0 \u00a013. <\/span><span style=\"font-size: 1rem;letter-spacing: 0px\">Sanatsal \u00fcretiminde etik ilkelere uygun hareket eder.\u00a0<span style=\"font-weight: bolder\">\u00a0<\/span><span style=\"font-weight: bolder\">\u00a0<\/span><\/span><\/p><p><span style=\"font-size: 1rem;letter-spacing: 0px\">\u00a0 \u00a0 \u00a014. <\/span>K\u00fclt\u00fcrel ve toplumsal ba\u011flam\u0131 dikkate alarak \u00fcretim yapar.\u00a0<span style=\"font-weight: bolder\">\u00a0 \u00a0 \u00a0 \u00a0 \u00a0\u00a0<\/span><span style=\"font-weight: bolder\">\u00a0<\/span><\/p><p>\u00a0 \u00a0 \u00a015. Sanat alan\u0131nda ulusal ve uluslararas\u0131 platformlarda yer alabilecek profesyonel fark\u0131ndal\u0131\u011fa sahiptir.<\/p>\t\t\t\t\t\t\t\t<\/div>\n\t\t\t\t<\/div>\n\t\t\t\t\t<\/div>\n\t\t<\/div>\n\t\t\t\t\t<\/div>\n\t\t<\/section>\n\t\t\t\t<\/div>\n\t\t","protected":false},"excerpt":{"rendered":"<p>A. Bilgi \u00a0 \u00a0 \u00a01. Resim sanat\u0131n\u0131n tarihsel geli\u015fimini, ak\u0131mlar\u0131n\u0131 ve kuramsal yakla\u015f\u0131mlar\u0131n\u0131 a\u00e7\u0131klar. \u00a0 \u00a0 \u00a02. G\u00f6rsel sanatlara ili\u015fkin estetik, kavramsal ve disiplinleraras\u0131 bilgileri tan\u0131mlar. \u00a0 \u00a0 \u00a03. G\u00fcncel sanat pratikleri ve ele\u015ftirel yakla\u015f\u0131mlar hakk\u0131nda bilgi sahibidir.\u00a0 B. Beceri \u00a0 \u00a0 \u00a04. Farkl\u0131 medyum (ara\u00e7\/ortam) kullanarak iki ve\/veya \u00fc\u00e7 boyutlu sanatsal \u00fcretim ger\u00e7ekle\u015ftirir. \u00a0 [&hellip;]<\/p>\n","protected":false},"author":133,"featured_media":0,"parent":0,"menu_order":0,"comment_status":"closed","ping_status":"closed","template":"","meta":{"footnotes":""},"class_list":["post-8459","page","type-page","status-publish","hentry"],"_links":{"self":[{"href":"https:\/\/atauni.edu.tr\/resim-bolumu\/wp-json\/wp\/v2\/pages\/8459","targetHints":{"allow":["GET"]}}],"collection":[{"href":"https:\/\/atauni.edu.tr\/resim-bolumu\/wp-json\/wp\/v2\/pages"}],"about":[{"href":"https:\/\/atauni.edu.tr\/resim-bolumu\/wp-json\/wp\/v2\/types\/page"}],"author":[{"embeddable":true,"href":"https:\/\/atauni.edu.tr\/resim-bolumu\/wp-json\/wp\/v2\/users\/133"}],"replies":[{"embeddable":true,"href":"https:\/\/atauni.edu.tr\/resim-bolumu\/wp-json\/wp\/v2\/comments?post=8459"}],"version-history":[{"count":13,"href":"https:\/\/atauni.edu.tr\/resim-bolumu\/wp-json\/wp\/v2\/pages\/8459\/revisions"}],"predecessor-version":[{"id":8475,"href":"https:\/\/atauni.edu.tr\/resim-bolumu\/wp-json\/wp\/v2\/pages\/8459\/revisions\/8475"}],"wp:attachment":[{"href":"https:\/\/atauni.edu.tr\/resim-bolumu\/wp-json\/wp\/v2\/media?parent=8459"}],"curies":[{"name":"wp","href":"https:\/\/api.w.org\/{rel}","templated":true}]}}